{"id":4684,"date":"2023-11-11T14:33:48","date_gmt":"2023-11-11T13:33:48","guid":{"rendered":"https:\/\/vetomshop.hu\/termek\/detox-medal\/"},"modified":"2023-11-11T14:33:48","modified_gmt":"2023-11-11T13:33:48","slug":"detox-medal","status":"publish","type":"product","link":"https:\/\/vetomshop.hu\/pt\/produto\/detox-medal\/","title":{"rendered":"Medalh\u00e3o Detox"},"content":{"rendered":"<h4>A Detox Medal \u00e9 para aqueles que querem harmonizar suavemente o corpo.<\/p>\n<p>O sinal espectral registrado no Detox Medallion apoia o funcionamento bioenerg\u00e9tico dos \u00f3rg\u00e3os e sistemas org\u00e2nicos.<\/h4>\n<p>O maior inimigo da juventude e da sa\u00fade \u00e9 um corpo cheio de res\u00edduos. Nosso corpo \u00e9 um sistema biol\u00f3gico autorregul\u00e1vel, cuja uma das fun\u00e7\u00f5es mais importantes \u00e9 a desintoxica\u00e7\u00e3o - a elimina\u00e7\u00e3o de subst\u00e2ncias de que o corpo n\u00e3o precisa. No entanto, a natureza n\u00e3o est\u00e1 preparada para essa civiliza\u00e7\u00e3o, com quantidades enormes de produtos qu\u00edmicos artificiais nos alimentos, na \u00e1gua e no ar. Os animais s\u00e3o alimentados com horm\u00f4nios de crescimento e antibi\u00f3ticos, que tamb\u00e9m entram em nossos corpos. Metais pesados, nitritos, nitratos, subst\u00e2ncias radioativas, dioxinas e res\u00edduos de medicamentos se acumulam nos tecidos e nas c\u00e9lulas.<\/p>\n<div class=\"su-spoiler su-spoiler-style-defoult su-spoiler-icon-caret su-spoiler-closed\" data-scroll-offset=\"0\" data-anchor-in-url=\"no\"><div class=\"su-spoiler-title\" tabindex=\"0\" role=\"button\"><span class=\"su-spoiler-icon\"><\/span>Todos<\/div><div class=\"su-spoiler-content su-u-clearfix su-u-trim\">\n<p>As subst\u00e2ncias t\u00f3xicas podem vir de uma fonte externa, mas tamb\u00e9m podem ser toxinas de processos internos de decomposi\u00e7\u00e3o como resultado de um problema metab\u00f3lico. Se isso for agravado por um estilo de vida sedent\u00e1rio, os processos do corpo ficam ainda mais lentos.<\/p>\n<p>Altos n\u00edveis de estresse tamb\u00e9m podem esgotar os \u00f3rg\u00e3os envolvidos na desintoxica\u00e7\u00e3o. No in\u00edcio, apenas o desconforto \u00e9 uma indica\u00e7\u00e3o de um problema, mas depois a situa\u00e7\u00e3o pode piorar. Podem surgir doen\u00e7as cr\u00f4nicas, que podem ter um grande impacto na nossa qualidade de vida.<br \/>\n<\/div><\/div>","protected":false},"excerpt":{"rendered":"<p>Detox Med\u00e1l azok sz\u00e1m\u00e1ra k\u00e9sz\u00fclt, akik l\u00e1gyan szeretn\u00e9k a szervezet\u00fcket harmoniz\u00e1lni. A spektr\u00e1lis jel, mely a Detox Med\u00e1lon r\u00f6gz\u00edt\u00e9sre ker\u00fclt, t\u00e1mogatja a szervek \u00e9s szervrendszerek bioenergetikai m\u0171k\u00f6d\u00e9s\u00e9t. A fiatals\u00e1g \u00e9s az eg\u00e9szs\u00e9g legnagyobb ellens\u00e9ge a salakanyagokkal tel\u00edtett szervezet. Szervezet\u00fcnk egy \u00f6nszab\u00e1lyoz\u00f3 biol\u00f3giai rendszer, melynek egyik legfontosabb funkci\u00f3ja a m\u00e9regtelen\u00edt\u00e9s \u2013 kivezet\u00e9se azoknak az anyagoknak, melyekre [&hellip;]<\/p>\n","protected":false},"featured_media":4683,"comment_status":"open","ping_status":"closed","template":"","meta":[],"product_brand":[],"product_cat":[33,32],"product_tag":[],"class_list":{"0":"post-4684","1":"product","2":"type-product","3":"status-publish","4":"has-post-thumbnail","6":"product_cat-egeszseg-medalok","7":"product_cat-triomed","9":"first","10":"instock","11":"taxable","12":"shipping-taxable","13":"purchasable","14":"product-type-simple"},"_links":{"self":[{"href":"https:\/\/vetomshop.hu\/pt\/wp-json\/wp\/v2\/product\/4684","targetHints":{"allow":["GET"]}}],"collection":[{"href":"https:\/\/vetomshop.hu\/pt\/wp-json\/wp\/v2\/product"}],"about":[{"href":"https:\/\/vetomshop.hu\/pt\/wp-json\/wp\/v2\/types\/product"}],"replies":[{"embeddable":true,"href":"https:\/\/vetomshop.hu\/pt\/wp-json\/wp\/v2\/comments?post=4684"}],"wp:featuredmedia":[{"embeddable":true,"href":"https:\/\/vetomshop.hu\/pt\/wp-json\/wp\/v2\/media\/4683"}],"wp:attachment":[{"href":"https:\/\/vetomshop.hu\/pt\/wp-json\/wp\/v2\/media?parent=4684"}],"wp:term":[{"taxonomy":"product_brand","embeddable":true,"href":"https:\/\/vetomshop.hu\/pt\/wp-json\/wp\/v2\/product_brand?post=4684"},{"taxonomy":"product_cat","embeddable":true,"href":"https:\/\/vetomshop.hu\/pt\/wp-json\/wp\/v2\/product_cat?post=4684"},{"taxonomy":"product_tag","embeddable":true,"href":"https:\/\/vetomshop.hu\/pt\/wp-json\/wp\/v2\/product_tag?post=4684"}],"curies":[{"name":"wp","href":"https:\/\/api.w.org\/{rel}","templated":true}]}}