{"id":4686,"date":"2023-11-11T14:33:48","date_gmt":"2023-11-11T13:33:48","guid":{"rendered":"https:\/\/vetomshop.hu\/termek\/ekuples-medal\/"},"modified":"2023-11-11T14:33:48","modified_gmt":"2023-11-11T13:33:48","slug":"ekuples-medal","status":"publish","type":"product","link":"https:\/\/vetomshop.hu\/pt\/produto\/ekuples-medal\/","title":{"rendered":"Medalha Ecuples"},"content":{"rendered":"<p><strong>Fun\u00e7\u00e3o principal:<\/strong><\/p>\n<p>No caso de doen\u00e7as causadas por infec\u00e7\u00f5es f\u00fangicas, a otimiza\u00e7\u00e3o do sistema imunol\u00f3gico e a harmoniza\u00e7\u00e3o do sistema imunol\u00f3gico s\u00e3o essenciais.<br \/>\numa ferramenta para ajud\u00e1-lo a realizar seu trabalho.<\/p>\n<p><strong>Com o apoio de:<\/strong><\/p>\n<ul>\n<li>normaliza\u00e7\u00e3o do sistema imunol\u00f3gico,<\/li>\n<li>regenera\u00e7\u00e3o ap\u00f3s les\u00f5es (especialmente les\u00f5es na mucosa),<\/li>\n<li>o combate a fungos nos cabelos e nas unhas,<\/li>\n<li>o processo de neutraliza\u00e7\u00e3o e elimina\u00e7\u00e3o de subst\u00e2ncias t\u00f3xicas do corpo.<\/li>\n<\/ul>\n<div class=\"su-spoiler su-spoiler-style-defoult su-spoiler-icon-caret su-spoiler-closed\" data-scroll-offset=\"0\" data-anchor-in-url=\"no\"><div class=\"su-spoiler-title\" tabindex=\"0\" role=\"button\"><span class=\"su-spoiler-icon\"><\/span>Todos<\/div><div class=\"su-spoiler-content su-u-clearfix su-u-trim\">\n<p><strong>Quando o Ekuples Health Pendant pode ser usado?<\/strong><\/p>\n<p>O Pingente de Sa\u00fade fornecido tem um efeito positivo sobre o funcionamento funcional do corpo e pode ser usado como um tratamento complementar, como uma ferramenta geral de otimiza\u00e7\u00e3o e corre\u00e7\u00e3o, tanto para a preven\u00e7\u00e3o quanto para a restaura\u00e7\u00e3o da sa\u00fade:<\/p>\n<ul>\n<li>doen\u00e7as de pele causadas por infec\u00e7\u00f5es f\u00fangicas, inflama\u00e7\u00f5es, infec\u00e7\u00f5es bucais - estomatite,<\/li>\n<li>Candid\u00edase,<\/li>\n<li>bronquite de origem al\u00e9rgica,<\/li>\n<li>outras doen\u00e7as causadas por infec\u00e7\u00f5es f\u00fangicas.<\/li>\n<\/ul>\n<p><strong>Aviso importante!<\/strong><\/p>\n<p>Se houver suspeita de infec\u00e7\u00e3o por fungos, consulte um m\u00e9dico! Use o Ekuples Health Pendant juntamente com o tratamento recomendado por seu m\u00e9dico para aumentar sua efic\u00e1cia.<\/p>\n<\/div><\/div>","protected":false},"excerpt":{"rendered":"<p>F\u0151 funkci\u00f3ja: A gomb\u00e1s megbeteged\u00e9sek k\u00f6vetkezt\u00e9ben kialakult \u00e1llapotok eset\u00e9n az immunrendszer munk\u00e1j\u00e1nak optimaliz\u00e1ci\u00f3j\u00e1t \u00e9s a szervezet harmonikus munk\u00e1j\u00e1t seg\u00edt\u0151 eszk\u00f6z. T\u00e1mogatja: az immunrendszer m\u0171k\u00f6d\u00e9s\u00e9nek normaliz\u00e1l\u00e1s\u00e1t, a s\u00e9r\u00fcl\u00e9sek ut\u00e1ni regener\u00e1ci\u00f3t (k\u00fcl\u00f6n\u00f6s tekintettel a ny\u00e1lkah\u00e1rtya s\u00e9r\u00fcl\u00e9seire), a haj- \u00e9s k\u00f6r\u00f6mgomba elleni harcot, a toxikus anyagok semleges\u00edt\u00e9s\u00e9nek \u00e9s kivezet\u00e9s\u00e9nek folyamat\u00e1t a szervezetb\u0151l.<\/p>","protected":false},"featured_media":4685,"comment_status":"open","ping_status":"closed","template":"","meta":[],"product_brand":[],"product_cat":[33,32],"product_tag":[],"class_list":{"0":"post-4686","1":"product","2":"type-product","3":"status-publish","4":"has-post-thumbnail","6":"product_cat-egeszseg-medalok","7":"product_cat-triomed","9":"first","10":"instock","11":"taxable","12":"shipping-taxable","13":"purchasable","14":"product-type-simple"},"_links":{"self":[{"href":"https:\/\/vetomshop.hu\/pt\/wp-json\/wp\/v2\/product\/4686","targetHints":{"allow":["GET"]}}],"collection":[{"href":"https:\/\/vetomshop.hu\/pt\/wp-json\/wp\/v2\/product"}],"about":[{"href":"https:\/\/vetomshop.hu\/pt\/wp-json\/wp\/v2\/types\/product"}],"replies":[{"embeddable":true,"href":"https:\/\/vetomshop.hu\/pt\/wp-json\/wp\/v2\/comments?post=4686"}],"wp:featuredmedia":[{"embeddable":true,"href":"https:\/\/vetomshop.hu\/pt\/wp-json\/wp\/v2\/media\/4685"}],"wp:attachment":[{"href":"https:\/\/vetomshop.hu\/pt\/wp-json\/wp\/v2\/media?parent=4686"}],"wp:term":[{"taxonomy":"product_brand","embeddable":true,"href":"https:\/\/vetomshop.hu\/pt\/wp-json\/wp\/v2\/product_brand?post=4686"},{"taxonomy":"product_cat","embeddable":true,"href":"https:\/\/vetomshop.hu\/pt\/wp-json\/wp\/v2\/product_cat?post=4686"},{"taxonomy":"product_tag","embeddable":true,"href":"https:\/\/vetomshop.hu\/pt\/wp-json\/wp\/v2\/product_tag?post=4686"}],"curies":[{"name":"wp","href":"https:\/\/api.w.org\/{rel}","templated":true}]}}