{"id":4688,"date":"2023-11-11T14:33:49","date_gmt":"2023-11-11T13:33:49","guid":{"rendered":"https:\/\/vetomshop.hu\/termek\/eros-medal-feriaknak\/"},"modified":"2023-11-11T14:33:49","modified_gmt":"2023-11-11T13:33:49","slug":"eros-medal-feriaknak","status":"publish","type":"product","link":"https:\/\/vetomshop.hu\/pt\/produto\/eros-medal-feriaknak\/","title":{"rendered":"Pingente Eros para homens"},"content":{"rendered":"<p><strong>Fun\u00e7\u00e3o principal:<\/strong><\/p>\n<p>Ferramenta complementar para a preven\u00e7\u00e3o e o tratamento de dist\u00farbios da c\u00f3pula, tratamento complementar da perda do desejo sexual, dist\u00farbios emocionais e psicol\u00f3gicos relacionados \u00e0 rela\u00e7\u00e3o sexual, ferramenta para a ativa\u00e7\u00e3o de processos regenerativos no tratamento complementar de doen\u00e7as que afetam a esfera genital. \u00c9 recomendado para uso em conjunto com a terapia recomendada por um especialista (andrologista, sex\u00f3logo, endocrinologista).<\/p>\n<p><strong>Com o apoio de:<\/strong><\/p>\n<ul>\n<li>circula\u00e7\u00e3o sangu\u00ednea, sistema imunol\u00f3gico e metabolismo, evitando assim o desenvolvimento de doen\u00e7as<\/li>\n<li>ap\u00f3ia o aprimoramento qualitativo das experi\u00eancias sexuais,<\/li>\n<li>ap\u00f3ia os processos de regenera\u00e7\u00e3o.<\/li>\n<\/ul>\n<div class=\"su-spoiler su-spoiler-style-defoult su-spoiler-icon-caret su-spoiler-closed\" data-scroll-offset=\"0\" data-anchor-in-url=\"no\"><div class=\"su-spoiler-title\" tabindex=\"0\" role=\"button\"><span class=\"su-spoiler-icon\"><\/span>Todos<\/div><div class=\"su-spoiler-content su-u-clearfix su-u-trim\">\n<p><strong>Quando usar o Eros Health Pendant?<\/strong><\/p>\n<p>O dispositivo tem um efeito positivo no funcionamento funcional do corpo e pode ser usado como promo\u00e7\u00e3o geral da sa\u00fade, otimiza\u00e7\u00e3o e m\u00e9todo complementar corretivo, em combina\u00e7\u00e3o com outros m\u00e9todos, para o tratamento complementar e a preven\u00e7\u00e3o dos seguintes problemas:<\/p>\n<ul>\n<li>problemas de ere\u00e7\u00e3o,<\/li>\n<li>dist\u00farbios end\u00f3crinos que afetam a esfera sexual (diabetes, insufici\u00eancias hipotal\u00e2micas, insufici\u00eancias gonadais)<\/li>\n<li>s\u00edndrome da fadiga cr\u00f4nica (SFC)<\/li>\n<li>s\u00edndrome metab\u00f3lica<\/li>\n<li>diminui\u00e7\u00e3o do n\u00edvel emocional e do humor.<\/li>\n<\/ul>\n<\/div><\/div>","protected":false},"excerpt":{"rendered":"<p>F\u0151 funkci\u00f3ja: Kieg\u00e9sz\u00edt\u0151 eszk\u00f6z a kopul\u00e1ci\u00f3s rendelleness\u00e9gek megel\u0151z\u00e9s\u00e9re \u00e9s kezel\u00e9s\u00e9re, a nemi v\u00e1gy cs\u00f6kken\u00e9s\u00e9nek, a szexu\u00e1lis aktussal kapcsolatos \u00e9rzelmi-pszich\u00e9s rendelleness\u00e9gek kieg\u00e9sz\u00edt\u0151 kezel\u00e9s\u00e9re, a regener\u00e1ci\u00f3s folyamatok aktiv\u00e1l\u00e1s\u00e1t seg\u00edt\u0151 eszk\u00f6z a nemi szf\u00e9r\u00e1t \u00e9rint\u0151 betegs\u00e9gek kieg\u00e9sz\u00edt\u0151 kezel\u00e9s\u00e9ben. Aj\u00e1nlott a szakorvos (androl\u00f3gus, szexol\u00f3gus, endokrinol\u00f3gus) \u00e1ltal javasolt ter\u00e1pia melletti alkalmaz\u00e1sa. T\u00e1mogatja: a v\u00e9rkering\u00e9st, az immunrendszer munk\u00e1j\u00e1t, az anyagcser\u00e9t, megel\u0151zve [&hellip;]<\/p>\n","protected":false},"featured_media":4687,"comment_status":"open","ping_status":"closed","template":"","meta":[],"product_brand":[],"product_cat":[33,32],"product_tag":[],"class_list":{"0":"post-4688","1":"product","2":"type-product","3":"status-publish","4":"has-post-thumbnail","6":"product_cat-egeszseg-medalok","7":"product_cat-triomed","9":"first","10":"instock","11":"taxable","12":"shipping-taxable","13":"purchasable","14":"product-type-simple"},"_links":{"self":[{"href":"https:\/\/vetomshop.hu\/pt\/wp-json\/wp\/v2\/product\/4688","targetHints":{"allow":["GET"]}}],"collection":[{"href":"https:\/\/vetomshop.hu\/pt\/wp-json\/wp\/v2\/product"}],"about":[{"href":"https:\/\/vetomshop.hu\/pt\/wp-json\/wp\/v2\/types\/product"}],"replies":[{"embeddable":true,"href":"https:\/\/vetomshop.hu\/pt\/wp-json\/wp\/v2\/comments?post=4688"}],"wp:featuredmedia":[{"embeddable":true,"href":"https:\/\/vetomshop.hu\/pt\/wp-json\/wp\/v2\/media\/4687"}],"wp:attachment":[{"href":"https:\/\/vetomshop.hu\/pt\/wp-json\/wp\/v2\/media?parent=4688"}],"wp:term":[{"taxonomy":"product_brand","embeddable":true,"href":"https:\/\/vetomshop.hu\/pt\/wp-json\/wp\/v2\/product_brand?post=4688"},{"taxonomy":"product_cat","embeddable":true,"href":"https:\/\/vetomshop.hu\/pt\/wp-json\/wp\/v2\/product_cat?post=4688"},{"taxonomy":"product_tag","embeddable":true,"href":"https:\/\/vetomshop.hu\/pt\/wp-json\/wp\/v2\/product_tag?post=4688"}],"curies":[{"name":"wp","href":"https:\/\/api.w.org\/{rel}","templated":true}]}}