{"id":4690,"date":"2023-11-11T14:33:49","date_gmt":"2023-11-11T13:33:49","guid":{"rendered":"https:\/\/vetomshop.hu\/termek\/elast-medal\/"},"modified":"2023-11-11T14:33:49","modified_gmt":"2023-11-11T13:33:49","slug":"elast-medal","status":"publish","type":"product","link":"https:\/\/vetomshop.hu\/pt\/produto\/elast-medal\/","title":{"rendered":"Medalha Elast"},"content":{"rendered":"<p>Ferramenta complementar para a preven\u00e7\u00e3o e o tratamento de doen\u00e7as ligamentares, ativa\u00e7\u00e3o de processos de regenera\u00e7\u00e3o e tratamento complementar de doen\u00e7as ligamentares cr\u00f4nicas.<\/p>\n<p>O efeito da Medalha \u201eELAST\u201d tem como objetivo restaurar os processos metab\u00f3licos normais nas c\u00e9lulas e nos tecidos dos ligamentos, retardando o processo de envelhecimento.<\/p>\n<p>Essa ferramenta tem um impacto positivo no estado das fun\u00e7\u00f5es corporais e pode ser usada em combina\u00e7\u00e3o com outros m\u00e9todos como uma ferramenta de otimiza\u00e7\u00e3o e corre\u00e7\u00e3o:<\/p>\n<ul>\n<li>aumenta a flexibilidade dos ligamentos e aumenta a amplitude do movimento da articula\u00e7\u00e3o em resposta \u00e0s mudan\u00e7as relacionadas \u00e0 idade<\/li>\n<li>reduz a probabilidade de les\u00f5es nos tend\u00f5es e ligamentos<\/li>\n<li>reduzir o tempo de cicatriza\u00e7\u00e3o ap\u00f3s les\u00f5es nos ligamentos (entorses, rupturas)<\/li>\n<li>retardar as altera\u00e7\u00f5es nas articula\u00e7\u00f5es relacionadas \u00e0 idade<\/li>\n<li>fortalecimento dos ligamentos dos \u00f3rg\u00e3os internos, evitando seu prolapso (\u00fatero, intestino, rim, est\u00f4mago)<\/li>\n<\/ul>\n<div class=\"su-spoiler su-spoiler-style-defoult su-spoiler-icon-caret su-spoiler-closed\" data-scroll-offset=\"0\" data-anchor-in-url=\"no\"><div class=\"su-spoiler-title\" tabindex=\"0\" role=\"button\"><span class=\"su-spoiler-icon\"><\/span>Todos<\/div><div class=\"su-spoiler-content su-u-clearfix su-u-trim\">\n<strong>Efeitos:<\/strong><\/p>\n<ul>\n<li>reparo de processos metab\u00f3licos nos tecidos conjuntivos das articula\u00e7\u00f5es e dos \u00f3rg\u00e3os internos, incluindo a contratura de Dupuytren (contratura: encurtamento de tend\u00f5es e\/ou m\u00fasculos, encolhimento que causa deformidade e\/ou restri\u00e7\u00e3o)<\/li>\n<li>retardar as altera\u00e7\u00f5es \u201erelacionadas \u00e0 idade\u201d no sistema musculoesquel\u00e9tico<\/li>\n<li>melhora a flexibilidade dos m\u00fasculos e dos ligamentos<\/li>\n<li>acelera a recupera\u00e7\u00e3o ap\u00f3s les\u00f5es e procedimentos cir\u00fargicos, evitando a forma\u00e7\u00e3o de cicatrizes \u00e1speras.<\/li>\n<\/ul>\n<\/div><\/div>","protected":false},"excerpt":{"rendered":"<p>Kieg\u00e9sz\u00edt\u0151 eszk\u00f6z a ligamentum betegs\u00e9geinek megel\u0151z\u00e9s\u00e9re \u00e9s kezel\u00e9s\u00e9re, regener\u00e1ci\u00f3s folyamatok aktiv\u00e1l\u00e1s\u00e1ra \u00e9s a ligamentum kr\u00f3nikus betegs\u00e9geinek kieg\u00e9sz\u00edt\u0151 kezel\u00e9s\u00e9re. A &#8222;ELAST&#8221; Med\u00e1l hat\u00e1sa a norm\u00e1lis anyagcsere-folyamatok helyre\u00e1ll\u00edt\u00e1s\u00e1ra ir\u00e1nyul a ligamentumok sejtjeiben \u00e9s sz\u00f6veteiben, lass\u00edtva az \u00f6reged\u00e9si folyamatokat is. Ez az eszk\u00f6z pozit\u00edv hat\u00e1ssal van a testfunkci\u00f3k \u00e1llapot\u00e1ra, az optimaliz\u00e1l\u00e1s \u00e9s korrekci\u00f3 eszk\u00f6zek\u00e9nt haszn\u00e1lhat\u00f3 egy\u00e9b m\u00f3dszerekkel is [&hellip;]<\/p>\n","protected":false},"featured_media":4689,"comment_status":"open","ping_status":"closed","template":"","meta":[],"product_brand":[],"product_cat":[33,32],"product_tag":[],"class_list":{"0":"post-4690","1":"product","2":"type-product","3":"status-publish","4":"has-post-thumbnail","6":"product_cat-egeszseg-medalok","7":"product_cat-triomed","9":"first","10":"instock","11":"taxable","12":"shipping-taxable","13":"purchasable","14":"product-type-simple"},"_links":{"self":[{"href":"https:\/\/vetomshop.hu\/pt\/wp-json\/wp\/v2\/product\/4690","targetHints":{"allow":["GET"]}}],"collection":[{"href":"https:\/\/vetomshop.hu\/pt\/wp-json\/wp\/v2\/product"}],"about":[{"href":"https:\/\/vetomshop.hu\/pt\/wp-json\/wp\/v2\/types\/product"}],"replies":[{"embeddable":true,"href":"https:\/\/vetomshop.hu\/pt\/wp-json\/wp\/v2\/comments?post=4690"}],"wp:featuredmedia":[{"embeddable":true,"href":"https:\/\/vetomshop.hu\/pt\/wp-json\/wp\/v2\/media\/4689"}],"wp:attachment":[{"href":"https:\/\/vetomshop.hu\/pt\/wp-json\/wp\/v2\/media?parent=4690"}],"wp:term":[{"taxonomy":"product_brand","embeddable":true,"href":"https:\/\/vetomshop.hu\/pt\/wp-json\/wp\/v2\/product_brand?post=4690"},{"taxonomy":"product_cat","embeddable":true,"href":"https:\/\/vetomshop.hu\/pt\/wp-json\/wp\/v2\/product_cat?post=4690"},{"taxonomy":"product_tag","embeddable":true,"href":"https:\/\/vetomshop.hu\/pt\/wp-json\/wp\/v2\/product_tag?post=4690"}],"curies":[{"name":"wp","href":"https:\/\/api.w.org\/{rel}","templated":true}]}}