{"id":4692,"date":"2023-11-11T14:33:50","date_gmt":"2023-11-11T13:33:50","guid":{"rendered":"https:\/\/vetomshop.hu\/termek\/flora-medal\/"},"modified":"2024-07-31T10:25:34","modified_gmt":"2024-07-31T08:25:34","slug":"flora-medal","status":"publish","type":"product","link":"https:\/\/vetomshop.hu\/pt\/produto\/flora-medal\/","title":{"rendered":"Pingente Flora"},"content":{"rendered":"<h4>Medalha Flora Health<\/h4>\n<p><strong>Fun\u00e7\u00e3o principal:<\/strong><\/p>\n<p>Ferramenta suplementar para apoiar as fun\u00e7\u00f5es desintoxicantes e secretoras de bile do f\u00edgado e dos dutos biliares.<\/p>\n<p><strong>Breve descri\u00e7\u00e3o<\/strong><\/p>\n<p>O sinal, que \u00e9 gravado no suporte de informa\u00e7\u00f5es eletr\u00f4nicas Flora Health Medallion, cont\u00e9m os sinais eletromagn\u00e9ticos de fundo de plantas medicinais selecionadas que vivem em um ambiente ecologicamente limpo.<\/p>\n<div class=\"su-spoiler su-spoiler-style-defoult su-spoiler-icon-caret su-spoiler-closed\" data-scroll-offset=\"0\" data-anchor-in-url=\"no\"><div class=\"su-spoiler-title\" tabindex=\"0\" role=\"button\"><span class=\"su-spoiler-icon\"><\/span>Todos<\/div><div class=\"su-spoiler-content su-u-clearfix su-u-trim\">\n<p><strong>Com o apoio de:<\/strong><\/p>\n<ul>\n<li>os processos de neutraliza\u00e7\u00e3o e elimina\u00e7\u00e3o de subst\u00e2ncias t\u00f3xicas do corpo,<\/li>\n<li>o efeito de subst\u00e2ncias anti-inflamat\u00f3rias e antiss\u00e9pticas,<\/li>\n<li>o al\u00edvio do espasmo,<\/li>\n<li>o esvaziamento da ves\u00edcula biliar,<\/li>\n<li>ativa\u00e7\u00e3o de c\u00e9lulas imunocompetentes no trato digestivo.<\/li>\n<\/ul>\n<\/div><\/div>","protected":false},"excerpt":{"rendered":"<p>Fl\u00f3ra Eg\u00e9szs\u00e9g Med\u00e1l F\u0151 funkci\u00f3ja: Kieg\u00e9sz\u00edt\u0151 eszk\u00f6z a m\u00e1j \u00e9s az epevezet\u00e9kek m\u00e9regtelen\u00edt\u0151, epekiv\u00e1laszt\u00f3 funkci\u00f3inak seg\u00edt\u00e9s\u00e9re. R\u00f6vid ismertet\u0151 A jel, mely az elektronikus inform\u00e1ci\u00f3hordoz\u00f3 Fl\u00f3ra Eg\u00e9szs\u00e9g Med\u00e1lon lett r\u00f6gz\u00edtve, \u00f6kol\u00f3giailag tiszta k\u00f6rnyezetben \u00e9l\u0151 v\u00e1logatott gy\u00f3gyn\u00f6v\u00e9nyek elektrom\u00e1gneses h\u00e1tt\u00e9rjeleit tartalmazza.<\/p>","protected":false},"featured_media":4691,"comment_status":"open","ping_status":"closed","template":"","meta":[],"product_brand":[],"product_cat":[33,32],"product_tag":[],"class_list":{"0":"post-4692","1":"product","2":"type-product","3":"status-publish","4":"has-post-thumbnail","6":"product_cat-egeszseg-medalok","7":"product_cat-triomed","9":"first","10":"instock","11":"taxable","12":"shipping-taxable","13":"purchasable","14":"product-type-simple"},"_links":{"self":[{"href":"https:\/\/vetomshop.hu\/pt\/wp-json\/wp\/v2\/product\/4692","targetHints":{"allow":["GET"]}}],"collection":[{"href":"https:\/\/vetomshop.hu\/pt\/wp-json\/wp\/v2\/product"}],"about":[{"href":"https:\/\/vetomshop.hu\/pt\/wp-json\/wp\/v2\/types\/product"}],"replies":[{"embeddable":true,"href":"https:\/\/vetomshop.hu\/pt\/wp-json\/wp\/v2\/comments?post=4692"}],"wp:featuredmedia":[{"embeddable":true,"href":"https:\/\/vetomshop.hu\/pt\/wp-json\/wp\/v2\/media\/4691"}],"wp:attachment":[{"href":"https:\/\/vetomshop.hu\/pt\/wp-json\/wp\/v2\/media?parent=4692"}],"wp:term":[{"taxonomy":"product_brand","embeddable":true,"href":"https:\/\/vetomshop.hu\/pt\/wp-json\/wp\/v2\/product_brand?post=4692"},{"taxonomy":"product_cat","embeddable":true,"href":"https:\/\/vetomshop.hu\/pt\/wp-json\/wp\/v2\/product_cat?post=4692"},{"taxonomy":"product_tag","embeddable":true,"href":"https:\/\/vetomshop.hu\/pt\/wp-json\/wp\/v2\/product_tag?post=4692"}],"curies":[{"name":"wp","href":"https:\/\/api.w.org\/{rel}","templated":true}]}}