{"id":4694,"date":"2023-11-11T14:33:50","date_gmt":"2023-11-11T13:33:50","guid":{"rendered":"https:\/\/vetomshop.hu\/termek\/eros-plus\/"},"modified":"2023-11-11T14:33:50","modified_gmt":"2023-11-11T13:33:50","slug":"eros-plus","status":"publish","type":"product","link":"https:\/\/vetomshop.hu\/pt\/produto\/eros-plus\/","title":{"rendered":"Eros plus"},"content":{"rendered":"<h4>\u201ePingente \u201dEROS plus<\/h4>\n<p>\u201ePingente \u201dEROS plus\" - um dispositivo para ajuste biof\u00edsico fino das gl\u00e2ndulas respons\u00e1veis pela produ\u00e7\u00e3o dos ferom\u00f4nios sexuais masculinos androstenol e androsterona.<br \/>\nOs ferom\u00f4nios humanos s\u00e3o compostos bioqu\u00edmicos especiais produzidos por gl\u00e2ndulas especiais no epit\u00e9lio externo. Os ferom\u00f4nios que penetram no ambiente s\u00e3o detectados por receptores olfativos, que \u201esinalizam\u201d para os hemisf\u00e9rios do c\u00e9rebro humano. Os principais ferom\u00f4nios produzidos pelos seres humanos s\u00e3o o Androstenol e a Androsterona.<\/p>\n<div class=\"su-spoiler su-spoiler-style-defoult su-spoiler-icon-caret su-spoiler-closed\" data-scroll-offset=\"0\" data-anchor-in-url=\"no\"><div class=\"su-spoiler-title\" tabindex=\"0\" role=\"button\"><span class=\"su-spoiler-icon\"><\/span>Todos<\/div><div class=\"su-spoiler-content su-u-clearfix su-u-trim\">\n<p>O androstenol \u00e9 um ferom\u00f4nio universal sintetizado por ambos os sexos. Ele ajuda a evocar a simpatia pelo interlocutor muito rapidamente, despertando o desejo de se comunicar. O propriet\u00e1rio de uma fragr\u00e2ncia que cont\u00e9m androstenol carrega uma aura de juventude e frescor, independentemente da idade.<\/p>\n<p>Androsterona - um an\u00e1logo de uma subst\u00e2ncia sintetizada somente por membros do sexo forte. Tamb\u00e9m \u00e9 conhecido como o ferom\u00f4nio da coragem porque seu portador tem uma aura confiante e poderosa que \u00e9 atraente para as mulheres.<\/p>\n<p>O uso do pingente \u201eEROS plus\u201d estimula a sua pr\u00f3pria produ\u00e7\u00e3o de ferom\u00f4nios.<\/p>\n<p>O pingente \u201eEROS plus\u201d o ajudar\u00e1 a ganhar autoconfian\u00e7a e a conquistar a simpatia do sexo oposto.<\/p>\n<\/div><\/div>","protected":false},"excerpt":{"rendered":"<p>&#8222;EROS plus&#8221; med\u00e1l &#8222;EROS plus&#8221; med\u00e1l \u2013 a f\u00e9rfi nemi feromonok \u2013 androstenol \u00e9s androsteron \u2013 el\u0151\u00e1ll\u00edt\u00e1s\u00e1\u00e9rt felel\u0151s mirigyek finom biofizikai be\u00e1ll\u00edt\u00e1s\u00e1ra szolg\u00e1l\u00f3 eszk\u00f6z. Az emberi feromonok k\u00fcl\u00f6nleges biok\u00e9miai vegy\u00fcletek, amelyeket a k\u00fcls\u0151 epitheliumban tal\u00e1lhat\u00f3 speci\u00e1lis mirigyek termelnek. A k\u00f6rnyezetbe behatol\u00f3 feromonok a szagl\u00f3receptorok seg\u00edts\u00e9g\u00e9vel \u00e9rz\u00e9kelhet\u0151k, amik \u201e jelet k\u00f6zvet\u00edtenek\u201d az emberi agy f\u00e9ltek\u00e9ire. Az [&hellip;]<\/p>\n","protected":false},"featured_media":4693,"comment_status":"open","ping_status":"closed","template":"","meta":[],"product_brand":[],"product_cat":[33,32],"product_tag":[],"class_list":{"0":"post-4694","1":"product","2":"type-product","3":"status-publish","4":"has-post-thumbnail","6":"product_cat-egeszseg-medalok","7":"product_cat-triomed","9":"first","10":"instock","11":"taxable","12":"shipping-taxable","13":"purchasable","14":"product-type-simple"},"_links":{"self":[{"href":"https:\/\/vetomshop.hu\/pt\/wp-json\/wp\/v2\/product\/4694","targetHints":{"allow":["GET"]}}],"collection":[{"href":"https:\/\/vetomshop.hu\/pt\/wp-json\/wp\/v2\/product"}],"about":[{"href":"https:\/\/vetomshop.hu\/pt\/wp-json\/wp\/v2\/types\/product"}],"replies":[{"embeddable":true,"href":"https:\/\/vetomshop.hu\/pt\/wp-json\/wp\/v2\/comments?post=4694"}],"wp:featuredmedia":[{"embeddable":true,"href":"https:\/\/vetomshop.hu\/pt\/wp-json\/wp\/v2\/media\/4693"}],"wp:attachment":[{"href":"https:\/\/vetomshop.hu\/pt\/wp-json\/wp\/v2\/media?parent=4694"}],"wp:term":[{"taxonomy":"product_brand","embeddable":true,"href":"https:\/\/vetomshop.hu\/pt\/wp-json\/wp\/v2\/product_brand?post=4694"},{"taxonomy":"product_cat","embeddable":true,"href":"https:\/\/vetomshop.hu\/pt\/wp-json\/wp\/v2\/product_cat?post=4694"},{"taxonomy":"product_tag","embeddable":true,"href":"https:\/\/vetomshop.hu\/pt\/wp-json\/wp\/v2\/product_tag?post=4694"}],"curies":[{"name":"wp","href":"https:\/\/api.w.org\/{rel}","templated":true}]}}