{"id":4702,"date":"2023-11-11T14:33:52","date_gmt":"2023-11-11T13:33:52","guid":{"rendered":"https:\/\/vetomshop.hu\/termek\/happy-dog-medal\/"},"modified":"2023-11-11T14:33:52","modified_gmt":"2023-11-11T13:33:52","slug":"happy-dog-medal","status":"publish","type":"product","link":"https:\/\/vetomshop.hu\/pt\/produto\/happy-dog-medal\/","title":{"rendered":"Pingente Happy Dog"},"content":{"rendered":"<h4>Medalha Happy Dog para c\u00e3es<\/h4>\n<p>Ele pode ser usado para prevenir e tratar as seguintes doen\u00e7as:<\/p>\n<ul>\n<li>doen\u00e7as infecciosas,<\/li>\n<li>alergias (erup\u00e7\u00f5es cut\u00e2neas, coceira, queda de cabelo, asfixia)<\/li>\n<li>envenenamento (por alimentos, venenos)<\/li>\n<li>doen\u00e7as end\u00f3crinas (diabetes, doen\u00e7as da tireoide)<\/li>\n<li>doen\u00e7as articulares<\/li>\n<\/ul>\n<p><strong>Tamb\u00e9m aplic\u00e1vel:<\/strong><\/p>\n<ul>\n<li>prolongar a vida de c\u00e3es idosos e melhorar sua condi\u00e7\u00e3o<\/li>\n<li>desenvolvimento saud\u00e1vel dos filhotes<\/li>\n<li>para reabilita\u00e7\u00e3o r\u00e1pida ap\u00f3s cirurgia ou doen\u00e7a grave<\/li>\n<li>cicatriza\u00e7\u00e3o de les\u00f5es (feridas, distens\u00f5es musculares, fraturas, queimaduras)<\/li>\n<li>reabilita\u00e7\u00e3o p\u00f3s-natal<\/li>\n<\/ul>\n<p><strong>Aplicativo:<\/strong><\/p>\n<p>O \u201eHappyDOG\u201d<\/p>\n<p>O imunomodulador fisioterap\u00eautico pode ser preso \u00e0 coleira do c\u00e3o. Seu uso n\u00e3o \u00e9 limitado, mas deve ser usado por pelo menos 30 minutos por dia.<\/p>","protected":false},"excerpt":{"rendered":"<p>Happy Dog Med\u00e1l kuty\u00e1knak Alkalmazhat\u00f3 a k\u00f6vetkez\u0151 betegs\u00e9gek megel\u0151z\u00e9s\u00e9ben \u00e9s kezel\u00e9s\u00e9ben: infekci\u00f3s betegs\u00e9gek, allergi\u00e1k (ki\u00fct\u00e9sek, viszket\u00e9s, sz\u0151rhull\u00e1s, fullad\u00e1s) m\u00e9rgez\u00e9s (\u00e9tel \u00e1ltal, m\u00e9rgekkel) endokrin megbeteged\u00e9sek (cukorbetegs\u00e9g, a pajzsmirigy betegs\u00e9gei) \u00edz\u00fcleti betegs\u00e9gek Tov\u00e1bb\u00e1 alkalmazhat\u00f3: az id\u0151s kuty\u00e1k \u00e9let\u00e9nek meghosszabb\u00edt\u00e1s\u00e1ban, \u00e1llapotuk jav\u00edt\u00e1s\u00e1ban a k\u00f6lyk\u00f6k eg\u00e9szs\u00e9ges fejl\u0151d\u00e9s\u00e9ben a gyors rehabilit\u00e1ci\u00f3ban a m\u0171t\u00e9tek vagy s\u00falyos betegs\u00e9gek ut\u00e1n s\u00e9r\u00fcl\u00e9sek gy\u00f3gy\u00edt\u00e1s\u00e1ban (sebek, [&hellip;]<\/p>\n","protected":false},"featured_media":4701,"comment_status":"open","ping_status":"closed","template":"","meta":[],"product_brand":[],"product_cat":[33,32],"product_tag":[],"class_list":{"0":"post-4702","1":"product","2":"type-product","3":"status-publish","4":"has-post-thumbnail","6":"product_cat-egeszseg-medalok","7":"product_cat-triomed","9":"first","10":"instock","11":"taxable","12":"shipping-taxable","13":"purchasable","14":"product-type-simple"},"_links":{"self":[{"href":"https:\/\/vetomshop.hu\/pt\/wp-json\/wp\/v2\/product\/4702","targetHints":{"allow":["GET"]}}],"collection":[{"href":"https:\/\/vetomshop.hu\/pt\/wp-json\/wp\/v2\/product"}],"about":[{"href":"https:\/\/vetomshop.hu\/pt\/wp-json\/wp\/v2\/types\/product"}],"replies":[{"embeddable":true,"href":"https:\/\/vetomshop.hu\/pt\/wp-json\/wp\/v2\/comments?post=4702"}],"wp:featuredmedia":[{"embeddable":true,"href":"https:\/\/vetomshop.hu\/pt\/wp-json\/wp\/v2\/media\/4701"}],"wp:attachment":[{"href":"https:\/\/vetomshop.hu\/pt\/wp-json\/wp\/v2\/media?parent=4702"}],"wp:term":[{"taxonomy":"product_brand","embeddable":true,"href":"https:\/\/vetomshop.hu\/pt\/wp-json\/wp\/v2\/product_brand?post=4702"},{"taxonomy":"product_cat","embeddable":true,"href":"https:\/\/vetomshop.hu\/pt\/wp-json\/wp\/v2\/product_cat?post=4702"},{"taxonomy":"product_tag","embeddable":true,"href":"https:\/\/vetomshop.hu\/pt\/wp-json\/wp\/v2\/product_tag?post=4702"}],"curies":[{"name":"wp","href":"https:\/\/api.w.org\/{rel}","templated":true}]}}