{"id":4704,"date":"2023-11-11T14:33:52","date_gmt":"2023-11-11T13:33:52","guid":{"rendered":"https:\/\/vetomshop.hu\/termek\/nefron-medal\/"},"modified":"2023-11-11T14:33:52","modified_gmt":"2023-11-11T13:33:52","slug":"nefron-medal","status":"publish","type":"product","link":"https:\/\/vetomshop.hu\/pt\/produto\/nefron-medal\/","title":{"rendered":"Medalha Nefron"},"content":{"rendered":"<h4>Medalha de Sa\u00fade Nefron<\/h4>\n<p><strong>Fun\u00e7\u00e3o principal:<\/strong><\/p>\n<p>Apoia o funcionamento dos rins e do trato urin\u00e1rio, promovendo processos regulat\u00f3rios e regenerativos.<\/p>\n<p><strong>Com o apoio de:<\/strong><\/p>\n<ul>\n<li>melhora a circula\u00e7\u00e3o sangu\u00ednea e o metabolismo no trato urin\u00e1rio.<\/li>\n<li>reabsor\u00e7\u00e3o, filtra\u00e7\u00e3o, regula\u00e7\u00e3o de \u00edons, desintoxica\u00e7\u00e3o, processos metab\u00f3licos<\/li>\n<li>reparo e regenera\u00e7\u00e3o dos tecidos urin\u00e1rios,<\/li>\n<li>Aliviar a dor, aliviar espasmos e reduzir a inflama\u00e7\u00e3o,<\/li>\n<li>preven\u00e7\u00e3o de les\u00f5es escler\u00f3ticas do rim.<\/li>\n<\/ul>\n<p><strong>Quando o Nefron Health Pendant pode ser usado?<\/strong><\/p>\n<p>O dispositivo tem um efeito positivo no funcionamento funcional do corpo e pode ser usado como um dispositivo complementar para a otimiza\u00e7\u00e3o e corre\u00e7\u00e3o do funcionamento funcional do corpo, para a preven\u00e7\u00e3o e o tratamento complementar das seguintes doen\u00e7as:<\/p>\n<ul>\n<li>doen\u00e7as inflamat\u00f3rias agudas e cr\u00f4nicas dos rins, da bexiga e do trato urin\u00e1rio,<\/li>\n<li>dist\u00farbios metab\u00f3licos (inclusive doen\u00e7a de pedra nos rins),<\/li>\n<li>doen\u00e7as autoimunes sist\u00eamicas que levam a danos nos rins,<\/li>\n<li>doen\u00e7a autoimune dos rins,<\/li>\n<li>efeitos t\u00f3xicos nos rins,<\/li>\n<li>les\u00f5es escler\u00f3ticas nos rins (nefroesclerose) devido a diabetes, hipertens\u00e3o arterial, etc.<\/li>\n<\/ul>","protected":false},"excerpt":{"rendered":"<p>Nefron Eg\u00e9szs\u00e9g Med\u00e1l F\u0151 funkci\u00f3ja: A vese \u00e9s a h\u00fagyutak m\u0171k\u00f6d\u00e9s\u00e9nek t\u00e1mogat\u00e1sa, a szab\u00e1lyz\u00f3 \u00e9s regener\u00e1ci\u00f3s folyamatok el\u0151seg\u00edt\u00e9se. T\u00e1mogatja: a h\u00fagyutak v\u00e9rkering\u00e9s\u00e9nek javul\u00e1s\u00e1t \u00e9s anyagcser\u00e9j\u00e9t. a reabszorbci\u00f3t, a sz\u0171r\u00e9st, az ionszab\u00e1lyoz\u00e1st, a m\u00e9regtelen\u00edt\u00e9st, a metabolikus folyamatokat a h\u00fagyuti sz\u00f6vetek repar\u00e1ci\u00f3j\u00e1t \u00e9s regener\u00e1ci\u00f3j\u00e1t, a f\u00e1jdalomcsillap\u00edt\u00e1st, a g\u00f6rcsold\u00e1st, a gyullad\u00e1sok cs\u00f6kkent\u00e9s\u00e9t, a vese szklerotikus elv\u00e1ltoz\u00e1sainak megel\u0151z\u00e9s\u00e9t. Mikor [&hellip;]<\/p>\n","protected":false},"featured_media":4703,"comment_status":"open","ping_status":"closed","template":"","meta":[],"product_brand":[],"product_cat":[33,32],"product_tag":[],"class_list":{"0":"post-4704","1":"product","2":"type-product","3":"status-publish","4":"has-post-thumbnail","6":"product_cat-egeszseg-medalok","7":"product_cat-triomed","9":"first","10":"instock","11":"taxable","12":"shipping-taxable","13":"purchasable","14":"product-type-simple"},"_links":{"self":[{"href":"https:\/\/vetomshop.hu\/pt\/wp-json\/wp\/v2\/product\/4704","targetHints":{"allow":["GET"]}}],"collection":[{"href":"https:\/\/vetomshop.hu\/pt\/wp-json\/wp\/v2\/product"}],"about":[{"href":"https:\/\/vetomshop.hu\/pt\/wp-json\/wp\/v2\/types\/product"}],"replies":[{"embeddable":true,"href":"https:\/\/vetomshop.hu\/pt\/wp-json\/wp\/v2\/comments?post=4704"}],"wp:featuredmedia":[{"embeddable":true,"href":"https:\/\/vetomshop.hu\/pt\/wp-json\/wp\/v2\/media\/4703"}],"wp:attachment":[{"href":"https:\/\/vetomshop.hu\/pt\/wp-json\/wp\/v2\/media?parent=4704"}],"wp:term":[{"taxonomy":"product_brand","embeddable":true,"href":"https:\/\/vetomshop.hu\/pt\/wp-json\/wp\/v2\/product_brand?post=4704"},{"taxonomy":"product_cat","embeddable":true,"href":"https:\/\/vetomshop.hu\/pt\/wp-json\/wp\/v2\/product_cat?post=4704"},{"taxonomy":"product_tag","embeddable":true,"href":"https:\/\/vetomshop.hu\/pt\/wp-json\/wp\/v2\/product_tag?post=4704"}],"curies":[{"name":"wp","href":"https:\/\/api.w.org\/{rel}","templated":true}]}}