{"id":4706,"date":"2023-11-11T14:33:52","date_gmt":"2023-11-11T13:33:52","guid":{"rendered":"https:\/\/vetomshop.hu\/termek\/odont-medal\/"},"modified":"2024-08-07T16:07:27","modified_gmt":"2024-08-07T14:07:27","slug":"odont-medal","status":"publish","type":"product","link":"https:\/\/vetomshop.hu\/pt\/produto\/odont-medal\/","title":{"rendered":"Medalha Odont"},"content":{"rendered":"<h4>Medalha Odont<\/h4>\n<p>\u00c9 um auxiliar na preven\u00e7\u00e3o e reabilita\u00e7\u00e3o de doen\u00e7as periodontais e na melhoria dos processos regenerativos.<\/p>\n<p>Periodonto - o complexo de tecidos que envolve os dentes.<\/p>\n<p>O periodonto envolve e ap\u00f3ia os dentes. O periodonto fornece uma ancoragem flex\u00edvel para a raiz do dente. As principais partes do periodonto s\u00e3o: gengiva, peri\u00f3steo, cemento e ligamento periodontal. Sua origem e fun\u00e7\u00e3o s\u00e3o comuns.<\/p>\n<p>O efeito do pingente \u201eODONT\u201d \u00e9 ativar as defesas do corpo, restaurar os processos fisiol\u00f3gicos normais nas c\u00e9lulas e nos tecidos do periodonto, aumentando a resist\u00eancia a fatores ambientais adversos.<\/p>\n<p>Essa ferramenta tem um efeito positivo no estado das fun\u00e7\u00f5es corporais e pode ser usada como uma ferramenta ideal e corretiva para outras condi\u00e7\u00f5es, como gengivite, periodontite, doen\u00e7a periodontal, les\u00f5es periodontais, Itsenko-Cushing, Elers-Danlos, Shediak Higashi, s\u00edndrome de Down, dist\u00farbios sangu\u00edneos etc.<\/p>\n<div class=\"su-spoiler su-spoiler-style-defoult su-spoiler-icon-caret su-spoiler-closed\" data-scroll-offset=\"0\" data-anchor-in-url=\"no\"><div class=\"su-spoiler-title\" tabindex=\"0\" role=\"button\"><span class=\"su-spoiler-icon\"><\/span>Todos<\/div><div class=\"su-spoiler-content su-u-clearfix su-u-trim\">\n<strong>Efeitos:<\/strong><\/p>\n<ul>\n<li>normaliza a circula\u00e7\u00e3o sangu\u00ednea, o estado imunol\u00f3gico e o metabolismo periodontal, prevenindo o desenvolvimento de doen\u00e7as;<\/li>\n<li>ajuda a melhorar a fun\u00e7\u00e3o periodontal;<\/li>\n<li>reduz a gravidade dos fen\u00f4menos inflamat\u00f3rios e degenerativos na doen\u00e7a periodontal;<\/li>\n<li>ajuda a acelerar a regenera\u00e7\u00e3o e os processos de reparo periodontal;<\/li>\n<li>ajuda a eliminar o mau h\u00e1lito;<\/li>\n<li>ajuda a evitar a mobilidade patol\u00f3gica dos dentes.<\/li>\n<\/ul>\n<\/div><\/div>","protected":false},"excerpt":{"rendered":"<p>Odont Med\u00e1l Seg\u00e9deszk\u00f6z a periodont\u00e1lis betegs\u00e9gek megel\u0151z\u00e9s\u00e9re \u00e9s rehabilit\u00e1ci\u00f3j\u00e1ra, a regenerat\u00edv folyamatok fokoz\u00e1s\u00e1ra. A fog\u00e1gy (parodontium) &#8211; a fogakat k\u00f6r\u00fclvev\u0151 sz\u00f6vetek komplexuma. A parodontium k\u00f6r\u00fclveszi \u00e9s megt\u00e1masztja a fogakat. A fog\u00e1gy a fogak gy\u00f6ker\u00e9nek rugalmas elhorgonyz\u00e1s\u00e1t biztos\u00edtja. A parodontium f\u0151 r\u00e9szei: \u00edny, gy\u00f6k\u00e9rh\u00e1rtya, cement, fogmederny\u00falv\u00e1ny. Eredet\u00fck \u00e9s funkci\u00f3juk k\u00f6z\u00f6s. Az &#8222;ODONT&#8221; med\u00e1l hat\u00e1sa arra ir\u00e1nyul, [&hellip;]<\/p>\n","protected":false},"featured_media":4705,"comment_status":"open","ping_status":"closed","template":"","meta":[],"product_brand":[],"product_cat":[33,32],"product_tag":[],"class_list":{"0":"post-4706","1":"product","2":"type-product","3":"status-publish","4":"has-post-thumbnail","6":"product_cat-egeszseg-medalok","7":"product_cat-triomed","9":"first","10":"instock","11":"taxable","12":"shipping-taxable","13":"purchasable","14":"product-type-simple"},"_links":{"self":[{"href":"https:\/\/vetomshop.hu\/pt\/wp-json\/wp\/v2\/product\/4706","targetHints":{"allow":["GET"]}}],"collection":[{"href":"https:\/\/vetomshop.hu\/pt\/wp-json\/wp\/v2\/product"}],"about":[{"href":"https:\/\/vetomshop.hu\/pt\/wp-json\/wp\/v2\/types\/product"}],"replies":[{"embeddable":true,"href":"https:\/\/vetomshop.hu\/pt\/wp-json\/wp\/v2\/comments?post=4706"}],"wp:featuredmedia":[{"embeddable":true,"href":"https:\/\/vetomshop.hu\/pt\/wp-json\/wp\/v2\/media\/4705"}],"wp:attachment":[{"href":"https:\/\/vetomshop.hu\/pt\/wp-json\/wp\/v2\/media?parent=4706"}],"wp:term":[{"taxonomy":"product_brand","embeddable":true,"href":"https:\/\/vetomshop.hu\/pt\/wp-json\/wp\/v2\/product_brand?post=4706"},{"taxonomy":"product_cat","embeddable":true,"href":"https:\/\/vetomshop.hu\/pt\/wp-json\/wp\/v2\/product_cat?post=4706"},{"taxonomy":"product_tag","embeddable":true,"href":"https:\/\/vetomshop.hu\/pt\/wp-json\/wp\/v2\/product_tag?post=4706"}],"curies":[{"name":"wp","href":"https:\/\/api.w.org\/{rel}","templated":true}]}}