{"id":4708,"date":"2023-11-11T14:33:53","date_gmt":"2023-11-11T13:33:53","guid":{"rendered":"https:\/\/vetomshop.hu\/termek\/omega-medal\/"},"modified":"2023-11-11T14:33:53","modified_gmt":"2023-11-11T13:33:53","slug":"omega-medal","status":"publish","type":"product","link":"https:\/\/vetomshop.hu\/pt\/produto\/omega-medal\/","title":{"rendered":"Medalha \u00d4mega"},"content":{"rendered":"<h4>Medalha \u00d4mega<\/h4>\n<p>O uso di\u00e1rio das medalhas Triomed pode contribuir para a obten\u00e7\u00e3o de uma vida longa, feliz e saud\u00e1vel. Elas harmonizam suavemente o corpo e podem contribuir para a corre\u00e7\u00e3o da informa\u00e7\u00e3o energ\u00e9tica.<\/p>\n<p>Para quem ele \u00e9 recomendado?<\/p>\n<p>Para todos aqueles que sofrem de press\u00e3o alta e problemas circulat\u00f3rios.<\/p>\n<p><strong>Aviso importante:<\/strong><\/p>\n<p>Sempre consulte um m\u00e9dico se voc\u00ea tiver uma doen\u00e7a cardiovascular. Al\u00e9m do tratamento prescrito pelo seu m\u00e9dico, voc\u00ea tamb\u00e9m pode usar Triomed Omega Medal para promover a cura e acelerar o processo de regenera\u00e7\u00e3o.<\/p>\n<p>Crian\u00e7as com menos de 6 anos de idade s\u00f3 devem usar o produto sob a supervis\u00e3o dos pais!<\/p>\n<p>Os pingentes Triomed s\u00e3o \u00e0 prova d'\u00e1gua e podem ser colocados na \u00e1gua.<\/p>\n<p>Todas as medalhas Triomed passam por um teste espectral especial - fotom\u00e9trico - antes de serem colocadas \u00e0 venda, o que garante a qualidade e a consist\u00eancia dos sinais.<\/p>","protected":false},"excerpt":{"rendered":"<p>Omega Med\u00e1l A Triomed Med\u00e1lok napi szinten t\u00f6rt\u00e9n\u0151 alkalmaz\u00e1sa t\u00e1mogathatja a hossz\u00fa, boldog, eg\u00e9szs\u00e9ges \u00e9let el\u00e9r\u00e9s\u00e9t. L\u00e1gyan harmoniz\u00e1lj\u00e1k a szervezetet, hozz\u00e1j\u00e1rulhatnak az energia-inform\u00e1ci\u00f3s korrekci\u00f3hoz. Kiknek aj\u00e1nljuk? Mindazoknak, akik magas v\u00e9rnyom\u00e1st\u00f3l, kering\u00e9si probl\u00e9m\u00e1kt\u00f3l szenvednek. Fontos figyelmeztet\u00e9s: A sz\u00edv-\u00e9s \u00e9rrendszer megbeteged\u00e9sein\u00e9l mindig forduljon orvoshoz. Az orvos \u00e1ltal el\u0151\u00edrt kezel\u00e9s mellett p\u00e1rhuzamosan alkalmazhatja a Triomed Omega Med\u00e1lt a [&hellip;]<\/p>\n","protected":false},"featured_media":4707,"comment_status":"open","ping_status":"closed","template":"","meta":[],"product_brand":[],"product_cat":[33,32],"product_tag":[],"class_list":{"0":"post-4708","1":"product","2":"type-product","3":"status-publish","4":"has-post-thumbnail","6":"product_cat-egeszseg-medalok","7":"product_cat-triomed","9":"first","10":"instock","11":"taxable","12":"shipping-taxable","13":"purchasable","14":"product-type-simple"},"_links":{"self":[{"href":"https:\/\/vetomshop.hu\/pt\/wp-json\/wp\/v2\/product\/4708","targetHints":{"allow":["GET"]}}],"collection":[{"href":"https:\/\/vetomshop.hu\/pt\/wp-json\/wp\/v2\/product"}],"about":[{"href":"https:\/\/vetomshop.hu\/pt\/wp-json\/wp\/v2\/types\/product"}],"replies":[{"embeddable":true,"href":"https:\/\/vetomshop.hu\/pt\/wp-json\/wp\/v2\/comments?post=4708"}],"wp:featuredmedia":[{"embeddable":true,"href":"https:\/\/vetomshop.hu\/pt\/wp-json\/wp\/v2\/media\/4707"}],"wp:attachment":[{"href":"https:\/\/vetomshop.hu\/pt\/wp-json\/wp\/v2\/media?parent=4708"}],"wp:term":[{"taxonomy":"product_brand","embeddable":true,"href":"https:\/\/vetomshop.hu\/pt\/wp-json\/wp\/v2\/product_brand?post=4708"},{"taxonomy":"product_cat","embeddable":true,"href":"https:\/\/vetomshop.hu\/pt\/wp-json\/wp\/v2\/product_cat?post=4708"},{"taxonomy":"product_tag","embeddable":true,"href":"https:\/\/vetomshop.hu\/pt\/wp-json\/wp\/v2\/product_tag?post=4708"}],"curies":[{"name":"wp","href":"https:\/\/api.w.org\/{rel}","templated":true}]}}