{"id":4710,"date":"2023-11-11T14:33:53","date_gmt":"2023-11-11T13:33:53","guid":{"rendered":"https:\/\/vetomshop.hu\/termek\/prunus-cerasus-meggy-medal\/"},"modified":"2023-11-11T14:33:53","modified_gmt":"2023-11-11T13:33:53","slug":"prunus-cerasus-meggy-medal","status":"publish","type":"product","link":"https:\/\/vetomshop.hu\/pt\/produto\/prunus-cerasus-meggy-medal\/","title":{"rendered":"Prunus cerasus - Pingente Meggy"},"content":{"rendered":"<h4>Prunus cerasus - Meggy Medal-Streptococcus, Staphylococcus para tratamento adicional de infec\u00e7\u00f5es<\/h4>\n<p>O Streptococcus pyogenes, tamb\u00e9m conhecido como estreptococo tipo A, \u00e9 uma bact\u00e9ria extremamente comum: quase ningu\u00e9m nunca teve dor de garganta sem essa bact\u00e9ria inofensiva que se instala na garganta. No entanto, a mesma bact\u00e9ria que habita a garganta tamb\u00e9m \u00e9 a causa da escarlatina, uma doen\u00e7a infantil com febre e erup\u00e7\u00e3o cut\u00e2nea em todo o corpo, devido \u00e0s suas toxinas secretadas na corrente sangu\u00ednea. De fato, infec\u00e7\u00f5es prolongadas por estreptococos n\u00e3o tratadas podem levar \u00e0 febre reum\u00e1tica, uma doen\u00e7a grave que ataca as articula\u00e7\u00f5es e o cora\u00e7\u00e3o.<\/p>\n<p>O Staphylococcus aureus \u00e9 uma bact\u00e9ria igualmente comum encontrada em praticamente toda a nossa pele e \u00e9 um dos agentes causadores da acne pustulosa e das p\u00fastulas. Embora essas les\u00f5es cut\u00e2neas possam ser consideradas, na melhor das hip\u00f3teses, desagrad\u00e1veis, condi\u00e7\u00f5es de pele persistentes, especialmente em crian\u00e7as, como fur\u00fanculos ou abscessos em v\u00e1rias partes do corpo, podem causar problemas s\u00e9rios, sem mencionar infec\u00e7\u00f5es graves e potencialmente fatais, como pneumonia, meningite, osteomielite ou pericardite. Os estafilococos, que colonizam principalmente nossa pele, podem causar tudo isso se tiverem a chance.<\/p>\n<div class=\"su-spoiler su-spoiler-style-defoult su-spoiler-icon-caret su-spoiler-closed\" data-scroll-offset=\"0\" data-anchor-in-url=\"no\"><div class=\"su-spoiler-title\" tabindex=\"0\" role=\"button\"><span class=\"su-spoiler-icon\"><\/span>Todos<\/div><div class=\"su-spoiler-content su-u-clearfix su-u-trim\">\n<h5>O que os micr\u00f3bios do cotidiano no lugar errado podem causar?<\/h5>\n<p>A li\u00e7\u00e3o \u00e9 que uma bact\u00e9ria aparentemente inofensiva s\u00f3 \u00e9 relativamente inofensiva quando est\u00e1 em um lugar onde n\u00e3o deveria estar: especialmente em tecidos profundos e<br \/>\nna corrente sangu\u00ednea. Por exemplo, se os estreptococos ou estafilococos atingirem os tecidos subcut\u00e2neos por meio de uma les\u00e3o, eles podem se espalhar de forma extremamente r\u00e1pida e destrutiva ao longo da f\u00e1scia do tecido conjuntivo que envolve os m\u00fasculos e os nervos - coloquialmente conhecido como \u201ecomedor de carne\u201d. Basta uma picada de agulha, uma mordida de inseto ou um machucado para que elas atravessem a pele - n\u00e3o precisa ser algo catastr\u00f3fico, basta um ferimento pouco vis\u00edvel. H\u00e1 um risco maior se a pele j\u00e1 estiver ferida - por exemplo, ap\u00f3s uma cirurgia, uma erup\u00e7\u00e3o cut\u00e2nea aguda devido a uma infec\u00e7\u00e3o viral ou como complica\u00e7\u00e3o do diabetes - ou se o sistema imunol\u00f3gico estiver enfraquecido.<\/p>\n<h5>\u201eA bact\u00e9ria carn\u00edvora \u201dcome carne\"?<\/h5>\n<p>As \u201ebact\u00e9rias comedoras de carne\u201d n\u00e3o formam um grupo assustador e ex\u00f3tico de pat\u00f3genos: na maioria dos casos, micr\u00f3bios comuns, colocados no lugar errado, s\u00e3o a causa de doen\u00e7as graves.<br \/>\num processo que envolve a destrui\u00e7\u00e3o de tecidos que amea\u00e7a diretamente a vida.<\/p>\n<h5>Como o processo funciona?<\/h5>\n<p>A \u201einfec\u00e7\u00e3o devoradora de carne\u201d, formalmente conhecida como fasce\u00edte necrosante (necrotizing fasciitis), come\u00e7a com poucos sintomas caracter\u00edsticos: incha\u00e7o, vermelhid\u00e3o, dor e possivelmente bolhas na \u00e1rea afetada. Como o processo \u00e9 profundo, quando as \u00e1reas de descolora\u00e7\u00e3o arroxeada da pele, as bolhas com sangue, se formam, j\u00e1 h\u00e1 uma destrui\u00e7\u00e3o maci\u00e7a dos tecidos moles subcut\u00e2neos.<\/p>\n<\/div><\/div>","protected":false},"excerpt":{"rendered":"<p>Prunus cerasus \u2013 Meggy Med\u00e1l-Streptococcus, Staphylococcus fert\u0151z\u00e9sek kieg\u00e9sz\u00edt\u0151 kezel\u00e9s\u00e9re A Streptococcus pyogenes, m\u00e1s nev\u00e9n az A-t\u00edpus\u00fa sztreptokokkusz rendk\u00edv\u00fcl k\u00f6z\u00f6ns\u00e9ges bakt\u00e9rium: aligha akad, akinek ne okozott volna m\u00e9g torokf\u00e1j\u00e1st ez a garatban megteleped\u0151, jobb\u00e1ra \u00e1rtalmatlan k\u00f3rokoz\u00f3. \u00c1m ugyanez a toroklak\u00f3 bakt\u00e9rium &#8211; a v\u00e9r\u00e1ramba kiv\u00e1lasztott m\u00e9reganyagai r\u00e9v\u00e9n &#8211; a skarl\u00e1t, a l\u00e1zzal \u00e9s a teljes testet [&hellip;]<\/p>\n","protected":false},"featured_media":4709,"comment_status":"open","ping_status":"closed","template":"","meta":[],"product_brand":[],"product_cat":[33,32],"product_tag":[],"class_list":{"0":"post-4710","1":"product","2":"type-product","3":"status-publish","4":"has-post-thumbnail","6":"product_cat-egeszseg-medalok","7":"product_cat-triomed","9":"first","10":"instock","11":"taxable","12":"shipping-taxable","13":"purchasable","14":"product-type-simple"},"_links":{"self":[{"href":"https:\/\/vetomshop.hu\/pt\/wp-json\/wp\/v2\/product\/4710","targetHints":{"allow":["GET"]}}],"collection":[{"href":"https:\/\/vetomshop.hu\/pt\/wp-json\/wp\/v2\/product"}],"about":[{"href":"https:\/\/vetomshop.hu\/pt\/wp-json\/wp\/v2\/types\/product"}],"replies":[{"embeddable":true,"href":"https:\/\/vetomshop.hu\/pt\/wp-json\/wp\/v2\/comments?post=4710"}],"wp:featuredmedia":[{"embeddable":true,"href":"https:\/\/vetomshop.hu\/pt\/wp-json\/wp\/v2\/media\/4709"}],"wp:attachment":[{"href":"https:\/\/vetomshop.hu\/pt\/wp-json\/wp\/v2\/media?parent=4710"}],"wp:term":[{"taxonomy":"product_brand","embeddable":true,"href":"https:\/\/vetomshop.hu\/pt\/wp-json\/wp\/v2\/product_brand?post=4710"},{"taxonomy":"product_cat","embeddable":true,"href":"https:\/\/vetomshop.hu\/pt\/wp-json\/wp\/v2\/product_cat?post=4710"},{"taxonomy":"product_tag","embeddable":true,"href":"https:\/\/vetomshop.hu\/pt\/wp-json\/wp\/v2\/product_tag?post=4710"}],"curies":[{"name":"wp","href":"https:\/\/api.w.org\/{rel}","templated":true}]}}