{"id":4716,"date":"2023-11-11T14:33:55","date_gmt":"2023-11-11T13:33:55","guid":{"rendered":"https:\/\/vetomshop.hu\/termek\/triomed-mmw\/"},"modified":"2023-11-11T14:33:55","modified_gmt":"2023-11-11T13:33:55","slug":"triomed-mmw","status":"publish","type":"product","link":"https:\/\/vetomshop.hu\/pt\/produto\/triomed-mmw\/","title":{"rendered":"Triomed MMW"},"content":{"rendered":"<h4>TRIOMED UNIVERSAL - O ESPECIALISTA EM DOEN\u00c7AS<\/h4>\n<p>Qual \u00e9 a chave para a recupera\u00e7\u00e3o? Qual \u00e9 a solu\u00e7\u00e3o para a infinidade de problemas de sa\u00fade?<\/p>\n<p>A resposta \u00e9 simples, mas a solu\u00e7\u00e3o s\u00f3 p\u00f4de ser encontrada no mundo moderno das inven\u00e7\u00f5es de TI de hoje, quando foi criado um gerador super-r\u00e1pido baseado em SiGe semicondutor que gera sinais id\u00eanticos aos de c\u00e9lulas e organismos. Essa inova\u00e7\u00e3o possibilitou a comunica\u00e7\u00e3o biol\u00f3gica entre um dispositivo e um ser humano. A inova\u00e7\u00e3o m\u00e9dica foi patenteada como tecnologia BioTrEM.<br \/>\nVejamos um exemplo cotidiano. Qualquer profissional de sa\u00fade sabe que, embora o tio Hansel e a tia Gretel tenham press\u00e3o alta, a \u00fanica semelhan\u00e7a entre as condi\u00e7\u00f5es das duas pessoas est\u00e1 em seus sintomas. Elas n\u00e3o t\u00eam nada em comum, nem em seu in\u00edcio nem em outros par\u00e2metros, como idade, sexo, hist\u00f3rico, causa ou curso da doen\u00e7a. Mas as duas pessoas est\u00e3o tomando o mesmo medicamento, porque at\u00e9 agora os provedores de solu\u00e7\u00f5es n\u00e3o tinham como tratar essas duas pessoas de forma diferente.<\/p>\n<p>O dispositivo Triomed Universal \u00e9 \u00fanico, pois trata cada pessoa de forma diferente, gra\u00e7as aos seus emissores conect\u00e1veis espec\u00edficos para cada doen\u00e7a, como o emissor especial Cardiology, que \u00e9 coordenado com o paciente em cada momento do tratamento. A frequ\u00eancia do Cardiology Connectable to Triomed Universal corresponde \u00e0 frequ\u00eancia saud\u00e1vel do sistema cardiovascular, usando esses sinais sutis para sintonizar o corpo de volta ao funcionamento saud\u00e1vel. Isso personaliza o tratamento, adaptando-se \u00e0s mudan\u00e7as que ocorrem no corpo da pessoa, alinhando-se a ele a cada momento.<\/p>\n<div class=\"su-spoiler su-spoiler-style-defoult su-spoiler-icon-caret su-spoiler-closed\" data-scroll-offset=\"0\" data-anchor-in-url=\"no\"><div class=\"su-spoiler-title\" tabindex=\"0\" role=\"button\"><span class=\"su-spoiler-icon\"><\/span>Todos<\/div><div class=\"su-spoiler-content su-u-clearfix su-u-trim\">\n<p><strong>Biofeedback na faixa de radiofrequ\u00eancia!<\/strong><\/p>\n<p>Essa inven\u00e7\u00e3o inovadora \u00e9 o que torna essa linha t\u00e3o exclusiva e t\u00e3o eficaz!<\/p>\n<p>Pense nisso: conhecemos um dispositivo que segue todos os nossos movimentos, que \u00e9 controlado automaticamente por n\u00f3s, independentemente de nossa consci\u00eancia, que - sejamos honestos! - pode nos enganar?!<\/p>\n<p>O TRIOMED UNIVERSAL tem dois emissores de \u00faltima gera\u00e7\u00e3o no pacote b\u00e1sico, que podem ser usados tanto para o tratamento quanto para a preven\u00e7\u00e3o de doen\u00e7as. O dispositivo pode ativar um grande n\u00famero de programas e subprogramas - quase mil. Para isso, o dispositivo pode ser expandido com 11 cabe\u00e7otes plug-in sob demanda, acrescentando novos recursos e capacidades ao dispositivo b\u00e1sico. Uma excelente ferramenta para m\u00e9dicos, institui\u00e7\u00f5es de sa\u00fade, curandeiros e o complemento perfeito para sua farm\u00e1cia dom\u00e9stica!<\/p>\n<p><strong>\u00c9 f\u00e1cil de usar, pode-se dizer: uma brincadeira de crian\u00e7a!<\/strong><\/p>\n<p>O dispositivo \u00e9 classificado como um dispositivo m\u00e9dico de estimula\u00e7\u00e3o eletromagn\u00e9tica ativa, destinado \u00e0 preven\u00e7\u00e3o e ao tratamento de condi\u00e7\u00f5es patol\u00f3gicas por meio da aplica\u00e7\u00e3o de radia\u00e7\u00e3o eletromagn\u00e9tica infravermelha (IV) e de alta frequ\u00eancia extrema de baixa intensidade atrav\u00e9s da pele. Ele ajuda a acelerar o processo de cura, reduzir a quantidade e os efeitos colaterais da medica\u00e7\u00e3o e obter resultados cl\u00ednicos positivos em pacientes com baixa toler\u00e2ncia \u00e0 medica\u00e7\u00e3o. O dispositivo pode ser usado em institui\u00e7\u00f5es de sa\u00fade ou em casa.<br \/>\nO dispositivo tem efeitos anti-inflamat\u00f3rios, analg\u00e9sicos e antiedema. Outros efeitos cl\u00ednico-fisiol\u00f3gicos se manifestam nos processos de regenera\u00e7\u00e3o celular, na melhoria da resist\u00eancia do corpo, na melhoria da hemodin\u00e2mica, no al\u00edvio do estresse e na normaliza\u00e7\u00e3o da regula\u00e7\u00e3o do sistema nervoso aut\u00f4nomo.<\/p>\n<\/div><\/div>","protected":false},"excerpt":{"rendered":"<p>TRIOMED UNIVERSAL \u2013 A BETEGS\u00c9GEK SPECIALIST\u00c1JA Mi a gy\u00f3gyul\u00e1s kulcsa? Mi lenne a megold\u00e1s a sz\u00e1mtalan eg\u00e9szs\u00e9g\u00fcgyi probl\u00e9m\u00e1ra? A v\u00e1lasz egyszer\u0171, de a megold\u00e1s csak a mai modern, informatikai tal\u00e1lm\u00e1nyokkal b\u0151velked\u0151 vil\u00e1gunkban tudott megval\u00f3sulni, mikor is siker\u00fclt l\u00e9trehozni egy olyan szupergyors f\u00e9lvezet\u0151 SiGe alap\u00fa gener\u00e1tort, mely a sejtekkel, szervezettel azonos jeleket gener\u00e1l. Ennek az innov\u00e1ci\u00f3nak [&hellip;]<\/p>\n","protected":false},"featured_media":4715,"comment_status":"open","ping_status":"closed","template":"","meta":[],"product_brand":[],"product_cat":[34,32],"product_tag":[],"class_list":{"0":"post-4716","1":"product","2":"type-product","3":"status-publish","4":"has-post-thumbnail","6":"product_cat-keszulekek","7":"product_cat-triomed","9":"first","10":"instock","11":"taxable","12":"shipping-taxable","13":"purchasable","14":"product-type-simple"},"_links":{"self":[{"href":"https:\/\/vetomshop.hu\/pt\/wp-json\/wp\/v2\/product\/4716","targetHints":{"allow":["GET"]}}],"collection":[{"href":"https:\/\/vetomshop.hu\/pt\/wp-json\/wp\/v2\/product"}],"about":[{"href":"https:\/\/vetomshop.hu\/pt\/wp-json\/wp\/v2\/types\/product"}],"replies":[{"embeddable":true,"href":"https:\/\/vetomshop.hu\/pt\/wp-json\/wp\/v2\/comments?post=4716"}],"wp:featuredmedia":[{"embeddable":true,"href":"https:\/\/vetomshop.hu\/pt\/wp-json\/wp\/v2\/media\/4715"}],"wp:attachment":[{"href":"https:\/\/vetomshop.hu\/pt\/wp-json\/wp\/v2\/media?parent=4716"}],"wp:term":[{"taxonomy":"product_brand","embeddable":true,"href":"https:\/\/vetomshop.hu\/pt\/wp-json\/wp\/v2\/product_brand?post=4716"},{"taxonomy":"product_cat","embeddable":true,"href":"https:\/\/vetomshop.hu\/pt\/wp-json\/wp\/v2\/product_cat?post=4716"},{"taxonomy":"product_tag","embeddable":true,"href":"https:\/\/vetomshop.hu\/pt\/wp-json\/wp\/v2\/product_tag?post=4716"}],"curies":[{"name":"wp","href":"https:\/\/api.w.org\/{rel}","templated":true}]}}