{"id":4718,"date":"2023-11-11T14:33:56","date_gmt":"2023-11-11T13:33:56","guid":{"rendered":"https:\/\/vetomshop.hu\/termek\/antidiabetikus-jelado\/"},"modified":"2023-11-11T14:33:56","modified_gmt":"2023-11-11T13:33:56","slug":"antidiabetikus-jelado","status":"publish","type":"product","link":"https:\/\/vetomshop.hu\/pt\/produto\/antidiabetikus-jelado\/","title":{"rendered":"Sinalizador antidiab\u00e9tico"},"content":{"rendered":"<h4>Radiador antidiab\u00e9tico \u21167.<\/h4>\n<p>Tempo de opera\u00e7\u00e3o: 13 minutos.<\/p>\n<p>Sua frequ\u00eancia corresponde \u00e0 frequ\u00eancia dos campos receptores nas c\u00e9lulas pancre\u00e1ticas e nos tecidos dependentes de insulina.<\/p>\n<p>Ele pode ser usado em programas complexos para a preven\u00e7\u00e3o do diabetes e o tratamento do diabetes tipo I e tipo II, com o objetivo de evitar o desenvolvimento de complica\u00e7\u00f5es.<\/p>\n<ul>\n<li>Promove a otimiza\u00e7\u00e3o dos processos metab\u00f3licos (carboidratos, lip\u00eddios, prote\u00ednas, minerais).<\/li>\n<li>Melhora o metabolismo (processos metab\u00f3licos) nas c\u00e9lulas do p\u00e2ncreas.<\/li>\n<li>Otimiza a produ\u00e7\u00e3o de insulina pelas c\u00e9lulas do p\u00e2ncreas.<\/li>\n<li>Aumenta a sensibilidade dos tecidos \u00e0 insulina.<\/li>\n<li>Melhora o status do receptor das c\u00e9lulas nos tecidos dependentes de insulina<\/li>\n<li>Previne o edema<\/li>\n<li>Ele acelera a regenera\u00e7\u00e3o e o reparo das c\u00e9lulas pancre\u00e1ticas.<\/li>\n<li>Ele tem um efeito pr\u00f3-inflamat\u00f3rio.<\/li>\n<li>Melhora a circula\u00e7\u00e3o sangu\u00ednea.<\/li>\n<li>Previne o desenvolvimento de diabetes.<\/li>\n<li>Previne o desenvolvimento de complica\u00e7\u00f5es do diabetes.<\/li>\n<\/ul>\n<div class=\"su-spoiler su-spoiler-style-defoult su-spoiler-icon-caret su-spoiler-closed\" data-scroll-offset=\"0\" data-anchor-in-url=\"no\"><div class=\"su-spoiler-title\" tabindex=\"0\" role=\"button\"><span class=\"su-spoiler-icon\"><\/span>Todos<\/div><div class=\"su-spoiler-content su-u-clearfix su-u-trim\">\n\u00c1reas de tratamento recomendadas: em pontos e zonas biologicamente ativos. Os tratamentos recomendados podem ser repetidos de 2 a 3 vezes por ano, ap\u00f3s um m\u00ednimo de 3 meses, at\u00e9 que a condi\u00e7\u00e3o melhore, e podem ser complementados com outros tratamentos bioinform\u00e1ticos.<\/p>\n<\/div><\/div>","protected":false},"excerpt":{"rendered":"<p>Antidiabetikus sug\u00e1rz\u00f3 \u21167. M\u0171k\u00f6d\u00e9si ideje: 13 perc. Frekvenci\u00e1ja a hasny\u00e1lmirigy sejtjei \u00e9s az inzulinf\u00fcgg\u0151 sz\u00f6vetek receptormez\u0151i frekvenci\u00e1j\u00e1nak felel meg. A cukorbetegs\u00e9g megel\u0151z\u00e9s\u00e9nek, valamint az I. \u00e9s II. tipus\u00fa cukorbetegs\u00e9g kezel\u00e9s\u00e9nek komplex programjaiban, a sz\u00f6v\u0151dm\u00e9nyek kialakul\u00e1sa megel\u0151z\u00e9s\u00e9nek c\u00e9lj\u00e1b\u00f3l alkalmazhat\u00f3. Az anyagcsere folyamatok (sz\u00e9nhidr\u00e1t, lipid, feh\u00e9rje, \u00e1sv\u00e1nyi anyagok) optimaliz\u00e1ci\u00f3j\u00e1t seg\u00edti el\u0151. Jav\u00edtja a metabolizmus (anyagcsere) folyamatait a [&hellip;]<\/p>\n","protected":false},"featured_media":4717,"comment_status":"open","ping_status":"closed","template":"","meta":[],"product_brand":[],"product_cat":[35,32],"product_tag":[],"class_list":{"0":"post-4718","1":"product","2":"type-product","3":"status-publish","4":"has-post-thumbnail","6":"product_cat-csatlakoztathato-jeladok","7":"product_cat-triomed","9":"first","10":"instock","11":"taxable","12":"shipping-taxable","13":"purchasable","14":"product-type-simple"},"_links":{"self":[{"href":"https:\/\/vetomshop.hu\/pt\/wp-json\/wp\/v2\/product\/4718","targetHints":{"allow":["GET"]}}],"collection":[{"href":"https:\/\/vetomshop.hu\/pt\/wp-json\/wp\/v2\/product"}],"about":[{"href":"https:\/\/vetomshop.hu\/pt\/wp-json\/wp\/v2\/types\/product"}],"replies":[{"embeddable":true,"href":"https:\/\/vetomshop.hu\/pt\/wp-json\/wp\/v2\/comments?post=4718"}],"wp:featuredmedia":[{"embeddable":true,"href":"https:\/\/vetomshop.hu\/pt\/wp-json\/wp\/v2\/media\/4717"}],"wp:attachment":[{"href":"https:\/\/vetomshop.hu\/pt\/wp-json\/wp\/v2\/media?parent=4718"}],"wp:term":[{"taxonomy":"product_brand","embeddable":true,"href":"https:\/\/vetomshop.hu\/pt\/wp-json\/wp\/v2\/product_brand?post=4718"},{"taxonomy":"product_cat","embeddable":true,"href":"https:\/\/vetomshop.hu\/pt\/wp-json\/wp\/v2\/product_cat?post=4718"},{"taxonomy":"product_tag","embeddable":true,"href":"https:\/\/vetomshop.hu\/pt\/wp-json\/wp\/v2\/product_tag?post=4718"}],"curies":[{"name":"wp","href":"https:\/\/api.w.org\/{rel}","templated":true}]}}