{"id":4722,"date":"2023-11-11T14:33:56","date_gmt":"2023-11-11T13:33:56","guid":{"rendered":"https:\/\/vetomshop.hu\/termek\/egeszseges-vese-jelado\/"},"modified":"2023-11-11T14:33:56","modified_gmt":"2023-11-11T13:33:56","slug":"egeszseges-vese-jelado","status":"publish","type":"product","link":"https:\/\/vetomshop.hu\/pt\/produto\/egeszseges-vese-jelado\/","title":{"rendered":"Farol de rins saud\u00e1veis"},"content":{"rendered":"<h4>Rim saud\u00e1vel irradiando 15 s.<\/h4>\n<p>Tempo de opera\u00e7\u00e3o do emissor 11 minutos<br \/>\nEle corresponde \u00e0 frequ\u00eancia dos rins e do trato urin\u00e1rio.<\/p>\n<p>Seu uso \u00e9 recomendado na preven\u00e7\u00e3o e no tratamento complementar de doen\u00e7as renais e do trato urin\u00e1rio<br \/>\nMelhora a circula\u00e7\u00e3o sangu\u00ednea e o metabolismo nos n\u00e9frons (unidades funcionais dos rins) e no trato urin\u00e1rio.<\/p>\n<ul>\n<li>Melhora a reabsor\u00e7\u00e3o renal, a filtra\u00e7\u00e3o, a s\u00edntese, a regula\u00e7\u00e3o de \u00edons, a desintoxica\u00e7\u00e3o e os processos metab\u00f3licos.<\/li>\n<li>Estimula os processos de regenera\u00e7\u00e3o e reparo do tecido renal e do trato urin\u00e1rio.<\/li>\n<li>Efeito antiespasm\u00f3dico.<\/li>\n<li>Efeito analg\u00e9sico.<\/li>\n<li>Efeito anti-inflamat\u00f3rio.<\/li>\n<li>Previne les\u00f5es escler\u00f3ticas.<\/li>\n<\/ul>\n<p>Recomenda-se a aplica\u00e7\u00e3o em pontos e zonas biologicamente ativos.<\/p>\n<div class=\"su-spoiler su-spoiler-style-defoult su-spoiler-icon-caret su-spoiler-closed\" data-scroll-offset=\"0\" data-anchor-in-url=\"no\"><div class=\"su-spoiler-title\" tabindex=\"0\" role=\"button\"><span class=\"su-spoiler-icon\"><\/span>Todos<\/div><div class=\"su-spoiler-content su-u-clearfix su-u-trim\">\n<p>A radia\u00e7\u00e3o \u00e9 recomendada para a preven\u00e7\u00e3o e o tratamento complementar das seguintes doen\u00e7as:<\/p>\n<ul>\n<li>inflama\u00e7\u00e3o renal aguda e cr\u00f4nica, inflama\u00e7\u00e3o da bexiga, doen\u00e7as inflamat\u00f3rias do trato urin\u00e1rio,<\/li>\n<li>dist\u00farbios metab\u00f3licos (incluindo a forma\u00e7\u00e3o de c\u00e1lculos renais),<\/li>\n<li>em doen\u00e7as autoimunes, quando os rins s\u00e3o afetados, e na doen\u00e7a renal autoimune,<\/li>\n<li>em caso de doen\u00e7a renal causada por subst\u00e2ncias t\u00f3xicas<\/li>\n<\/ul>\n<\/div><\/div>","protected":false},"excerpt":{"rendered":"<p>Eg\u00e9szs\u00e9ges vese sug\u00e1rz\u00f3 15 sz. A sug\u00e1rz\u00f3 m\u0171k\u00f6d\u00e9si ideje 11 perc Megfelel a vesesz\u00f6vet \u00e9s a h\u00fagyutak frekvenci\u00e1j\u00e1nak. Alkalmaz\u00e1sa javasolt a vesebetegs\u00e9gek \u00e9s a h\u00fagyutak megbeteged\u00e9seinek megel\u0151z\u00e9s\u00e9ben \u00e9s kieg\u00e9sz\u00edt\u0151 kezel\u00e9s\u00e9ben Jav\u00edtja a nefronok (a vese funkcion\u00e1lis egys\u00e9geinek) \u00e9s a h\u00fagyutak v\u00e9rkering\u00e9s\u00e9t \u00e9s anyagcsere folyamatait. Jav\u00edtja a vese reabszorbci\u00f3s, filtr\u00e1ci\u00f3s, szintetikus, ionszab\u00e1lyz\u00f3, m\u00e9regtelen\u00edt\u0151 \u00e9s metabolikus folyamatait. [&hellip;]<\/p>\n","protected":false},"featured_media":4721,"comment_status":"open","ping_status":"closed","template":"","meta":[],"product_brand":[],"product_cat":[35,32],"product_tag":[],"class_list":{"0":"post-4722","1":"product","2":"type-product","3":"status-publish","4":"has-post-thumbnail","6":"product_cat-csatlakoztathato-jeladok","7":"product_cat-triomed","9":"first","10":"instock","11":"taxable","12":"shipping-taxable","13":"purchasable","14":"product-type-simple"},"_links":{"self":[{"href":"https:\/\/vetomshop.hu\/pt\/wp-json\/wp\/v2\/product\/4722","targetHints":{"allow":["GET"]}}],"collection":[{"href":"https:\/\/vetomshop.hu\/pt\/wp-json\/wp\/v2\/product"}],"about":[{"href":"https:\/\/vetomshop.hu\/pt\/wp-json\/wp\/v2\/types\/product"}],"replies":[{"embeddable":true,"href":"https:\/\/vetomshop.hu\/pt\/wp-json\/wp\/v2\/comments?post=4722"}],"wp:featuredmedia":[{"embeddable":true,"href":"https:\/\/vetomshop.hu\/pt\/wp-json\/wp\/v2\/media\/4721"}],"wp:attachment":[{"href":"https:\/\/vetomshop.hu\/pt\/wp-json\/wp\/v2\/media?parent=4722"}],"wp:term":[{"taxonomy":"product_brand","embeddable":true,"href":"https:\/\/vetomshop.hu\/pt\/wp-json\/wp\/v2\/product_brand?post=4722"},{"taxonomy":"product_cat","embeddable":true,"href":"https:\/\/vetomshop.hu\/pt\/wp-json\/wp\/v2\/product_cat?post=4722"},{"taxonomy":"product_tag","embeddable":true,"href":"https:\/\/vetomshop.hu\/pt\/wp-json\/wp\/v2\/product_tag?post=4722"}],"curies":[{"name":"wp","href":"https:\/\/api.w.org\/{rel}","templated":true}]}}