{"id":4724,"date":"2023-11-11T14:33:57","date_gmt":"2023-11-11T13:33:57","guid":{"rendered":"https:\/\/vetomshop.hu\/termek\/gyulladascsokkento-jelado\/"},"modified":"2023-11-11T14:33:57","modified_gmt":"2023-11-11T13:33:57","slug":"gyulladascsokkento-jelado","status":"publish","type":"product","link":"https:\/\/vetomshop.hu\/pt\/produto\/gyulladascsokkento-jelado\/","title":{"rendered":"Sinalizador anti-inflamat\u00f3rio"},"content":{"rendered":"<h4>Anti-inflammatory radiator, n\u00ba 26.<\/h4>\n<p>Tempo de opera\u00e7\u00e3o: 13 minutos<\/p>\n<p><strong>Impacto:<\/strong><\/p>\n<p>Atua no sistema imunol\u00f3gico, com uma frequ\u00eancia que corresponde \u00e0 frequ\u00eancia do sistema linf\u00e1tico e de algumas estruturas do sistema nervoso aut\u00f4nomo (cadeias perif\u00e9ricas, segmentares e suprassegmentares).<\/p>\n<ul>\n<li>Melhora a circula\u00e7\u00e3o linf\u00e1tica,<\/li>\n<li>a qualidade dos linf\u00f3citos,<\/li>\n<li>acelera a elimina\u00e7\u00e3o de subst\u00e2ncias t\u00f3xicas do fluido intercelular,<\/li>\n<li>acelera a cicatriza\u00e7\u00e3o de feridas e a regenera\u00e7\u00e3o de c\u00e9lulas e tecidos,<\/li>\n<li>ajuda a desintoxicar o corpo,<\/li>\n<li>tem um efeito antiedema,<\/li>\n<li>efeito analg\u00e9sico,<\/li>\n<li>Efeito de refor\u00e7o do sistema imunol\u00f3gico,<\/li>\n<li>efeito anti-inflamat\u00f3rio,<\/li>\n<li>elimina as cicatrizes,<\/li>\n<li>ativa a fun\u00e7\u00e3o da medula \u00f3ssea,<\/li>\n<li>aumenta a resist\u00eancia do corpo,<\/li>\n<li>estruturas de \u00e1gua.<\/li>\n<\/ul>\n<div class=\"su-spoiler su-spoiler-style-defoult su-spoiler-icon-caret su-spoiler-closed\" data-scroll-offset=\"0\" data-anchor-in-url=\"no\"><div class=\"su-spoiler-title\" tabindex=\"0\" role=\"button\"><span class=\"su-spoiler-icon\"><\/span>Todos<\/div><div class=\"su-spoiler-content su-u-clearfix su-u-trim\">\n<p>\u00c1reas de aplica\u00e7\u00e3o recomendadas: zonas de superf\u00edcie linf\u00e1tica, proje\u00e7\u00f5es de linfonodos, superf\u00edcies de feridas, locais biologicamente ativos (BAT).<\/p>\n<p>Aplic\u00e1vel a:<\/p>\n<ul>\n<li>Desintoxica\u00e7\u00e3o do corpo<\/li>\n<li>acelerar o processo de regenera\u00e7\u00e3o ap\u00f3s cirurgias ou fraturas<\/li>\n<li>normaliza\u00e7\u00e3o do hemograma ap\u00f3s quimioterapia e radioterapia<\/li>\n<li>na fase de reabilita\u00e7\u00e3o ap\u00f3s doen\u00e7as graves e esfor\u00e7o f\u00edsico<\/li>\n<li>regula\u00e7\u00e3o do sistema imunol\u00f3gico em doen\u00e7as agudas e cr\u00f4nicas<\/li>\n<li>lentid\u00e3o da circula\u00e7\u00e3o linf\u00e1tica de v\u00e1rias origens (incluindo edema), processos inflamat\u00f3rios<\/li>\n<li>em cosm\u00e9ticos: melhora a circula\u00e7\u00e3o linf\u00e1tica da pele<\/li>\n<li>elimina\u00e7\u00e3o da intoxica\u00e7\u00e3o por v\u00e1rias causas (\u00e1lcool, narc\u00f3ticos, alimentos, produtos qu\u00edmicos, doen\u00e7as graves)<\/li>\n<li>em rea\u00e7\u00f5es al\u00e9rgicas.<\/li>\n<\/ul>\n<\/div><\/div>","protected":false},"excerpt":{"rendered":"<p>Gyullad\u00e1scs\u00f6kkent\u0151 sug\u00e1rz\u00f3, 26. sz. M\u0171k\u00f6d\u00e9s\u00e9nek ideje: 13 perc Hat\u00e1sa: Hat az immunrendszerre, rezg\u00e9se megegyezik a nyirokrendszer frekvenci\u00e1j\u00e1val, valamint a vegetat\u00edv idegrendszer n\u00e9h\u00e1ny strukt\u00far\u00e1j\u00e1val (perif\u00e9ri\u00e1s, szegment\u00e1lis, szegmens feletti l\u00e1ncok). Jav\u00edtja a nyirokkering\u00e9st, a limfocit\u00e1k min\u0151s\u00e9g\u00e9t, gyors\u00edtja a toxikus anyagok ki\u00fcr\u00edt\u00e9s\u00e9t a sejtk\u00f6zti folyad\u00e9kb\u00f3l, gyors\u00edtja a sebek begy\u00f3gyul\u00e1s\u00e1t, a sejtek \u00e9s sz\u00f6vetek regener\u00e1l\u00f3d\u00e1s\u00e1t, el\u0151seg\u00edti a szervezet m\u00e9regtelen\u00edt\u00e9s\u00e9t, [&hellip;]<\/p>\n","protected":false},"featured_media":4723,"comment_status":"open","ping_status":"closed","template":"","meta":[],"product_brand":[],"product_cat":[35,32],"product_tag":[],"class_list":{"0":"post-4724","1":"product","2":"type-product","3":"status-publish","4":"has-post-thumbnail","6":"product_cat-csatlakoztathato-jeladok","7":"product_cat-triomed","9":"first","10":"instock","11":"taxable","12":"shipping-taxable","13":"purchasable","14":"product-type-simple"},"_links":{"self":[{"href":"https:\/\/vetomshop.hu\/pt\/wp-json\/wp\/v2\/product\/4724","targetHints":{"allow":["GET"]}}],"collection":[{"href":"https:\/\/vetomshop.hu\/pt\/wp-json\/wp\/v2\/product"}],"about":[{"href":"https:\/\/vetomshop.hu\/pt\/wp-json\/wp\/v2\/types\/product"}],"replies":[{"embeddable":true,"href":"https:\/\/vetomshop.hu\/pt\/wp-json\/wp\/v2\/comments?post=4724"}],"wp:featuredmedia":[{"embeddable":true,"href":"https:\/\/vetomshop.hu\/pt\/wp-json\/wp\/v2\/media\/4723"}],"wp:attachment":[{"href":"https:\/\/vetomshop.hu\/pt\/wp-json\/wp\/v2\/media?parent=4724"}],"wp:term":[{"taxonomy":"product_brand","embeddable":true,"href":"https:\/\/vetomshop.hu\/pt\/wp-json\/wp\/v2\/product_brand?post=4724"},{"taxonomy":"product_cat","embeddable":true,"href":"https:\/\/vetomshop.hu\/pt\/wp-json\/wp\/v2\/product_cat?post=4724"},{"taxonomy":"product_tag","embeddable":true,"href":"https:\/\/vetomshop.hu\/pt\/wp-json\/wp\/v2\/product_tag?post=4724"}],"curies":[{"name":"wp","href":"https:\/\/api.w.org\/{rel}","templated":true}]}}