{"id":4726,"date":"2023-11-11T14:33:58","date_gmt":"2023-11-11T13:33:58","guid":{"rendered":"https:\/\/vetomshop.hu\/termek\/infravoros-jelado\/"},"modified":"2023-11-11T14:33:58","modified_gmt":"2023-11-11T13:33:58","slug":"infravoros-jelado","status":"publish","type":"product","link":"https:\/\/vetomshop.hu\/pt\/produto\/infravoros-jelado\/","title":{"rendered":"Sinalizador infravermelho"},"content":{"rendered":"<h4>Emissor de infravermelho IV<\/h4>\n<p>Radia\u00e7\u00e3o infravermelha (radia\u00e7\u00e3o IV) - radia\u00e7\u00e3o eletromagn\u00e9tica, parte dos raios solares. Os raios IV t\u00eam efeitos anti-inflamat\u00f3rios, antiespasm\u00f3dicos, de dispers\u00e3o (absor\u00e7\u00e3o) e analg\u00e9sicos.<\/p>\n<p><strong>Os benef\u00edcios do radiador Triomed Universal IV:<\/strong><\/p>\n<p>Gra\u00e7as a novos materiais e tecnologias, conseguimos criar uma fonte de radia\u00e7\u00e3o IV de baixa intensidade, pulsada e de a\u00e7\u00e3o modulada, operando em um programa espec\u00edfico, que pode ser usada para exercer um efeito de forma\u00e7\u00e3o de energia principalmente no n\u00edvel celular e no n\u00edvel dos constituintes da c\u00e9lula.<\/p>\n<p>Ele fornece energia \u00e0 c\u00e9lula por meio de resson\u00e2ncia, que ativa os processos metab\u00f3licos e aumenta os n\u00edveis de energia em caso de defici\u00eancia de oxig\u00eanio.<br \/>\nEsses processos, al\u00e9m de serem positivos em si mesmos, ajudam o corpo a milimetrar a terapia e, em muitos casos, aumentam sua efic\u00e1cia.<\/p>\n<p>A radioterapia intravenosa \u00e9 indicada para: doen\u00e7as inflamat\u00f3rias cr\u00f4nicas e p\u00f3s-agudas (pr\u00e9-agudas) n\u00e3o purulentas de \u00f3rg\u00e3os internos, feridas com cicatriza\u00e7\u00e3o deficiente e feridas causadas por trombose, doen\u00e7as dolorosas do sistema nervoso perif\u00e9rico, tratamento p\u00f3s-operat\u00f3rio de queimaduras e congelamento, disfun\u00e7\u00e3o vegetativa, simpatia.<\/p>\n<p>Contraindica\u00e7\u00f5es para o uso de radioterapia IV: neoplasias benignas ou malignas, fase ativa da tuberculose, hipertens\u00e3o em est\u00e1gio III, hemorragia e dist\u00farbios circulat\u00f3rios de grau IIIII.<\/p>\n<div class=\"su-spoiler su-spoiler-style-defoult su-spoiler-icon-caret su-spoiler-closed\" data-scroll-offset=\"0\" data-anchor-in-url=\"no\"><div class=\"su-spoiler-title\" tabindex=\"0\" role=\"button\"><span class=\"su-spoiler-icon\"><\/span>Todos<\/div><div class=\"su-spoiler-content su-u-clearfix su-u-trim\"><strong>Os principais efeitos cl\u00ednicos do irradiador Triomed Universal IV:<\/strong><\/p>\n<ul>\n<li>melhora a circula\u00e7\u00e3o sangu\u00ednea,<\/li>\n<li>normaliza a microcircula\u00e7\u00e3o,<\/li>\n<li>otimiza a atividade dos sistemas nervoso, hormonal e imunol\u00f3gico,<\/li>\n<li>ajuda na regenera\u00e7\u00e3o celular.<\/li>\n<\/ul>\n<p><strong>Modo de usar:<\/strong><\/p>\n<ul>\n<li>O diodo de luz infravermelha \u00e9 usado para direcionar os pontos e as \u00e1reas que precisam ser preparadas ou \u201eaquecidas\u201d antes do tratamento milim\u00e9trico especial. O tratamento leva 5 minutos por \u00e1rea.<\/li>\n<li>Ele pode ser usado para promover a absor\u00e7\u00e3o de cicatrizes por 10 minutos por dia durante 2 semanas.<\/li>\n<li>Para o tratamento de doen\u00e7as inflamat\u00f3rias cr\u00f4nicas e lentas (no foco da doen\u00e7a). O tratamento dura 10 minutos, aplicado no \u00f3rg\u00e3o afetado, por 2 semanas.<\/li>\n<li>No diabetes tipo II, para promover a sensibilidade \u00e0 insulina e a produ\u00e7\u00e3o de insulina. Trate a proje\u00e7\u00e3o do p\u00e2ncreas por 5 minutos por dia durante 2 semanas.<\/li>\n<li>Para promover a cicatriza\u00e7\u00e3o de v\u00e1rias feridas e feridas tr\u00f3ficas, recomenda-se tratar a \u00e1rea dos olhos e o foco dos tumores por 5 minutos durante 2 semanas antes da terapia milim\u00e9trica.<\/li>\n<\/ul>\n<\/div><\/div>","protected":false},"excerpt":{"rendered":"<p>Infrav\u00f6r\u00f6s sug\u00e1rz\u00f3 IV Az infrav\u00f6r\u00f6s sug\u00e1rz\u00e1s (IV-sug\u00e1rz\u00e1s) \u2013 elektrom\u00e1gneses sug\u00e1rz\u00e1s, a Nap sugarainak r\u00e9sze. Az IV-sugarak gyullad\u00e1scs\u00f6kkent\u0151, g\u00f6rcsold\u00f3, sz\u00e9toszlat\u00f3 (felsz\u00edv\u00f3d\u00e1st el\u0151seg\u00edt\u0151), f\u00e1jdalomcsillap\u00edt\u00f3 hat\u00e1ssal rendelkeznek. A Triomed Universal k\u00e9sz\u00fcl\u00e9k IV-sug\u00e1rz\u00f3j\u00e1nak el\u0151nyei: Az \u00faj anyagoknak \u00e9s technol\u00f3gi\u00e1knak k\u00f6sz\u00f6nhet\u0151en siker\u00fclt l\u00e9trehozni olyan speci\u00e1lis programban m\u0171k\u00f6d\u0151 alacsony intenzit\u00e1s\u00fa pulz\u00e1l\u00f3, modul\u00e1lt hat\u00e1s\u00fa IV-sug\u00e1rz\u00f3t, mely seg\u00edts\u00e9g\u00e9vel els\u0151sorban energoinform\u00e1ci\u00f3s hat\u00e1st tudunk gyakorolni [&hellip;]<\/p>\n","protected":false},"featured_media":4725,"comment_status":"open","ping_status":"closed","template":"","meta":[],"product_brand":[],"product_cat":[35,32],"product_tag":[],"class_list":{"0":"post-4726","1":"product","2":"type-product","3":"status-publish","4":"has-post-thumbnail","6":"product_cat-csatlakoztathato-jeladok","7":"product_cat-triomed","9":"first","10":"instock","11":"taxable","12":"shipping-taxable","13":"purchasable","14":"product-type-simple"},"_links":{"self":[{"href":"https:\/\/vetomshop.hu\/pt\/wp-json\/wp\/v2\/product\/4726","targetHints":{"allow":["GET"]}}],"collection":[{"href":"https:\/\/vetomshop.hu\/pt\/wp-json\/wp\/v2\/product"}],"about":[{"href":"https:\/\/vetomshop.hu\/pt\/wp-json\/wp\/v2\/types\/product"}],"replies":[{"embeddable":true,"href":"https:\/\/vetomshop.hu\/pt\/wp-json\/wp\/v2\/comments?post=4726"}],"wp:featuredmedia":[{"embeddable":true,"href":"https:\/\/vetomshop.hu\/pt\/wp-json\/wp\/v2\/media\/4725"}],"wp:attachment":[{"href":"https:\/\/vetomshop.hu\/pt\/wp-json\/wp\/v2\/media?parent=4726"}],"wp:term":[{"taxonomy":"product_brand","embeddable":true,"href":"https:\/\/vetomshop.hu\/pt\/wp-json\/wp\/v2\/product_brand?post=4726"},{"taxonomy":"product_cat","embeddable":true,"href":"https:\/\/vetomshop.hu\/pt\/wp-json\/wp\/v2\/product_cat?post=4726"},{"taxonomy":"product_tag","embeddable":true,"href":"https:\/\/vetomshop.hu\/pt\/wp-json\/wp\/v2\/product_tag?post=4726"}],"curies":[{"name":"wp","href":"https:\/\/api.w.org\/{rel}","templated":true}]}}