{"id":4730,"date":"2023-11-11T14:33:58","date_gmt":"2023-11-11T13:33:58","guid":{"rendered":"https:\/\/vetomshop.hu\/termek\/oxigenizalo-jelado\/"},"modified":"2023-11-11T14:33:58","modified_gmt":"2023-11-11T13:33:58","slug":"oxigenizalo-jelado","status":"publish","type":"product","link":"https:\/\/vetomshop.hu\/pt\/produto\/oxigenizalo-jelado\/","title":{"rendered":"Transmissor de oxigena\u00e7\u00e3o"},"content":{"rendered":"<h4>Emissor de oxig\u00eanio, n\u00ba 11.<\/h4>\n<p><strong>Tempo de opera\u00e7\u00e3o:<\/strong> 10 minutos.<\/p>\n<p>O comprimento de onda corresponde \u00e0s frequ\u00eancias da cadeia respirat\u00f3ria (hemoglobina do sangue, mitoc\u00f4ndrias, fermentos), melhora o transporte e a utiliza\u00e7\u00e3o do oxig\u00eanio, aumenta a s\u00edntese de ATP, promove a respira\u00e7\u00e3o celular no tecido. A baixa frequ\u00eancia corresponde \u00e0 frequ\u00eancia do sistema imunol\u00f3gico.<\/p>\n<ul>\n<li>Melhora a microcircula\u00e7\u00e3o,<\/li>\n<li>Ele tem um efeito imunomodulador,<\/li>\n<li>Reduz a defici\u00eancia de oxig\u00eanio nos tecidos, oxigena os tecidos, tem um efeito desagregador (evita a agrega\u00e7\u00e3o de eritr\u00f3citos e outras c\u00e9lulas sangu\u00edneas) e reduz a coagula\u00e7\u00e3o sangu\u00ednea,<\/li>\n<li>Promove a cicatriza\u00e7\u00e3o de feridas,<\/li>\n<li>Ele ajuda a eliminar as cicatrizes,<\/li>\n<li>Tem um efeito analg\u00e9sico,<\/li>\n<li>Ele ajuda a desintoxicar o corpo,<\/li>\n<li>Efeito antiespasm\u00f3dico,<\/li>\n<li>Promove a forma\u00e7\u00e3o de sangue, normaliza o hemograma,<\/li>\n<li>melhora a microcircula\u00e7\u00e3o,<\/li>\n<li>Ele tem um efeito imunomodulador,<\/li>\n<li>Reduz a defici\u00eancia de oxig\u00eanio nos tecidos e enriquece os tecidos com oxig\u00eanio,<\/li>\n<li>Tem um efeito desagregador (evita a agrega\u00e7\u00e3o de eritr\u00f3citos e outras c\u00e9lulas sangu\u00edneas) e reduz a coagula\u00e7\u00e3o sangu\u00ednea,<\/li>\n<li>Promove a cicatriza\u00e7\u00e3o de feridas,<\/li>\n<li>Ele ajuda a eliminar as cicatrizes,<\/li>\n<li>Tem um efeito analg\u00e9sico,<\/li>\n<li>Ele ajuda a desintoxicar o corpo,<\/li>\n<li>Efeito antiespasm\u00f3dico,<\/li>\n<li>Promove a forma\u00e7\u00e3o de sangue, normaliza o hemograma,<\/li>\n<li>Tem um efeito rejuvenescedor,<\/li>\n<li>Estruturas da \u00e1gua.<\/li>\n<\/ul>\n<div class=\"su-spoiler su-spoiler-style-defoult su-spoiler-icon-caret su-spoiler-closed\" data-scroll-offset=\"0\" data-anchor-in-url=\"no\"><div class=\"su-spoiler-title\" tabindex=\"0\" role=\"button\"><span class=\"su-spoiler-icon\"><\/span>Todos<\/div><div class=\"su-spoiler-content su-u-clearfix su-u-trim\">\n<p>\u00c1rea de aplica\u00e7\u00e3o recomendada: zonas de grandes vasos sangu\u00edneos - veias, art\u00e9rias, pontos biologicamente ativos.<\/p>\n<p><strong>Aplic\u00e1vel a:<\/strong><\/p>\n<ul>\n<li>para normalizar o sistema imunol\u00f3gico em doen\u00e7as agudas e cr\u00f4nicas,<\/li>\n<li>melhoram o bem-estar geral, a resist\u00eancia e a concentra\u00e7\u00e3o em caso de estresse f\u00edsico e mental,<\/li>\n<li>preven\u00e7\u00e3o de ataques card\u00edacos e derrames,<\/li>\n<li>cuidados p\u00f3s-infarto e p\u00f3s-AVC,<\/li>\n<li>acelerar os processos de regenera\u00e7\u00e3o,<\/li>\n<li>tratamento de feridas e cicatrizes p\u00f3s-operat\u00f3rias,<\/li>\n<li>Gerenciamento de fraturas,<\/li>\n<li>normaliza\u00e7\u00e3o do hemograma,<\/li>\n<li>ap\u00f3s a radioterapia,<\/li>\n<li>reabilita\u00e7\u00e3o ap\u00f3s doen\u00e7a grave e trabalho f\u00edsico pesado,<\/li>\n<li>estimular a circula\u00e7\u00e3o cerebral,2<\/li>\n<li>em cosm\u00e9ticos: ajuda a pele a absorver nutrientes,<\/li>\n<li>Para atletas: aumenta a resist\u00eancia,<\/li>\n<li>ajuda as crian\u00e7as em idade escolar e os alunos a aprender,<\/li>\n<li>para combater os efeitos nocivos dos computadores,<\/li>\n<li>no tratamento do estresse e da s\u00edndrome da fadiga cr\u00f4nica,<\/li>\n<li>no campo dos cosm\u00e9ticos para melhorar a condi\u00e7\u00e3o da pele,<\/li>\n<li>tratamento ou preven\u00e7\u00e3o de doen\u00e7as animais<\/li>\n<\/ul>\n<\/div><\/div>","protected":false},"excerpt":{"rendered":"<p>Oxig\u00e9n sug\u00e1rz\u00f3, 11. sz. M\u0171k\u00f6d\u00e9si ideje: 10 perc. A hull\u00e1mhossz megfelel a l\u00e9gz\u00e9si l\u00e1nc frekvenci\u00e1inak (a v\u00e9r hemoglobinja, mitokondriumok, fermentumok), javul az oxig\u00e9n sz\u00e1ll\u00edt\u00e1sa \u00e9s hasznos\u00edt\u00e1sa, n\u00f6vekszik ATP-szint\u00e9zis, el\u0151seg\u00edti a sz\u00f6vetben a sejtek l\u00e9gz\u00e9s\u00e9t. Az alacsony frekvencia megfelel az immunrendszer frekvenci\u00e1j\u00e1nak. Jav\u00edtja a mikrokering\u00e9st, Immun-modul\u00e1ci\u00f3s hat\u00e1sa van, Cs\u00f6kkenti az oxig\u00e9nhi\u00e1nyt a sz\u00f6vetekben, oxig\u00e9nnel d\u00fas\u00edtja a [&hellip;]<\/p>\n","protected":false},"featured_media":4729,"comment_status":"open","ping_status":"closed","template":"","meta":[],"product_brand":[],"product_cat":[35,32],"product_tag":[],"class_list":{"0":"post-4730","1":"product","2":"type-product","3":"status-publish","4":"has-post-thumbnail","6":"product_cat-csatlakoztathato-jeladok","7":"product_cat-triomed","9":"first","10":"instock","11":"taxable","12":"shipping-taxable","13":"purchasable","14":"product-type-simple"},"_links":{"self":[{"href":"https:\/\/vetomshop.hu\/pt\/wp-json\/wp\/v2\/product\/4730","targetHints":{"allow":["GET"]}}],"collection":[{"href":"https:\/\/vetomshop.hu\/pt\/wp-json\/wp\/v2\/product"}],"about":[{"href":"https:\/\/vetomshop.hu\/pt\/wp-json\/wp\/v2\/types\/product"}],"replies":[{"embeddable":true,"href":"https:\/\/vetomshop.hu\/pt\/wp-json\/wp\/v2\/comments?post=4730"}],"wp:featuredmedia":[{"embeddable":true,"href":"https:\/\/vetomshop.hu\/pt\/wp-json\/wp\/v2\/media\/4729"}],"wp:attachment":[{"href":"https:\/\/vetomshop.hu\/pt\/wp-json\/wp\/v2\/media?parent=4730"}],"wp:term":[{"taxonomy":"product_brand","embeddable":true,"href":"https:\/\/vetomshop.hu\/pt\/wp-json\/wp\/v2\/product_brand?post=4730"},{"taxonomy":"product_cat","embeddable":true,"href":"https:\/\/vetomshop.hu\/pt\/wp-json\/wp\/v2\/product_cat?post=4730"},{"taxonomy":"product_tag","embeddable":true,"href":"https:\/\/vetomshop.hu\/pt\/wp-json\/wp\/v2\/product_tag?post=4730"}],"curies":[{"name":"wp","href":"https:\/\/api.w.org\/{rel}","templated":true}]}}