{"id":4732,"date":"2023-11-11T14:33:59","date_gmt":"2023-11-11T13:33:59","guid":{"rendered":"https:\/\/vetomshop.hu\/termek\/specialis-111-es-jelado\/"},"modified":"2024-07-31T10:25:20","modified_gmt":"2024-07-31T08:25:20","slug":"specialis-111-es-jelado","status":"publish","type":"product","link":"https:\/\/vetomshop.hu\/pt\/produto\/specialis-111-es-jelado\/","title":{"rendered":"Farol especial 111"},"content":{"rendered":"<h4>Emissor especial de registro de informa\u00e7\u00f5es 111<\/h4>\n<p><strong>Tempo de opera\u00e7\u00e3o do emissor:<\/strong> 15 mp<\/p>\n<p>Sua finalidade \u00e9 \u201eregistrar\u201d informa\u00e7\u00f5es (o espectro de ondas eletromagn\u00e9ticas de uma determinada faixa) e \u201etransferi-las\u201d para um portador de informa\u00e7\u00f5es selecionado (por exemplo, \u00e1gua) ou para uma zona biologicamente ativa, a fim de otimizar as reservas funcionais e aumentar a capacidade de adapta\u00e7\u00e3o do corpo, que pode ter sido prejudicada por danos ambientais, doen\u00e7as ou outras causas.<\/p>\n<p>Para \u201eregistrar\u201d as informa\u00e7\u00f5es, conecte o 111\u00ba emissor ao Triomed, aproxime-o do objeto com sua superf\u00edcie plana e pressione o bot\u00e3o \u201eStart\u201d (Iniciar). A contagem regressiva come\u00e7a - 15 segundos. Somente ap\u00f3s o t\u00e9rmino do tempo programado, remova o emissor do objeto. Durante esse tempo, as informa\u00e7\u00f5es do objeto s\u00e3o \u201earmazenadas\u201d no emissor, que permanecem inalteradas at\u00e9 que o emissor seja conectado \u00e0 fonte de alimenta\u00e7\u00e3o (at\u00e9 que a unidade seja iniciada).<\/p>\n<div class=\"su-spoiler su-spoiler-style-defoult su-spoiler-icon-caret su-spoiler-closed\" data-scroll-offset=\"0\" data-anchor-in-url=\"no\"><div class=\"su-spoiler-title\" tabindex=\"0\" role=\"button\"><span class=\"su-spoiler-icon\"><\/span>Todos<\/div><div class=\"su-spoiler-content su-u-clearfix su-u-trim\">\nPara \u201etransferir\u201d as informa\u00e7\u00f5es para a \u00e1gua, aproxime o emissor o m\u00e1ximo poss\u00edvel da \u00e1gua (o vidro n\u00e3o deve ter mais de 2 mm de espessura) e a superf\u00edcie da \u00e1gua deve estar mais alta do que a borda superior do emissor. A \u00e1gua deve estar limpa e livre de \u00e1cido carb\u00f4nico e outros aditivos. Beba alguns goles da \u00e1gua \u201einformativa\u201d preparada imediatamente, antes de transferi-la para outro recipiente ou armazen\u00e1-la por um longo per\u00edodo.<\/p>\n<p>Se voc\u00ea quiser manter o sinal original por muito tempo para evitar uma conex\u00e3o acidental com o Triomed, marque o transmissor com um sinal distintivo.<br \/>\n<\/div><\/div>","protected":false},"excerpt":{"rendered":"<p>Speci\u00e1lis 111 sz. inform\u00e1ci\u00f3t r\u00f6gz\u00edt\u0151 sug\u00e1rz\u00f3 A sug\u00e1rz\u00f3 m\u0171k\u00f6d\u00e9si ideje: 15 mp Rendeltet\u00e9se: az inform\u00e1ci\u00f3 (az adott tartom\u00e1ny elektrom\u00e1gneses hull\u00e1mspektrum\u00e1nak) \u201er\u00f6gz\u00edt\u00e9se\u201d, valamint \u201e\u00e1tvitele\u201d a kiv\u00e1lasztott inform\u00e1ci\u00f3hordoz\u00f3ra (pl. v\u00edzre) vagy biol\u00f3giailag akt\u00edv z\u00f3n\u00e1ra a funkcion\u00e1lis tartal\u00e9kok optimaliz\u00e1ci\u00f3ja \u00e9s a szervezet adapt\u00e1ci\u00f3s lehet\u0151s\u00e9geinek n\u00f6vel\u00e9se c\u00e9lj\u00e1b\u00f3l, melyek a k\u00f6rnyezet k\u00e1ros hat\u00e1sai, betegs\u00e9g, vagy egy\u00e9b okok miatt s\u00e9r\u00fcltek. Az [&hellip;]<\/p>\n","protected":false},"featured_media":4731,"comment_status":"open","ping_status":"closed","template":"","meta":[],"product_brand":[],"product_cat":[35,32],"product_tag":[],"class_list":{"0":"post-4732","1":"product","2":"type-product","3":"status-publish","4":"has-post-thumbnail","6":"product_cat-csatlakoztathato-jeladok","7":"product_cat-triomed","9":"first","10":"instock","11":"taxable","12":"shipping-taxable","13":"purchasable","14":"product-type-simple"},"_links":{"self":[{"href":"https:\/\/vetomshop.hu\/pt\/wp-json\/wp\/v2\/product\/4732","targetHints":{"allow":["GET"]}}],"collection":[{"href":"https:\/\/vetomshop.hu\/pt\/wp-json\/wp\/v2\/product"}],"about":[{"href":"https:\/\/vetomshop.hu\/pt\/wp-json\/wp\/v2\/types\/product"}],"replies":[{"embeddable":true,"href":"https:\/\/vetomshop.hu\/pt\/wp-json\/wp\/v2\/comments?post=4732"}],"wp:featuredmedia":[{"embeddable":true,"href":"https:\/\/vetomshop.hu\/pt\/wp-json\/wp\/v2\/media\/4731"}],"wp:attachment":[{"href":"https:\/\/vetomshop.hu\/pt\/wp-json\/wp\/v2\/media?parent=4732"}],"wp:term":[{"taxonomy":"product_brand","embeddable":true,"href":"https:\/\/vetomshop.hu\/pt\/wp-json\/wp\/v2\/product_brand?post=4732"},{"taxonomy":"product_cat","embeddable":true,"href":"https:\/\/vetomshop.hu\/pt\/wp-json\/wp\/v2\/product_cat?post=4732"},{"taxonomy":"product_tag","embeddable":true,"href":"https:\/\/vetomshop.hu\/pt\/wp-json\/wp\/v2\/product_tag?post=4732"}],"curies":[{"name":"wp","href":"https:\/\/api.w.org\/{rel}","templated":true}]}}