{"id":4735,"date":"2023-11-11T14:33:59","date_gmt":"2023-11-11T13:33:59","guid":{"rendered":"https:\/\/vetomshop.hu\/termek\/szabalyozo-jelado\/"},"modified":"2025-04-14T17:42:09","modified_gmt":"2025-04-14T15:42:09","slug":"szabalyozo-jelado","status":"publish","type":"product","link":"https:\/\/vetomshop.hu\/pt\/produto\/szabalyozo-jelado\/","title":{"rendered":"Transmissor regulat\u00f3rio"},"content":{"rendered":"<h4>Regulamentando o radiador, n\u00ba 52.<\/h4>\n<p><strong>Tempo de opera\u00e7\u00e3o do emissor<\/strong>: 15 minutos<\/p>\n<p>Sua frequ\u00eancia corresponde \u00e0 frequ\u00eancia do sistema hormonal.<\/p>\n<p><strong>Impacto:<\/strong><\/p>\n<ul>\n<li>Restaura o sistema hormonal.<\/li>\n<li>Restaura os sistemas nervosos central, perif\u00e9rico e aut\u00f4nomo.<\/li>\n<li>Melhora a capacidade de transmiss\u00e3o de impulsos das fibras nervosas.<\/li>\n<li>Promove a regenera\u00e7\u00e3o das c\u00e9lulas nervosas.<\/li>\n<li>Tem um efeito de refor\u00e7o do sistema imunol\u00f3gico.<\/li>\n<li>Ele tem um efeito rejuvenescedor geral.<\/li>\n<li>Estruturas da \u00e1gua.<\/li>\n<\/ul>\n<p>\u00c1rea de aplica\u00e7\u00e3o recomendada: proje\u00e7\u00e3o das gl\u00e2ndulas end\u00f3crinas, proje\u00e7\u00e3o de grandes vasos sangu\u00edneos, 15 a 14 minutos por ponto ou zona de BAP.<\/p>\n<div class=\"su-spoiler su-spoiler-style-defoult su-spoiler-icon-caret su-spoiler-closed\" data-scroll-offset=\"0\" data-anchor-in-url=\"no\"><div class=\"su-spoiler-title\" tabindex=\"0\" role=\"button\"><span class=\"su-spoiler-icon\"><\/span>Todos<\/div><div class=\"su-spoiler-content su-u-clearfix su-u-trim\">\n<strong>Aplic\u00e1vel a:<\/strong><\/p>\n<ul>\n<li>para dist\u00farbios vegetativos,<\/li>\n<li>para o tratamento complexo dos sistemas end\u00f3crino e nervoso,<\/li>\n<li>em neuroci\u00eancia,<\/li>\n<li>no tratamento de doen\u00e7as al\u00e9rgicas,<\/li>\n<li>no complexo tratamento de veias varicosas,<\/li>\n<li>no tratamento da s\u00edndrome da fadiga cr\u00f4nica,<\/li>\n<li>controlar os sintomas da menopausa tanto em mulheres quanto em homens,<\/li>\n<li>para corre\u00e7\u00e3o do metabolismo do c\u00e1lcio e preven\u00e7\u00e3o da osteoporose,<\/li>\n<li>para corrigir o sistema imunol\u00f3gico.<\/li>\n<\/ul>\n<\/div><\/div>","protected":false},"excerpt":{"rendered":"<p>Szab\u00e1lyz\u00f3 sug\u00e1rz\u00f3, 52. sz. A sug\u00e1rz\u00f3 m\u0171k\u00f6d\u00e9si ideje: 15 perc Frekvenci\u00e1ja a hormonrendszer frekvenci\u00e1j\u00e1nak felel meg. Hat\u00e1sa: Helyre\u00e1ll\u00edtja a hormonrendszer m\u0171k\u00f6d\u00e9s\u00e9t. Helyre\u00e1ll\u00edtja a k\u00f6zponti, a perif\u00e9ri\u00e1s, valamint a vegetat\u00edv idegrendszer munk\u00e1j\u00e1t. Jav\u00edtja az idegsz\u00e1lak impulzus-tov\u00e1bb\u00edt\u00f3 k\u00e9pess\u00e9g\u00e9t. El\u0151seg\u00edti az idegsejtek regener\u00e1ci\u00f3j\u00e1t. Immunrendszer er\u0151s\u00edt\u0151 hat\u00e1ssal b\u00edr. \u00c1ltal\u00e1nos fiatal\u00edt\u00f3 hat\u00e1s\u00fa. Struktur\u00e1lja a vizet. Aj\u00e1nlott alkalmaz\u00e1si fel\u00fclet: az endokrin [&hellip;]<\/p>\n","protected":false},"featured_media":4734,"comment_status":"open","ping_status":"closed","template":"","meta":[],"product_brand":[],"product_cat":[35,32],"product_tag":[],"class_list":{"0":"post-4735","1":"product","2":"type-product","3":"status-publish","4":"has-post-thumbnail","6":"product_cat-csatlakoztathato-jeladok","7":"product_cat-triomed","9":"first","10":"instock","11":"taxable","12":"shipping-taxable","13":"purchasable","14":"product-type-simple"},"_links":{"self":[{"href":"https:\/\/vetomshop.hu\/pt\/wp-json\/wp\/v2\/product\/4735","targetHints":{"allow":["GET"]}}],"collection":[{"href":"https:\/\/vetomshop.hu\/pt\/wp-json\/wp\/v2\/product"}],"about":[{"href":"https:\/\/vetomshop.hu\/pt\/wp-json\/wp\/v2\/types\/product"}],"replies":[{"embeddable":true,"href":"https:\/\/vetomshop.hu\/pt\/wp-json\/wp\/v2\/comments?post=4735"}],"wp:featuredmedia":[{"embeddable":true,"href":"https:\/\/vetomshop.hu\/pt\/wp-json\/wp\/v2\/media\/4734"}],"wp:attachment":[{"href":"https:\/\/vetomshop.hu\/pt\/wp-json\/wp\/v2\/media?parent=4735"}],"wp:term":[{"taxonomy":"product_brand","embeddable":true,"href":"https:\/\/vetomshop.hu\/pt\/wp-json\/wp\/v2\/product_brand?post=4735"},{"taxonomy":"product_cat","embeddable":true,"href":"https:\/\/vetomshop.hu\/pt\/wp-json\/wp\/v2\/product_cat?post=4735"},{"taxonomy":"product_tag","embeddable":true,"href":"https:\/\/vetomshop.hu\/pt\/wp-json\/wp\/v2\/product_tag?post=4735"}],"curies":[{"name":"wp","href":"https:\/\/api.w.org\/{rel}","templated":true}]}}