{"id":4737,"date":"2023-11-11T14:33:59","date_gmt":"2023-11-11T13:33:59","guid":{"rendered":"https:\/\/vetomshop.hu\/termek\/trio-men-jelado\/"},"modified":"2023-11-11T14:33:59","modified_gmt":"2023-11-11T13:33:59","slug":"trio-men-jelado","status":"publish","type":"product","link":"https:\/\/vetomshop.hu\/pt\/produto\/trio-men-jelado\/","title":{"rendered":"Farol de trio de homens"},"content":{"rendered":"<h4>Emissor especial Trio-men<\/h4>\n<p>Para homens, n\u00ba 23.<\/p>\n<p>\u00c9 indicado para: otimizar as reservas funcionais e a capacidade do corpo humano de se adaptar a influ\u00eancias ambientais negativas, estilo de vida ou doen\u00e7as.<br \/>\nCategoria de funcion\u00e1rios: homens.<\/p>\n<p><strong>Impacto:<\/strong> efeito de refor\u00e7o geral espec\u00edfico do g\u00eanero (n\u00edvel psicoemocional, regula\u00e7\u00e3o neuro-humoral).<\/p>\n<p><strong>Mecanismo de a\u00e7\u00e3o:<\/strong> O programa (frequ\u00eancia portadora, modula\u00e7\u00e3o de baixa frequ\u00eancia e par\u00e2metros de amplitude) foi projetado especificamente para o \u00f3rg\u00e3o masculino para auxili\u00e1-lo quando usado em um sistema.<\/p>\n<p>Com o uso do Trio-men 23. radiant cure, podemos normalizar os processos tr\u00f3ficos e metab\u00f3licos nos tecidos e c\u00e9lulas, regenerar sua estrutura, melhorar o funcionamento do corpo tanto sist\u00eamico quanto como um todo, aumentar a resist\u00eancia espec\u00edfica do corpo.<\/p>\n<p>Os resultados positivos se devem ao feedback de bioresson\u00e2ncia das c\u00e9lulas, do sistema fisiol\u00f3gico at\u00f4mico e do sistema regulador neuro-humoral, bem como \u00e0 ativa\u00e7\u00e3o do mecanismo de adapta\u00e7\u00e3o (s\u00edndrome de adapta\u00e7\u00e3o geral).<\/p>\n<div class=\"su-spoiler su-spoiler-style-defoult su-spoiler-icon-caret su-spoiler-closed\" data-scroll-offset=\"0\" data-anchor-in-url=\"no\"><div class=\"su-spoiler-title\" tabindex=\"0\" role=\"button\"><span class=\"su-spoiler-icon\"><\/span>Todos<\/div><div class=\"su-spoiler-content su-u-clearfix su-u-trim\">\n<strong>Recomendado para:<\/strong><\/p>\n<ol>\n<li>Para capacidade de trabalho reduzida e mau humor, instabilidade psicoemocional, ins\u00f4nia como consequ\u00eancia da fadiga cr\u00f4nica.<\/li>\n<li>Doen\u00e7as da pr\u00f3stata, menopausa masculina.<\/li>\n<li>Resfriados e gripes comuns.<\/li>\n<li>Enfraquecimento geral do sistema imunol\u00f3gico ap\u00f3s uma doen\u00e7a grave, para reabilita\u00e7\u00e3o<\/li>\n<\/ol>\n<\/div><\/div>","protected":false},"excerpt":{"rendered":"<p>Speci\u00e1lis Trio-men sug\u00e1rz\u00f3 F\u00e9rfiak sz\u00e1m\u00e1ra, 23. sz. Javallott: a funkcion\u00e1lis tartal\u00e9kok \u00e9s az emberi szervezet adapt\u00e1ci\u00f3s lehet\u0151s\u00e9geinek optimiz\u00e1l\u00e1s\u00e1hoz, melyek a negat\u00edv k\u00f6rnyezeti hat\u00e1sok, \u00e9letm\u00f3d vagy betegs\u00e9g k\u00f6vetkezt\u00e9ben l\u00e9ptek fel. Az alkalmaz\u00f3k kateg\u00f3ri\u00e1ja: f\u00e9rfiak. Hat\u00e1sa: a nemi hovatartoz\u00e1st figyelembe vev\u0151 \u00e1ltal\u00e1nos er\u0151s\u00edt\u0151 hat\u00e1s (pszichoemocion\u00e1lis szint, neurohumor\u00e1lis regul\u00e1ci\u00f3). Hat\u00e1smechanizmus: A program (hordoz\u00f3 frekvencia, alacsony frekvenci\u00e1j\u00fa modul\u00e1ci\u00f3 \u00e9s [&hellip;]<\/p>\n","protected":false},"featured_media":4736,"comment_status":"open","ping_status":"closed","template":"","meta":[],"product_brand":[],"product_cat":[35,32],"product_tag":[],"class_list":{"0":"post-4737","1":"product","2":"type-product","3":"status-publish","4":"has-post-thumbnail","6":"product_cat-csatlakoztathato-jeladok","7":"product_cat-triomed","9":"first","10":"instock","11":"taxable","12":"shipping-taxable","13":"purchasable","14":"product-type-simple"},"_links":{"self":[{"href":"https:\/\/vetomshop.hu\/pt\/wp-json\/wp\/v2\/product\/4737","targetHints":{"allow":["GET"]}}],"collection":[{"href":"https:\/\/vetomshop.hu\/pt\/wp-json\/wp\/v2\/product"}],"about":[{"href":"https:\/\/vetomshop.hu\/pt\/wp-json\/wp\/v2\/types\/product"}],"replies":[{"embeddable":true,"href":"https:\/\/vetomshop.hu\/pt\/wp-json\/wp\/v2\/comments?post=4737"}],"wp:featuredmedia":[{"embeddable":true,"href":"https:\/\/vetomshop.hu\/pt\/wp-json\/wp\/v2\/media\/4736"}],"wp:attachment":[{"href":"https:\/\/vetomshop.hu\/pt\/wp-json\/wp\/v2\/media?parent=4737"}],"wp:term":[{"taxonomy":"product_brand","embeddable":true,"href":"https:\/\/vetomshop.hu\/pt\/wp-json\/wp\/v2\/product_brand?post=4737"},{"taxonomy":"product_cat","embeddable":true,"href":"https:\/\/vetomshop.hu\/pt\/wp-json\/wp\/v2\/product_cat?post=4737"},{"taxonomy":"product_tag","embeddable":true,"href":"https:\/\/vetomshop.hu\/pt\/wp-json\/wp\/v2\/product_tag?post=4737"}],"curies":[{"name":"wp","href":"https:\/\/api.w.org\/{rel}","templated":true}]}}