{"id":4739,"date":"2023-11-11T14:34:00","date_gmt":"2023-11-11T13:34:00","guid":{"rendered":"https:\/\/vetomshop.hu\/termek\/trio-women-jelado\/"},"modified":"2023-11-11T14:34:00","modified_gmt":"2023-11-11T13:34:00","slug":"trio-women-jelado","status":"publish","type":"product","link":"https:\/\/vetomshop.hu\/pt\/produto\/trio-women-jelado\/","title":{"rendered":"Farol de trio de mulheres"},"content":{"rendered":"<h4>Radiador especial para trios de mulheres<\/h4>\n<p>Para mulheres, n\u00ba 8.<\/p>\n<p>Recomendado: para otimizar as reservas funcionais e a capacidade de adapta\u00e7\u00e3o do corpo humano como resultado de influ\u00eancias ambientais negativas, estilo de vida ou doen\u00e7a.<\/p>\n<p><strong>Recomendado para: <\/strong>para meninas e mulheres.<\/p>\n<p><strong>Impacto:<\/strong> efeito geral de promo\u00e7\u00e3o da sa\u00fade, levando em conta as caracter\u00edsticas do organismo feminino (esfera psicoemocional, regula\u00e7\u00e3o neuro-humoral).<\/p>\n<p><strong>Mecanismo de a\u00e7\u00e3o:<\/strong> O programa (frequ\u00eancia portadora, modula\u00e7\u00e3o de baixa frequ\u00eancia e par\u00e2metros de amplitude) foi projetado especificamente para ajudar o corpo feminino quando usado em um sistema.<\/p>\n<p>A aplica\u00e7\u00e3o da radioterapia em um curso de tratamento normaliza os processos tr\u00f3ficos e metab\u00f3licos em c\u00e9lulas e tecidos, regenera-os, tem um efeito geral de harmoniza\u00e7\u00e3o em \u00f3rg\u00e3os, sistemas de \u00f3rg\u00e3os e no corpo como um todo e aumenta a resist\u00eancia n\u00e3o espec\u00edfica do corpo. Os resultados positivos se devem ao feedback de bioresson\u00e2ncia das c\u00e9lulas, do sistema fisiol\u00f3gico at\u00f4mico e do sistema regulador neurog\u00eanico, por um lado, e \u00e0 ativa\u00e7\u00e3o do mecanismo de adapta\u00e7\u00e3o (s\u00edndrome de adapta\u00e7\u00e3o geral), por outro.<\/p>\n<div class=\"su-spoiler su-spoiler-style-defoult su-spoiler-icon-caret su-spoiler-closed\" data-scroll-offset=\"0\" data-anchor-in-url=\"no\"><div class=\"su-spoiler-title\" tabindex=\"0\" role=\"button\"><span class=\"su-spoiler-icon\"><\/span>Todos<\/div><div class=\"su-spoiler-content su-u-clearfix su-u-trim\">\n<p><strong>Recomendado para:<\/strong><\/p>\n<ol>\n<li>Para capacidade de trabalho reduzida e mau humor, instabilidade psicoemocional, ins\u00f4nia como consequ\u00eancia da fadiga cr\u00f4nica.<\/li>\n<li>Para o tratamento e a preven\u00e7\u00e3o de dist\u00farbios genitais femininos e dos sintomas desagrad\u00e1veis que acompanham a menopausa, e para fortalecer a fertilidade e a sa\u00fade sexual.<\/li>\n<li>Comum em resfriados.<\/li>\n<li>Preven\u00e7\u00e3o espec\u00edfica de gripes e resfriados.<\/li>\n<li>Enfraquecimento do sistema imunol\u00f3gico durante a recupera\u00e7\u00e3o ou reabilita\u00e7\u00e3o ap\u00f3s uma doen\u00e7a.<\/li>\n<\/ol>\n<\/div><\/div>","protected":false},"excerpt":{"rendered":"<p>Speci\u00e1lis Trio-Women sug\u00e1rz\u00f3 N\u0151k sz\u00e1m\u00e1ra, 8.sz. Javasolt: a funkcion\u00e1lis tartal\u00e9kok \u00e9s az emberi szervezet adapt\u00e1ci\u00f3s lehet\u0151s\u00e9geinek optimiz\u00e1l\u00e1s\u00e1hoz, melyek a negat\u00edv k\u00f6rnyezeti hat\u00e1sok, \u00e9letm\u00f3d vagy betegs\u00e9g k\u00f6vetkezt\u00e9ben l\u00e9ptek fel. Aj\u00e1nlott: l\u00e1nyok, n\u0151k sz\u00e1m\u00e1ra. Hat\u00e1sa: a n\u0151i szervezet jellemz\u0151it figyelembe vev\u0151 (pszicho-emocion\u00e1lis szf\u00e9ra, neurohumor\u00e1lis szab\u00e1lyoz\u00e1s) \u00e1ltal\u00e1nos eg\u00e9szs\u00e9gmeger\u0151s\u00edt\u0151 hat\u00e1s. Hat\u00e1smechanizmus: A program (hordoz\u00f3 frekvencia, alacsony frekvenci\u00e1j\u00fa modul\u00e1ci\u00f3 \u00e9s [&hellip;]<\/p>\n","protected":false},"featured_media":4738,"comment_status":"open","ping_status":"closed","template":"","meta":[],"product_brand":[],"product_cat":[35,32],"product_tag":[],"class_list":{"0":"post-4739","1":"product","2":"type-product","3":"status-publish","4":"has-post-thumbnail","6":"product_cat-csatlakoztathato-jeladok","7":"product_cat-triomed","9":"first","10":"instock","11":"taxable","12":"shipping-taxable","13":"purchasable","14":"product-type-simple"},"_links":{"self":[{"href":"https:\/\/vetomshop.hu\/pt\/wp-json\/wp\/v2\/product\/4739","targetHints":{"allow":["GET"]}}],"collection":[{"href":"https:\/\/vetomshop.hu\/pt\/wp-json\/wp\/v2\/product"}],"about":[{"href":"https:\/\/vetomshop.hu\/pt\/wp-json\/wp\/v2\/types\/product"}],"replies":[{"embeddable":true,"href":"https:\/\/vetomshop.hu\/pt\/wp-json\/wp\/v2\/comments?post=4739"}],"wp:featuredmedia":[{"embeddable":true,"href":"https:\/\/vetomshop.hu\/pt\/wp-json\/wp\/v2\/media\/4738"}],"wp:attachment":[{"href":"https:\/\/vetomshop.hu\/pt\/wp-json\/wp\/v2\/media?parent=4739"}],"wp:term":[{"taxonomy":"product_brand","embeddable":true,"href":"https:\/\/vetomshop.hu\/pt\/wp-json\/wp\/v2\/product_brand?post=4739"},{"taxonomy":"product_cat","embeddable":true,"href":"https:\/\/vetomshop.hu\/pt\/wp-json\/wp\/v2\/product_cat?post=4739"},{"taxonomy":"product_tag","embeddable":true,"href":"https:\/\/vetomshop.hu\/pt\/wp-json\/wp\/v2\/product_tag?post=4739"}],"curies":[{"name":"wp","href":"https:\/\/api.w.org\/{rel}","templated":true}]}}