{"id":4745,"date":"2023-11-11T14:34:01","date_gmt":"2023-11-11T13:34:01","guid":{"rendered":"https:\/\/vetomshop.hu\/termek\/solo-medal\/"},"modified":"2023-11-11T14:34:01","modified_gmt":"2023-11-11T13:34:01","slug":"solo-medal","status":"publish","type":"product","link":"https:\/\/vetomshop.hu\/pt\/produto\/solo-medal\/","title":{"rendered":"Pingente Solo"},"content":{"rendered":"<h4>SOLO Eg\u00e9szs\u00e9g Med\u00e1l<\/h4>\n<p><strong>Principais fun\u00e7\u00f5es:<\/strong><\/p>\n<p>A Solo Med\u00e1l kieg\u00e9sz\u00edt\u0151 eszk\u00f6z, mely a szervezet v\u00e9dekez\u0151 mechanizmusait \u00e9s az immunrendszer aktiv\u00e1l\u00e1s\u00e1t t\u00e1mogatja.<\/p>\n<p>V\u00edrusos \u00e9s bakteri\u00e1lis fert\u0151z\u00e9sek eset\u00e9n ny\u00fajtja a legnagyobb seg\u00edts\u00e9get.<\/p>\n<p><strong>Impacto:<\/strong><\/p>\n<ul>\n<li>immunrendszer er\u0151s\u00edt\u00e9s\u00e9nek t\u00e1mogat\u00e1sa, az allerg\u00e9nekre val\u00f3 cs\u00f6kkent reakci\u00f3 el\u00e9r\u00e9s\u00e9nek t\u00e1mogat\u00e1sa,<\/li>\n<li>a v\u00edrusos megbeteged\u00e9sek gy\u00f3gyul\u00e1s\u00e1nak t\u00e1mogat\u00e1sa,<\/li>\n<li>a toxikus anyagok kivezet\u00e9s\u00e9nek t\u00e1mogat\u00e1sa,<\/li>\n<li>antibakteri\u00e1lis \u00e9s v\u00edrus\u00f6l\u0151 hat\u00e1s t\u00e1mogat\u00e1sa.<\/li>\n<\/ul>\n<p><strong>Mikor alkalmazzuk?<\/strong><\/p>\n<div class=\"su-spoiler su-spoiler-style-defoult su-spoiler-icon-caret su-spoiler-closed\" data-scroll-offset=\"0\" data-anchor-in-url=\"no\"><div class=\"su-spoiler-title\" tabindex=\"0\" role=\"button\"><span class=\"su-spoiler-icon\"><\/span>Todos<\/div><div class=\"su-spoiler-content su-u-clearfix su-u-trim\">\nA Solo Med\u00e1l pozit\u00edv hat\u00e1st gyakorol a szervezet funkcion\u00e1lis m\u0171k\u00f6d\u00e9s\u00e9re, alkalmazhatjuk kieg\u00e9sz\u00edt\u0151 korrekci\u00f3s \u00e9s optimaliz\u00e1l\u00e1st seg\u00edt\u0151 eszk\u00f6zk\u00e9nt az al\u00e1bbi betegs\u00e9gek megel\u0151z\u00e9sben \u00e9s gy\u00f3gy\u00edt\u00e1s\u00e1ban:<\/p>\n<ul>\n<li>fels\u0151 bakteri\u00e1lis \u00e9s v\u00edrusos l\u00e9g\u00fati betegs\u00e9gek eset\u00e9n;<\/li>\n<li>gyullad\u00e1sos megbetegsed\u00e9sek eset\u00e9n, bakteri\u00e1lis-allergi\u00e1s term\u00e9szet\u0171 esetekben, rinitis, faringitis, laringitis, bronchitis;<\/li>\n<li>az autoimmun betegs\u00e9gek kezdeti szakasz\u00e1ban (bronchi\u00e1lis asztma, asztmatikus bronchitis, reumatoid artritis, pielo- \u00e9s glumerulonephritis \u2013 vesegyullad\u00e1s, a pajzsmirigy autoimmun megbeteged\u00e9se, sz\u00edvbillenty\u0171 reuma k\u00f6vetkezt\u00e9ben t\u00f6rt\u00e9n\u0151 megbeteged\u00e9se, az erek endoteli\u00e1lis megbeteged\u00e9se, streptococcus \u2013 \u00e9s staphilo dermatitis).<\/li>\n<\/ul>\n<p>Fontos figyelmeztet\u00e9s: A fels\u0151 \u00e9s als\u00f3 l\u00e9g\u00fati betegs\u00e9gek t\u00fcnetei megjelen\u00e9se eset\u00e9n forduljon orvoshoz. Az orvos \u00e1ltal aj\u00e1nlott kezel\u00e9si m\u00f3dszerek mellet kieg\u00e9sz\u00edt\u0151, a gy\u00f3gyul\u00e1st t\u00e1mogat\u00f3 eszk\u00f6zk\u00e9nt alkalmazza a Solo Med\u00e1lt!<\/p>\n<\/div><\/div>","protected":false},"excerpt":{"rendered":"<p>SOLO Eg\u00e9szs\u00e9g Med\u00e1l F\u0151 funkci\u00f3i: A Solo Med\u00e1l kieg\u00e9sz\u00edt\u0151 eszk\u00f6z, mely a szervezet v\u00e9dekez\u0151 mechanizmusait \u00e9s az immunrendszer aktiv\u00e1l\u00e1s\u00e1t t\u00e1mogatja. V\u00edrusos \u00e9s bakteri\u00e1lis fert\u0151z\u00e9sek eset\u00e9n ny\u00fajtja a legnagyobb seg\u00edts\u00e9get. Hat\u00e1sa: immunrendszer er\u0151s\u00edt\u00e9s\u00e9nek t\u00e1mogat\u00e1sa, az allerg\u00e9nekre val\u00f3 cs\u00f6kkent reakci\u00f3 el\u00e9r\u00e9s\u00e9nek t\u00e1mogat\u00e1sa, a v\u00edrusos megbeteged\u00e9sek gy\u00f3gyul\u00e1s\u00e1nak t\u00e1mogat\u00e1sa, a toxikus anyagok kivezet\u00e9s\u00e9nek t\u00e1mogat\u00e1sa, antibakteri\u00e1lis \u00e9s v\u00edrus\u00f6l\u0151 hat\u00e1s t\u00e1mogat\u00e1sa. [&hellip;]<\/p>\n","protected":false},"featured_media":4744,"comment_status":"open","ping_status":"closed","template":"","meta":[],"product_brand":[],"product_cat":[33,32],"product_tag":[],"class_list":{"0":"post-4745","1":"product","2":"type-product","3":"status-publish","4":"has-post-thumbnail","6":"product_cat-egeszseg-medalok","7":"product_cat-triomed","9":"first","10":"instock","11":"taxable","12":"shipping-taxable","13":"purchasable","14":"product-type-simple"},"_links":{"self":[{"href":"https:\/\/vetomshop.hu\/pt\/wp-json\/wp\/v2\/product\/4745","targetHints":{"allow":["GET"]}}],"collection":[{"href":"https:\/\/vetomshop.hu\/pt\/wp-json\/wp\/v2\/product"}],"about":[{"href":"https:\/\/vetomshop.hu\/pt\/wp-json\/wp\/v2\/types\/product"}],"replies":[{"embeddable":true,"href":"https:\/\/vetomshop.hu\/pt\/wp-json\/wp\/v2\/comments?post=4745"}],"wp:featuredmedia":[{"embeddable":true,"href":"https:\/\/vetomshop.hu\/pt\/wp-json\/wp\/v2\/media\/4744"}],"wp:attachment":[{"href":"https:\/\/vetomshop.hu\/pt\/wp-json\/wp\/v2\/media?parent=4745"}],"wp:term":[{"taxonomy":"product_brand","embeddable":true,"href":"https:\/\/vetomshop.hu\/pt\/wp-json\/wp\/v2\/product_brand?post=4745"},{"taxonomy":"product_cat","embeddable":true,"href":"https:\/\/vetomshop.hu\/pt\/wp-json\/wp\/v2\/product_cat?post=4745"},{"taxonomy":"product_tag","embeddable":true,"href":"https:\/\/vetomshop.hu\/pt\/wp-json\/wp\/v2\/product_tag?post=4745"}],"curies":[{"name":"wp","href":"https:\/\/api.w.org\/{rel}","templated":true}]}}