{"id":4747,"date":"2023-11-11T14:34:01","date_gmt":"2023-11-11T13:34:01","guid":{"rendered":"https:\/\/vetomshop.hu\/termek\/siker-plus-medal\/"},"modified":"2023-11-11T14:34:01","modified_gmt":"2023-11-11T13:34:01","slug":"siker-plus-medal","status":"publish","type":"product","link":"https:\/\/vetomshop.hu\/pt\/produto\/siker-plus-medal\/","title":{"rendered":"Medalha Success Plus"},"content":{"rendered":"<p>A <strong>\u201eSIKER PLUS\u201d<\/strong> As informa\u00e7\u00f5es armazenadas no pingente correspondem ao espectro de c\u00e9lulas e tecidos eletromagn\u00e9ticos do sistema nervoso central, bem como a agentes anti-homot\u00f3xicos que melhoram o desempenho mental, a resist\u00eancia humana ao estresse e a manuten\u00e7\u00e3o de um fundo emocional ideal.<\/p>\n<p><strong>Impacto:<\/strong><\/p>\n<ul>\n<li>ajuda a melhorar a mem\u00f3ria;<\/li>\n<li>aumenta a velocidade do pensamento;<\/li>\n<li>ajuda na concentra\u00e7\u00e3o, aumenta a aten\u00e7\u00e3o;<\/li>\n<li>reduz a sensa\u00e7\u00e3o de fadiga durante a atividade\/trabalho;<\/li>\n<li>reduz o estresse neuro-humoral durante o trabalho no computador;<\/li>\n<li>melhora o contexto psicol\u00f3gico (emocional);<\/li>\n<li>ajuda a prevenir o desenvolvimento de estresse cr\u00f4nico e fadiga, s\u00edndrome de burnout.<\/li>\n<\/ul>\n<div class=\"su-spoiler su-spoiler-style-defoult su-spoiler-icon-caret su-spoiler-closed\" data-scroll-offset=\"0\" data-anchor-in-url=\"no\"><div class=\"su-spoiler-title\" tabindex=\"0\" role=\"button\"><span class=\"su-spoiler-icon\"><\/span>Todos<\/div><div class=\"su-spoiler-content su-u-clearfix su-u-trim\">\n<strong>O pingente \u201eSIKER PLUS\u201d pode ser usado:<\/strong><\/p>\n<ul>\n<li>para melhorar o desempenho mental,<\/li>\n<li>para se adaptar a cargas mais pesadas,<\/li>\n<li>para melhorar a mem\u00f3ria e a aten\u00e7\u00e3o,<\/li>\n<li>durante per\u00edodos de carga de trabalho intensa - \u201ebrainstorming\u201d, etc.<\/li>\n<\/ul>\n<\/div><\/div>","protected":false},"excerpt":{"rendered":"<p>A &#8222;SIKER PLUS&#8221; med\u00e1lon t\u00e1rolt inform\u00e1ci\u00f3 megfelel a k\u00f6zponti idegrendszer elektrom\u00e1gneses sejtjeinek \u00e9s sz\u00f6veteinek spektrum\u00e1nak, valamint az antihomotoxikus szereknek, amelyek fokozz\u00e1k a ment\u00e1lis teljes\u00edtm\u00e9nyt, az emberi ellen\u00e1ll\u00e1st a stresszre, \u00e9s megtartj\u00e1k az optim\u00e1lis \u00e9rzelmi h\u00e1tteret. Hat\u00e1sa: seg\u00edt a mem\u00f3ria jav\u00edt\u00e1s\u00e1ban; n\u00f6veli a gondolkod\u00e1s sebess\u00e9g\u00e9t; el\u0151seg\u00edti a koncentr\u00e1ci\u00f3t, n\u00f6veli a figyelmet; cs\u00f6kkenti a f\u00e1radts\u00e1g \u00e9rz\u00e9st az [&hellip;]<\/p>\n","protected":false},"featured_media":4746,"comment_status":"open","ping_status":"closed","template":"","meta":[],"product_brand":[],"product_cat":[33,32],"product_tag":[],"class_list":{"0":"post-4747","1":"product","2":"type-product","3":"status-publish","4":"has-post-thumbnail","6":"product_cat-egeszseg-medalok","7":"product_cat-triomed","9":"first","10":"instock","11":"taxable","12":"shipping-taxable","13":"purchasable","14":"product-type-simple"},"_links":{"self":[{"href":"https:\/\/vetomshop.hu\/pt\/wp-json\/wp\/v2\/product\/4747","targetHints":{"allow":["GET"]}}],"collection":[{"href":"https:\/\/vetomshop.hu\/pt\/wp-json\/wp\/v2\/product"}],"about":[{"href":"https:\/\/vetomshop.hu\/pt\/wp-json\/wp\/v2\/types\/product"}],"replies":[{"embeddable":true,"href":"https:\/\/vetomshop.hu\/pt\/wp-json\/wp\/v2\/comments?post=4747"}],"wp:featuredmedia":[{"embeddable":true,"href":"https:\/\/vetomshop.hu\/pt\/wp-json\/wp\/v2\/media\/4746"}],"wp:attachment":[{"href":"https:\/\/vetomshop.hu\/pt\/wp-json\/wp\/v2\/media?parent=4747"}],"wp:term":[{"taxonomy":"product_brand","embeddable":true,"href":"https:\/\/vetomshop.hu\/pt\/wp-json\/wp\/v2\/product_brand?post=4747"},{"taxonomy":"product_cat","embeddable":true,"href":"https:\/\/vetomshop.hu\/pt\/wp-json\/wp\/v2\/product_cat?post=4747"},{"taxonomy":"product_tag","embeddable":true,"href":"https:\/\/vetomshop.hu\/pt\/wp-json\/wp\/v2\/product_tag?post=4747"}],"curies":[{"name":"wp","href":"https:\/\/api.w.org\/{rel}","templated":true}]}}