{"id":4751,"date":"2023-11-11T14:34:02","date_gmt":"2023-11-11T13:34:02","guid":{"rendered":"https:\/\/vetomshop.hu\/termek\/vita-medal\/"},"modified":"2023-11-11T14:34:02","modified_gmt":"2023-11-11T13:34:02","slug":"vita-medal","status":"publish","type":"product","link":"https:\/\/vetomshop.hu\/pt\/produto\/vita-medal\/","title":{"rendered":"Medalha de debate"},"content":{"rendered":"<h4>Medalha de debate<\/h4>\n<p><strong>Fun\u00e7\u00e3o principal:\u00a0<\/strong>\u00c9 uma ferramenta complementar para a preven\u00e7\u00e3o e o tratamento complementar de doen\u00e7as digestivas e para a ativa\u00e7\u00e3o de processos de regenera\u00e7\u00e3o ap\u00f3s doen\u00e7as.<\/p>\n<p><strong>Breve descri\u00e7\u00e3o<\/strong><\/p>\n<p>O padr\u00e3o espectral registrado no Vita Health Medallion corresponde \u00e0 vibra\u00e7\u00e3o dos \u00f3rg\u00e3os, tecidos e \u00f3rg\u00e3os do trato digestivo. Ele corresponde \u00e0<br \/>\nvibra\u00e7\u00e3o de medicamentos anti-homot\u00f3xicos, que t\u00eam efeitos imunomoduladores, anti-inflamat\u00f3rios e dessensibilizantes (dessensibilizantes).<\/p>\n<p>O sistema digestivo \u00e9 o conjunto de processos f\u00edsicos, qu\u00edmicos e fisiol\u00f3gicos pelos quais o alimento consumido \u00e9 convertido em liga\u00e7\u00f5es qu\u00edmicas simples e assimilado pelas c\u00e9lulas.<\/p>\n<div class=\"su-spoiler su-spoiler-style-defoult su-spoiler-icon-caret su-spoiler-closed\" data-scroll-offset=\"0\" data-anchor-in-url=\"no\"><div class=\"su-spoiler-title\" tabindex=\"0\" role=\"button\"><span class=\"su-spoiler-icon\"><\/span>Todos<\/div><div class=\"su-spoiler-content su-u-clearfix su-u-trim\">\nEsses processos ocorrem em uma ordem espec\u00edfica dentro do trato digestivo (cavidade oral, garganta, es\u00f4fago, est\u00f4mago, intestinos delgado e grosso, f\u00edgado, bile e p\u00e2ncreas). O processo \u00e9 realizado por mecanismos reguladores em diferentes n\u00edveis. A progress\u00e3o sequencial do sistema digestivo, que resulta na decomposi\u00e7\u00e3o do alimento em mon\u00f4meros absorv\u00edveis, \u00e9 a ess\u00eancia de seu funcionamento.<br \/>\n<\/div><\/div>","protected":false},"excerpt":{"rendered":"<p>Vita Med\u00e1l F\u0151 funkci\u00f3ja:\u00a0Kieg\u00e9sz\u00edt\u0151 eszk\u00f6z a az em\u00e9szt\u0151rendszeri betegs\u00e9gek megel\u0151z\u00e9s\u00e9re \u00e9s kieg\u00e9sz\u00edt\u0151 kezel\u00e9s\u00e9re, a betegs\u00e9gek ut\u00e1ni regener\u00e1ci\u00f3s folyamatok aktiv\u00e1l\u00e1s\u00e1ra. R\u00f6vid ismertet\u0151 A spektr\u00e1lis minta, mely a Vita Eg\u00e9szs\u00e9g Med\u00e1lon van r\u00f6gz\u00edtve, megfelel az em\u00e9szt\u0151rendszer szervei, sz\u00f6vetei \u00e9s szervei rezg\u00e9s\u00e9nek. Megfelel azoknak az antihomotoxikus k\u00e9sz\u00edtm\u00e9nyek rezg\u00e9s\u00e9nek, melyek immunmodul\u00e1l\u00f3, gyullad\u00e1scs\u00f6kkent\u0151, deszenzibiliz\u00e1l\u00f3 (\u00e9rz\u00e9kenys\u00e9get cs\u00f6kkent\u0151) hat\u00e1ssal b\u00edrnak. Az em\u00e9szt\u0151rendszer [&hellip;]<\/p>\n","protected":false},"featured_media":4750,"comment_status":"open","ping_status":"closed","template":"","meta":[],"product_brand":[],"product_cat":[33,32],"product_tag":[],"class_list":{"0":"post-4751","1":"product","2":"type-product","3":"status-publish","4":"has-post-thumbnail","6":"product_cat-egeszseg-medalok","7":"product_cat-triomed","9":"first","10":"instock","11":"taxable","12":"shipping-taxable","13":"purchasable","14":"product-type-simple"},"_links":{"self":[{"href":"https:\/\/vetomshop.hu\/pt\/wp-json\/wp\/v2\/product\/4751","targetHints":{"allow":["GET"]}}],"collection":[{"href":"https:\/\/vetomshop.hu\/pt\/wp-json\/wp\/v2\/product"}],"about":[{"href":"https:\/\/vetomshop.hu\/pt\/wp-json\/wp\/v2\/types\/product"}],"replies":[{"embeddable":true,"href":"https:\/\/vetomshop.hu\/pt\/wp-json\/wp\/v2\/comments?post=4751"}],"wp:featuredmedia":[{"embeddable":true,"href":"https:\/\/vetomshop.hu\/pt\/wp-json\/wp\/v2\/media\/4750"}],"wp:attachment":[{"href":"https:\/\/vetomshop.hu\/pt\/wp-json\/wp\/v2\/media?parent=4751"}],"wp:term":[{"taxonomy":"product_brand","embeddable":true,"href":"https:\/\/vetomshop.hu\/pt\/wp-json\/wp\/v2\/product_brand?post=4751"},{"taxonomy":"product_cat","embeddable":true,"href":"https:\/\/vetomshop.hu\/pt\/wp-json\/wp\/v2\/product_cat?post=4751"},{"taxonomy":"product_tag","embeddable":true,"href":"https:\/\/vetomshop.hu\/pt\/wp-json\/wp\/v2\/product_tag?post=4751"}],"curies":[{"name":"wp","href":"https:\/\/api.w.org\/{rel}","templated":true}]}}