{"id":4755,"date":"2023-11-11T14:34:03","date_gmt":"2023-11-11T13:34:03","guid":{"rendered":"https:\/\/vetomshop.hu\/termek\/menedzser-kartya\/"},"modified":"2023-11-11T14:34:03","modified_gmt":"2023-11-11T13:34:03","slug":"menedzser-kartya","status":"publish","type":"product","link":"https:\/\/vetomshop.hu\/pt\/produto\/menedzser-kartya\/","title":{"rendered":"Cart\u00e3o de gerente"},"content":{"rendered":"<h4>Para que serve o MENEDZSER CARD?<\/h4>\n<p><strong>CART\u00c3O DO GERENTE<\/strong> - um dispositivo para a preven\u00e7\u00e3o e o tratamento da fadiga cr\u00f4nica e da s\u00edndrome do excesso de trabalho, para aumentar a capacidade de trabalho, para ativar os processos de regenera\u00e7\u00e3o ap\u00f3s cargas de trabalho estressantes e para aumentar a imunidade.<\/p>\n<p>O funcionamento do MENEDZSER CARD d\u00e1 suporte aos processos cognitivos. Seu objetivo \u00e9 ativar os processos de mem\u00f3ria, permitindo a memoriza\u00e7\u00e3o imediata das informa\u00e7\u00f5es necess\u00e1rias, aumentando a velocidade do pensamento, restaurando o curso normal dos processos fisiol\u00f3gicos nas c\u00e9lulas e nos tecidos do sistema nervoso central, aumentando sua estabilidade contra os efeitos nocivos do mundo externo.<\/p>\n<p><strong>Efeitos:<\/strong><\/p>\n<ul>\n<li>apoia a circula\u00e7\u00e3o sangu\u00ednea e os processos metab\u00f3licos no sistema nervoso central e ajuda a restaurar as fun\u00e7\u00f5es do sistema nervoso central;<\/li>\n<li>ajuda a melhorar a mem\u00f3ria, permitindo que voc\u00ea absorva mais informa\u00e7\u00f5es;<\/li>\n<li>favorece a concentra\u00e7\u00e3o,<\/li>\n<li>reduz a fadiga durante a atividade;<\/li>\n<li>reduz a tens\u00e3o neuro-emocional durante o uso do computador;<\/li>\n<li>harmoniza a atitude emocional-ps\u00edquica;<\/li>\n<li>melhora a intui\u00e7\u00e3o,<\/li>\n<li>ajuda a evitar o desenvolvimento de estresse cr\u00f4nico e fadiga.<\/li>\n<\/ul>\n<div class=\"su-spoiler su-spoiler-style-defoult su-spoiler-icon-caret su-spoiler-closed\" data-scroll-offset=\"0\" data-anchor-in-url=\"no\"><div class=\"su-spoiler-title\" tabindex=\"0\" role=\"button\"><span class=\"su-spoiler-icon\"><\/span>Todos<\/div><div class=\"su-spoiler-content su-u-clearfix su-u-trim\">\n<strong>Com a ajuda de:<\/strong><\/p>\n<ul>\n<li>se concentrar\u00e1 nos aspectos principais,<\/li>\n<li>promove uma atitude positiva em rela\u00e7\u00e3o \u00e0 vida e o desenvolvimento da determina\u00e7\u00e3o,<\/li>\n<li>ajuda voc\u00ea a se concentrar no sucesso e no prop\u00f3sito,<\/li>\n<li>apoia um senso de realiza\u00e7\u00e3o, autoconfian\u00e7a e cren\u00e7a no sucesso da meta!<\/li>\n<\/ul>\n<\/div><\/div>","protected":false},"excerpt":{"rendered":"<p>Mire szolg\u00e1l a MENEDZSER K\u00c1RTYA? MENEDZSER K\u00c1RTYA \u2013 a kr\u00f3nikus f\u00e1rad\u00e9konys\u00e1g \u00e9s a t\u00falhajszolts\u00e1g szindr\u00f3m\u00e1ja megel\u0151z\u00e9s\u00e9re \u00e9s kezel\u00e9s\u00e9re, a munkab\u00edr\u00e1s n\u00f6vel\u00e9s\u00e9re, az \u00e1tv\u00e9szelt stressz-megterhel\u00e9seket k\u00f6vet\u0151 regener\u00e1ci\u00f3s folyamatok aktiviz\u00e1l\u00e1s\u00e1ra, az immunit\u00e1s n\u00f6vel\u00e9s\u00e9re szolg\u00e1l\u00f3 k\u00e9sz\u00fcl\u00e9k. A MENEDZSER K\u00c1RTYA m\u0171k\u00f6d\u00e9se a kognit\u00edv folyamatok m\u0171k\u00f6d\u00e9s\u00e9t t\u00e1mogatja. Az eml\u00e9kez\u00e9s folyamatainak aktiviz\u00e1l\u00e1s\u00e1ra, a sz\u00fcks\u00e9ges inform\u00e1ci\u00f3 azonnali memoriz\u00e1l\u00e1s\u00e1nak lehet\u0151s\u00e9g\u00e9re, a gondolkod\u00e1s sebess\u00e9g\u00e9nek [&hellip;]<\/p>\n","protected":false},"featured_media":4754,"comment_status":"open","ping_status":"closed","template":"","meta":[],"product_brand":[],"product_cat":[33,32],"product_tag":[],"class_list":{"0":"post-4755","1":"product","2":"type-product","3":"status-publish","4":"has-post-thumbnail","6":"product_cat-egeszseg-medalok","7":"product_cat-triomed","9":"first","10":"instock","11":"taxable","12":"shipping-taxable","13":"purchasable","14":"product-type-simple"},"_links":{"self":[{"href":"https:\/\/vetomshop.hu\/pt\/wp-json\/wp\/v2\/product\/4755","targetHints":{"allow":["GET"]}}],"collection":[{"href":"https:\/\/vetomshop.hu\/pt\/wp-json\/wp\/v2\/product"}],"about":[{"href":"https:\/\/vetomshop.hu\/pt\/wp-json\/wp\/v2\/types\/product"}],"replies":[{"embeddable":true,"href":"https:\/\/vetomshop.hu\/pt\/wp-json\/wp\/v2\/comments?post=4755"}],"wp:featuredmedia":[{"embeddable":true,"href":"https:\/\/vetomshop.hu\/pt\/wp-json\/wp\/v2\/media\/4754"}],"wp:attachment":[{"href":"https:\/\/vetomshop.hu\/pt\/wp-json\/wp\/v2\/media?parent=4755"}],"wp:term":[{"taxonomy":"product_brand","embeddable":true,"href":"https:\/\/vetomshop.hu\/pt\/wp-json\/wp\/v2\/product_brand?post=4755"},{"taxonomy":"product_cat","embeddable":true,"href":"https:\/\/vetomshop.hu\/pt\/wp-json\/wp\/v2\/product_cat?post=4755"},{"taxonomy":"product_tag","embeddable":true,"href":"https:\/\/vetomshop.hu\/pt\/wp-json\/wp\/v2\/product_tag?post=4755"}],"curies":[{"name":"wp","href":"https:\/\/api.w.org\/{rel}","templated":true}]}}