{"id":5820,"date":"2024-06-01T18:26:31","date_gmt":"2024-06-01T16:26:31","guid":{"rendered":"https:\/\/vetomshop.hu\/?post_type=product&#038;p=5820"},"modified":"2026-04-12T08:27:56","modified_gmt":"2026-04-12T06:27:56","slug":"vetom-1-1-probiotikum-por-500-g-etrend-kiegeszito","status":"publish","type":"product","link":"https:\/\/vetomshop.hu\/pt\/produto\/vetom-1-1-probiotikum-por-500-g-etrend-kiegeszito\/","title":{"rendered":"Vetom <span style=\"color:red\">1.1<\/span> probi\u00f3tico <br>por <span style=\"color:red\">500 g<\/span> (suplemento alimentar)"},"content":{"rendered":"<p>Os efeitos ben\u00e9ficos do <strong>Bacillus subtilis<\/strong> bact\u00e9rias ben\u00e9ficas que proliferam principalmente no intestino grosso e produzem: enzimas proteol\u00edticas, amilol\u00edticas e celulol\u00edticas; interferon a-2 dos leuc\u00f3citos humanos; bacitracina mg, que inibe o crescimento e o desenvolvimento da microflora patog\u00eanica e potencialmente patog\u00eanica; e outras subst\u00e2ncias biologicamente ativas.<\/p>\n<p>Como consequ\u00eancia, a composi\u00e7\u00e3o bacteriana do conte\u00fado intestinal \u00e9 transformada na norma de desenvolvimento adequada, as paredes intestinais s\u00e3o limpas de res\u00edduos n\u00e3o digeridos, o que contribui para a remo\u00e7\u00e3o ativa de toxinas do corpo e o transporte desimpedido de nutrientes biologicamente ativos.<\/p>\n<p>Sob a a\u00e7\u00e3o do Vetom 1.1, o metabolismo, a digest\u00e3o e a absor\u00e7\u00e3o de componentes alimentares biologicamente ativos no trato gastrointestinal s\u00e3o normalizados.<\/p>\n<p>Um produto que adora crian\u00e7as, deliciosamente doce e que pode at\u00e9 ser consumido sozinho por via oral.<\/p>\n<p>O Vetom 1.1 aumenta a efic\u00e1cia dos medicamentos e reduz seus efeitos colaterais negativos no corpo humano.<\/p>\n<p>N\u00e3o se trata de um medicamento.<\/p>\n<p><strong>Efeitos farmacol\u00f3gicos<\/strong>Imunomodulador, antiviral, antiproliferativo, bactericida, fungicida, anticlam\u00eddia.<\/p>\n<h5>Caracter\u00edsticas:<\/h5>\n<ul>\n<li>Possui alta atividade antag\u00f4nica contra fungos e bact\u00e9rias patog\u00eanicos e condicionalmente patog\u00eanicos, propriedades antivirais, proteol\u00edticas, amilol\u00edticas e celulol\u00edticas<\/li>\n<li>estimula os fatores celulares e humorais da imunidade<\/li>\n<li>aumenta a resist\u00eancia n\u00e3o espec\u00edfica do corpo<\/li>\n<li>estabiliza a resist\u00eancia al\u00e9rgica<\/li>\n<li>normaliza o metabolismo<\/li>\n<\/ul>\n<p>- SEM EFEITOS COLATERAIS<br \/>\n- SEM RESTRI\u00c7\u00c3O DE IDADE<br \/>\n- SEM SOBREDOSAGEM<br \/>\n- N\u00c3O VICIANTE<\/p>\n<h5>\u00c1rea de uso<\/h5>\n<p>O uso de microrganismos probi\u00f3ticos como aditivo alimentar biologicamente ativo \u00e9 recomendado para o reparo do trato gastrointestinal e a restaura\u00e7\u00e3o da microflora intestinal.<\/p>\n<p><em><strong>Dosagem:<\/strong><\/em> Recomendado por 10 dias, 3-5 colheres de ch\u00e1 de p\u00f3 diariamente antes, durante ou ap\u00f3s as refei\u00e7\u00f5es, sozinho (tamb\u00e9m pode ser bebido com \u00e1gua ou suco). .<\/p>\n<p>O Vetom 1.1 n\u00e3o \u00e9 viciante.<\/p>\n<p>Recomenda-se repetir as curas ap\u00f3s um intervalo de uma a duas semanas, e \u00e9 aconselh\u00e1vel mudar para um produto Vetom com numera\u00e7\u00e3o diferente em intervalos.<\/p>\n<h5>Contra-indica\u00e7\u00f5es<\/h5>\n<p>Hipersensibilidade a determinados ingredientes do produto.<\/p>\n<p>N\u00e3o tome Vetom 1.1 ao mesmo tempo que antibi\u00f3ticos e outros probi\u00f3ticos.<\/p>\n<h5>Instru\u00e7\u00f5es especiais<\/h5>\n<p>Use durante a gravidez e a amamenta\u00e7\u00e3o somente ap\u00f3s consulta m\u00e9dica.<\/p>\n<p>A prepara\u00e7\u00e3o n\u00e3o afeta a capacidade de dirigir ou de operar mecanismos potencialmente perigosos.<\/p>\n<h5>Distribui\u00e7\u00e3o<\/h5>\n<p><strong>Em forma de p\u00f3, embalado em frascos polim\u00e9ricos<\/strong><\/p>\n<h5><strong>Ingredientes:<\/strong><\/h5>\n<p>Vetom 1.1. \u00e9 um aditivo biologicamente ativo usado como uma fonte adicional de micro-organismos probi\u00f3ticos. 1 por\u00e7\u00e3o de suplemento alimentar - 5 g que ,<\/p>\n<p>cont\u00e9m: extrato de milho - 2.000 mg; amido de batata - 1.500 mg; a\u00e7\u00facar em p\u00f3 - 1.000 mg; cultura seca de microrganismos probi\u00f3ticos Bacillus subtilis B-10641 (DSM 24613) cepa 1\u00d7108 UFC\/g - 500 mg. O Vetom 1.1 \u00e9 administrado por via oral.<\/p>\n<p>Conte\u00fado por 100 g de produto (valores m\u00e9dios): gordura - m\u00e1ximo de 0,1 g, prote\u00ednas - m\u00e1ximo de 1,0 g, carboidratos - m\u00ednimo de 98,9 g. Valor energ\u00e9tico - m\u00e1ximo de 400 Kcal.<\/p>\n<h5>Condi\u00e7\u00f5es de armazenamento<\/h5>\n<p>Pode ser armazenado a uma umidade relativa de 75 % abaixo de 30\u00b0C.<\/p>\n<h5>Prazo de validade<\/h5>\n<p>2 anos a partir da data de fabrica\u00e7\u00e3o. N\u00e3o consumir ap\u00f3s a data de validade.<\/p>\n<p>Peso l\u00edquido - 500 g<\/p>\n<p>Peso bruto - 547 g<\/p>","protected":false},"excerpt":{"rendered":"<p>Os efeitos ben\u00e9ficos do <strong>Bacillus subtilis<\/strong> bact\u00e9rias ben\u00e9ficas, que s\u00e3o produzidas principalmente pela multiplica\u00e7\u00e3o no intestino grosso:<\/p>\n<ul class=\"vetom-list\">\n<li>enzimas proteol\u00edticas, amilol\u00edticas e celulol\u00edticas;<\/li>\n<li>interferon a-2 em leuc\u00f3citos humanos;<\/li>\n<li>bacitracina mg, que inibem o crescimento e o desenvolvimento da microflora patog\u00eanica e potencialmente patog\u00eanica;<\/li>\n<li>e outras subst\u00e2ncias biologicamente ativas.<\/li>\n<\/ul>\n<p>Como consequ\u00eancia, a composi\u00e7\u00e3o bacteriana do conte\u00fado intestinal \u00e9 transformada na norma de desenvolvimento adequada, as paredes intestinais s\u00e3o limpas de res\u00edduos n\u00e3o digeridos, o que contribui para a remo\u00e7\u00e3o ativa de toxinas do corpo e o transporte desimpedido de nutrientes biologicamente ativos.<\/p>\n<div class=\"plashka\">A <strong>Vetom <span style=\"color: red;\">1.1<\/span><\/strong> normaliza o metabolismo, a digest\u00e3o e a absor\u00e7\u00e3o de componentes alimentares biologicamente ativos no trato gastrointestinal.<\/div>\n<p>Um produto adequado para crian\u00e7as, deliciosamente doce e que pode ser consumido sozinho por via oral.<\/p>\n<p>A <strong>Vetom <span style=\"color: red;\">1.1<\/span><\/strong> aumenta a efic\u00e1cia dos medicamentos e reduz seus efeitos colaterais negativos no corpo humano.<\/p>\n<p>N\u00e3o se trata de um medicamento.<\/p>\n<div class=\"plashka\"><strong>Efeitos farmacol\u00f3gicos<\/strong>Imunomodulador, antiviral, antiproliferativo, bactericida, fungicida, anticlam\u00eddia.<\/div>\n<h5>Caracter\u00edsticas:<\/h5>\n<ul class=\"vetom-list\">\n<li>Possui alta atividade antag\u00f4nica contra fungos e bact\u00e9rias patog\u00eanicos e condicionalmente patog\u00eanicos, propriedades antivirais, proteol\u00edticas, amilol\u00edticas e celulol\u00edticas<\/li>\n<li>estimula os fatores celulares e humorais da imunidade<\/li>\n<li>aumenta a resist\u00eancia n\u00e3o espec\u00edfica do corpo<\/li>\n<li>estabiliza a resist\u00eancia al\u00e9rgica<\/li>\n<li>normaliza o metabolismo<\/li>\n<\/ul>","protected":false},"featured_media":5821,"comment_status":"open","ping_status":"closed","template":"","meta":[],"product_brand":[],"product_cat":[22],"product_tag":[],"class_list":{"0":"post-5820","1":"product","2":"type-product","3":"status-publish","4":"has-post-thumbnail","6":"product_cat-vetom-probiotikumok","8":"first","9":"instock","10":"featured","11":"taxable","12":"shipping-taxable","13":"purchasable","14":"product-type-simple"},"_links":{"self":[{"href":"https:\/\/vetomshop.hu\/pt\/wp-json\/wp\/v2\/product\/5820","targetHints":{"allow":["GET"]}}],"collection":[{"href":"https:\/\/vetomshop.hu\/pt\/wp-json\/wp\/v2\/product"}],"about":[{"href":"https:\/\/vetomshop.hu\/pt\/wp-json\/wp\/v2\/types\/product"}],"replies":[{"embeddable":true,"href":"https:\/\/vetomshop.hu\/pt\/wp-json\/wp\/v2\/comments?post=5820"}],"wp:featuredmedia":[{"embeddable":true,"href":"https:\/\/vetomshop.hu\/pt\/wp-json\/wp\/v2\/media\/5821"}],"wp:attachment":[{"href":"https:\/\/vetomshop.hu\/pt\/wp-json\/wp\/v2\/media?parent=5820"}],"wp:term":[{"taxonomy":"product_brand","embeddable":true,"href":"https:\/\/vetomshop.hu\/pt\/wp-json\/wp\/v2\/product_brand?post=5820"},{"taxonomy":"product_cat","embeddable":true,"href":"https:\/\/vetomshop.hu\/pt\/wp-json\/wp\/v2\/product_cat?post=5820"},{"taxonomy":"product_tag","embeddable":true,"href":"https:\/\/vetomshop.hu\/pt\/wp-json\/wp\/v2\/product_tag?post=5820"}],"curies":[{"name":"wp","href":"https:\/\/api.w.org\/{rel}","templated":true}]}}