{"id":6957,"date":"2025-07-26T15:40:40","date_gmt":"2025-07-26T13:40:40","guid":{"rendered":"https:\/\/vetomshop.hu\/?post_type=product&#038;p=6957"},"modified":"2025-12-31T14:57:45","modified_gmt":"2025-12-31T13:57:45","slug":"bioseptin-probiotikus-kenocs-60-g","status":"publish","type":"product","link":"https:\/\/vetomshop.hu\/pt\/produto\/bioseptin-probiotikus-kenocs-60-g\/","title":{"rendered":"Pomada probi\u00f3tica Bioseptin <span style=\"color:red\">60<\/span> g"},"content":{"rendered":"<p><span style=\"font-size: x-large;\"><b>Bioseptin pomada probi\u00f3tica 60 g<\/b><\/span><\/p>\n<p><span style=\"font-size: x-large;\">A pomada Bioseptin tem propriedades antiss\u00e9pticas, anti-inflamat\u00f3rias e de quebra de prote\u00ednas. Cont\u00e9m esporos bacterianos de Bacillus subtilis e Bacillus licheniformis que s\u00e3o eficazes contra uma ampla variedade de pat\u00f3genos. Eles destroem bact\u00e9rias patog\u00eanicas na superf\u00edcie da ferida, seja em um ambiente com ou sem demanda de oxig\u00eanio, especialmente os tipos Gram-positivos. Eles ajudam a quebrar o tecido morto e as bact\u00e9rias nocivas, evitando a reinfec\u00e7\u00e3o e acelerando a cicatriza\u00e7\u00e3o da ferida. A pomada n\u00e3o causa irrita\u00e7\u00e3o e n\u00e3o h\u00e1 rea\u00e7\u00f5es al\u00e9rgicas.<\/span><\/p>\n<p><span style=\"font-size: x-large;\"><b>Composi\u00e7\u00e3o e apresenta\u00e7\u00e3o:<\/b><\/span><\/p>\n<p><span style=\"font-size: x-large;\">A pomada cont\u00e9m esporos das duas cepas bacterianas em uma base de \u00e1gar (semelhante a um gel) e \u00e1lcool et\u00edlico. Ela n\u00e3o cont\u00e9m ingredientes geneticamente modificados. Cada grama de pomada cont\u00e9m pelo menos um milh\u00e3o de c\u00e9lulas bacterianas vivas.<\/span><\/p>\n<p>V\u00e1rios pa\u00edses da organiza\u00e7\u00e3o internacional introduziram conjuntamente uma proibi\u00e7\u00e3o de com\u00e9rcio (embargo) de produtos cosm\u00e9ticos, de modo que a pomada Bioseptin foi registrada como um medicamento veterin\u00e1rio na Hungria. .<\/p>\n<p><span style=\"font-size: x-large;\"><b>Modo de usar:<\/b><\/span><\/p>\n<p><span style=\"font-size: x-large;\">Ele deve ser aplicado externamente, com uma fina camada sobre a \u00e1rea danificada da pele, uma ou duas vezes por dia at\u00e9 a cicatriza\u00e7\u00e3o. A \u00e1rea tratada n\u00e3o precisa ser coberta.<\/span><\/p>\n<p><span style=\"font-size: x-large;\"><b>Quando n\u00e3o usar:<\/b><\/span><\/p>\n<p><span style=\"font-size: x-large;\">\u00a0 \u00a0Se voc\u00ea for sens\u00edvel a qualquer um dos ingredientes deste produto, ele n\u00e3o \u00e9 recomendado. Ele tamb\u00e9m n\u00e3o deve ser usado em combina\u00e7\u00e3o com antibi\u00f3ticos, sulfonamidas ou outras prepara\u00e7\u00f5es \u00e0 base de bact\u00e9rias.<\/span><\/p>\n<p><span style=\"font-size: x-large;\"><b>Informa\u00e7\u00f5es importantes:<\/b><\/span><\/p>\n<p><span style=\"font-size: x-large;\"><span style=\"color: #127622;\"><b>Em humanos, o uso de pomada:<\/b><\/span><\/span><\/p>\n<p><span style=\"font-size: large;\">Aplique uma camada fina de 1 a 2 vezes ao dia na \u00e1rea afetada at\u00e9 que a ferida esteja cicatrizada.<\/span><\/p>\n<p><span style=\"font-size: large;\">A superdosagem n\u00e3o \u00e9 poss\u00edvel.<\/span><\/p>\n<p><span style=\"font-size: x-large;\"><span style=\"color: #127622;\"><b>Para animais, a aplica\u00e7\u00e3o de pomada:<\/b><\/span><\/span><\/p>\n<p><span style=\"font-size: x-large;\">Uma vez que os animais tenham sido tratados, n\u00e3o h\u00e1 tempo de espera para que sua carne ou outros produtos (por exemplo, ovos, leite) possam ser usados como alimento, ou seja, podem ser consumidos imediatamente.<\/span><\/p>\n<p><span style=\"font-size: x-large;\"><b>\u00c1reas de uso:<\/b><\/span><\/p>\n<p><span style=\"font-size: x-large;\">Pode ser usado para tratar feridas, tecidos infectados ou mortos, queimaduras e dermatites em v\u00e1rias esp\u00e9cies de animais - dom\u00e9sticos, de fazenda, selvagens, de pele e aves.<\/span><\/p>\n<p><span style=\"font-size: x-large;\"><b>Efeitos colaterais:<\/b><\/span><\/p>\n<p><span style=\"font-size: x-large;\">Com o uso adequado, os efeitos colaterais s\u00e3o raros ou inexistentes.<\/span><\/p>\n<p><span style=\"font-size: x-large;\"><b>Armazenamento :<\/b><\/span><\/p>\n<p><span style=\"font-size: x-large;\">A pomada deve ser armazenada em um local fresco (0-10 \u00b0C), seco e escuro, fora do alcance de crian\u00e7as e animais. Ela deve permanecer a 20 \u00b0C por no m\u00e1ximo 2 semanas durante o transporte. Pode ser usado por 2 anos a partir da data de fabrica\u00e7\u00e3o.<\/span><\/p>","protected":false},"excerpt":{"rendered":"<p>A <strong>Pomada Bioseptin<\/strong> propriedades antiss\u00e9pticas, anti-inflamat\u00f3rias e proteol\u00edticas. Ele cont\u00e9m <strong>Bacillus subtilis<\/strong> e <strong>Bacillus licheniformis<\/strong> Os esporos bacterianos s\u00e3o eficazes contra uma ampla gama de agentes patog\u00eanicos. Eles matam bact\u00e9rias patog\u00eanicas na superf\u00edcie da ferida, independentemente de viverem em um ambiente com ou sem demanda de oxig\u00eanio, especialmente os tipos Gram-positivos. Eles ajudam a quebrar o tecido morto e as bact\u00e9rias nocivas, evitando a reinfec\u00e7\u00e3o e acelerando a cicatriza\u00e7\u00e3o da ferida. A pomada n\u00e3o causa irrita\u00e7\u00e3o e n\u00e3o h\u00e1 rea\u00e7\u00f5es al\u00e9rgicas.<\/p>\n<div class=\"plashka\">\n<h5>Propriedades e mecanismo de a\u00e7\u00e3o:<br \/>\nBioseptin - pomada com propriedades de cuidados com a pele, antiss\u00e9pticas, anti-inflamat\u00f3rias e proteol\u00edticas.<\/h5>\n<\/div>","protected":false},"featured_media":6958,"comment_status":"open","ping_status":"closed","template":"","meta":[],"product_brand":[],"product_cat":[22],"product_tag":[],"class_list":{"0":"post-6957","1":"product","2":"type-product","3":"status-publish","4":"has-post-thumbnail","6":"product_cat-vetom-probiotikumok","8":"first","9":"outofstock","10":"taxable","11":"shipping-taxable","12":"purchasable","13":"product-type-simple"},"_links":{"self":[{"href":"https:\/\/vetomshop.hu\/pt\/wp-json\/wp\/v2\/product\/6957","targetHints":{"allow":["GET"]}}],"collection":[{"href":"https:\/\/vetomshop.hu\/pt\/wp-json\/wp\/v2\/product"}],"about":[{"href":"https:\/\/vetomshop.hu\/pt\/wp-json\/wp\/v2\/types\/product"}],"replies":[{"embeddable":true,"href":"https:\/\/vetomshop.hu\/pt\/wp-json\/wp\/v2\/comments?post=6957"}],"wp:featuredmedia":[{"embeddable":true,"href":"https:\/\/vetomshop.hu\/pt\/wp-json\/wp\/v2\/media\/6958"}],"wp:attachment":[{"href":"https:\/\/vetomshop.hu\/pt\/wp-json\/wp\/v2\/media?parent=6957"}],"wp:term":[{"taxonomy":"product_brand","embeddable":true,"href":"https:\/\/vetomshop.hu\/pt\/wp-json\/wp\/v2\/product_brand?post=6957"},{"taxonomy":"product_cat","embeddable":true,"href":"https:\/\/vetomshop.hu\/pt\/wp-json\/wp\/v2\/product_cat?post=6957"},{"taxonomy":"product_tag","embeddable":true,"href":"https:\/\/vetomshop.hu\/pt\/wp-json\/wp\/v2\/product_tag?post=6957"}],"curies":[{"name":"wp","href":"https:\/\/api.w.org\/{rel}","templated":true}]}}