{"id":7344,"date":"2026-01-20T14:50:44","date_gmt":"2026-01-20T13:50:44","guid":{"rendered":"https:\/\/vetomshop.hu\/?post_type=product&#038;p=7344"},"modified":"2026-03-03T07:55:43","modified_gmt":"2026-03-03T06:55:43","slug":"vektor-animals-1-2-vetom-1-2-probiotikum-por-formajaban-3-bakteriumtorzzsel-allatok-szamara-belflora-es-immunitas-1x5-g","status":"publish","type":"product","link":"https:\/\/vetomshop.hu\/pt\/produto\/vektor-animals-1-2-vetom-1-2-probiotikum-por-formajaban-3-bakteriumtorzzsel-allatok-szamara-belflora-es-immunitas-1x5-g\/","title":{"rendered":"Vektor Animals 1.2 (Vetom 1.2) - Probi\u00f3tico em p\u00f3 com 3 cepas de bact\u00e9rias para animais (flora intestinal e imunidade) <span style=\"color:red\">1\u00d75 g<\/span>"},"content":{"rendered":"<h3>Vektor Animals 1.2 (Vetom 1.2) - Probi\u00f3tico de amplo espectro (3 cepas)<\/h3>\n<div class=\"plashka\">A <strong>Animais Vetoriais <span style=\"color: red;\">1.2<\/span><\/strong> uma f\u00f3rmula refor\u00e7ada que <strong>tr\u00eas tipos de cepas bacterianas ativas<\/strong> incluem. \u00c9 uma formula\u00e7\u00e3o universal: \u00e9 adequada para mam\u00edferos, aves, peixes, r\u00e9pteis e abelhas para restaurar a resist\u00eancia natural.<\/div>\n<h5>Ingredientes ativos - A prote\u00e7\u00e3o tripla<\/h5>\n<p>A efic\u00e1cia do produto \u00e9 garantida por uma combina\u00e7\u00e3o das seguintes cepas bacterianas especialmente selecionadas:<\/p>\n<ul class=\"vetom-list\">\n<li>Bacillus subtilis VKPM B-10641<\/li>\n<li>Bacillus amyloliquefaciens VKPM B-10642<\/li>\n<li>Bacillus amyloliquefaciens VKPM B-10643<\/li>\n<\/ul>\n<h5>Para quem \u00e9 recomendado (animais-alvo)<\/h5>\n<p>O produto \u00e9 \u00fanico, pois pode ser usado em quase todas as esp\u00e9cies animais:<\/p>\n<ul class=\"vetom-list\">\n<li><strong>Animais de estima\u00e7\u00e3o:<\/strong> C\u00e3es, gatos (qualquer ra\u00e7a), roedores (hamster, porquinho-da-\u00edndia, coelho, etc.).<\/li>\n<li><strong>Animais \u00fateis:<\/strong> Gado, porcos, ovelhas, cabras, cavalos.<\/li>\n<li><strong>Aves:<\/strong> Aves ornamentais (papagaio, can\u00e1rio) e aves dom\u00e9sticas.<\/li>\n<li><strong>Animais especiais:<\/strong> R\u00e9pteis (tartaruga, lagarto, cobra), anf\u00edbios e peixes de aqu\u00e1rio (dissolvidos em \u00e1gua).<\/li>\n<li><strong>Abelhas:<\/strong> Para reduzir a mortalidade por infec\u00e7\u00f5es.<\/li>\n<\/ul>\n<h5>Quando us\u00e1-lo?<\/h5>\n<p>O produto pode ser usado para fins profil\u00e1ticos (preventivos) e terap\u00eauticos:<\/p>\n<ul class=\"vetom-list\">\n<li><strong>Ap\u00f3s um curso de antibi\u00f3ticos:<\/strong> Para restaurar a flora intestinal e tratar a disbiose.<\/li>\n<li><strong>Em situa\u00e7\u00f5es estressantes:<\/strong> Durante a troca de ra\u00e7\u00e3o, o transporte ou o estresse da agricultura industrial.<\/li>\n<li><strong>Refor\u00e7o imunol\u00f3gico:<\/strong> Como suplemento \u00e0s vacinas para uma resposta imunol\u00f3gica mais duradoura.<\/li>\n<li><strong>Para aumentar a produ\u00e7\u00e3o:<\/strong> Para aumentar a produ\u00e7\u00e3o de ovos em aves e estimular o ganho de peso e o crescimento em animais de cria\u00e7\u00e3o.<\/li>\n<li><strong>Preven\u00e7\u00e3o de doen\u00e7as:<\/strong> Por exemplo, para reduzir infec\u00e7\u00f5es em abelhas e inflama\u00e7\u00f5es p\u00f3s-parto (endometrite, mastite) em vacas.<\/li>\n<\/ul>\n<h5>Instru\u00e7\u00f5es de dosagem<\/h5>\n<p>O p\u00f3 pode ser administrado individualmente (misturado em \u00e1gua\/refei\u00e7\u00e3o) ou em grupos. <strong>Dose b\u00e1sica: 50 mg\/kg de peso vivo.<\/strong> <\/p>\n<ul class=\"vetom-list\">\n<li><strong>Preven\u00e7\u00e3o (cura):<\/strong> 1 vez por dia durante 15 a 20 dias. Repetir a cada trimestre.<\/li>\n<li><strong>Terapia (em caso de doen\u00e7a):<\/strong> 2 vezes ao dia (a cada 8-10 horas) at\u00e9 o desaparecimento dos sintomas. Em casos graves, 4 vezes ao dia (a cada 6 horas).<\/li>\n<li><strong>Corre\u00e7\u00e3o da defici\u00eancia imunol\u00f3gica:<\/strong> 1-2 vezes ao dia por 5-10 dias.<\/li>\n<li><strong>Dosagem em grupo:<\/strong> 15.000 ra\u00e7\u00f5es por tonelada de ra\u00e7\u00e3o ou \u00e1gua.<\/li>\n<\/ul>\n<p><em>Observa\u00e7\u00e3o: O produto n\u00e3o causa habitua\u00e7\u00e3o ou resist\u00eancia.<\/em><\/p>","protected":false},"excerpt":{"rendered":"<div class=\"plashka\">A <strong>Animais Vetoriais <span style=\"color: red;\">1.2<\/span><\/strong> (Vetom 1.2) \u00e9 um probi\u00f3tico que cont\u00e9m 3 cepas de bact\u00e9rias que <strong>Bacillus subtilis<\/strong> e <strong>Bacillus amyloliquefaciens<\/strong> apoia a sa\u00fade animal com esporos.<\/div>\n<h5>Principais benef\u00edcios:<\/h5>\n<ul class=\"vetom-list\">\n<li><strong>Universal:<\/strong> Ele pode ser administrado a c\u00e3es, gatos, animais dom\u00e9sticos e at\u00e9 mesmo peixes e abelhas.<\/li>\n<li><strong>O efeito triplo:<\/strong> As 3 cepas diferentes de bact\u00e9rias proporcionam uma prote\u00e7\u00e3o mais ampla contra infec\u00e7\u00f5es.<\/li>\n<li><strong>Efici\u00eancia:<\/strong> Ele aumenta a produtividade, melhora o crescimento e reduz a necessidade de medicamentos.<\/li>\n<li><strong>Seguran\u00e7a:<\/strong> Ele n\u00e3o desenvolve resist\u00eancia e \u00e9 altamente recomendado ap\u00f3s um curso de antibi\u00f3ticos.<\/li>\n<\/ul>","protected":false},"featured_media":7347,"comment_status":"open","ping_status":"closed","template":"","meta":[],"product_brand":[],"product_cat":[38,40],"product_tag":[],"class_list":{"0":"post-7344","1":"product","2":"type-product","3":"status-publish","4":"has-post-thumbnail","6":"product_cat-vektor-animals-vetom","7":"product_cat-vektor-animals-1-2","9":"first","10":"instock","11":"featured","12":"taxable","13":"shipping-taxable","14":"purchasable","15":"product-type-simple"},"_links":{"self":[{"href":"https:\/\/vetomshop.hu\/pt\/wp-json\/wp\/v2\/product\/7344","targetHints":{"allow":["GET"]}}],"collection":[{"href":"https:\/\/vetomshop.hu\/pt\/wp-json\/wp\/v2\/product"}],"about":[{"href":"https:\/\/vetomshop.hu\/pt\/wp-json\/wp\/v2\/types\/product"}],"replies":[{"embeddable":true,"href":"https:\/\/vetomshop.hu\/pt\/wp-json\/wp\/v2\/comments?post=7344"}],"wp:featuredmedia":[{"embeddable":true,"href":"https:\/\/vetomshop.hu\/pt\/wp-json\/wp\/v2\/media\/7347"}],"wp:attachment":[{"href":"https:\/\/vetomshop.hu\/pt\/wp-json\/wp\/v2\/media?parent=7344"}],"wp:term":[{"taxonomy":"product_brand","embeddable":true,"href":"https:\/\/vetomshop.hu\/pt\/wp-json\/wp\/v2\/product_brand?post=7344"},{"taxonomy":"product_cat","embeddable":true,"href":"https:\/\/vetomshop.hu\/pt\/wp-json\/wp\/v2\/product_cat?post=7344"},{"taxonomy":"product_tag","embeddable":true,"href":"https:\/\/vetomshop.hu\/pt\/wp-json\/wp\/v2\/product_tag?post=7344"}],"curies":[{"name":"wp","href":"https:\/\/api.w.org\/{rel}","templated":true}]}}