{"id":7353,"date":"2026-01-20T12:00:23","date_gmt":"2026-01-20T11:00:23","guid":{"rendered":"https:\/\/vetomshop.hu\/?post_type=product&#038;p=7353"},"modified":"2026-03-02T20:21:35","modified_gmt":"2026-03-02T19:21:35","slug":"vektor-animals-3-vetom-3-probiotikus-por-allatoknak-bacillus-amyloliquefaciens-500-g","status":"publish","type":"product","link":"https:\/\/vetomshop.hu\/pt\/produto\/vektor-animals-3-vetom-3-probiotikus-por-allatoknak-bacillus-amyloliquefaciens-500-g\/","title":{"rendered":"Vektor Animals 3 (Vetom 3) - Probi\u00f3tico em p\u00f3 para animais (Bacillus amyloliquefaciens) - <span style=\"color:red\">500 g<\/span>"},"content":{"rendered":"<h3>Vektor Animals 3 (Vetom 3) - Probi\u00f3tico com cepa bacteriana especial<\/h3>\n<div class=\"plashka\">A <strong>Animais Vetoriais <span style=\"color: red;\">3<\/span><\/strong> (Vetom 3) \u00e9 uma prepara\u00e7\u00e3o probi\u00f3tica que <strong>Bacillus amyloliquefaciens<\/strong> (VKPM B-10642) restaura o equil\u00edbrio da flora intestinal com o poder de uma cepa bacteriana. Universal para todas as esp\u00e9cies de animais, inclusive abelhas e peixes de aqu\u00e1rio.<\/div>\n<h5>Subst\u00e2ncia ativa e mecanismo de a\u00e7\u00e3o<\/h5>\n<p>Ele \u00e9 baseado em uma bact\u00e9ria especial formadora de esporos:<\/p>\n<ul class=\"vetom-list\">\n<li><strong>Bacillus amyloliquefaciens<\/strong> VKPM B-10642 (DSM 24614)<\/li>\n<\/ul>\n<p>Essa cepa \u00e9 ativa no c\u00f3lon, produzindo enzimas proteol\u00edticas, amilol\u00edticas e celulol\u00edticas que ajudam a quebrar e absorver nutrientes e inibir a multiplica\u00e7\u00e3o de pat\u00f3genos.<\/p>\n<h5>Quando seu uso \u00e9 recomendado?<\/h5>\n<p>O produto \u00e9 uma excelente terapia preventiva e adjuvante para:<\/p>\n<ul class=\"vetom-list\">\n<li><strong>Ap\u00f3s um curso de antibi\u00f3ticos:<\/strong> Para regenerar a flora intestinal danificada por medicamentos.<\/li>\n<li><strong>Para indigest\u00e3o:<\/strong> Em caso de diarreia, disbiose ou estresse causado por uma mudan\u00e7a de alimenta\u00e7\u00e3o.<\/li>\n<li><strong>Refor\u00e7o imunol\u00f3gico:<\/strong> Para aumentar a efic\u00e1cia das vacinas e dos tratamentos medicamentosos.<\/li>\n<li><strong>Para maximizar a produ\u00e7\u00e3o:<\/strong> Para melhorar o ganho de peso e a convers\u00e3o alimentar em animais de produ\u00e7\u00e3o.<\/li>\n<li><strong>Nas abelhas:<\/strong> Para aumentar a resist\u00eancia das col\u00f4nias e reduzir a mortalidade por infec\u00e7\u00f5es.<\/li>\n<\/ul>\n<h5>Animais-alvo<\/h5>\n<p>Amplamente aplic\u00e1vel:<\/p>\n<ul class=\"vetom-list\">\n<li><strong>Animais de estima\u00e7\u00e3o:<\/strong> C\u00e3es, gatos, roedores.<\/li>\n<li><strong>Animais \u00fateis:<\/strong> Gado, porcos, ovelhas, cabras, cavalos, aves.<\/li>\n<li><strong>Animais ex\u00f3ticos:<\/strong> R\u00e9pteis, anf\u00edbios, peixes ornamentais (dissolvidos na \u00e1gua).<\/li>\n<\/ul>\n<h5>Recomenda\u00e7\u00e3o de dosagem<\/h5>\n<p>O p\u00f3 deve ser misturado em \u00e1gua, ra\u00e7\u00e3o ou pr\u00e9-mistura. <strong>Dose b\u00e1sica: 50 mg\/kg de peso vivo.<\/strong><\/p>\n<ul class=\"vetom-list\">\n<li><strong>Preven\u00e7\u00e3o (cura):<\/strong> 1 vez por dia durante 15 a 20 dias. Repetir de 3 a 4 vezes por ano.<\/li>\n<li><strong>Terapia:<\/strong> 2 vezes ao dia (a cada 8-10 horas) at\u00e9 o desaparecimento dos sintomas. Em casos graves, a frequ\u00eancia pode ser aumentada para 4 vezes ao dia (a cada 6 horas).<\/li>\n<li><strong>Corre\u00e7\u00e3o da defici\u00eancia imunol\u00f3gica:<\/strong> 1-2 vezes ao dia por 5-10 dias.<\/li>\n<li><strong>Dosagem em grupo:<\/strong> 15.000 ra\u00e7\u00f5es por tonelada de ra\u00e7\u00e3o.<\/li>\n<\/ul>\n<h5>Informa\u00e7\u00f5es importantes<\/h5>\n<ul class=\"vetom-list\">\n<li>N\u00e3o causa resist\u00eancia ou habitua\u00e7\u00e3o.<\/li>\n<li>Os sintomas de overdose n\u00e3o s\u00e3o conhecidos.<\/li>\n<li>N\u00e3o h\u00e1 tempo de espera pela comida.<\/li>\n<\/ul>","protected":false},"excerpt":{"rendered":"<div class=\"plashka\">A <strong>Animais Vetoriais <span style=\"color: red;\">3<\/span><\/strong> (Vetom 3) <strong>Bacillus amyloliquefaciens<\/strong> um probi\u00f3tico que cont\u00e9m esporos que ajudam a manter um sistema digestivo saud\u00e1vel e a fortalecer o sistema imunol\u00f3gico.<\/div>\n<h5>Principais benef\u00edcios:<\/h5>\n<ul class=\"vetom-list\">\n<li><strong>Prote\u00e7\u00e3o da flora intestinal:<\/strong> Especialmente eficaz ap\u00f3s cursos de antibi\u00f3ticos.<\/li>\n<li><strong>Um amplo espectro:<\/strong> Ele pode ser administrado a qualquer esp\u00e9cie de animal, de peixes a cavalos.<\/li>\n<li><strong>Econ\u00f4mico:<\/strong> Ele melhora a utiliza\u00e7\u00e3o da ra\u00e7\u00e3o e reduz o risco de doen\u00e7as.<\/li>\n<li><strong>\u00c9 seguro:<\/strong> Totalmente natural, sem efeitos colaterais.<\/li>\n<\/ul>","protected":false},"featured_media":7354,"comment_status":"open","ping_status":"closed","template":"","meta":[],"product_brand":[],"product_cat":[38,41],"product_tag":[],"class_list":{"0":"post-7353","1":"product","2":"type-product","3":"status-publish","4":"has-post-thumbnail","6":"product_cat-vektor-animals-vetom","7":"product_cat-vektor-animals-3","9":"first","10":"instock","11":"featured","12":"taxable","13":"shipping-taxable","14":"purchasable","15":"product-type-simple"},"_links":{"self":[{"href":"https:\/\/vetomshop.hu\/pt\/wp-json\/wp\/v2\/product\/7353","targetHints":{"allow":["GET"]}}],"collection":[{"href":"https:\/\/vetomshop.hu\/pt\/wp-json\/wp\/v2\/product"}],"about":[{"href":"https:\/\/vetomshop.hu\/pt\/wp-json\/wp\/v2\/types\/product"}],"replies":[{"embeddable":true,"href":"https:\/\/vetomshop.hu\/pt\/wp-json\/wp\/v2\/comments?post=7353"}],"wp:featuredmedia":[{"embeddable":true,"href":"https:\/\/vetomshop.hu\/pt\/wp-json\/wp\/v2\/media\/7354"}],"wp:attachment":[{"href":"https:\/\/vetomshop.hu\/pt\/wp-json\/wp\/v2\/media?parent=7353"}],"wp:term":[{"taxonomy":"product_brand","embeddable":true,"href":"https:\/\/vetomshop.hu\/pt\/wp-json\/wp\/v2\/product_brand?post=7353"},{"taxonomy":"product_cat","embeddable":true,"href":"https:\/\/vetomshop.hu\/pt\/wp-json\/wp\/v2\/product_cat?post=7353"},{"taxonomy":"product_tag","embeddable":true,"href":"https:\/\/vetomshop.hu\/pt\/wp-json\/wp\/v2\/product_tag?post=7353"}],"curies":[{"name":"wp","href":"https:\/\/api.w.org\/{rel}","templated":true}]}}