{"id":7358,"date":"2026-01-20T16:45:04","date_gmt":"2026-01-20T15:45:04","guid":{"rendered":"https:\/\/vetomshop.hu\/?post_type=product&#038;p=7358"},"modified":"2026-03-03T07:55:22","modified_gmt":"2026-03-03T06:55:22","slug":"vektor-animals-3-vetom-3-probiotikum-por-allatoknak-bacillus-amyloliquefaciens-1x50-g","status":"publish","type":"product","link":"https:\/\/vetomshop.hu\/pt\/produto\/vektor-animals-3-vetom-3-probiotikum-por-allatoknak-bacillus-amyloliquefaciens-1x50-g\/","title":{"rendered":"Vektor Animals 3 (Vetom 3) - P\u00f3 probi\u00f3tico para animais (Bacillus amyloliquefaciens) <span style=\"color:red\">1\u00d750 g<\/span>"},"content":{"rendered":"<h3>Vektor Animals 3 (Vetom 3) - Probi\u00f3tico com cepa bacteriana especial<\/h3>\n<div class=\"plashka\">\n<p>O Vetom 3 \u00e9 um probi\u00f3tico natural baseado nos efeitos ben\u00e9ficos da cepa bacteriana Bacillus amyloliquefaciens. Essa bact\u00e9ria atua principalmente no intestino grosso, onde produz enzimas e subst\u00e2ncias ativas. S\u00e3o elas:<\/p>\n<p>* Suprimir bact\u00e9rias e fungos nocivos (patog\u00eanicos e condicionalmente patog\u00eanicos),<br \/>\n* Ajuda a remover a mat\u00e9ria n\u00e3o digerida do trato intestinal,<br \/>\n* Ajuda na absor\u00e7\u00e3o mais f\u00e1cil e melhor dos nutrientes,<br \/>\n* Ajuda a desintoxicar o corpo.<\/p>\n<p>O Vetom 3 ajuda a restaurar o equil\u00edbrio natural da flora intestinal, melhora a digest\u00e3o e o metabolismo e contribui para uma utiliza\u00e7\u00e3o mais eficiente dos nutrientes.<\/p>\n<h2>Benef\u00edcios:<\/h2>\n<p>* Propriedades antibacterianas e antif\u00fangicas<br \/>\n* Antiviral, produtor de enzimas, suporte digestivo<br \/>\n* Fortalece a resposta imune celular e humoral<br \/>\n* Aumenta a resist\u00eancia do corpo<br \/>\n* Ajuda a reduzir as rea\u00e7\u00f5es al\u00e9rgicas<br \/>\n* Apoia a renova\u00e7\u00e3o celular e pode inibir a forma\u00e7\u00e3o de c\u00e9lulas tumorais.<br \/>\n* Melhora o efeito de outros medicamentos e reduz seus efeitos colaterais<br \/>\n* Protege o corpo em n\u00edvel celular e ajuda a evitar o desenvolvimento de tumores.<\/p>\n<h2>Sugest\u00e3o de uso:<\/h2>\n<p><strong>Dosagem recomendada:<\/strong><br \/>\n* Recomenda-se 1 c\u00e1psula 2 a 3 vezes ao dia durante 10 dias, antes, durante ou ap\u00f3s as refei\u00e7\u00f5es, com uma pequena quantidade de l\u00edquido (\u00e1gua, ch\u00e1 ou suco). Monitore a resposta do organismo durante o tratamento e aumente a dose gradualmente, se necess\u00e1rio, at\u00e9 5 a 10 c\u00e1psulas por dia.<\/p>\n<p>*O tratamento pode ser repetido a qualquer momento ap\u00f3s um intervalo de uma a duas semanas. \u00c9 aconselh\u00e1vel alternar com outro tipo de produto Vetom de tempos em tempos para apoiar totalmente a sa\u00fade do corpo e do trato intestinal.<\/p>\n<h2>Principais recursos:<\/h2>\n<p>*Sem efeitos colaterais<br \/>\n*Sem restri\u00e7\u00f5es de idade<br \/>\n*N\u00e3o deve ser tomado em excesso<br \/>\n*Sem v\u00edcio<\/p>\n<h2>\u00c1rea de uso:<\/h2>\n<p>\u00c9 recomendado como um suplemento diet\u00e9tico biologicamente ativo para melhorar a condi\u00e7\u00e3o do trato gastrointestinal e restaurar o equil\u00edbrio da flora intestinal.<\/p>\n<h2>Contra-indica\u00e7\u00f5es:<\/h2>\n<p>O produto n\u00e3o \u00e9 recomendado se voc\u00ea for al\u00e9rgico ou hipersens\u00edvel a qualquer um de seus ingredientes.<\/p>\n<h2>Informa\u00e7\u00f5es importantes:<\/h2>\n<p>* Use durante a gravidez e a amamenta\u00e7\u00e3o somente sob orienta\u00e7\u00e3o m\u00e9dica.<br \/>\n* N\u00e3o afeta a dire\u00e7\u00e3o ou a opera\u00e7\u00e3o de m\u00e1quinas perigosas.<\/p>\n<h2>Dosagem e composi\u00e7\u00e3o:<\/h2>\n<p>* 10 c\u00e1psulas em embalagens blister, 5 embalagens em uma caixa de papel\u00e3o (50 c\u00e1psulas no total)<br \/>\n* Peso l\u00edquido: 0,1 kg<br \/>\n* Tamanho: 4,5 \u00d7 6,5 \u00d7 8 cm<\/p>\n<h2>Conte\u00fado de uma c\u00e1psula:<\/h2>\n<p>* Extrato de milho: 133 mg<br \/>\n* Amido de batata: 100 mg<br \/>\n* Sacarose (a\u00e7\u00facar de confeiteiro): 67 mg<br \/>\n* Cultura bacteriana Bacillus amyloliquefaciens* (DSM 24613) - 30 mg (1\u00d710\u2079 CFU\/g)<\/p>\n<p>Equivalente alternativo em forma de gota: Vetom 3.22 (10 ml)<\/p>\n<p>Pa\u00eds de origem: <strong>R\u00fassia<\/strong><\/p>\n<\/div>","protected":false},"excerpt":{"rendered":"<div class=\"plashka\">A <strong>Animais Vetoriais <span style=\"color: red;\">3<\/span><\/strong> (Vetom 3) <strong>Bacillus amyloliquefaciens<\/strong> um probi\u00f3tico que cont\u00e9m esporos que ajudam a manter um sistema digestivo saud\u00e1vel e a fortalecer o sistema imunol\u00f3gico.<\/div>\n<h5>Principais benef\u00edcios:<\/h5>\n<ul class=\"vetom-list\">\n<li><strong>Prote\u00e7\u00e3o da flora intestinal:<\/strong> Especialmente eficaz ap\u00f3s cursos de antibi\u00f3ticos.<\/li>\n<li><strong>Um amplo espectro:<\/strong> Ele pode ser administrado a qualquer esp\u00e9cie de animal, de peixes a cavalos.<\/li>\n<li><strong>Econ\u00f4mico:<\/strong> Ele melhora a utiliza\u00e7\u00e3o da ra\u00e7\u00e3o e reduz o risco de doen\u00e7as.<\/li>\n<li><strong>\u00c9 seguro:<\/strong> Totalmente natural, sem efeitos colaterais.<\/li>\n<\/ul>","protected":false},"featured_media":7359,"comment_status":"open","ping_status":"closed","template":"","meta":[],"product_brand":[],"product_cat":[38,41],"product_tag":[],"class_list":{"0":"post-7358","1":"product","2":"type-product","3":"status-publish","4":"has-post-thumbnail","6":"product_cat-vektor-animals-vetom","7":"product_cat-vektor-animals-3","9":"first","10":"instock","11":"featured","12":"taxable","13":"shipping-taxable","14":"purchasable","15":"product-type-simple"},"_links":{"self":[{"href":"https:\/\/vetomshop.hu\/pt\/wp-json\/wp\/v2\/product\/7358","targetHints":{"allow":["GET"]}}],"collection":[{"href":"https:\/\/vetomshop.hu\/pt\/wp-json\/wp\/v2\/product"}],"about":[{"href":"https:\/\/vetomshop.hu\/pt\/wp-json\/wp\/v2\/types\/product"}],"replies":[{"embeddable":true,"href":"https:\/\/vetomshop.hu\/pt\/wp-json\/wp\/v2\/comments?post=7358"}],"wp:featuredmedia":[{"embeddable":true,"href":"https:\/\/vetomshop.hu\/pt\/wp-json\/wp\/v2\/media\/7359"}],"wp:attachment":[{"href":"https:\/\/vetomshop.hu\/pt\/wp-json\/wp\/v2\/media?parent=7358"}],"wp:term":[{"taxonomy":"product_brand","embeddable":true,"href":"https:\/\/vetomshop.hu\/pt\/wp-json\/wp\/v2\/product_brand?post=7358"},{"taxonomy":"product_cat","embeddable":true,"href":"https:\/\/vetomshop.hu\/pt\/wp-json\/wp\/v2\/product_cat?post=7358"},{"taxonomy":"product_tag","embeddable":true,"href":"https:\/\/vetomshop.hu\/pt\/wp-json\/wp\/v2\/product_tag?post=7358"}],"curies":[{"name":"wp","href":"https:\/\/api.w.org\/{rel}","templated":true}]}}