{"id":7379,"date":"2026-01-20T17:30:45","date_gmt":"2026-01-20T16:30:45","guid":{"rendered":"https:\/\/vetomshop.hu\/?post_type=product&#038;p=7379"},"modified":"2026-04-27T03:16:23","modified_gmt":"2026-04-27T01:16:23","slug":"bioseptin-probiotikus-sebkezelo-kenocs-60-g","status":"publish","type":"product","link":"https:\/\/vetomshop.hu\/pt\/produto\/bioseptin-probiotikus-sebkezelo-kenocs-60-g\/","title":{"rendered":"Bioseptin - Pomada probi\u00f3tica para tratamento de feridas em animais (Bacillus amyloliquefaciens) - <span style=\"color:red\">60 g<\/span>"},"content":{"rendered":"<h3>Bioseptin - Pomada probi\u00f3tica para tratamento de feridas em animais<\/h3>\n<div class=\"plashka\">A <strong>Bioseptina<\/strong> uma pomada probi\u00f3tica exclusiva para uso externo. Ao vivo em <strong>Bacillus amyloliquefaciens<\/strong> cont\u00e9m bact\u00e9rias que limpam naturalmente as feridas, inibem a inflama\u00e7\u00e3o e formam uma barreira biol\u00f3gica na pele danificada.<\/div>\n<h5>Subst\u00e2ncia ativa e mecanismo de a\u00e7\u00e3o<\/h5>\n<p>A pomada cont\u00e9m duas cepas industriais especiais de bact\u00e9rias (VKPM B-10642 e B-10643), que agem penetrando na ferida:<\/p>\n<ul class=\"vetom-list\">\n<li><strong>Limpeza da ferida (lise):<\/strong> Eles produzem enzimas proteol\u00edticas que dissolvem (lise) o tecido morto e necr\u00f3tico, limpando a ferida.<\/li>\n<li><strong>Treinamento em biofilme:<\/strong> As bact\u00e9rias criam um biofilme fino que impede a entrada de pat\u00f3genos externos na cavidade da ferida (portanto, n\u00e3o \u00e9 necess\u00e1rio curativo).<\/li>\n<li><strong>Efeito antiss\u00e9ptico:<\/strong> Eles inibem o crescimento de bact\u00e9rias causadoras de pus e outras bact\u00e9rias patog\u00eanicas.<\/li>\n<li><strong>Reduzir a inflama\u00e7\u00e3o:<\/strong> Eles aceleram a regenera\u00e7\u00e3o e acalmam a \u00e1rea danificada.<\/li>\n<\/ul>\n<h5>\u00c1reas de aplica\u00e7\u00e3o<\/h5>\n<p>O produto pode ser usado em todas as esp\u00e9cies de animais (animais de estima\u00e7\u00e3o, animais de fazenda, animais selvagens, p\u00e1ssaros):<\/p>\n<ul class=\"vetom-list\">\n<li>Tratamento de feridas cortadas e escoriadas.<\/li>\n<li>Para curar queimaduras.<\/li>\n<li>Para inflama\u00e7\u00f5es da pele (dermatite) e outras les\u00f5es cut\u00e2neas.<\/li>\n<li>Para o tratamento de feridas ulcerativas que n\u00e3o cicatrizam.<\/li>\n<\/ul>\n<h5>Instru\u00e7\u00f5es de uso<\/h5>\n<p>Somente para uso externo!<\/p>\n<ul class=\"vetom-list\">\n<li><strong>Dosagem:<\/strong> Aplique uma camada fina sobre a superf\u00edcie danificada uma ou duas vezes ao dia.<\/li>\n<li><strong>Dura\u00e7\u00e3o:<\/strong> O tratamento deve ser continuado at\u00e9 a recupera\u00e7\u00e3o total.<\/li>\n<li><strong>Encaderna\u00e7\u00e3o:<\/strong> Feridas tratadas com Bioseptin <strong>n\u00e3o \u00e9 necess\u00e1rio fazer curativos<\/strong>, O biofilme que se forma protege a \u00e1rea.<\/li>\n<\/ul>\n<h5>Seguran\u00e7a e armazenamento<\/h5>\n<ul class=\"vetom-list\">\n<li><strong>\u00c9 seguro:<\/strong> Tamb\u00e9m pode ser usado em animais prenhes e lactantes. N\u00e3o s\u00e3o conhecidos efeitos colaterais.<\/li>\n<li><strong>Contraindica\u00e7\u00f5es:<\/strong> N\u00e3o use ao mesmo tempo que pomadas contendo antibi\u00f3ticos ou sulfonamidas.<\/li>\n<li><strong>Armazenamento:<\/strong> Refrigerar sem abrir (0-10 \u00b0C). <strong>Pode ser usado at\u00e9 15 dias ap\u00f3s a abertura e armazenado em temperatura ambiente!<\/strong><\/li>\n<\/ul>","protected":false},"excerpt":{"rendered":"<div class=\"plashka\">A <strong>Bioseptina<\/strong> A pomada probi\u00f3tica cura feridas, queimaduras e inflama\u00e7\u00f5es da pele com flora bacteriana viva. Uma alternativa natural aos antiss\u00e9pticos tradicionais.<\/div>\n<h5>Principais benef\u00edcios:<\/h5>\n<ul class=\"vetom-list\">\n<li><strong>Cicatriza\u00e7\u00e3o natural de feridas:<\/strong> Ele remove o tecido morto e regenera a pele.<\/li>\n<li><strong>Bandagens invis\u00edveis:<\/strong> Ele forma um biofilme na ferida, portanto, n\u00e3o \u00e9 necess\u00e1rio nenhum curativo.<\/li>\n<li><strong>Universal:<\/strong> Seguro para c\u00e3es, gatos, cavalos e outros animais.<\/li>\n<li><strong>Gentil:<\/strong> N\u00e3o causa ard\u00eancia e \u00e9 anti-inflamat\u00f3rio.<\/li>\n<\/ul>","protected":false},"featured_media":7380,"comment_status":"open","ping_status":"closed","template":"","meta":[],"product_brand":[],"product_cat":[42,38],"product_tag":[],"class_list":{"0":"post-7379","1":"product","2":"type-product","3":"status-publish","4":"has-post-thumbnail","6":"product_cat-bioseptin-kenocs","7":"product_cat-vektor-animals-vetom","9":"first","10":"outofstock","11":"featured","12":"taxable","13":"shipping-taxable","14":"purchasable","15":"product-type-simple"},"_links":{"self":[{"href":"https:\/\/vetomshop.hu\/pt\/wp-json\/wp\/v2\/product\/7379","targetHints":{"allow":["GET"]}}],"collection":[{"href":"https:\/\/vetomshop.hu\/pt\/wp-json\/wp\/v2\/product"}],"about":[{"href":"https:\/\/vetomshop.hu\/pt\/wp-json\/wp\/v2\/types\/product"}],"replies":[{"embeddable":true,"href":"https:\/\/vetomshop.hu\/pt\/wp-json\/wp\/v2\/comments?post=7379"}],"wp:featuredmedia":[{"embeddable":true,"href":"https:\/\/vetomshop.hu\/pt\/wp-json\/wp\/v2\/media\/7380"}],"wp:attachment":[{"href":"https:\/\/vetomshop.hu\/pt\/wp-json\/wp\/v2\/media?parent=7379"}],"wp:term":[{"taxonomy":"product_brand","embeddable":true,"href":"https:\/\/vetomshop.hu\/pt\/wp-json\/wp\/v2\/product_brand?post=7379"},{"taxonomy":"product_cat","embeddable":true,"href":"https:\/\/vetomshop.hu\/pt\/wp-json\/wp\/v2\/product_cat?post=7379"},{"taxonomy":"product_tag","embeddable":true,"href":"https:\/\/vetomshop.hu\/pt\/wp-json\/wp\/v2\/product_tag?post=7379"}],"curies":[{"name":"wp","href":"https:\/\/api.w.org\/{rel}","templated":true}]}}