{"id":1020,"date":"2020-02-17T14:15:30","date_gmt":"2020-02-17T14:15:30","guid":{"rendered":"https:\/\/vetomshop.hu\/?page_id=1020"},"modified":"2024-09-26T18:57:13","modified_gmt":"2024-09-26T16:57:13","slug":"gyakori-kerdesek","status":"publish","type":"page","link":"https:\/\/vetomshop.hu\/ro\/gyakori-kerdesek\/","title":{"rendered":"\u00centreb\u0103ri frecvente"},"content":{"rendered":"<div class=\"wpb-content-wrapper\">\n<div  data-mk-stretch-content=\"true\" class=\"wpb_row vc_row vc_row-fluid jupiter-donut- mk-fullwidth-false  attched-false     js-master-row  mk-grid\">\n\t\t\t\t\n<div class=\"vc_col-sm-12 wpb_column column_container  jupiter-donut- _ jupiter-donut-height-full\">\n\t\n<div data-style=\"accordion-style\" data-initialindex=\"0\" id=\"mk-accordion-2\" class=\"mk-accordion mobile-false fancy-style\">\n\t<div class=\"wpb_accordion_wrapper\">\n\t\t\n<div id=\"\"class=\"mk-accordion-single\">\n\n\t<div class=\"mk-accordion-tab\">\n\t\t<i><svg  class=\"mk-svg-icon\" data-name=\"mk-icon-medkit\" data-cacheid=\"icon-69f901288cb9a\" xmlns=\"http:\/\/www.w3.org\/2000\/svg\" viewbox=\"0 0 1792 1792\"><path d=\"M1280 1120v-192q0-14-9-23t-23-9h-224v-224q0-14-9-23t-23-9h-192q-14 0-23 9t-9 23v224h-224q-14 0-23 9t-9 23v192q0 14 9 23t23 9h224v224q0 14 9 23t23 9h192q14 0 23-9t9-23v-224h224q14 0 23-9t9-23zm-640-736h512v-128h-512v128zm-384 0v1280h-32q-92 0-158-66t-66-158v-832q0-92 66-158t158-66h32zm1184 0v1280h-1088v-1280h160v-160q0-40 28-68t68-28h576q40 0 68 28t28 68v160h160zm352 224v832q0 92-66 158t-158 66h-32v-1280h32q92 0 158 66t66 158z\"\/><\/svg><\/i>\t\t<span>Ce este Vetom?<\/span>\n\t\t<svg  class=\"mk-svg-icon\" data-name=\"mk-icon-chevron-right\" data-cacheid=\"icon-69f901288cc56\" style=\" height:13px; width: 9.2857142857143px; \"  xmlns=\"http:\/\/www.w3.org\/2000\/svg\" viewbox=\"0 0 1280 1792\"><path d=\"M1107 877l-742 742q-19 19-45 19t-45-19l-166-166q-19-19-19-45t19-45l531-531-531-531q-19-19-19-45t19-45l166-166q19-19 45-19t45 19l742 742q19 19 19 45t-19 45z\"\/><\/svg>\t<\/div>\n\n\t<div class=\"mk-accordion-pane\">\n\t\t\t<div class=\"vc_custom_1716651722549\">\n\n<div id=\"text-block-3\" class=\"mk-text-block  jupiter-donut-\">\n\n\t\n\t<p><span style=\"color: #a58904;\"><strong>VETOM<\/strong><\/span>\u00a0- un probiotic foarte puternic care reface \u0219i conserv\u0103 structura mucoasei intestinale \u0219i microflora stomacului.<\/p>\n<p><img loading=\"lazy\" decoding=\"async\" class=\"size-full wp-image-623 aligncenter\" src=\"https:\/\/vetomshop.hu\/wp-content\/uploads\/2024\/05\/vetom-laboratorium.jpg\" alt=\"\" width=\"1464\" height=\"560\" \/><\/p>\n<p><strong><span style=\"color: #a58904;\">Cum combate Vetom infec\u021biile virale \u0219i bacteriene?<\/span><\/strong><\/p>\n<p>Substan\u021ba activ\u0103 din Vetom este Bacillus subtilis tulpina VKPM B 10641. Bacteriile apar\u021bin\u00e2nd acestei specii suprim\u0103 \u00een mod specific cre\u0219terea \u0219i dezvoltarea microflorei din afara tractului gastrointestinal prin antagonism direct fa\u021b\u0103 de agen\u021bii infec\u021bio\u0219i \u0219i indirect prin optimizarea sistemului imunitar al organismului prin producerea de interferon \u03b1-2 de leucocite umane.<\/p>\n<p>Interferon - o molecul\u0103 proteic\u0103 care asigur\u0103 imunitatea antiviral\u0103!<\/p>\n<p>Principalul mecanism de ac\u021biune al interferonului - suprimarea dezvolt\u0103rii \u0219i diviziunii. La doze fiziologice, aceast\u0103 ac\u021biune regleaz\u0103 replicarea viru\u0219ilor.<\/p>\n<p>Organismul s\u0103n\u0103tos reac\u021bioneaz\u0103 la invazia viru\u0219ilor prin producerea de interferoni, care \u00eempiedic\u0103 dezvoltarea ulterioar\u0103 a infec\u021biei.<\/p>\n<p><img loading=\"lazy\" decoding=\"async\" class=\"size-full wp-image-5647 aligncenter\" src=\"https:\/\/vetomshop.hu\/wp-content\/uploads\/2024\/05\/laborator.jpg\" alt=\"\" width=\"1000\" height=\"534\" srcset=\"https:\/\/vetomshop.hu\/wp-content\/uploads\/2024\/05\/laborator.jpg 1000w, https:\/\/vetomshop.hu\/wp-content\/uploads\/2024\/05\/laborator-300x160.jpg 300w, https:\/\/vetomshop.hu\/wp-content\/uploads\/2024\/05\/laborator-768x410.jpg 768w, https:\/\/vetomshop.hu\/wp-content\/uploads\/2024\/05\/laborator-600x320.jpg 600w\" sizes=\"auto, (max-width: 1000px) 100vw, 1000px\" \/>Deoarece Vetom stimuleaz\u0103 produc\u021bia de interferon, acesta este utilizat \u0219i pentru combaterea viru\u0219ilor \u0219i infec\u021biilor, inclusiv a coronavirusului:<\/p>\n<ul>\n<li>SARS (rinovirus, infec\u021bie cu coronavirus, virusuri gripale \u0219i parainfluenza);<\/li>\n<li>boli infec\u021bioase - diverse forme de leziuni herpetice (keratoconjunctivit\u0103 viral\u0103 \u0219i cheratit\u0103, keratouveit\u0103, herpes genital, zona zoster);<\/li>\n<li>hepatit\u0103 viral\u0103 acut\u0103 \u0219i cronic\u0103 [A, B, C, D (delta)].<\/li>\n<\/ul>\n\n\t<div class=\"clearboth\"><\/div>\n<\/div>\n\n\t<\/div>\n\n\t\t<div class=\"clearboth\"><\/div>\n\t<\/div>\n\n<\/div>\n\n<div id=\"\"class=\"mk-accordion-single\">\n\n\t<div class=\"mk-accordion-tab\">\n\t\t<i><svg  class=\"mk-svg-icon\" data-name=\"mk-icon-medkit\" data-cacheid=\"icon-69f901288d46b\" xmlns=\"http:\/\/www.w3.org\/2000\/svg\" viewbox=\"0 0 1792 1792\"><path d=\"M1280 1120v-192q0-14-9-23t-23-9h-224v-224q0-14-9-23t-23-9h-192q-14 0-23 9t-9 23v224h-224q-14 0-23 9t-9 23v192q0 14 9 23t23 9h224v224q0 14 9 23t23 9h192q14 0 23-9t9-23v-224h224q14 0 23-9t9-23zm-640-736h512v-128h-512v128zm-384 0v1280h-32q-92 0-158-66t-66-158v-832q0-92 66-158t158-66h32zm1184 0v1280h-1088v-1280h160v-160q0-40 28-68t68-28h576q40 0 68 28t28 68v160h160zm352 224v832q0 92-66 158t-158 66h-32v-1280h32q92 0 158 66t66 158z\"\/><\/svg><\/i>\t\t<span>Este Vetom potrivit pentru copii?<\/span>\n\t\t<svg  class=\"mk-svg-icon\" data-name=\"mk-icon-chevron-right\" data-cacheid=\"icon-69f901288d54b\" style=\" height:13px; width: 9.2857142857143px; \"  xmlns=\"http:\/\/www.w3.org\/2000\/svg\" viewbox=\"0 0 1280 1792\"><path d=\"M1107 877l-742 742q-19 19-45 19t-45-19l-166-166q-19-19-19-45t19-45l531-531-531-531q-19-19-19-45t19-45l166-166q19-19 45-19t45 19l742 742q19 19 19 45t-19 45z\"\/><\/svg>\t<\/div>\n\n\t<div class=\"mk-accordion-pane\">\n\t\t\t<div class=\"vc_custom_1675849573805\">\n\n<div id=\"text-block-4\" class=\"mk-text-block  jupiter-donut-\">\n\n\t\n\t<p><img loading=\"lazy\" decoding=\"async\" class=\"size-full wp-image-612 aligncenter\" src=\"\/\/vetom-egeszsegshop.hu\/wp-content\/uploads\/2023\/02\/probio-dity.jpg\" alt=\"\" width=\"1105\" height=\"600\" \/><\/p>\n<p>Probioticul nu are limit\u0103 de v\u00e2rst\u0103, astfel \u00eenc\u00e2t poate fi luat de adul\u021bi \u0219i copii.<\/p>\n<p>Pute\u021bi folosi forma lichid\u0103 de probiotic : 1-2 pic\u0103turi de 2-3 ori pe zi, diluate \u00een pu\u021bin\u0103 ap\u0103. De preferat ca o cur\u0103 de 10-14 zile.<\/p>\n<p>Sau se administreaz\u0103 sub form\u0103 de pulbere, 1 g de pulbere la 10 kg de greutate a copilului, de 2-3 ori pe zi. Pulberea poate fi diluat\u0103 \u00eentr-o cantitate mic\u0103 de lichid.<\/p>\n<p>De preferin\u021b\u0103, o cur\u0103 de 10-14 zile.<\/p>\n\n\t<div class=\"clearboth\"><\/div>\n<\/div>\n\n\t<\/div>\n\n\t\t<div class=\"clearboth\"><\/div>\n\t<\/div>\n\n<\/div>\n\n<div id=\"\"class=\"mk-accordion-single\">\n\n\t<div class=\"mk-accordion-tab\">\n\t\t<i><svg  class=\"mk-svg-icon\" data-name=\"mk-icon-medkit\" data-cacheid=\"icon-69f901288d8f5\" xmlns=\"http:\/\/www.w3.org\/2000\/svg\" viewbox=\"0 0 1792 1792\"><path d=\"M1280 1120v-192q0-14-9-23t-23-9h-224v-224q0-14-9-23t-23-9h-192q-14 0-23 9t-9 23v224h-224q-14 0-23 9t-9 23v192q0 14 9 23t23 9h224v224q0 14 9 23t23 9h192q14 0 23-9t9-23v-224h224q14 0 23-9t9-23zm-640-736h512v-128h-512v128zm-384 0v1280h-32q-92 0-158-66t-66-158v-832q0-92 66-158t158-66h32zm1184 0v1280h-1088v-1280h160v-160q0-40 28-68t68-28h576q40 0 68 28t28 68v160h160zm352 224v832q0 92-66 158t-158 66h-32v-1280h32q92 0 158 66t66 158z\"\/><\/svg><\/i>\t\t<span>Cum s\u0103 lua\u021bi produsele Vetom?<\/span>\n\t\t<svg  class=\"mk-svg-icon\" data-name=\"mk-icon-chevron-right\" data-cacheid=\"icon-69f901288d9cd\" style=\" height:13px; width: 9.2857142857143px; \"  xmlns=\"http:\/\/www.w3.org\/2000\/svg\" viewbox=\"0 0 1280 1792\"><path d=\"M1107 877l-742 742q-19 19-45 19t-45-19l-166-166q-19-19-19-45t19-45l531-531-531-531q-19-19-19-45t19-45l166-166q19-19 45-19t45 19l742 742q19 19 19 45t-19 45z\"\/><\/svg>\t<\/div>\n\n\t<div class=\"mk-accordion-pane\">\n\t\t\t<div class=\"vc_custom_1716651401497\">\n\n<div id=\"text-block-5\" class=\"mk-text-block  jupiter-donut-\">\n\n\t\n\t<p>Pentru un efect maxim, lua\u021bi Vetom cu o or\u0103 \u00eenainte de mese cu o cantitate mic\u0103 de ap\u0103 plat\u0103. Este recomandabil s\u0103 se exclud\u0103 alcoolul \u0219i alimentele condimentate \u00een timpul perioadei de administrare. La alegerea dozei \u0219i frecven\u021bei de administrare, trebuie avut \u00een vedere faptul c\u0103 efectul terapeutic nu depinde direct de cantitatea de produs administrat\u0103 odat\u0103, ci de frecven\u021ba administr\u0103rii \u00eentr-un regim de cur\u0103 - cu c\u00e2t doza este mai frecvent\u0103, cu at\u00e2t efectul este mai puternic.<\/p>\n<p><img decoding=\"async\" class=\"alignnone size-full wp-image-5645\" src=\"https:\/\/vetomshop.hu\/wp-content\/uploads\/2024\/05\/gettyimages.jpg\" alt=\"\" width=\"100%\" srcset=\"https:\/\/vetomshop.hu\/wp-content\/uploads\/2024\/05\/gettyimages.jpg 1920w, https:\/\/vetomshop.hu\/wp-content\/uploads\/2024\/05\/gettyimages-300x171.jpg 300w, https:\/\/vetomshop.hu\/wp-content\/uploads\/2024\/05\/gettyimages-1024x585.jpg 1024w, https:\/\/vetomshop.hu\/wp-content\/uploads\/2024\/05\/gettyimages-768x438.jpg 768w, https:\/\/vetomshop.hu\/wp-content\/uploads\/2024\/05\/gettyimages-1536x877.jpg 1536w, https:\/\/vetomshop.hu\/wp-content\/uploads\/2024\/05\/gettyimages-1320x754.jpg 1320w, https:\/\/vetomshop.hu\/wp-content\/uploads\/2024\/05\/gettyimages-600x343.jpg 600w\" sizes=\"(max-width: 1920px) 100vw, 1920px\" \/><\/p>\n<p>O doz\u0103 trebuie s\u0103 con\u021bin\u0103 cel pu\u021bin 5 milioane de microorganisme, de exemplu, cel pu\u021bin 5 g de pulbere (aproximativ 1 linguri\u021b\u0103), 1 plic sau 1 capsul\u0103. Dac\u0103 lua\u021bi Vetom sub form\u0103 lichid\u0103, 1 doz\u0103 = 1 pic\u0103tur\u0103.<\/p>\n<p><span style=\"color: #a58904;\"><strong>Supradozarea nu are efecte negative.<\/strong><\/span><\/p>\n<p>Dozare preventiv\u0103 pentru persoanele s\u0103n\u0103toase pentru a preveni eventualele boli<em>:\u00a0<\/em><\/p>\n<ul>\n<li>Lua\u021bi Vetom <span style=\"color: #ff0000;\">1.1<\/span>-et sau Veto <span style=\"color: #ff0000;\">1.23<\/span>-(v\u0103 alege\u021bi propria formul\u0103 - prezen\u021ba ingredientului activ este important\u0103 - tulpina Bacillus subtilis VKPM B-10641 (DSM 24613)) timp de 10-14 zile, \u00een doze multiple de 7-10 ori pe zi, la intervale aproximativ egale.De exemplu, \u00eel lua\u021bi timp de 2 s\u0103pt\u0103m\u00e2ni, apoi face\u021bi o pauz\u0103 de 3 s\u0103pt\u0103m\u00e2ni \u0219i repeta\u021bi din nou tratamentul. .<\/li>\n<li>Repeta\u021bi regimul de cel pu\u021bin 2 ori pe an, de preferin\u021b\u0103 \u00een perioada \u00een care r\u0103celile sunt mai probabile.<\/li>\n<li>Recomandat pentru Vetom <span style=\"color: #ff0000;\">1.1<\/span> capsul\u0103 - form\u0103 de pic\u0103tur\u0103 Vetom <span style=\"color: #ff0000;\">1.23<\/span> \u00eentre cure, consuma\u021bi Vetom <span style=\"color: #ff0000;\">3<\/span>-at \u0219i <span style=\"color: #ff0000;\">4<\/span>-(sau eu iau <span style=\"color: #ff0000;\">2<\/span>-t) 2-3 doze pe zi timp de 10-14 zile.<\/li>\n<li>\u00cen loc de pulbere sau capsule Vetom, pute\u021bi lua un probiotic lichid, pe care \u00eel poate lua oricine: Vetom <span style=\"color: #ff0000;\">1.23<\/span> Vetom <span style=\"color: #ff0000;\">3.22<\/span>, Vetom <span style=\"color: #ff0000;\">4.24<\/span> sau I Veto <span style=\"color: #ff0000;\">2.25<\/span>, Vetom <span style=\"color: #ff0000;\">2.26<\/span>.<\/li>\n<\/ul>\n<p>Dac\u0103 ave\u021bi o imunitate foarte bun\u0103, atunci un curs de 1 -2 cursuri de 10-14 zile de Vetom <span style=\"color: #ff0000;\">1.1<\/span> nu ve\u021bi observa niciun efect special dup\u0103 tratament.<\/p>\n<p><strong><span style=\"color: #a58904;\">Culegere terapeutic\u0103:<\/span><\/strong><\/p>\n<ul>\n<li>Lua\u021bi Vetom <span style=\"color: #ff0000;\">1.1<\/span> capsule sau Vetom <span style=\"color: #ff0000;\">1.23<\/span> 10 pic\u0103turi pe zi (10 capsule - 10 pic\u0103turi) timp de 10-14 zile. Apoi min 14 zile pauz\u0103 .<\/li>\n<li>Regimul de administrare trebuie repetat dup\u0103 1 p\u00e2n\u0103 la 2 luni. .<\/li>\n<li>Vetom <span style=\"color: #ff0000;\">1.1<\/span> (Vetom <span style=\"color: #ff0000;\">1.23<\/span> ) \u00eentre tratamente \u00eencearc\u0103 s\u0103 Vetom <span style=\"color: #ff0000;\">3<\/span>-at \u0219i <span style=\"color: #ff0000;\">4<\/span>-(sau eu iau <span style=\"color: #ff0000;\">2<\/span>-) pot fi consumate zilnic timp de 10-14 zile.<\/li>\n<li>Pentru a v\u0103 face s\u0103 v\u0103 sim\u021bi\u021bi mai bine, Vetom <span style=\"color: #ff0000;\">1.1<\/span> intervalul dintre tratamente ar trebui m\u0103rit la 2-3 pe an. \u00cen consecin\u021b\u0103, Vetom <span style=\"color: #ff0000;\">2<\/span> Frecven\u021ba administr\u0103rii 3 \u0219i 4 poate fi, de asemenea, redus\u0103 treptat \u00een timp de la 10 la 2-3 doze.<\/li>\n<\/ul>\n\n\t<div class=\"clearboth\"><\/div>\n<\/div>\n\n\t<\/div>\n\n\t\t<div class=\"clearboth\"><\/div>\n\t<\/div>\n\n<\/div>\n\n<div id=\"\"class=\"mk-accordion-single\">\n\n\t<div class=\"mk-accordion-tab\">\n\t\t<i><svg  class=\"mk-svg-icon\" data-name=\"mk-icon-medkit\" data-cacheid=\"icon-69f901288de2a\" xmlns=\"http:\/\/www.w3.org\/2000\/svg\" viewbox=\"0 0 1792 1792\"><path d=\"M1280 1120v-192q0-14-9-23t-23-9h-224v-224q0-14-9-23t-23-9h-192q-14 0-23 9t-9 23v224h-224q-14 0-23 9t-9 23v192q0 14 9 23t23 9h224v224q0 14 9 23t23 9h192q14 0 23-9t9-23v-224h224q14 0 23-9t9-23zm-640-736h512v-128h-512v128zm-384 0v1280h-32q-92 0-158-66t-66-158v-832q0-92 66-158t158-66h32zm1184 0v1280h-1088v-1280h160v-160q0-40 28-68t68-28h576q40 0 68 28t28 68v160h160zm352 224v832q0 92-66 158t-158 66h-32v-1280h32q92 0 158 66t66 158z\"\/><\/svg><\/i>\t\t<span>Care Vetom este cel mai bun?<\/span>\n\t\t<svg  class=\"mk-svg-icon\" data-name=\"mk-icon-chevron-right\" data-cacheid=\"icon-69f901288defd\" style=\" height:13px; width: 9.2857142857143px; \"  xmlns=\"http:\/\/www.w3.org\/2000\/svg\" viewbox=\"0 0 1280 1792\"><path d=\"M1107 877l-742 742q-19 19-45 19t-45-19l-166-166q-19-19-19-45t19-45l531-531-531-531q-19-19-19-45t19-45l166-166q19-19 45-19t45 19l742 742q19 19 19 45t-19 45z\"\/><\/svg>\t<\/div>\n\n\t<div class=\"mk-accordion-pane\">\n\t\t\t<div class=\"vc_custom_1727369822448\">\n\n<div id=\"text-block-6\" class=\"mk-text-block  jupiter-donut-\">\n\n\t\n\t<p><img decoding=\"async\" class=\"wp-image-621 aligncenter\" src=\"https:\/\/vetomshop.hu\/wp-content\/uploads\/2024\/05\/nutrigenomics.jpg\" alt=\"\" width=\"100%\" \/><\/p>\n<p>Este imposibil s\u0103 se determine care dintre aceste probiotice este mai bun. Ele sunt utilizate pentru aproape acelea\u0219i boli, dar fiecare Vetom are un efect diferit.  Ele se completeaz\u0103 reciproc.<\/p>\n<p>Totul depinde de caracteristicile individuale \u0219i de starea organismului. Cea mai bun\u0103 solu\u021bie ar fi s\u0103 utiliza\u021bi cursul complet al tuturor produselor Vetom.<\/p>\n<p>Cele 4 capsule diferite formeaz\u0103 de fapt un \u00eentreg mare.<\/p>\n\n\t<div class=\"clearboth\"><\/div>\n<\/div>\n\n\t<\/div>\n\n\t\t<div class=\"clearboth\"><\/div>\n\t<\/div>\n\n<\/div>\n\n<div id=\"\"class=\"mk-accordion-single\">\n\n\t<div class=\"mk-accordion-tab\">\n\t\t<i><svg  class=\"mk-svg-icon\" data-name=\"mk-icon-medkit\" data-cacheid=\"icon-69f901288e1f4\" xmlns=\"http:\/\/www.w3.org\/2000\/svg\" viewbox=\"0 0 1792 1792\"><path d=\"M1280 1120v-192q0-14-9-23t-23-9h-224v-224q0-14-9-23t-23-9h-192q-14 0-23 9t-9 23v224h-224q-14 0-23 9t-9 23v192q0 14 9 23t23 9h224v224q0 14 9 23t23 9h192q14 0 23-9t9-23v-224h224q14 0 23-9t9-23zm-640-736h512v-128h-512v128zm-384 0v1280h-32q-92 0-158-66t-66-158v-832q0-92 66-158t158-66h32zm1184 0v1280h-1088v-1280h160v-160q0-40 28-68t68-28h576q40 0 68 28t28 68v160h160zm352 224v832q0 92-66 158t-158 66h-32v-1280h32q92 0 158 66t66 158z\"\/><\/svg><\/i>\t\t<span>\u00cen ce ambalaj este disponibil Vetom?<\/span>\n\t\t<svg  class=\"mk-svg-icon\" data-name=\"mk-icon-chevron-right\" data-cacheid=\"icon-69f901288e272\" style=\" height:13px; width: 9.2857142857143px; \"  xmlns=\"http:\/\/www.w3.org\/2000\/svg\" viewbox=\"0 0 1280 1792\"><path d=\"M1107 877l-742 742q-19 19-45 19t-45-19l-166-166q-19-19-19-45t19-45l531-531-531-531q-19-19-19-45t19-45l166-166q19-19 45-19t45 19l742 742q19 19 19 45t-19 45z\"\/><\/svg>\t<\/div>\n\n\t<div class=\"mk-accordion-pane\">\n\t\t\t<div class=\"vc_custom_1716650901197\">\n\n<div id=\"text-block-7\" class=\"mk-text-block  jupiter-donut-\">\n\n\t\n\t<p><strong>\u00cen ce ambalaj este disponibil Vetom?<\/strong><\/p>\n<p>Vetom este disponibil \u00een trei forme de dozare:<\/p>\n<ul>\n<li>Pulbere 5, pachet de 500 g<\/li>\n<li>Capsule \u00een pachete de 50 de boabe<\/li>\n<li>Lichid 10 ml<\/li>\n<\/ul>\n<p><img loading=\"lazy\" decoding=\"async\" class=\"wp-image-625 aligncenter\" src=\"https:\/\/vetomshop.hu\/wp-content\/uploads\/2024\/05\/biotech-deepdive.webp\" alt=\"\" width=\"869\" height=\"365\" \/><\/p>\n\n\t<div class=\"clearboth\"><\/div>\n<\/div>\n\n\t<\/div>\n\n\t\t<div class=\"clearboth\"><\/div>\n\t<\/div>\n\n<\/div>\n\n<div id=\"\"class=\"mk-accordion-single\">\n\n\t<div class=\"mk-accordion-tab\">\n\t\t<i><svg  class=\"mk-svg-icon\" data-name=\"mk-icon-medkit\" data-cacheid=\"icon-69f901288e50a\" xmlns=\"http:\/\/www.w3.org\/2000\/svg\" viewbox=\"0 0 1792 1792\"><path d=\"M1280 1120v-192q0-14-9-23t-23-9h-224v-224q0-14-9-23t-23-9h-192q-14 0-23 9t-9 23v224h-224q-14 0-23 9t-9 23v192q0 14 9 23t23 9h224v224q0 14 9 23t23 9h192q14 0 23-9t9-23v-224h224q14 0 23-9t9-23zm-640-736h512v-128h-512v128zm-384 0v1280h-32q-92 0-158-66t-66-158v-832q0-92 66-158t158-66h32zm1184 0v1280h-1088v-1280h160v-160q0-40 28-68t68-28h576q40 0 68 28t28 68v160h160zm352 224v832q0 92-66 158t-158 66h-32v-1280h32q92 0 158 66t66 158z\"\/><\/svg><\/i>\t\t<span>Cum difer\u0103 probioticele de semin\u021be?<\/span>\n\t\t<svg  class=\"mk-svg-icon\" data-name=\"mk-icon-chevron-right\" data-cacheid=\"icon-69f901288e593\" style=\" height:13px; width: 9.2857142857143px; \"  xmlns=\"http:\/\/www.w3.org\/2000\/svg\" viewbox=\"0 0 1280 1792\"><path d=\"M1107 877l-742 742q-19 19-45 19t-45-19l-166-166q-19-19-19-45t19-45l531-531-531-531q-19-19-19-45t19-45l166-166q19-19 45-19t45 19l742 742q19 19 19 45t-19 45z\"\/><\/svg>\t<\/div>\n\n\t<div class=\"mk-accordion-pane\">\n\t\t\t<div class=\"vc_custom_1722780911439\">\n\n<div id=\"text-block-8\" class=\"mk-text-block  jupiter-donut-\">\n\n\t\n\t<h3><span style=\"color: #a58904;\">Probioticele Vetom pot varia, de asemenea, \u00een ceea ce prive\u0219te ingredientele bacteriene \u0219i ambalajul.<\/span><\/h3>\n<p><span style=\"color: #a58904;\"><strong>Diferen\u021ba \u00een microorganismele probiotice din produsele Vetom:<\/strong><\/span><\/p>\n<p>Probioticele legendare VETOM sunt \u00een produc\u021bie de peste 20 de ani, dar pu\u021bini oameni \u0219tiu de ce cursul este format din 4 numere \u0219i care este diferen\u021ba.<\/p>\n<p><img loading=\"lazy\" decoding=\"async\" class=\"size-full wp-image-623 aligncenter\" src=\"https:\/\/vetomshop.hu\/wp-content\/uploads\/2024\/05\/tech-biotechnology.webp\" alt=\"\" width=\"1464\" height=\"560\" \/><\/p>\n<p>A\u0219a c\u0103 \u00eencearc\u0103 s\u0103 afle.<\/p>\n<p>\u2713 A VETOM <span style=\"color: #ff0000;\">1<\/span> sub form\u0103 de capsule \u0219i pic\u0103turi <span style=\"color: #ff0000;\">1.23<\/span> func\u021bioneaz\u0103 ca o m\u0103tur\u0103 \u00een cea mai chistic\u0103 parte a intestinului gros. Acesta stimuleaz\u0103 produc\u021bia de interferon.<\/p>\n<p>Organele din ganglionii limfatici ai intestinului sub\u021bire sunt adesea \u00een stare latent\u0103 din cauza stresului, terapiei cu antibiotice, factorilor de mediu etc.<\/p>\n<p>VETOMUL <span style=\"color: #ff0000;\">1.1<\/span> bacteriile au plasmide \u00eencorporate \u00een compozi\u021bia lor care trezesc aceste organite, for\u021b\u00e2ndu-ne s\u0103 ne producem propriul interferon \u00een cantit\u0103\u021bi adecvate st\u0103rii actuale a organismului.<\/p>\n<p>\u2713 A VETOM <span style=\"color: #ff0000;\">2<\/span> sub form\u0103 de capsule \u0219i pic\u0103turi <span style=\"color: #ff0000;\">2.25<\/span> sau <span style=\"color: #ff0000;\">2.26<\/span> Acesta con\u021bine 2 tulpini de bacterii, una care continu\u0103 s\u0103 dezinfecteze colonul \u0219i cealalt\u0103 care ac\u021bioneaz\u0103 \u00een intestinul sub\u021bire (elimin\u00e2nd \u00eencerc\u0103rile florei patogene de a \u201eevada\u201d din colon \u00een intestinul sub\u021bire).<\/p>\n<p>\u2713 A VETOM <span style=\"color: #ff0000;\">3<\/span> sub form\u0103 de capsule \u0219i pic\u0103turi <span style=\"color: #ff0000;\">3.22<\/span>\u00a0 \u201ecel mai agresiv\u201d, cur\u0103\u021b\u0103 colonul.<\/p>\n<p>\u2713 A VETOM <span style=\"color: #ff0000;\">4<\/span> sub form\u0103 de capsule \u0219i pic\u0103turi <span style=\"color: #ff0000;\">4.24<\/span> este cel mai rapid \u0219i mai complet, complet\u00e2nd ceea ce primele 3 VETOM-uri nu au f\u0103cut, ac\u021bion\u00e2nd ca un trunchi de \u201efixare\u201d.<\/p>\n<p>Astfel, prin aplicarea succesiv\u0103 a tuturor VETOM-urilor, procesele putrefactive din intestine sunt eliminate, deoarece are un efect permanent asupra florei patogene r\u0103mase.<\/p>\n<p>Prin desc\u0103rcarea pancreasului \u0219i a ficatului, permitem organismului s\u0103 repare sistemul \u00een sine, s\u0103 \u00eembun\u0103t\u0103\u021beasc\u0103 metabolismul \u0219i s\u0103 sus\u021bin\u0103 imunitatea general\u0103.<\/p>\n<p>Noroc!<\/p>\n<p>VETOM <span style=\"color: #ff0000;\">1.1<\/span> praf, Vetom <span style=\"color: #ff0000;\">1.1<\/span> capsul\u0103, Vetom <span style=\"color: #ff0000;\">1.23<\/span> pic\u0103tur\u0103 - con\u021bine tulpina bacterian\u0103 Subtilis Bacilluis B-10641<\/p>\n<p>VETOM <span style=\"color: #ff0000;\">2<\/span>, Vetom <span style=\"color: #ff0000;\">2<\/span> capsul\u0103, Vetom <span style=\"color: #ff0000;\">2.25<\/span>\u00a0 droplet - Bacillus amyloliquefaciens tulpina B-10642 (Dsm 24614) \u0219i Bacillus amyloliquefaciens tulpina B-10643 (Dsm 24615)<\/p>\n<p>Vetom <span style=\"color: #ff0000;\">2.26<\/span>\u00a0 pic\u0103tura con\u021bine Bacillus Subtilis 10641 \u0219i Bacillus amylolique faciens 10643<\/p>\n<p>VETOM <span style=\"color: #ff0000;\">3<\/span>, Vetom <span style=\"color: #ff0000;\">3<\/span> capsul\u0103, Vetom <span style=\"color: #ff0000;\">3.22<\/span> droplet - Bacillus amyloliquefaciens tulpina B-10642 (Dsm 24614)<\/p>\n<p>VETOM <span style=\"color: #ff0000;\">4<\/span>, Vetom <span style=\"color: #ff0000;\">4<\/span> capsule sau Vetom <span style=\"color: #ff0000;\">4.24<\/span> droplet - Bacillus amyloliquefaciens tulpina B-10643 (Dsm 24614)<\/p>\n<p>Ambalarea produselor: \u00een pachete de plastic de 500 gr pulbere, 50 capsule de 50 gr pulbere sau \u00een form\u0103 lichid\u0103 de 10 ml.<\/p>\n<p>Pentru pacien\u021bii cu cancer -ponderali, diabetici, pacien\u021bi cu probleme digestive foarte grave, se recomand\u0103 consumul sub form\u0103 de lichid. <span style=\"color: #ff0000;\">1.23<\/span>,Vetom <span style=\"color: #ff0000;\">2.26<\/span>, Vetom <span style=\"color: #ff0000;\">3.22<\/span>, Vetom <span style=\"color: #ff0000;\">4.24<\/span>)<\/p>\n<p>Vetom <span style=\"color: #ff0000;\">1.23<\/span>, Vetom <span style=\"color: #ff0000;\">2.25<\/span>, Vetom <span style=\"color: #ff0000;\">2.26<\/span>, Vetom <span style=\"color: #ff0000;\">3.22<\/span>, Vetom <span style=\"color: #ff0000;\">4.24<\/span> preparatele sunt identice \u00een ceea ce prive\u0219te efectele lor. Acestea con\u021bin diverse microorganisme care ac\u021bioneaz\u0103 \u00een tractul intestinal \u0219i furnizeaz\u0103 diverse substan\u021be biologic active organelor din jur. Ca urmare, efectul lor general asupra organismului uman este diferit. Pentru a ob\u021bine un efect pozitiv maxim, se recomand\u0103 utilizarea alternativ\u0103 a tuturor produselor Vetom, pentru a purifica tractul intestinal \u0219i sistemele patogene \u00een ansamblu.<\/p>\n\n\t<div class=\"clearboth\"><\/div>\n<\/div>\n\n\t<\/div>\n\n\t\t<div class=\"clearboth\"><\/div>\n\t<\/div>\n\n<\/div>\n\t<\/div>\n<\/div>\n\n\n\t<div class=\"vc_custom_1675852632641\">\n\n<div id=\"text-block-9\" class=\"mk-text-block  jupiter-donut-\">\n\n\t\n\t<hr \/>\n<h3 style=\"padding-left: 40px;\"><span style=\"color: #9c810c;\"><strong>Pute\u021bi comanda probioticele VETOM pe site-ul nostru<\/strong>:<\/span><\/h3>\n<p style=\"padding-left: 80px;\"><a href=\"https:\/\/vetomshop.hu\/ro\/\">Vetomshop.hu<\/a><\/p>\n<p style=\"padding-left: 80px;\"><a href=\"https:\/\/vetom-egeszsegshop.hu\" target=\"_blank\" rel=\"noopener noreferrer nofollow\">Vetomegeszsegshop.hu<\/a><\/p>\n<p style=\"padding-left: 80px;\"><a href=\"https:\/\/www.facebook.com\/Vetomshop.hu\" target=\"_blank\" rel=\"noopener noreferrer nofollow\">Facebook (Vetom-Ungaria)<\/a><\/p>\n<p style=\"padding-left: 40px;\">Emag<\/p>\n<hr \/>\n\n\t<div class=\"clearboth\"><\/div>\n<\/div>\n\n\t<\/div>\n<\/div>\n\t<\/div>\n\n<\/div>","protected":false},"excerpt":{"rendered":"Mi az a Vetom? VETOM\u00a0\u2014 egy nagyon er\u0151s probiotikum, amely helyre\u00e1ll\u00edtja \u00e9s meg\u0151rzi a b\u00e9lny\u00e1lkah\u00e1rtya szerkezet\u00e9t \u00e9s a gyomor mikrofl\u00f3r\u00e1j\u00e1t. Hogyan harcol a Vetom a v\u00edrusos \u00e9s bakteri\u00e1lis fert\u0151z\u00e9sekkel? A Vetom k\u00e9sz\u00edtm\u00e9ny hat\u00f3anyaga a Bacillus subtilis VKPM B 10641 t\u00f6rzs. Az ezen fajokhoz tartoz\u00f3 bakt\u00e9riumok kifejezetten elnyomj\u00e1k a gyomor-b\u00e9l traktuson k\u00edv\u00fcli mikrofl\u00f3ra n\u00f6veked\u00e9s\u00e9t \u00e9s fejl\u0151d\u00e9s\u00e9t [...]","protected":false},"author":1,"featured_media":0,"parent":0,"menu_order":0,"comment_status":"closed","ping_status":"closed","template":"","meta":{"footnotes":""},"class_list":["post-1020","page","type-page","status-publish","hentry"],"_links":{"self":[{"href":"https:\/\/vetomshop.hu\/ro\/wp-json\/wp\/v2\/pages\/1020","targetHints":{"allow":["GET"]}}],"collection":[{"href":"https:\/\/vetomshop.hu\/ro\/wp-json\/wp\/v2\/pages"}],"about":[{"href":"https:\/\/vetomshop.hu\/ro\/wp-json\/wp\/v2\/types\/page"}],"author":[{"embeddable":true,"href":"https:\/\/vetomshop.hu\/ro\/wp-json\/wp\/v2\/users\/1"}],"replies":[{"embeddable":true,"href":"https:\/\/vetomshop.hu\/ro\/wp-json\/wp\/v2\/comments?post=1020"}],"version-history":[{"count":0,"href":"https:\/\/vetomshop.hu\/ro\/wp-json\/wp\/v2\/pages\/1020\/revisions"}],"wp:attachment":[{"href":"https:\/\/vetomshop.hu\/ro\/wp-json\/wp\/v2\/media?parent=1020"}],"curies":[{"name":"wp","href":"https:\/\/api.w.org\/{rel}","templated":true}]}}