{"id":315,"date":"2018-03-26T06:53:43","date_gmt":"2018-03-26T06:53:43","guid":{"rendered":"https:\/\/demos.artbees.net\/jupiter\/herse\/cart\/"},"modified":"2024-03-06T15:56:20","modified_gmt":"2024-03-06T14:56:20","slug":"kosar","status":"publish","type":"page","link":"https:\/\/vetomshop.hu\/ro\/kosar\/","title":{"rendered":"Cart"},"content":{"rendered":"<div class=\"su-spoiler su-spoiler-style-fancy su-spoiler-icon-chevron su-spoiler-closed\" data-scroll-offset=\"0\" data-anchor-in-url=\"no\"><div class=\"su-spoiler-title\" tabindex=\"0\" role=\"button\"><span class=\"su-spoiler-icon\"><\/span> Livrare \u0219i plat\u0103<\/div><div class=\"su-spoiler-content su-u-clearfix su-u-trim\">\n<h2>Chitan\u021b\u0103 personal\u0103<\/h2>\n<p style=\"padding-left: 40px;\">8112, Zichy\u00fajfalu, Kast\u00e9lykert 1<\/p>\n<p style=\"padding-left: 40px;\">Timp pentru colectarea personal\u0103: numai prin programare la urm\u0103toarele date de contact<\/p>\n<ul>\n<li style=\"list-style-type: none;\">\n<ul>\n<li><strong>Telefon<\/strong>:\u00a0<a href=\"http:\/\/Tel:+36305573846\" target=\"_blank\" rel=\"noopener noreferrer nofollow\">+36305573846<\/a> Tam\u00e1s Pap<\/li>\n<li><strong>Email-1<\/strong>: i<a href=\"mailto:infoshop.vetom.magyarorszag@gmail.com\" target=\"_blank\" rel=\"noopener\">nfoshop.vetom.magyarorszag@<wbr \/>gmail.com<\/a><\/li>\n<li><strong>Email 2<\/strong>:\u00a0 <a href=\"mailto:vetomshop.hu@gmail.com\" target=\"_blank\" rel=\"noopener\">vetomshop.hu@gmail.com<\/a><\/li>\n<li>sau de la partenerii no\u0219tri din \u00eentreaga \u021bar\u0103, ale c\u0103ror date de contact pot fi g\u0103site pe site-ul nostru<\/li>\n<\/ul>\n<\/li>\n<\/ul>\n<h2><span style=\"color: #ff0000;\">Livrare:<\/span><\/h2>\n<p>\u00cen magazinul nostru pute\u021bi alege dintre urm\u0103toarele op\u021biuni de livrare \u0219i plat\u0103:<\/p>\n<p style=\"padding-left: 40px;\"><span style=\"color: #339966;\"><strong>Serviciul de curierat GLS<\/strong><\/span> \u0219i <span style=\"color: #339966;\"><strong>Foxpost ma\u0219in\u0103 de colete<\/strong><\/span><\/p>\n<p style=\"padding-left: 40px;\"><em><strong>30.000<\/strong> Livrare gratuit\u0103 peste valoarea comenzii \u00een HUF!<\/em><\/p>\n<h2><span style=\"color: #008000;\">Serviciul de curierat GLS:<\/span><\/h2>\n<p>Pentru comenzile GLS ParcelPoint, pute\u021bi pl\u0103ti \u00een numerar \u0219i cu cardul de credit la unele loca\u021bii (verifica\u021bi \u00een prealabil la ParcelPoint) <b>Dac\u0103 solicita\u021bi livrarea la un GLS ParcelService sau GLS ParcelPoint, trebuie s\u0103 introduce\u021bi adresa ma\u0219inii de colete \u00een c\u00e2mpul adresei de livrare.<\/b><\/p>\n<ul>\n<li>C\u00e2nd coletul este expediat, sistemul GLS Courier va notifica destinatarul prin e-mail c\u0103 coletul va fi livrat \u00een urm\u0103toarea zi lucr\u0103toare. E-mailul va con\u021bine num\u0103rul coletului \u0219i suma \u00eencasat\u0103 la livrare. \u00cen diminea\u021ba zilei de livrare, destinatarul va primi o notificare con\u021bin\u00e2nd num\u0103rul de telefon al curierului, num\u0103rul de telefon al Serviciului Clien\u021bi GLS \u0219i o fereastr\u0103 de 3 ore pentru livrarea preconizat\u0103. \u00cen cazul unei \u00eencerc\u0103ri e\u0219uate de livrare, destinatarului i se va trimite o notificare prin e-mail.<\/li>\n<li><b>C\u0103utare GLS ParcelSpot:<\/b> <a href=\"https:\/\/gls-group.com\/HU\/hu\/depo-csomagpont-kereses\" target=\"_blank\" rel=\"noopener noreferrer nofollow\">https:\/\/gls-group.com\/HU\/hu\/depo-csomagpont-kereses<\/a><br \/>\n<b>Timp de livrare:<\/b> 1-3 zile lucr\u0103toare<br \/>\n<b>Taxa de livrare:<\/b> 1590, - Ft,<br \/>\n<strong>Plata:<\/strong> Plat\u0103 \u00een avans (0,- Ft) sau Plat\u0103 \u00een avans, care cost\u0103 + 400, - Ft<\/li>\n<\/ul>\n<p>Aceste pre\u021buri se aplic\u0103 numai livr\u0103rilor \u00een Ungaria. Dac\u0103 dori\u021bi s\u0103 trimite\u021bi coletul dvs. \u00een str\u0103in\u0103tate, v\u0103 rug\u0103m s\u0103 ne contacta\u021bi direct prin e-mail \u00eenainte sau dup\u0103 plasarea comenzii dvs. pentru a v\u0103 informa cu privire la costurile de expediere.<\/p>\n<h2><span style=\"color: #008000;\">Serviciul de curierat FOXPOST:<\/span><\/h2>\n<p>De asemenea, pute\u021bi solicita livrarea la o ma\u0219in\u0103 de colete Foxpost din magazinul nostru.<\/p>\n<p style=\"padding-left: 40px;\"><a href=\"https:\/\/foxpost.hu\/csomagautomatak\" target=\"_blank\" rel=\"noopener noreferrer nofollow\" data-saferedirecturl=\"https:\/\/www.google.com\/url?q=https:\/\/foxpost.hu\/csomagautomatak&amp;source=gmail&amp;ust=1709714712502000&amp;usg=AOvVaw1Y_RPFbUPlHU38HiM-T9Re\">https:\/\/foxpost.hu\/<wbr \/>portbagaj auto<\/a><\/p>\n<p><strong>Dac\u0103 solicita\u021bi livrarea la o ma\u0219in\u0103 de colete Foxpost, trebuie s\u0103 introduce\u021bi adresa ma\u0219inii de colete \u00een c\u00e2mpul adresei de livrare.<\/strong><\/p>\n<h3>Metode de plat\u0103:<\/h3>\n<p><strong>Timp de livrare:<\/strong> 1-3 zile lucr\u0103toare<br \/>\n<strong>Taxa de livrare:<\/strong> 1390, - Ft,<br \/>\n<strong>Plata:<\/strong> Prepaid (0, - Ft) sau Postpaid, care cost\u0103 +350, - Ft<\/p>\n<h3>Metode de plat\u0103:<\/h3>\n<h4 style=\"padding-left: 40px;\">Urm\u0103rire<\/h4>\n<p>Dac\u0103 alege\u021bi metoda de plat\u0103 \u00een numerar la livrare, plata se efectueaz\u0103 la punctul de primire (curier sau punct po\u0219tal\/punct de ambalare). Aceast\u0103 metod\u0103 de plat\u0103 are o tax\u0103 de manipulare, astfel \u00eenc\u00e2t percepem o tax\u0103 suplimentar\u0103 de 350 sau 400 HUF pe colet pe l\u00e2ng\u0103 taxa de livrare de baz\u0103. Dac\u0103 pl\u0103ti\u021bi \u00een numerar, v\u0103 rug\u0103m s\u0103 ave\u021bi la \u00eendem\u00e2n\u0103 suma exact\u0103, deoarece este posibil ca curierul s\u0103 nu aib\u0103 \u00eentotdeauna rest suficient.<\/p>\n<h4 style=\"padding-left: 40px;\">Transfer bancar \u00een avans<\/h4>\n<p>Dac\u0103 alege\u021bi s\u0103 pl\u0103ti\u021bi \u00een avans prin transfer bancar, v\u0103 vom trimite o factur\u0103 prin e-mail dup\u0103 verificarea stocurilor, care va con\u021bine detaliile necesare pentru transfer \u0219i suma exact\u0103 final\u0103. V\u0103 rug\u0103m s\u0103 transfera\u021bi pre\u021bul de achizi\u021bie \u00een contul nostru bancar \u00een termen de 72 de ore de la trimiterea facturii, \u00een caz contrar comanda dvs. va fi considerat\u0103 nul\u0103. V\u0103 reamintim s\u0103 nu ini\u021bia\u021bi transferul bancar p\u00e2n\u0103 c\u00e2nd factura nu ajunge \u00een cutia dvs. po\u0219tal\u0103! Detaliile necesare pentru transfer sunt incluse \u00een factura emis\u0103.<\/p>\n<h4 style=\"padding-left: 40px;\">De asemenea, v\u0103 rug\u0103m s\u0103 re\u021bine\u021bi urm\u0103toarele:<\/h4>\n<p>Ve\u021bi fi notificat prin e-mail cu privire la expedierea \u0219i sosirea preconizat\u0103 a coletului dumneavoastr\u0103, a\u0219a c\u0103 v\u0103 rug\u0103m s\u0103 v\u0103 verifica\u021bi cu regularitate c\u0103su\u021ba de primire dup\u0103 plasarea comenzii pentru a evita orice ne\u00een\u021belegeri sau inconveniente. Dac\u0103 \u00eent\u00e2mpina\u021bi nereguli cu comanda dvs., v\u0103 rug\u0103m s\u0103 ne contacta\u021bi la <a href=\"mailto:vetomshop.hu@gmail.com\" target=\"_blank\" rel=\"noopener\">vetomshop.hu@gmail.com<\/a> la. Atunci c\u00e2nd plasa\u021bi comanda, v\u0103 rug\u0103m s\u0103 v\u0103 asigura\u021bi c\u0103 furniza\u021bi numele, adresa, adresa de e-mail \u0219i num\u0103rul de telefon corecte. Este posibil ca persoana care livreaz\u0103 coletul s\u0103 nu fie familiarizat\u0103 cu specificul local, astfel \u00eenc\u00e2t v\u0103 rug\u0103m s\u0103 furniza\u021bi informa\u021bii suplimentare pentru a ajuta la livrarea cu succes, dac\u0103 este necesar. \u00cen cazul \u00een care livrarea e\u0219ueaz\u0103 din vina dvs., vom putea reda coletul transportatorului numai dup\u0103 ce ve\u021bi pl\u0103ti din nou taxa de livrare. Este important ca, \u00een cazul \u00een care coletul este vizibil deteriorat sau deschis, s\u0103 nu accepta\u021bi livrarea \u0219i s\u0103 ne anun\u021ba\u021bi c\u00e2t mai cur\u00e2nd posibil.<\/p>\n<\/div><\/div>","protected":false},"excerpt":{"rendered":"Sz\u00e1ll\u00edt\u00e1s \u00e9s fizet\u00e9s Szem\u00e9lyes \u00e1tv\u00e9tel 8112, Zichy\u00fajfalu, Kast\u00e9lykert 1 A szem\u00e9lyes \u00e1tv\u00e9tel ideje: kiz\u00e1r\u00f3lag el\u0151zetes egyeztet\u00e9ssel a k\u00f6vetkez\u0151 el\u00e9rhet\u0151s\u00e9geken Telefon:\u00a0+36305573846 Pap Tam\u00e1s Email-1: infoshop.vetom.magyarorszag@gmail.com Email-2:\u00a0 vetomshop.hu@gmail.com vagy orsz\u00e1gszerte a partnereinkt\u0151l, melyeknek el\u00e9rhet\u0151s\u00e9g\u00fck a weboldalunkon is megtal\u00e1lhat\u00f3 Kisz\u00e1ll\u00edt\u00e1s: \u00c1ruh\u00e1zunkban az al\u00e1bbi kisz\u00e1ll\u00edt\u00e1si \u00e9s fizet\u00e9si lehet\u0151s\u00e9gek k\u00f6z\u00fcl v\u00e1laszthat: GLS fut\u00e1rszolg\u00e1lat \u00e9s Foxpost csomagautomata 30.000 Forint rendel\u00e9si \u00e9rt\u00e9k [...]","protected":false},"author":3,"featured_media":0,"parent":0,"menu_order":0,"comment_status":"closed","ping_status":"closed","template":"","meta":{"footnotes":""},"class_list":["post-315","page","type-page","status-publish","hentry"],"_links":{"self":[{"href":"https:\/\/vetomshop.hu\/ro\/wp-json\/wp\/v2\/pages\/315","targetHints":{"allow":["GET"]}}],"collection":[{"href":"https:\/\/vetomshop.hu\/ro\/wp-json\/wp\/v2\/pages"}],"about":[{"href":"https:\/\/vetomshop.hu\/ro\/wp-json\/wp\/v2\/types\/page"}],"author":[{"embeddable":true,"href":"https:\/\/vetomshop.hu\/ro\/wp-json\/wp\/v2\/users\/3"}],"replies":[{"embeddable":true,"href":"https:\/\/vetomshop.hu\/ro\/wp-json\/wp\/v2\/comments?post=315"}],"version-history":[{"count":0,"href":"https:\/\/vetomshop.hu\/ro\/wp-json\/wp\/v2\/pages\/315\/revisions"}],"wp:attachment":[{"href":"https:\/\/vetomshop.hu\/ro\/wp-json\/wp\/v2\/media?parent=315"}],"curies":[{"name":"wp","href":"https:\/\/api.w.org\/{rel}","templated":true}]}}