{"id":225,"date":"2016-09-02T11:41:41","date_gmt":"2016-09-02T09:41:41","guid":{"rendered":"https:\/\/demos.artbees.net\/jupiter\/herse\/?post_type=product&#038;p=225"},"modified":"2026-04-12T08:29:44","modified_gmt":"2026-04-12T06:29:44","slug":"vetom1-1-etrend-kiegeszito","status":"publish","type":"product","link":"https:\/\/vetomshop.hu\/ro\/produs\/vetom1-1-etrend-kiegeszito\/","title":{"rendered":"Probiotic Vetom <span style=\"color:red\">1.1<\/span><br> capsul\u0103 <span style=\"color:red\">50 de boabe<\/span> (supliment alimentar)"},"content":{"rendered":"<h2>Vetom 1.1 capsule probiotice 50 boabe (supliment alimentar)<\/h2>\n<p>\u00cen esen\u021b\u0103, probioticele VETOM pot fi utilizate pentru orice tip de boal\u0103, deoarece sunt capabile s\u0103 rezolve probleme grave - restabilind microflora \u0219i optimiz\u00e2nd activitatea sistemului imunitar.<\/p>\n<p>Efectele benefice ale Vetom 1.1 se datoreaz\u0103 bacteriilor *Bacillus subtilis* pe care le con\u021bine. Aceste bacterii benefice se \u00eenmul\u021besc \u00een intestinul gros \u0219i produc diverse enzime \u0219i substan\u021be biologic active care:<\/p>\n<p>* inhib\u0103 dezvoltarea bacteriilor \u0219i a ciupercilor d\u0103un\u0103toare,<br \/>\n* ajut\u0103 la descompunerea proteinelor, amidonului \u0219i fibrelor vegetale,<br \/>\n* sus\u021bin sistemul imunitar,<br \/>\n* ajut\u0103 la detoxifierea organismului,<br \/>\n* promoveaz\u0103 o mai bun\u0103 absorb\u021bie a substan\u021belor nutritive.<\/p>\n<h2>Utilizarea regulat\u0103 a produsului:<\/h2>\n<p>* restabile\u0219te un echilibru s\u0103n\u0103tos al florei intestinale,<br \/>\n* \u00eembun\u0103t\u0103\u021be\u0219te digestia,<br \/>\n* amelioreaz\u0103 simptomele de alergie,<br \/>\n* sprijin\u0103 regenerarea organismului \u0219i eliminarea celulelor bolnave,<br \/>\n* poten\u021beaz\u0103 efectele altor medicamente, reduc\u00e2nd \u00een acela\u0219i timp efectele secundare ale acestora.<br \/>\n* Protejeaz\u0103 organismul la nivel celular, ajut\u0103 la prevenirea dezvolt\u0103rii tumorilor<\/p>\n<h2>Caracteristici:<\/h2>\n<p>* Anti-bacterian \u0219i antifungic<br \/>\n* Antivirale, de stimulare a imunit\u0103\u021bii, antitumorale<br \/>\n* F\u0103r\u0103 efecte secundare<br \/>\n* F\u0103r\u0103 dependen\u021b\u0103<br \/>\n* S\u0103 nu fie supradozat<\/p>\n<h2>Cerere:<\/h2>\n<p>Vetom 1.1 este recomandat pentru a \u00eembun\u0103t\u0103\u021bi starea tractului gastrointestinal \u0219i pentru a restabili echilibrul florei intestinale.<\/p>\n<h2>Dozaj:<\/h2>\n<p>* 1 capsul\u0103 de 2-3 ori pe zi este recomandat\u0103 timp de 10 zile, \u00eenainte, \u00een timpul sau dup\u0103 mese, cu o cantitate mic\u0103 de lichid (ap\u0103, ceai sau suc). Monitoriza\u021bi r\u0103spunsul organismului pe parcursul tratamentului \u0219i cre\u0219te\u021bi doza treptat dac\u0103 este necesar, p\u00e2n\u0103 la 5-10 capsule pe zi.<\/p>\n<p>* Tratamentul poate fi repetat oric\u00e2nd dup\u0103 o pauz\u0103 de 1-2 s\u0103pt\u0103m\u00e2ni. Ocazional se recomand\u0103 alternarea utiliz\u0103rii cu alte tipuri de produse Vetom pentru a sus\u021bine \u00eentregul organism.<\/p>\n<h2>Contraindica\u021bii:<\/h2>\n<p>* Hipersensibilitate la oricare dintre ingrediente<br \/>\n* Nu utiliza\u021bi cu antibiotice sau alte probiotice<br \/>\n* \u00cen timpul sarcinii \u0219i al\u0103pt\u0103rii numai cu aprobarea medicului<\/p>\n<h2>Alte informa\u021bii:<\/h2>\n<p>* Nu afecteaz\u0103 \u0219ofatul sau operarea utilajelor periculoase<br \/>\n* Depozitare: \u00eentr-un loc uscat, r\u0103coros (max. 30 \u00b0C), ferit de copii<br \/>\n* Garan\u021bie: 2 ani de la data fabrica\u021biei<br \/>\n* Ambalare: 10 capsule \u00een blister, 5 pachete \u00eentr-o cutie (50 de capsule \u00een total)<\/p>\n<h2>Compozi\u021bie per capsul\u0103:<\/h2>\n<p>* extract de porumb: 133 mg<br \/>\n* Amidon de cartofi: 100 mg<br \/>\n* Zah\u0103r pudr\u0103: 67 mg<br \/>\n* Tulpina Bacillus subtilis: 0,03 mg<\/p>\n<p>Echivalent alternativ sub form\u0103 de pic\u0103turi: Vetom 1.23 (10 ml)<\/p>\n<p>Locul de origine: <strong>Rusia<\/strong><\/p>","protected":false},"excerpt":{"rendered":"<h5>Vetom <span style=\"color: red;\">1.1<\/span> capsule probiotice 50 boabe (supliment alimentar)<\/h5>\n<p>Efectele sale benefice se datoreaz\u0103 ac\u021biunii bacteriilor benefice Bacillus subtilis, care sunt produse \u00een principal prin multiplicare \u00een intestinul gros:<\/p>\n<ul class=\"vetom-list\">\n<li>enzime proteolitice, amilolitice, celulozolitice;<\/li>\n<li>interferon a-2 \u00een leucocitele umane;<\/li>\n<li>bacitracin\u0103 mg, care inhib\u0103 cre\u0219terea \u0219i dezvoltarea microflorei patogene \u0219i poten\u021bial patogene;<\/li>\n<li>\u0219i alte substan\u021be biologic active.<\/li>\n<\/ul>\n<div class=\"plashka\">\u00cen consecin\u021b\u0103, compozi\u021bia bacterian\u0103 a con\u021binutului intestinal este transformat\u0103 \u00een norma de dezvoltare adecvat\u0103, pere\u021bii intestinali sunt cur\u0103\u021ba\u021bi de reziduurile nedigerate, ceea ce contribuie la eliminarea activ\u0103 a toxinelor din organism, la transportul ne\u00eengr\u0103dit al nutrien\u021bilor biologic activi.<\/div>\n<p>A <strong>Vetom <span style=\"color: red;\">1.1<\/span><\/strong> normalizeaz\u0103 metabolismul, digestia \u0219i absorb\u021bia componentelor biologic active ale alimentelor \u00een tractul gastrointestinal.<\/p>\n<p>A <strong>Vetom <span style=\"color: red;\">1.1<\/span><\/strong> cre\u0219te eficien\u021ba medicamentelor \u0219i reduce efectele secundare negative ale acestora asupra organismului uman.<\/p>\n<div class=\"plashka\"><strong>Efecte farmacologice:<\/strong> imunomodulator, antitumoral, antiviral, antiproliferativ, bactericid, fungicid, anticlamidial.<\/div>\n<h5>Caracteristici:<\/h5>\n<ul class=\"vetom-list\">\n<li>Are activitate antagonist\u0103 ridicat\u0103 \u00eempotriva ciupercilor \u0219i bacteriilor patogene \u0219i condi\u021bionat patogene, propriet\u0103\u021bi antivirale, proteolitice, amilitice, celulolitice<\/li>\n<li>stimuleaz\u0103 factorii celulari \u0219i umorali ai imunit\u0103\u021bii<\/li>\n<li>cre\u0219te rezisten\u021ba nespecific\u0103 a organismului<\/li>\n<li>stabilizeaz\u0103 rezisten\u021ba alergic\u0103<\/li>\n<li>normalizeaz\u0103 metabolismul<\/li>\n<li>stimuleaz\u0103 procesele de regenerare, atac\u00e2nd \u0219i distrug\u00e2nd celulele canceroase \u0219i bolnave<\/li>\n<\/ul>","protected":false},"featured_media":6597,"comment_status":"open","ping_status":"closed","template":"","meta":[],"product_brand":[],"product_cat":[22],"product_tag":[],"class_list":{"0":"post-225","1":"product","2":"type-product","3":"status-publish","4":"has-post-thumbnail","6":"product_cat-vetom-probiotikumok","8":"first","9":"instock","10":"featured","11":"taxable","12":"shipping-taxable","13":"purchasable","14":"product-type-simple"},"_links":{"self":[{"href":"https:\/\/vetomshop.hu\/ro\/wp-json\/wp\/v2\/product\/225","targetHints":{"allow":["GET"]}}],"collection":[{"href":"https:\/\/vetomshop.hu\/ro\/wp-json\/wp\/v2\/product"}],"about":[{"href":"https:\/\/vetomshop.hu\/ro\/wp-json\/wp\/v2\/types\/product"}],"replies":[{"embeddable":true,"href":"https:\/\/vetomshop.hu\/ro\/wp-json\/wp\/v2\/comments?post=225"}],"wp:featuredmedia":[{"embeddable":true,"href":"https:\/\/vetomshop.hu\/ro\/wp-json\/wp\/v2\/media\/6597"}],"wp:attachment":[{"href":"https:\/\/vetomshop.hu\/ro\/wp-json\/wp\/v2\/media?parent=225"}],"wp:term":[{"taxonomy":"product_brand","embeddable":true,"href":"https:\/\/vetomshop.hu\/ro\/wp-json\/wp\/v2\/product_brand?post=225"},{"taxonomy":"product_cat","embeddable":true,"href":"https:\/\/vetomshop.hu\/ro\/wp-json\/wp\/v2\/product_cat?post=225"},{"taxonomy":"product_tag","embeddable":true,"href":"https:\/\/vetomshop.hu\/ro\/wp-json\/wp\/v2\/product_tag?post=225"}],"curies":[{"name":"wp","href":"https:\/\/api.w.org\/{rel}","templated":true}]}}