{"id":2478,"date":"2020-10-20T18:54:23","date_gmt":"2020-10-20T16:54:23","guid":{"rendered":"https:\/\/vetomshop.hu\/?post_type=product&#038;p=2478"},"modified":"2026-04-12T08:28:28","modified_gmt":"2026-04-12T06:28:28","slug":"vetom-2-25-probiotikum-10-ml-csepp","status":"publish","type":"product","link":"https:\/\/vetomshop.hu\/ro\/produs\/vetom-2-25-probiotikum-10-ml-csepp\/","title":{"rendered":"Probiotic Vetom <span style=\"color: red\">2.25<\/span><br>pic\u0103tur\u0103 <span style=\"color: red\">10 ml<\/span> (supliment alimentar)"},"content":{"rendered":"<h3>Vetom 2.25 pic\u0103turi probiotice 10 ml (supliment alimentar)<\/h3>\n<p>Dou\u0103 tulpini de Bacillus amyloliquefaciens (VKPM B-10642 \u0219i B-10643)<\/p>\n<p>Vetom 2.25 este un probiotic lichid pe baz\u0103 natural\u0103 conceput pentru a restabili flora intestinal\u0103, a sus\u021bine s\u0103n\u0103tatea digestiv\u0103 \u0219i a stimula ap\u0103rarea general\u0103 a organismului. Eficacitatea sa excep\u021bional\u0103 se datoreaz\u0103 celor dou\u0103 tulpini de bacterii *Bacillus amyloliquefaciens* pe care le con\u021bine.<\/p>\n<h2>Principalele efecte \u0219i beneficii:<\/h2>\n<p>*Efecte antibacteriene, antivirale, antifungice \u0219i anticlamydiale<br \/>\n* Ajut\u0103 la func\u021bionarea intestinului gros \u0219i sub\u021bire, restabile\u0219te flora intestinal\u0103 normal\u0103<br \/>\n* Sus\u021bine sistemul imunitar, at\u00e2t la nivel celular, c\u00e2t \u0219i la nivel de ap\u0103rare general\u0103<br \/>\n* Normalizeaz\u0103 metabolismul, \u00een special echilibrul ap\u0103-sare<br \/>\n* Efect de detoxifiere, ajut\u0103 la eliminarea proceselor de descompunere \u00een intestin<br \/>\n* Reduce respira\u021bia ur\u00e2t mirositoare \u0219i simptomele transpira\u021biei<br \/>\n* Utiliza\u021bi ca supliment pentru o varietate de afec\u021biuni, cum ar fi bolile hepatice, inflama\u021bia intestinului, ulcerele de stomac, hepatita cronic\u0103<br \/>\n*Leucocitele umane produc interferon, care protejeaz\u0103 organismul de infec\u021biile virale<br \/>\n* F\u0103r\u0103 dependen\u021b\u0103, supradozaj sau efecte secundare<br \/>\n*Pentru copii \u0219i adul\u021bi deopotriv\u0103<\/p>\n<h2>C\u00e2nd este recomandat\u0103 utilizarea sa?<\/h2>\n<p>* dup\u0103 tratamentul cu antibiotice, pentru regenerarea florei intestinale<br \/>\n* Pentru a completa terapia \u00een caz de cancer<br \/>\n* Tulbur\u0103ri digestive, diaree, constipa\u021bie, tulbur\u0103ri de stomac<br \/>\n*\u00cen st\u0103rile de imunodeficien\u021b\u0103<br \/>\n*\u00cen caz de miros sau respira\u021bie corporal\u0103 nepl\u0103cut\u0103<br \/>\n*Tratament suplimentar pentru pietre la rinichi, boli hepatice, probleme gastrointestinale<\/p>\n<h2>\nDozare recomandat\u0103:<\/h2>\n<p>*Suplimentare pentru adul\u021bi \u0219i copii: se recomand\u0103 2 pic\u0103turi pentru primele c\u00e2teva zile, apoi doza poate fi crescut\u0103 treptat la 4-6 pic\u0103turi. Observa\u021bi reac\u021biile organismului \u00een timpul administr\u0103rii.<br \/>\n*Pentru boli comune: 10 pic\u0103turi pe zi timp de 10 zile<br \/>\n* Tratamentul poate fi repetat dup\u0103 1-2 s\u0103pt\u0103m\u00e2ni<br \/>\n* Se recomand\u0103 utilizarea \u00een alternan\u021b\u0103 cu alte produse Vetom (de exemplu, Vetom 1, 3, 4 etc.)<\/p>\n<p>Important:<br \/>\nNu trebuie administrat \u00eempreun\u0103 cu alte probiotice orale sau antibiotice, \u00een special sulfanilamide, agen\u021bi anticancerigeni.<\/p>\n<h2>Ingrediente:<\/h2>\n<p>* Extract de porumb fermentat cu urm\u0103toarele tulpini bacteriene:<br \/>\n*Bacillus amyloliquefaciens* VKPM B-10642 (DSM 24614)<br \/>\n*Bacillus amyloliquefaciens* VKPM B-10643 (DSM 24615)<br \/>\n* Viveware<\/p>\n<h2>Ambalare \u0219i aspect:<\/h2>\n<p>* 10 ml lichid \u00eentr-o sticl\u0103 de sticl\u0103 sau plastic, ambalat \u00eentr-o cutie de carton<br \/>\n* Culoare: galben deschis p\u00e2n\u0103 la maro \u00eenchis<br \/>\n* Miros tipic, uneori pot ap\u0103rea sedimente u\u0219oare (nu este un defect de calitate)<\/p>\n<p>* Greutate: 0,02 kg<br \/>\n*Dimensiuni: 3 \u00d7 3 \u00d7 7 cm<br \/>\n*Locul de angajare: <strong>Rusia<\/strong><\/p>\n<h2>Condi\u021bii de depozitare \u0219i transport:<\/h2>\n<p>*Stocare: 0-10 \u00b0C, umiditate maxim\u0103 75%<br \/>\n* Poate fi depozitat la 10-30 \u00b0C timp de p\u00e2n\u0103 la 18 zile<br \/>\n*Dup\u0103 dezasamblare: p\u0103stra\u021bi la frigider (0-10 \u00b0C)<\/p>","protected":false},"excerpt":{"rendered":"<h5>Compozi\u021bie:<\/h5>\n<p>Bacillus amyloliquefaciens, VKPM B- 10642 <strong>(DSM 24614)<\/strong> \u0219i VKPM B- 10643 <strong>(DSM 24615)<\/strong> extract de porumb fermentat bacterian din tulpini de bacilus, purt\u0103tor.<br \/>\n<strong>Cum arat\u0103 produsul: <\/strong>A <strong>Vetom<\/strong> <span style=\"color: red; font-weight: 800;\">2.25<\/span> <strong>Pic\u0103turi probiotice<\/strong> un lichid cu un miros specific, de culoare de la galben deschis la maro \u00eenchis.<\/p>\n<p><strong>Despachetare:<\/strong>\u00a0 sticl\u0103 de sticl\u0103 sau plastic \u00eentr-o cutie de carton.<\/p>\n<div class=\"plashka\">A <strong>Vetom<\/strong> <span style=\"color: red; font-weight: 800;\">2.25<\/span> cre\u0219te eficien\u021ba medicamentelor \u0219i reduce efectele secundare negative ale acestora asupra organismului uman.<\/div>\n<h6>Caracteristici:<\/h6>\n<ul class=\"vetom-list\">\n<li>stimuleaz\u0103 factorii celulari \u0219i umorali ai imunit\u0103\u021bii<\/li>\n<li>cre\u0219te rezisten\u021ba nespecific\u0103 a organismului<\/li>\n<li>stabilizeaz\u0103 rezisten\u021ba alergic\u0103<\/li>\n<li>normalizeaz\u0103 metabolismul<\/li>\n<li>stimuleaz\u0103 procesele de regenerare, atac\u0103 \u0219i distruge celulele canceroase \u0219i bolnave<\/li>\n<\/ul>\n<div class=\"plashka\">Acesta modific\u0103 membrana \u0219i metabolismul scheletului celular, prevenind dezvoltarea celulelor canceroase.<\/div>","protected":false},"featured_media":6611,"comment_status":"open","ping_status":"closed","template":"","meta":[],"product_brand":[],"product_cat":[22],"product_tag":[],"class_list":{"0":"post-2478","1":"product","2":"type-product","3":"status-publish","4":"has-post-thumbnail","6":"product_cat-vetom-probiotikumok","8":"first","9":"instock","10":"featured","11":"taxable","12":"shipping-taxable","13":"purchasable","14":"product-type-simple"},"_links":{"self":[{"href":"https:\/\/vetomshop.hu\/ro\/wp-json\/wp\/v2\/product\/2478","targetHints":{"allow":["GET"]}}],"collection":[{"href":"https:\/\/vetomshop.hu\/ro\/wp-json\/wp\/v2\/product"}],"about":[{"href":"https:\/\/vetomshop.hu\/ro\/wp-json\/wp\/v2\/types\/product"}],"replies":[{"embeddable":true,"href":"https:\/\/vetomshop.hu\/ro\/wp-json\/wp\/v2\/comments?post=2478"}],"wp:featuredmedia":[{"embeddable":true,"href":"https:\/\/vetomshop.hu\/ro\/wp-json\/wp\/v2\/media\/6611"}],"wp:attachment":[{"href":"https:\/\/vetomshop.hu\/ro\/wp-json\/wp\/v2\/media?parent=2478"}],"wp:term":[{"taxonomy":"product_brand","embeddable":true,"href":"https:\/\/vetomshop.hu\/ro\/wp-json\/wp\/v2\/product_brand?post=2478"},{"taxonomy":"product_cat","embeddable":true,"href":"https:\/\/vetomshop.hu\/ro\/wp-json\/wp\/v2\/product_cat?post=2478"},{"taxonomy":"product_tag","embeddable":true,"href":"https:\/\/vetomshop.hu\/ro\/wp-json\/wp\/v2\/product_tag?post=2478"}],"curies":[{"name":"wp","href":"https:\/\/api.w.org\/{rel}","templated":true}]}}