{"id":2483,"date":"2020-10-20T19:35:14","date_gmt":"2020-10-20T17:35:14","guid":{"rendered":"https:\/\/vetomshop.hu\/?post_type=product&#038;p=2483"},"modified":"2026-04-12T08:28:16","modified_gmt":"2026-04-12T06:28:16","slug":"vetomgin-8-21","status":"publish","type":"product","link":"https:\/\/vetomshop.hu\/ro\/produs\/vetomgin-8-21\/","title":{"rendered":"Probiotic Vetomgin <span style=\"color:red\">8.21<\/span> tablet\u0103 de \u0219ampanie <span style=\"color:red\">15 buc\u0103\u021bi<\/span> (supliment alimentar )"},"content":{"rendered":"<h2><strong>Vetomgin 8.21 comprimate probiotice efervescente 15 (supliment alimentar)<\/strong><\/h2>\n<p><span style=\"color: #ff0000;\">Compozi\u021bie<\/span><\/p>\n<p>1 por\u021bie (1 comprimat efervescent) con\u021bine: aditiv: \u0415500 (carbonat de sodiu) - 1200 \u00b5g \u0415330(baton de l\u0103m\u00e2ie) - 750 \u00b5g ; culturi probiotice uscate de Bacillus subtilis, VKPM B - 10641(DSM 24613),Bacillus amyloliquefaciens, VKPM B - 10642(DSM 24614) , Bacillus amyloliquefaciens, VKPM B - 10643 (DSM 24615) 1\u0445106 KTJ\/g - 50 mg.<\/p>\n<p>Efectele sale benefice se datoreaz\u0103 propriet\u0103\u021bilor constituen\u021bilor Vetomgin 8.21. Sub ac\u021biunea acestora, \u00een intestinul fiec\u0103rei persoane se formeaz\u0103 o compozi\u021bie microbian\u0103 specific\u0103 \u0219i se activeaz\u0103 ciclul Krebs. Acest proces duce la optimizarea func\u021bion\u0103rii sistemelor care protejeaz\u0103 organismul de invadatorii str\u0103ini, inclusiv de microorganismele infec\u021bioase, \u0219i optimizeaz\u0103 sistemul de reglare al organismului, care asigur\u0103 o alimentare activ\u0103 cu oxigen a celulelor; formarea de rezerve energetice; activarea sintezei moleculelor esen\u021biale pentru organism: aminoacizi, glucide, acizi gra\u0219i etc.<\/p>\n<p>Vetomgin 8.21 cre\u0219te eficacitatea medicamentelor \u0219i reduce efectele secundare negative ale acestora asupra corpului uman.<\/p>\n<h5>Caracteristici:<\/h5>\n<ul>\n<li>\u00a0F\u0102R\u0102 EFECTE SECUNDARE<\/li>\n<li>\u00a0F\u0102R\u0102 RESTRIC\u021aII DE V\u00c2RST\u0102<\/li>\n<li>F\u0102R\u0102 SUPRADOZAJ<\/li>\n<li>NOT ADDICTIVE<\/li>\n<\/ul>\n<ul class=\"vetom-list\">\n<li>Are activitate antagonist\u0103 ridicat\u0103 \u00eempotriva ciupercilor \u0219i bacteriilor patogene \u0219i condi\u021bionat patogene, propriet\u0103\u021bi antivirale, proteolitice, amilitice, celulolitice<\/li>\n<li>stimuleaz\u0103 factorii celulari \u0219i umorali ai imunit\u0103\u021bii<\/li>\n<li>cre\u0219te rezisten\u021ba nespecific\u0103 a organismului<\/li>\n<li>stabilizeaz\u0103 rezisten\u021ba alergic\u0103<\/li>\n<li>normalizeaz\u0103 metabolismul<\/li>\n<li>stimuleaz\u0103 procesele de regenerare, atac\u0103 \u0219i distruge celulele canceroase \u0219i bolnave<\/li>\n<\/ul>\n<p><span style=\"color: #ff0000;\">Domeniu de utilizare<\/span><br \/>\nMicroorganismele probiotice sunt o surs\u0103 complementar\u0103 pentru \u00eembun\u0103t\u0103\u021birea calit\u0103\u021bii vie\u021bii.<br \/>\n<span style=\"color: #ff0000;\">Aplica\u021bi la<\/span><br \/>\nSe recomand\u0103 3 comprimate efervescente pe zi, timp de 10 zile, la intervale regulate.<br \/>\n1 comprimat dizolvat \u00eentr-un pahar de ap\u0103 .<br \/>\nTableta nu trebuie \u00eenghi\u021bit\u0103, mestecat\u0103 sau supt\u0103.<br \/>\n<span style=\"color: #ff0000;\">Contraindica\u021bii<\/span><br \/>\nHipersensibilitate la anumite ingrediente ale medicamentului.<br \/>\nInstruc\u021biuni speciale<br \/>\nA se utiliza \u00een timpul sarcinii \u0219i al\u0103pt\u0103rii numai dup\u0103 sfatul medicului. Preparatul nu afecteaz\u0103 capacitatea de a conduce vehicule sau de a ac\u021biona mecanisme poten\u021bial periculoase.<br \/>\n<span style=\"color: #ff0000;\">Dispensare<\/span><br \/>\n15 tablete \u0219ampanie de 2 grame , c\u00e2te 3 tablete, ambalate \u00eentr-o cutie de carton \u00eenvelit\u0103 \u00een h\u00e2rtie pergament. Se anexeaz\u0103 instruc\u021biunile de utilizare.<br \/>\n<span style=\"color: #ff0000;\">Condi\u021bii de depozitare<\/span><br \/>\nPoate fi depozitat la 75 % umiditate relativ\u0103 sub 30\u00b0C. A nu se l\u0103sa la \u00eendem\u00e2na copiilor.<br \/>\n<span style=\"color: #ff0000;\">Perioada de valabilitate<\/span><br \/>\n4 ani de la data de fabrica\u021bie. Nu consuma\u021bi dup\u0103 data de expirare.<br \/>\nVetomgin 8.21 nu este un medicament.<\/p>\n<p><span style=\"color: #0000ff;\">Cump\u0103r probiotice direct din fabric\u0103 la cel mai bun pre\u021b, -Calitate premium.<\/span><\/p>\n<h3><strong><span style=\"color: #ff0000;\">Cemmedic Europe Kft \u201eDistribuitor oficial al Ungariei\u201d !<\/span><\/strong><\/h3>","protected":false},"excerpt":{"rendered":"<h5>Compozi\u021bie<\/h5>\n<p>1 por\u021bie (<strong>1 comprimat efervescent<\/strong>) con\u021bine un aditiv:<\/p>\n<ul>\n<li><strong>\u0415500<\/strong> (carbonat de sodiu) - 1200 mg<\/li>\n<li><strong>\u0415330<\/strong> (bar de l\u0103m\u00e2ie) - 750 mg;<\/li>\n<li>culturi probiotice uscate <strong>Bacillus subtilis<\/strong>, VKPM B - 10641(DSM 24613),<\/li>\n<li><strong>Bacillus amyloliquefaciens<\/strong>, VKPM B - 10642 (DSM 24614),<\/li>\n<li><strong>Bacillus amyloliquefaciens<\/strong>, VKPM B - 10643 (DSM 24615) 1X106 KTJ\/g - 50 mg.<\/li>\n<\/ul>\n<p>Efectele benefice ale <strong>Vetomgin <span style=\"color:red\">8.21<\/span><\/strong> propriet\u0103\u021bile elementelor constitutive. Sub influen\u021ba acestora, \u00een intestin se formeaz\u0103 compozi\u021bia microbian\u0103 specific\u0103 fiec\u0103rei persoane \u0219i se activeaz\u0103 ciclul Krebs. Acest proces duce la optimizarea sistemelor care protejeaz\u0103 organismul \u00eempotriva invadatorilor str\u0103ini, inclusiv a microorganismelor infec\u021bioase, \u0219i optimizeaz\u0103 sistemul de reglare al organismului care asigur\u0103 o alimentare activ\u0103 cu oxigen a celulelor; formarea de rezerve energetice; activarea sintezei moleculelor esen\u021biale pentru organism: aminoacizi, carbohidra\u021bi, acizi gra\u0219i etc.<\/p>\n<div class=\"plashka\">A <strong>Vetomgin <span style=\"color:red\">8.21<\/span><\/strong> cre\u0219te eficien\u021ba medicamentelor \u0219i reduce efectele secundare negative ale acestora asupra organismului uman.<\/div>\n<h6>Caracteristici:<\/h6>\n<ul class=\"vetom-list\">\n<li>Are activitate antagonist\u0103 ridicat\u0103 \u00eempotriva ciupercilor \u0219i bacteriilor patogene \u0219i condi\u021bionat patogene, propriet\u0103\u021bi antivirale, proteolitice, amilitice, celulolitice<\/li>\n<li>stimuleaz\u0103 factorii celulari \u0219i umorali ai imunit\u0103\u021bii<\/li>\n<li>cre\u0219te rezisten\u021ba nespecific\u0103 a organismului<\/li>\n<li>stabilizeaz\u0103 rezisten\u021ba alergic\u0103<\/li>\n<li>normalizeaz\u0103 metabolismul<\/li>\n<li>stimuleaz\u0103 procesele de regenerare, atac\u00e2nd \u0219i distrug\u00e2nd celulele canceroase \u0219i bolnave<\/li>\n<\/ul>\n<div class=\"plashka\"><strong>Domeniu de utilizare<\/strong><br \/>\nMicroorganismele probiotice sunt o surs\u0103 complementar\u0103 pentru \u00eembun\u0103t\u0103\u021birea calit\u0103\u021bii vie\u021bii.<\/div>","protected":false},"featured_media":5558,"comment_status":"open","ping_status":"closed","template":"","meta":[],"product_brand":[],"product_cat":[22],"product_tag":[],"class_list":{"0":"post-2483","1":"product","2":"type-product","3":"status-publish","4":"has-post-thumbnail","6":"product_cat-vetom-probiotikumok","8":"first","9":"instock","10":"featured","11":"taxable","12":"shipping-taxable","13":"purchasable","14":"product-type-simple"},"_links":{"self":[{"href":"https:\/\/vetomshop.hu\/ro\/wp-json\/wp\/v2\/product\/2483","targetHints":{"allow":["GET"]}}],"collection":[{"href":"https:\/\/vetomshop.hu\/ro\/wp-json\/wp\/v2\/product"}],"about":[{"href":"https:\/\/vetomshop.hu\/ro\/wp-json\/wp\/v2\/types\/product"}],"replies":[{"embeddable":true,"href":"https:\/\/vetomshop.hu\/ro\/wp-json\/wp\/v2\/comments?post=2483"}],"wp:featuredmedia":[{"embeddable":true,"href":"https:\/\/vetomshop.hu\/ro\/wp-json\/wp\/v2\/media\/5558"}],"wp:attachment":[{"href":"https:\/\/vetomshop.hu\/ro\/wp-json\/wp\/v2\/media?parent=2483"}],"wp:term":[{"taxonomy":"product_brand","embeddable":true,"href":"https:\/\/vetomshop.hu\/ro\/wp-json\/wp\/v2\/product_brand?post=2483"},{"taxonomy":"product_cat","embeddable":true,"href":"https:\/\/vetomshop.hu\/ro\/wp-json\/wp\/v2\/product_cat?post=2483"},{"taxonomy":"product_tag","embeddable":true,"href":"https:\/\/vetomshop.hu\/ro\/wp-json\/wp\/v2\/product_tag?post=2483"}],"curies":[{"name":"wp","href":"https:\/\/api.w.org\/{rel}","templated":true}]}}