{"id":2704,"date":"2021-05-05T21:50:09","date_gmt":"2021-05-05T19:50:09","guid":{"rendered":"https:\/\/vetomshop.hu\/?post_type=product&#038;p=2704"},"modified":"2026-02-28T11:46:57","modified_gmt":"2026-02-28T10:46:57","slug":"21-napos-kura-4-tubus-225-gramm","status":"publish","type":"product","link":"https:\/\/vetomshop.hu\/ro\/produs\/21-napos-kura-4-tubus-225-gramm\/","title":{"rendered":"Enterosgel: cur\u0103 de 21 de zile 4 tuburi (225 grame)"},"content":{"rendered":"<p>De la\u00a0<strong>Enterosgel\u00a0<\/strong>elimin\u0103 substan\u021bele nocive pentru organism, dar nu absoarbe ingredientele benefice pentru organism. Produs dezinfectant, protector, detoxifiant. Este o substan\u021b\u0103 organic\u0103 cu propriet\u0103\u021bi fizice \u0219i chimice similare cu cele ale c\u0103rbunelui \u0219i, prin urmare, este bun\u0103 pentru organism.<\/p>\n<p>Ajut\u0103 la detoxifierea \u0219i chiar la eliminarea viru\u0219ilor, bacteriilor, ciupercilor \u0219i parazi\u021bilor ale c\u0103ror reziduuri se ascund \u0219i provoac\u0103 simptome care pot fi foarte greu de g\u0103sit.<\/p>\n<p>U\u0219or de utilizat, poate fi amestecat cu ap\u0103 sau alte lichide \/ 1-2 dl\/<br \/>\nPentru adul\u021bi, o lingur\u0103 \/15 gr\/ de 3 ori pe zi, cu o or\u0103 \u0219i jum\u0103tate p\u00e2n\u0103 la dou\u0103 ore \u00eenainte sau dup\u0103 mas\u0103.<br \/>\nPentru copii, o linguri\u021b\u0103 \/5-10 gr\/ de 1-3 ori pe zi.<br \/>\nUtilizare recomandat\u0103: 7-14 zile.<\/p>","protected":false},"excerpt":{"rendered":"<p>De la\u00a0<strong>Enterosgel\u00a0<\/strong>elimin\u0103 substan\u021bele nocive pentru organism, dar nu absoarbe ingredientele benefice pentru organism. Produs dezinfectant, protector, detoxifiant. Este o substan\u021b\u0103 organic\u0103 cu propriet\u0103\u021bi fizice \u0219i chimice similare cu cele ale c\u0103rbunelui \u0219i, prin urmare, este bun\u0103 pentru organism.<\/p>\n<p>Ajut\u0103 la detoxifierea \u0219i chiar la eliminarea viru\u0219ilor, bacteriilor, ciupercilor \u0219i parazi\u021bilor ale c\u0103ror reziduuri se ascund \u0219i provoac\u0103 simptome care pot fi foarte greu de g\u0103sit.<\/p>","protected":false},"featured_media":2705,"comment_status":"open","ping_status":"closed","template":"","meta":[],"product_brand":[],"product_cat":[28],"product_tag":[],"class_list":{"0":"post-2704","1":"product","2":"type-product","3":"status-publish","4":"has-post-thumbnail","6":"product_cat-enterosgel","8":"first","9":"instock","10":"sale","11":"taxable","12":"shipping-taxable","13":"purchasable","14":"product-type-simple"},"_links":{"self":[{"href":"https:\/\/vetomshop.hu\/ro\/wp-json\/wp\/v2\/product\/2704","targetHints":{"allow":["GET"]}}],"collection":[{"href":"https:\/\/vetomshop.hu\/ro\/wp-json\/wp\/v2\/product"}],"about":[{"href":"https:\/\/vetomshop.hu\/ro\/wp-json\/wp\/v2\/types\/product"}],"replies":[{"embeddable":true,"href":"https:\/\/vetomshop.hu\/ro\/wp-json\/wp\/v2\/comments?post=2704"}],"wp:featuredmedia":[{"embeddable":true,"href":"https:\/\/vetomshop.hu\/ro\/wp-json\/wp\/v2\/media\/2705"}],"wp:attachment":[{"href":"https:\/\/vetomshop.hu\/ro\/wp-json\/wp\/v2\/media?parent=2704"}],"wp:term":[{"taxonomy":"product_brand","embeddable":true,"href":"https:\/\/vetomshop.hu\/ro\/wp-json\/wp\/v2\/product_brand?post=2704"},{"taxonomy":"product_cat","embeddable":true,"href":"https:\/\/vetomshop.hu\/ro\/wp-json\/wp\/v2\/product_cat?post=2704"},{"taxonomy":"product_tag","embeddable":true,"href":"https:\/\/vetomshop.hu\/ro\/wp-json\/wp\/v2\/product_tag?post=2704"}],"curies":[{"name":"wp","href":"https:\/\/api.w.org\/{rel}","templated":true}]}}