{"id":4392,"date":"2023-08-06T13:27:56","date_gmt":"2023-08-06T11:27:56","guid":{"rendered":"https:\/\/vetomshop.hu\/?post_type=product&#038;p=4392"},"modified":"2026-04-12T08:28:06","modified_gmt":"2026-04-12T06:28:06","slug":"komarov-por-etrend-kiegeszito-40-tasak","status":"publish","type":"product","link":"https:\/\/vetomshop.hu\/ro\/produs\/komarov-por-etrend-kiegeszito-40-tasak\/","title":{"rendered":"Probiotic Komarov pulbere <span style=\"color: red\">40 tassaq<\/span> (supliment alimentar )"},"content":{"rendered":"<h2><strong>Komarov pulbere - 40 plicule\u021be (supliment alimentar)<\/strong><\/h2>\n<p>Probiotic natural cu vitamine \u0219i spirulin\u0103 - pentru sus\u021binerea sistemului digestiv \u0219i imunitar<\/p>\n<p>Pulberea Komarov este un supliment alimentar complex care con\u021bine probiotice, fibre dietetice, vitamine, minerale \u0219i spirulin\u0103. Ingredientele sale active sus\u021bin echilibrul florei intestinale, detoxifierea, metabolismul \u0219i \u00eent\u0103resc ap\u0103rarea organismului.<\/p>\n<p>&nbsp;<\/p>\n<h2><strong>Ingrediente principale:<\/strong><\/h2>\n<p>*Bacillus subtilis VKPM V-10641 (DSM 24613) - bacterii intestinale benefice<\/p>\n<p>*Spirulina (alge albastre-verzi) - o surs\u0103 natural\u0103 de vitamine \u0219i proteine<\/p>\n<p>*T\u0103r\u00e2\u021be de gr\u00e2u - o surs\u0103 de fibre dietetice<\/p>\n<p>* Acid citric, clorur\u0103 de sodiu - purt\u0103tori naturali<\/p>\n<p>&nbsp;<\/p>\n<h2><strong>De asemenea, incluse \u00een produs:<\/strong><\/h2>\n<p>*Vitamine: A, B1, B2, B6, B12, B5, B9, biotin\u0103<\/p>\n<p>*Minerale: calciu, potasiu, magneziu, fosfor, fier, zinc, cupru, mangan, seleniu, molibden<\/p>\n<p>* acizi gra\u0219i nesatura\u021bi: acid linoleic, acid linolenic, acid arahidonic<\/p>\n<p>&nbsp;<\/p>\n<h2><strong>Efecte benefice:<\/strong><\/h2>\n<p>\u2705 Ajut\u0103 la digestie \u0219i la o mai bun\u0103 absorb\u021bie a nutrien\u021bilor<\/p>\n<p>\u2705 Sus\u021bine echilibrul florei intestinale, are un efect detoxifiant<\/p>\n<p>\u2705 \u00cent\u0103re\u0219te sistemul imunitar, cre\u0219te rezisten\u021ba organismului<\/p>\n<p>\u2705 Normalizeaz\u0103 metabolismul<\/p>\n<p>\u2705 Ajut\u0103 procesele de regenerare \u0219i poate contribui la lupta \u00eempotriva celulelor d\u0103un\u0103toare<\/p>\n<p>\u2705 Activeaz\u0103 ciclul Krebs (producerea energiei celulare)<\/p>\n<p>\u2705 Propriet\u0103\u021bi antibacteriene, antivirale, antifungice<\/p>\n<p>&nbsp;<\/p>\n<h2><strong>Dozare recomandat\u0103:<\/strong><\/h2>\n<p>*Pentru un organism s\u0103n\u0103tos: min. 2-3 plicule\u021be pe zi timp de 10-14 zile Monitoriza\u021bi reac\u021biile organismului \u00een timpul administr\u0103rii \u0219i cre\u0219te\u021bi treptat doza dac\u0103 este necesar.<\/p>\n<p>* Pentru anumite boli: 7-10 plicule\u021be pe zi timp de 10 zile<\/p>\n<p>* 1 por\u021bie = 1 plicule\u021b<\/p>\n<p>* Pulberea se administreaz\u0103 pe cale oral\u0103, recomandat\u0103 cu sau dup\u0103 mese. Este mai convenabil s\u0103 o lua\u021bi cu lingura amestecat\u0103 cu iaurt, sm\u00e2nt\u00e2n\u0103 sau kefir.<\/p>\n<p>&nbsp;<\/p>\n<h2><strong>Informa\u021bii importante:<\/strong><\/h2>\n<p>* F\u0103r\u0103 efecte secundare, f\u0103r\u0103 supradozaj, f\u0103r\u0103 dependen\u021b\u0103<\/p>\n<p>*F\u0103r\u0103 restric\u021bii de v\u00e2rst\u0103<\/p>\n<p>*Nu trebuie luat \u00eempreun\u0103 cu antibiotice sau alte probiotice<\/p>\n<p>*Nu este recomandat \u00een caz de hipersensibilitate la oricare dintre ingrediente<\/p>\n<p>&nbsp;<\/p>\n<h2><strong>Dispensare:<\/strong><\/h2>\n<p>40 plicuri de 2,5 g pulbere, \u00een ambalaj laminat<\/p>\n<p>Greutate: 0,17 kg<\/p>\n<p>Dimensiuni: 18 \u00d7 7 \u00d7 7 cm<\/p>\n<p>Locul de origine: Rusia<\/p>\n<p>&nbsp;<\/p>\n<h2><strong>Depozitare:<\/strong><\/h2>\n<p>A se p\u0103stra \u00eentr-un loc uscat \u0219i r\u0103coros \u00eentre 0-30 \u00b0C, cu o umiditate maxim\u0103 de 75%.<\/p>\n<p>Garan\u021bie: 4<strong> ani de la data fabrica\u021biei<\/strong>.<\/p>\n<p>Locul de origine : <strong>Rusia<\/strong><\/p>","protected":false},"excerpt":{"rendered":"<h5>Bacilus subtilis tulpina VKPM V 10 641 (DSM 24613)<\/h5>\n<div class=\"plashka\"><strong>Material viu:<\/strong> t\u0103r\u00e2\u021be de gr\u00e2u, clorur\u0103 de sodiu, alge albastre-verzi spirulina, acid citric.<br \/>\nPulbere ambalat\u0103 \u00eentr-un plic de h\u00e2rtie laminat\u0103 de 2,5 g.<\/div>\n<h5>Cerere:<\/h5>\n<p>Pulberea Komarov este o substan\u021b\u0103 biologic activ\u0103 care con\u021bine microorganisme probiotice, fibre dietetice, vitamine (<strong>A, B1, B2, B6, B12, B5, B9, biotin\u0103<\/strong>), macronutrien\u021bi (calciu, magneziu, fosfor, potasiu) \u0219i micronutrien\u021bi (fier, mangan, cupru, zinc, molibden, seleniu), acizi gra\u0219i nesatura\u021bi (acid linoleic, acid linolenic, acid arahidonic).<\/p>\n<h6>Caracteristici:<\/h6>\n<ul class=\"vetom-list\">\n<li>Are activitate antagonist\u0103 ridicat\u0103 \u00eempotriva ciupercilor \u0219i bacteriilor patogene \u0219i condi\u021bionat patogene, propriet\u0103\u021bi antivirale, proteolitice, amilitice, celulolitice<\/li>\n<li>stimuleaz\u0103 factorii celulari \u0219i umorali ai imunit\u0103\u021bii<\/li>\n<li>cre\u0219te rezisten\u021ba nespecific\u0103 a organismului<\/li>\n<li>stabilizeaz\u0103 rezisten\u021ba alergic\u0103<\/li>\n<li>normalizeaz\u0103 metabolismul<\/li>\n<li>stimuleaz\u0103 procesele de regenerare, atac\u0103 \u0219i distruge celulele canceroase \u0219i bolnave<\/li>\n<\/ul>","protected":false},"featured_media":5557,"comment_status":"open","ping_status":"closed","template":"","meta":[],"product_brand":[],"product_cat":[22],"product_tag":[],"class_list":{"0":"post-4392","1":"product","2":"type-product","3":"status-publish","4":"has-post-thumbnail","6":"product_cat-vetom-probiotikumok","8":"first","9":"instock","10":"featured","11":"taxable","12":"shipping-taxable","13":"purchasable","14":"product-type-simple"},"_links":{"self":[{"href":"https:\/\/vetomshop.hu\/ro\/wp-json\/wp\/v2\/product\/4392","targetHints":{"allow":["GET"]}}],"collection":[{"href":"https:\/\/vetomshop.hu\/ro\/wp-json\/wp\/v2\/product"}],"about":[{"href":"https:\/\/vetomshop.hu\/ro\/wp-json\/wp\/v2\/types\/product"}],"replies":[{"embeddable":true,"href":"https:\/\/vetomshop.hu\/ro\/wp-json\/wp\/v2\/comments?post=4392"}],"wp:featuredmedia":[{"embeddable":true,"href":"https:\/\/vetomshop.hu\/ro\/wp-json\/wp\/v2\/media\/5557"}],"wp:attachment":[{"href":"https:\/\/vetomshop.hu\/ro\/wp-json\/wp\/v2\/media?parent=4392"}],"wp:term":[{"taxonomy":"product_brand","embeddable":true,"href":"https:\/\/vetomshop.hu\/ro\/wp-json\/wp\/v2\/product_brand?post=4392"},{"taxonomy":"product_cat","embeddable":true,"href":"https:\/\/vetomshop.hu\/ro\/wp-json\/wp\/v2\/product_cat?post=4392"},{"taxonomy":"product_tag","embeddable":true,"href":"https:\/\/vetomshop.hu\/ro\/wp-json\/wp\/v2\/product_tag?post=4392"}],"curies":[{"name":"wp","href":"https:\/\/api.w.org\/{rel}","templated":true}]}}