{"id":443,"date":"2019-11-12T14:57:08","date_gmt":"2019-11-12T13:57:08","guid":{"rendered":"https:\/\/vetomshop.hu\/?post_type=product&#038;p=443"},"modified":"2026-04-12T08:29:34","modified_gmt":"2026-04-12T06:29:34","slug":"vetom-2-etrend-kiegeszito","status":"publish","type":"product","link":"https:\/\/vetomshop.hu\/ro\/produs\/vetom-2-etrend-kiegeszito\/","title":{"rendered":"Probiotic Vetom <span style=\"color:red\">2<\/span><br> capsul\u0103 <span style=\"color:red\">50 de boabe<\/span> (supliment alimentar)"},"content":{"rendered":"<h2>Vetom 2 capsule probiotice 50 boabe (supliment alimentar)<\/h2>\n<p>Cele 2 ingrediente active principale din Vetom sunt tulpinile bacteriene benefice de *Bacillus amyloliquefaciens* , care ac\u021bioneaz\u0103 \u00een principal \u00een intestinul gros, unde se multiplic\u0103 pentru a produce diverse enzime (enzime de degradare a proteinelor, amidonului \u0219i fibrelor) \u0219i compu\u0219i activi care:<\/p>\n<p>* suprim\u0103 bacteriile \u0219i ciupercile d\u0103un\u0103toare,<br \/>\n* cur\u0103\u021b\u0103 peretele intestinal de reziduurile nedigerate,<br \/>\n* sprijin\u0103 o mai bun\u0103 absorb\u021bie a nutrien\u021bilor,<br \/>\n* ajut\u0103 la detoxifierea organismului.<\/p>\n<p>Utilizarea regulat\u0103 a Vetom 2 ajut\u0103 la restabilirea unui echilibru s\u0103n\u0103tos al florei intestinale, stimuleaz\u0103 digestia \u0219i \u00eembun\u0103t\u0103\u021be\u0219te func\u021bia imunitar\u0103. Probioticul sus\u021bine procesele de regenerare, ajut\u0103 la re\u00eennoirea celular\u0103 \u0219i poate chiar preveni dezvoltarea celulelor canceroase.<\/p>\n<p>De asemenea, \u00eembun\u0103t\u0103\u021be\u0219te efectele medicamentelor, reduc\u00e2nd \u00een acela\u0219i timp efectele secundare ale acestora.<\/p>\n<h2>Caracteristici avantajoase:<\/h2>\n<p>* Ac\u021biune antibacterian\u0103 \u0219i antifungic\u0103 puternic\u0103<br \/>\n* Antiviral, digestiv, stimulent imunitar<br \/>\n* Protec\u021bia celular\u0103 \u0219i prevenirea tumorilor<br \/>\n* Normalizeaz\u0103 metabolismul<br \/>\n* \u00eent\u0103re\u0219te rezisten\u021ba la alergii<br \/>\n* Regenereaz\u0103 organismul la nivel celular<br \/>\n* Nu provoac\u0103 efecte secundare, supradozaj sau dependen\u021b\u0103<br \/>\n* Protejeaz\u0103 organismul la nivel celular, ajut\u0103 la prevenirea dezvolt\u0103rii tumorilor<\/p>\n<h2>Utilizare sugerat\u0103:<\/h2>\n<p>Vetom 2 este recomandat pentru restabilirea echilibrului florei intestinale, sus\u021binerea s\u0103n\u0103t\u0103\u021bii intestinale \u0219i cre\u0219terea imunit\u0103\u021bii.<\/p>\n<h2>Dozaj:<\/h2>\n<p>* 1 capsul\u0103 de 2-3 ori pe zi este recomandat\u0103 timp de 10 zile, \u00eenainte, \u00een timpul sau dup\u0103 mese, cu o cantitate mic\u0103 de lichid (ap\u0103, ceai sau suc). Monitoriza\u021bi r\u0103spunsul organismului pe parcursul tratamentului \u0219i cre\u0219te\u021bi doza treptat dac\u0103 este necesar, p\u00e2n\u0103 la 5-10 capsule pe zi.<\/p>\n<p>* Tratamentul poate fi repetat dup\u0103 o pauz\u0103 de 1-2 s\u0103pt\u0103m\u00e2ni. Ocazional se recomand\u0103 trecerea la un alt produs Vetom numerotat pentru sus\u021binerea general\u0103 a organismului.<\/p>\n<h2>Contraindica\u021bii:<\/h2>\n<p>* Nu este recomandat \u00een caz de sensibilitate la oricare dintre ingrediente.<br \/>\n* Utiliza\u021bi \u00een timpul sarcinii \u0219i al\u0103pt\u0103rii numai dup\u0103 sfatul medicului.<br \/>\n* Nu afecteaz\u0103 condusul sau operarea utilajelor periculoase.<\/p>\n<h2>Dozaj \u0219i ingrediente:<\/h2>\n<p>* 10 capsule \u00een blister, 5 pachete \u00een cutie (50 de capsule \u00een total)<br \/>\n* Con\u021binut de 1 capsul\u0103:<\/p>\n<p>* extract de porumb - 133 mg<br \/>\n* Amidon de cartofi - 100 mg<br \/>\n* zaharoz\u0103 (zah\u0103r pudr\u0103) - 67 mg<br \/>\n* Cultura bacterian\u0103 Bacillus amyloliquefaciens (DSM 24614) \u0219i tulpinile DSM 24615 - 30 mg (1\u00d710\u2079 UFC\/g)<\/p>\n<h2>Mai multe informa\u021bii:<\/h2>\n<p>* Greutate net\u0103: 0,1 kg<br \/>\n* Dimensiune: 4,5 \u00d7 6,5 \u00d7 8 cm<br \/>\n* \u021aara de origine: Rusia<br \/>\n* Depozitare: \u00eentr-un loc r\u0103coros, uscat (max. 30 \u00b0C), ferit de copii<br \/>\n* Perioada de valabilitate: 2 ani de la data fabrica\u021biei<\/p>\n<p>Echivalent alternativ sub form\u0103 de pic\u0103turi: Vetom 2.25 (10 ml)<\/p>\n<p>Locul de origine : <strong>Rusia<\/strong><\/p>","protected":false},"excerpt":{"rendered":"<h5><strong>Vetom <span style=\"color: red;\">2<\/span><\/strong> capsule probiotice 50 boabe (supliment alimentar)<\/h5>\n<div class=\"plashka\">\n<p>A <strong>Vetom <span style=\"color: red;\">2<\/span><\/strong> normalizeaz\u0103 metabolismul, digestia \u0219i absorb\u021bia componentelor biologic active ale alimentelor \u00een tractul gastrointestinal.<\/p>\n<p>A <strong>Vetom <span style=\"color: red;\">2<\/span><\/strong> prpbioticele cresc eficien\u021ba medicamentelor \u0219i reduc efectele secundare negative ale acestora asupra organismului uman.<\/p>\n<\/div>\n<p>Efect benefic asupra <strong>Bacillus amyloliquefaciens<\/strong> care sunt produse \u00een principal prin multiplicare \u00een intestinul gros:<\/p>\n<ul class=\"vetom-list\">\n<li>enzime proteolitice, amilolitice, celulozolitice,<\/li>\n<li>o substan\u021b\u0103 biologic activ\u0103 care inhib\u0103 cre\u0219terea \u0219i dezvoltarea microflorei patogene \u0219i poten\u021bial patogene.<\/li>\n<\/ul>\n<p>\u00cen consecin\u021b\u0103, compozi\u021bia bacterian\u0103 a con\u021binutului intestinal este transformat\u0103 \u00een norma de dezvoltare adecvat\u0103, pere\u021bii intestinali sunt cur\u0103\u021ba\u021bi de reziduurile nedigerate, ceea ce contribuie la eliminarea activ\u0103 a toxinelor din organism, la transportul ne\u00eengr\u0103dit al nutrien\u021bilor biologic activi.<\/p>","protected":false},"featured_media":6598,"comment_status":"open","ping_status":"closed","template":"","meta":[],"product_brand":[],"product_cat":[22],"product_tag":[],"class_list":{"0":"post-443","1":"product","2":"type-product","3":"status-publish","4":"has-post-thumbnail","6":"product_cat-vetom-probiotikumok","8":"first","9":"instock","10":"featured","11":"taxable","12":"shipping-taxable","13":"purchasable","14":"product-type-simple"},"_links":{"self":[{"href":"https:\/\/vetomshop.hu\/ro\/wp-json\/wp\/v2\/product\/443","targetHints":{"allow":["GET"]}}],"collection":[{"href":"https:\/\/vetomshop.hu\/ro\/wp-json\/wp\/v2\/product"}],"about":[{"href":"https:\/\/vetomshop.hu\/ro\/wp-json\/wp\/v2\/types\/product"}],"replies":[{"embeddable":true,"href":"https:\/\/vetomshop.hu\/ro\/wp-json\/wp\/v2\/comments?post=443"}],"wp:featuredmedia":[{"embeddable":true,"href":"https:\/\/vetomshop.hu\/ro\/wp-json\/wp\/v2\/media\/6598"}],"wp:attachment":[{"href":"https:\/\/vetomshop.hu\/ro\/wp-json\/wp\/v2\/media?parent=443"}],"wp:term":[{"taxonomy":"product_brand","embeddable":true,"href":"https:\/\/vetomshop.hu\/ro\/wp-json\/wp\/v2\/product_brand?post=443"},{"taxonomy":"product_cat","embeddable":true,"href":"https:\/\/vetomshop.hu\/ro\/wp-json\/wp\/v2\/product_cat?post=443"},{"taxonomy":"product_tag","embeddable":true,"href":"https:\/\/vetomshop.hu\/ro\/wp-json\/wp\/v2\/product_tag?post=443"}],"curies":[{"name":"wp","href":"https:\/\/api.w.org\/{rel}","templated":true}]}}