{"id":445,"date":"2019-11-12T15:06:44","date_gmt":"2019-11-12T14:06:44","guid":{"rendered":"https:\/\/vetomshop.hu\/?post_type=product&#038;p=445"},"modified":"2026-04-12T08:29:25","modified_gmt":"2026-04-12T06:29:25","slug":"vetom-3-etrend-kiegeszito","status":"publish","type":"product","link":"https:\/\/vetomshop.hu\/ro\/produs\/vetom-3-etrend-kiegeszito\/","title":{"rendered":"Probiotic Vetom <span style=\"color:red\">3<\/span><br> capsul\u0103 <span style=\"color:red\">50 de boabe<\/span> (supliment alimentar)"},"content":{"rendered":"<p>Vetom 3 capsule probiotice 50 boabe (supliment alimentar)<\/p>\n<p>Efectele sale benefice se datoreaz\u0103 ac\u021biunii Bacillus amyloliquefaciens, care, \u00een principal prin multiplicare \u00een colon, produc: enzime proteolitice, amilolitice, celulolitice, substan\u021be biologic active care inhib\u0103 cre\u0219terea \u0219i dezvoltarea microflorei patogene \u0219i poten\u021bial patogene. Ca urmare, compozi\u021bia bacterian\u0103 a con\u021binutului intestinal este transformat\u0103 \u00een norma de dezvoltare corespunz\u0103toare, pere\u021bii intestinali sunt cur\u0103\u021ba\u021bi de reziduurile nedigerate, ceea ce contribuie la eliminarea activ\u0103 a toxinelor din organism, la transportul ne\u00eengr\u0103dit al nutrien\u021bilor biologic activi.<br \/>\nSub ac\u021biunea Vetom 3, metabolismul, digestia \u0219i absorb\u021bia componentelor biologic active ale alimentelor \u00een tractul gastrointestinal sunt normalizate.<br \/>\nVetom 3 cre\u0219te eficien\u021ba medicamentelor \u0219i reduce efectele secundare negative ale acestora asupra organismului uman.<br \/>\nDoza recomandat\u0103: 1 capsul\u0103 (2*3) pe zi timp de 10 zile, care se administreaz\u0103 cu sau dup\u0103 mese, cu o cantitate mic\u0103 de ap\u0103, suc sau ceai.<br \/>\nVetom 3 nu creeaz\u0103 dependen\u021b\u0103.<br \/>\nSe recomand\u0103 repetarea curelor dup\u0103 o pauz\u0103 de 1-2 s\u0103pt\u0103m\u00e2ni \u0219i este recomandabil s\u0103 se treac\u0103 la intervale de timp la un produs Vetom numerotat diferit. .<br \/>\n\u00cen acest fel, ne putem sus\u021bine \u00eentregul organism, precum \u0219i tractul intestinal. .<br \/>\nCaracteristici:<br \/>\n- Are activitate antagonist\u0103 ridicat\u0103 \u00eempotriva ciupercilor \u0219i bacteriilor patogene \u0219i condi\u021bionat patogene, propriet\u0103\u021bi antivirale, proteolitice, amilitice, celulolitice<br \/>\n- stimuleaz\u0103 factorii celulari \u0219i umorali ai imunit\u0103\u021bii<br \/>\n- cre\u0219te rezisten\u021ba nespecific\u0103 a organismului<br \/>\n- stabilizeaz\u0103 rezisten\u021ba alergic\u0103<br \/>\n- normalizeaz\u0103 metabolismul<br \/>\n- stimuleaz\u0103 procesele de regenerare, atac\u0103 \u0219i distruge celulele canceroase \u0219i bolnave<br \/>\nAcesta modific\u0103 membrana \u0219i metabolismul scheletului celular, prevenind dezvoltarea celulelor canceroase.<\/p>\n<ul>\n<li>F\u0102R\u0102 EFECTE SECUNDARE<\/li>\n<li>F\u0102R\u0102 RESTRIC\u021aII DE V\u00c2RST\u0102<\/li>\n<li>F\u0102R\u0102 SUPRADOZAJ<\/li>\n<li>NOT ADDICTIVE<\/li>\n<\/ul>\n<p>Domeniu de utilizare<br \/>\nUtilizarea microorganismelor probiotice ca aditiv alimentar biologic activ este recomandat\u0103 pentru repararea tractului gastrointestinal \u0219i refacerea microflorei intestinale.<br \/>\nContraindica\u021bii<br \/>\nHipersensibilitate la anumite ingrediente ale produsului.<br \/>\nInstruc\u021biuni speciale<br \/>\nA se utiliza \u00een timpul sarcinii \u0219i al\u0103pt\u0103rii numai dup\u0103 consult medical. Preparatul nu afecteaz\u0103 capacitatea de a conduce vehicule sau de a ac\u021biona mecanisme poten\u021bial periculoase.<br \/>\nDispensare<br \/>\n10 capsule de 0,33 g \u00een blistere individuale, 5 blistere \u00eentr-o cutie de carton. \u00cenvelite \u00een h\u00e2rtie ondulat\u0103, greutate net\u0103: 5 gr, 50 capsule \u00eentr-o cutie de carton.<br \/>\nCompozi\u021bie<br \/>\n1 capsul\u0103 con\u021bine: extract de porumb - 133 mg; amidon din cartofi - 100 mg; zaharoz\u0103 (zah\u0103r pudr\u0103) - 67 mg, probiotic uscat Bacillus amyloliquefaciens VKPM B - 10641 cultur\u0103 bacterian\u0103 (DSM 24613), 1\u00d7109 KTJ\/g - 30 mg unitate formatoare de colonii.<\/p>\n<p>Greutate :0,1 kg<br \/>\nDimensiuni: 4,5 x 6,5 x 8 cm<br \/>\nLocul de origine : Rusia<\/p>\n<p>Cump\u0103r probiotice direct din fabric\u0103 la cel mai bun pre\u021b, -Calitate premium.<br \/>\n\u201eCemmedic Europe Kft\u201d Distribuitor oficial al Vetom Probiotics \u00een Ungaria !<\/p>","protected":false},"excerpt":{"rendered":"<h5><strong>Vetom <span style=\"color: red;\">3<\/span><\/strong> capsule probiotice 50 boabe (supliment alimentar)<\/h5>\n<div class=\"plashka\">\n<p>A <strong>Vetom <span style=\"color: red;\">3<\/span><\/strong> normalizeaz\u0103 metabolismul, digestia \u0219i absorb\u021bia componentelor biologic active ale alimentelor \u00een tractul gastrointestinal.<\/p>\n<p>A <strong>Vetom <span style=\"color: red;\">3<\/span><\/strong> cre\u0219te eficien\u021ba medicamentelor \u0219i reduce efectele secundare negative ale acestora asupra organismului uman.<\/p>\n<\/div>\n<p>Efect benefic asupra <strong>Bacillus amyloliquefaciens<\/strong> care sunt produse \u00een principal prin multiplicare \u00een intestinul gros:<\/p>\n<ul class=\"vetom-list\">\n<li>enzime proteolitice, amilolitice, celulozolitice,<\/li>\n<li>substan\u021be biologic active care inhib\u0103 cre\u0219terea \u0219i dezvoltarea microflorei patogene \u0219i poten\u021bial patogene.<\/li>\n<\/ul>\n<p>\u00cen consecin\u021b\u0103, compozi\u021bia bacterian\u0103 a con\u021binutului intestinal este transformat\u0103 \u00een norma de dezvoltare adecvat\u0103, pere\u021bii intestinali sunt cur\u0103\u021ba\u021bi de reziduurile nedigerate, ceea ce contribuie la eliminarea activ\u0103 a toxinelor din organism, la transportul ne\u00eengr\u0103dit al nutrien\u021bilor biologic activi.<\/p>\n<p><strong>Dozaj<\/strong>: se recomand\u0103 administrarea a 1 capsul\u0103 (2*3) zilnic, timp de 10 zile, cu sau dup\u0103 mese, cu o cantitate mic\u0103 de ap\u0103, suc sau ceai.<\/p>\n<p>Se recomand\u0103 repetarea curelor dup\u0103 o pauz\u0103 de 1-2 s\u0103pt\u0103m\u00e2ni \u0219i trecerea la un alt produs Vetom numerotat la intervale regulate.<br \/>\n\u00cen acest fel ne putem sus\u021bine \u00eentregul organism, sistemul intestinal.<\/p>\n<p>A <strong>Vetom <span style=\"color: red;\">3<\/span><\/strong> nu creeaz\u0103 dependen\u021b\u0103.<\/p>\n<h5>Caracteristici:<\/h5>\n<ul class=\"vetom-list\">\n<li>Are activitate antagonist\u0103 ridicat\u0103 \u00eempotriva ciupercilor \u0219i bacteriilor patogene \u0219i condi\u021bionat patogene, propriet\u0103\u021bi antivirale, proteolitice, amilitice, celulolitice<\/li>\n<li>stimuleaz\u0103 factorii celulari \u0219i umorali ai imunit\u0103\u021bii<\/li>\n<li>cre\u0219te rezisten\u021ba nespecific\u0103 a organismului<\/li>\n<li>stabilizeaz\u0103 rezisten\u021ba alergic\u0103<\/li>\n<li>normalizeaz\u0103 metabolismul<\/li>\n<li>stimuleaz\u0103 procesele de regenerare, atac\u0103 \u0219i distruge celulele canceroase \u0219i bolnave<\/li>\n<\/ul>\n<div class=\"plashka\">Acesta modific\u0103 membrana \u0219i metabolismul scheletului celular, prevenind dezvoltarea celulelor canceroase.<\/div>","protected":false},"featured_media":6599,"comment_status":"open","ping_status":"closed","template":"","meta":[],"product_brand":[],"product_cat":[22],"product_tag":[],"class_list":{"0":"post-445","1":"product","2":"type-product","3":"status-publish","4":"has-post-thumbnail","6":"product_cat-vetom-probiotikumok","8":"first","9":"instock","10":"featured","11":"taxable","12":"shipping-taxable","13":"purchasable","14":"product-type-simple"},"_links":{"self":[{"href":"https:\/\/vetomshop.hu\/ro\/wp-json\/wp\/v2\/product\/445","targetHints":{"allow":["GET"]}}],"collection":[{"href":"https:\/\/vetomshop.hu\/ro\/wp-json\/wp\/v2\/product"}],"about":[{"href":"https:\/\/vetomshop.hu\/ro\/wp-json\/wp\/v2\/types\/product"}],"replies":[{"embeddable":true,"href":"https:\/\/vetomshop.hu\/ro\/wp-json\/wp\/v2\/comments?post=445"}],"wp:featuredmedia":[{"embeddable":true,"href":"https:\/\/vetomshop.hu\/ro\/wp-json\/wp\/v2\/media\/6599"}],"wp:attachment":[{"href":"https:\/\/vetomshop.hu\/ro\/wp-json\/wp\/v2\/media?parent=445"}],"wp:term":[{"taxonomy":"product_brand","embeddable":true,"href":"https:\/\/vetomshop.hu\/ro\/wp-json\/wp\/v2\/product_brand?post=445"},{"taxonomy":"product_cat","embeddable":true,"href":"https:\/\/vetomshop.hu\/ro\/wp-json\/wp\/v2\/product_cat?post=445"},{"taxonomy":"product_tag","embeddable":true,"href":"https:\/\/vetomshop.hu\/ro\/wp-json\/wp\/v2\/product_tag?post=445"}],"curies":[{"name":"wp","href":"https:\/\/api.w.org\/{rel}","templated":true}]}}