{"id":447,"date":"2019-11-12T15:10:57","date_gmt":"2019-11-12T14:10:57","guid":{"rendered":"https:\/\/vetomshop.hu\/?post_type=product&#038;p=447"},"modified":"2026-04-12T08:29:15","modified_gmt":"2026-04-12T06:29:15","slug":"vetom-4-etrend-kiegeszito","status":"publish","type":"product","link":"https:\/\/vetomshop.hu\/ro\/produs\/vetom-4-etrend-kiegeszito\/","title":{"rendered":"Probiotic Vetom <span style=\"color:red\">4<\/span><br> capsul\u0103 <span style=\"color:red\">50 de boabe<\/span> (supliment alimentar)"},"content":{"rendered":"<p>Vetom 4 capsule probiotice 50 boabe (supliment alimentar cu Bacillus amyloliquefaciens)<\/p>\n<p>Efectele sale benefice se datoreaz\u0103 ac\u021biunii Bacillus amyloliquefaciens, care, \u00een principal prin multiplicare \u00een intestinul sub\u021bire, produc: enzime proteolitice, amilolitice, celulolitice, substan\u021be biologic active care inhib\u0103 cre\u0219terea \u0219i dezvoltarea microflorei patogene \u0219i poten\u021bial patogene. Ca urmare, compozi\u021bia bacterian\u0103 a con\u021binutului intestinal este transformat\u0103 \u00een norma de dezvoltare corespunz\u0103toare, pere\u021bii intestinali sunt cur\u0103\u021ba\u021bi de reziduurile nedigerate, ceea ce contribuie la eliminarea activ\u0103 a toxinelor din organism, la transportul ne\u00eengr\u0103dit al nutrien\u021bilor biologic activi.<br \/>\nSub influen\u021ba Vetom 4, metabolismul, digestia \u0219i absorb\u021bia componentelor biologic active ale alimentelor \u00een tractul gastrointestinal sunt normalizate.<br \/>\nVetom 1.1 cre\u0219te eficien\u021ba medicamentelor \u0219i reduce efectele secundare negative ale acestora asupra corpului uman.<br \/>\nDoza recomandat\u0103: 1 capsul\u0103 (2*3) pe zi timp de 10 zile, care se administreaz\u0103 cu sau dup\u0103 mese, cu o cantitate mic\u0103 de ap\u0103, suc sau ceai.<br \/>\nVetom 4 nu creeaz\u0103 dependen\u021b\u0103.<br \/>\nSe recomand\u0103 repetarea curelor dup\u0103 o pauz\u0103 de 1-2 s\u0103pt\u0103m\u00e2ni \u0219i este recomandabil s\u0103 se treac\u0103 la intervale de timp la un produs Vetom numerotat diferit. .<br \/>\n\u00cen acest fel, ne putem sus\u021bine \u00eentregul organism, precum \u0219i tractul intestinal. .<br \/>\nCaracteristici:<br \/>\n- Are activitate antagonist\u0103 ridicat\u0103 \u00eempotriva ciupercilor \u0219i bacteriilor patogene \u0219i condi\u021bionat patogene, propriet\u0103\u021bi antivirale, proteolitice, amilitice, celulolitice<br \/>\n- stimuleaz\u0103 factorii celulari \u0219i umorali ai imunit\u0103\u021bii<br \/>\n- cre\u0219te rezisten\u021ba nespecific\u0103 a organismului<br \/>\n- stabilizeaz\u0103 rezisten\u021ba alergic\u0103<br \/>\n- normalizeaz\u0103 metabolismul<br \/>\n- stimuleaz\u0103 procesele de regenerare, atac\u0103 \u0219i distruge celulele canceroase \u0219i bolnave<br \/>\nAcesta modific\u0103 membrana \u0219i metabolismul scheletului celular, prevenind dezvoltarea celulelor canceroase.<\/p>\n<p>- F\u0102R\u0102 EFECTE SECUNDARE<br \/>\n- F\u0102R\u0102 RESTRIC\u021aII DE V\u00c2RST\u0102<br \/>\n- F\u0102R\u0102 SUPRADOZAJ<br \/>\n- NU CREEAZ\u0102 DEPENDEN\u021a\u0102<\/p>\n<p>Domeniu de utilizare<br \/>\nUtilizarea microorganismelor probiotice ca aditiv alimentar biologic activ este recomandat\u0103 pentru repararea tractului gastrointestinal \u0219i refacerea microflorei intestinale.<\/p>\n<p>Contraindica\u021bii<br \/>\nHipersensibilitate la anumite ingrediente ale produsului.<\/p>\n<p>Instruc\u021biuni speciale<br \/>\nA se utiliza \u00een timpul sarcinii \u0219i al\u0103pt\u0103rii numai dup\u0103 consult medical. Preparatul nu afecteaz\u0103 capacitatea de a conduce vehicule sau de a ac\u021biona mecanisme poten\u021bial periculoase.<br \/>\nDispensare<br \/>\n10 capsule de 0,33 g \u00een blistere individuale, 5 blistere \u00eentr-o cutie de carton. Cutie de plastic, greutate net\u0103: 500 g. \u00cenvelite \u00een carton ondulat, greutate net\u0103: 5 gr, 50 capsule \u00eentr-o cutie de carton.<br \/>\nCondi\u021bii de depozitare<br \/>\nPoate fi depozitat la 75 % umiditate relativ\u0103 sub 30\u00b0C. A nu se l\u0103sa la \u00eendem\u00e2na copiilor.<br \/>\nPerioada de valabilitate<br \/>\n2 ani de la data de fabrica\u021bie. A nu se consuma dup\u0103 data de expirare.<br \/>\nCompozi\u021bie<br \/>\n1 capsul\u0103 con\u021bine: extract de porumb - 133 mg; amidon din cartofi - 100 mg; zaharoz\u0103 (zah\u0103r pudr\u0103) - 67 mg: probiotic uscat Bacillus amyloliquefaciens VKPM B - 10643 cultur\u0103 de tulpini bacteriene (DSM 24615), 1\u00d7109 KTJ\/g - 30 mg unitate formatoare de colonii.<br \/>\nCump\u0103r probiotice direct din fabric\u0103 la cel mai bun pre\u021b, -Calitate premium.<br \/>\n\u201eCemmedic Europe Kft\u201d Distribuitor oficial al Vetom Probiotics \u00een Ungaria !<\/p>","protected":false},"excerpt":{"rendered":"<h5><strong>Vetom <span style=\"color:red\">4<\/span><\/strong> capsule probiotice 50 boabe (supliment alimentar <strong>Bacillus amyloliquefaciens<\/strong> bacterii)<\/h5>\n<div class=\"plashka\">\n<p>A <strong>Vetom <span style=\"color:red\">4<\/span><\/strong> normalizeaz\u0103 metabolismul, digestia \u0219i absorb\u021bia componentelor biologic active ale alimentelor \u00een tractul gastrointestinal.<\/p>\n<p>A <strong>Vetom <span style=\"color:red\">4<\/span><\/strong> cre\u0219te eficien\u021ba medicamentelor \u0219i reduce efectele secundare negative ale acestora asupra organismului uman.<\/p>\n<\/div>\n<p>Efectele benefice ale <strong>Bacillus amyloliquefaciens<\/strong> care sunt produse \u00een principal prin multiplicare \u00een intestinul sub\u021bire:<\/p>\n<ul class=\"vetom-list\">\n<li>enzime proteolitice, amilolitice, celulozolitice,<\/li>\n<li>substan\u021be biologic active care inhib\u0103 cre\u0219terea \u0219i dezvoltarea microflorei patogene \u0219i poten\u021bial patogene.<\/li>\n<\/ul>\n<p>\u00cen consecin\u021b\u0103, compozi\u021bia bacterian\u0103 a con\u021binutului intestinal este transformat\u0103 \u00een norma de dezvoltare adecvat\u0103, pere\u021bii intestinali sunt cur\u0103\u021ba\u021bi de reziduurile nedigerate, ceea ce contribuie la eliminarea activ\u0103 a toxinelor din organism, la transportul ne\u00eengr\u0103dit al nutrien\u021bilor biologic activi.<\/p>\n<p><strong>Dozaj:<\/strong> se recomand\u0103 administrarea a 1 capsul\u0103 (2*3) zilnic, timp de 10 zile, cu sau dup\u0103 mese, cu o cantitate mic\u0103 de ap\u0103, suc sau ceai.<\/p>\n<div class=\"plashka\">Se recomand\u0103 repetarea curelor dup\u0103 o pauz\u0103 de 1-2 s\u0103pt\u0103m\u00e2ni \u0219i trecerea la un alt produs Vetom numerotat la intervale de timp. \u00cen acest fel ne putem sus\u021bine \u00een mod egal \u00eentregul organism \u0219i sistemul intestinal.<\/div>\n<p>A <strong>Vetom <span style=\"color:red\">4<\/span><\/strong> nu creeaz\u0103 dependen\u021b\u0103.<\/p>","protected":false},"featured_media":6596,"comment_status":"open","ping_status":"closed","template":"","meta":[],"product_brand":[],"product_cat":[22],"product_tag":[],"class_list":{"0":"post-447","1":"product","2":"type-product","3":"status-publish","4":"has-post-thumbnail","6":"product_cat-vetom-probiotikumok","8":"first","9":"instock","10":"featured","11":"taxable","12":"shipping-taxable","13":"purchasable","14":"product-type-simple"},"_links":{"self":[{"href":"https:\/\/vetomshop.hu\/ro\/wp-json\/wp\/v2\/product\/447","targetHints":{"allow":["GET"]}}],"collection":[{"href":"https:\/\/vetomshop.hu\/ro\/wp-json\/wp\/v2\/product"}],"about":[{"href":"https:\/\/vetomshop.hu\/ro\/wp-json\/wp\/v2\/types\/product"}],"replies":[{"embeddable":true,"href":"https:\/\/vetomshop.hu\/ro\/wp-json\/wp\/v2\/comments?post=447"}],"wp:featuredmedia":[{"embeddable":true,"href":"https:\/\/vetomshop.hu\/ro\/wp-json\/wp\/v2\/media\/6596"}],"wp:attachment":[{"href":"https:\/\/vetomshop.hu\/ro\/wp-json\/wp\/v2\/media?parent=447"}],"wp:term":[{"taxonomy":"product_brand","embeddable":true,"href":"https:\/\/vetomshop.hu\/ro\/wp-json\/wp\/v2\/product_brand?post=447"},{"taxonomy":"product_cat","embeddable":true,"href":"https:\/\/vetomshop.hu\/ro\/wp-json\/wp\/v2\/product_cat?post=447"},{"taxonomy":"product_tag","embeddable":true,"href":"https:\/\/vetomshop.hu\/ro\/wp-json\/wp\/v2\/product_tag?post=447"}],"curies":[{"name":"wp","href":"https:\/\/api.w.org\/{rel}","templated":true}]}}