{"id":449,"date":"2019-11-12T15:17:02","date_gmt":"2019-11-12T14:17:02","guid":{"rendered":"https:\/\/vetomshop.hu\/?post_type=product&#038;p=449"},"modified":"2026-04-12T08:29:02","modified_gmt":"2026-04-12T06:29:02","slug":"vetom-1-23-probiotikum-csepp","status":"publish","type":"product","link":"https:\/\/vetomshop.hu\/ro\/produs\/vetom-1-23-probiotikum-csepp\/","title":{"rendered":"Probiotic Vetom <span style=\"color: red\">1.23<\/span><br>pic\u0103tur\u0103 <span style=\"color: red\">10 ml<\/span> (supliment alimentar)"},"content":{"rendered":"<h3>Vetom probiotic 1.23 pic\u0103turi 10 ml (supliment alimentar)<\/h3>\n<p><strong>Bacillus subtilis cu tulpini bacteriene benefice<\/strong><\/p>\n<p>Vetom 1.23 este un probiotic lichid bazat pe efectele benefice ale Bacillus subtilis VKPM V 10641, o tulpin\u0103 de bacterii care ac\u021bioneaz\u0103 \u00een principal \u00een intestinul gros, unde se multiplic\u0103 activ \u0219i produce o serie de enzime digestive \u0219i substan\u021be biologic active.<\/p>\n<p>&nbsp;<\/p>\n<h2><strong>Acestea sunt materialele:<\/strong><\/h2>\n<p>* suprim\u0103 dezvoltarea bacteriilor \u0219i a ciupercilor d\u0103un\u0103toare,<\/p>\n<p>* ajut\u0103 la cur\u0103\u021barea pere\u021bilor intestinali de reziduurile nedigerate,<\/p>\n<p>* sprijin\u0103 eliminarea toxinelor,<\/p>\n<p>* promoveaz\u0103 absorb\u021bia eficient\u0103 a nutrien\u021bilor, vitaminelor \u0219i mineralelor.<\/p>\n<p>&nbsp;<\/p>\n<p>Vetom 1.23 \u00eembun\u0103t\u0103\u021be\u0219te echilibrul acido-bazic al sistemului digestiv \u0219i optimizeaz\u0103 metabolismul fierului, calciului, proteinelor, gr\u0103similor, carbohidra\u021bilor \u0219i al altor nutrien\u021bi. Acest lucru permite organismului s\u0103 se \u00eent\u0103reasc\u0103 \u0219i s\u0103 se regenereze \u00een mod natural.<\/p>\n<p>&nbsp;<\/p>\n<h2><strong>Principalele beneficii:<\/strong><\/h2>\n<p>* Ac\u021biune antibacterian\u0103 \u0219i antifungic\u0103<\/p>\n<p>* Proprietate antiviral\u0103<\/p>\n<p>* Stimulare a imunit\u0103\u021bii, protec\u021bie celular\u0103<\/p>\n<p>* Promoveaz\u0103 regenerarea celular\u0103<\/p>\n<p>* Inhib\u0103 formarea de celule anormale, inclusiv celulele tumorale<\/p>\n<p>* Nu provoac\u0103 efecte secundare, dependen\u021b\u0103 sau supradozaj<\/p>\n<p>* Sigur de utilizat la orice v\u00e2rst\u0103<\/p>\n<p>&nbsp;<\/p>\n<p>&nbsp;<\/p>\n<h2><strong>Dozaj \u0219i mod de administrare:<\/strong><\/h2>\n<p>*Pentru uz oral<\/p>\n<p>*Suplimentare pentru adul\u021bi \u0219i copii: se recomand\u0103 2 pic\u0103turi pentru primele c\u00e2teva zile, apoi doza poate fi crescut\u0103 treptat la 4-6 pic\u0103turi. Observa\u021bi reac\u021biile organismului \u00een timpul administr\u0103rii.<\/p>\n<p>*Pentru boli comune: 10 pic\u0103turi pe zi timp de 10 zile<\/p>\n<p>*Tratament repetat: recomandat dup\u0103 1-2 s\u0103pt\u0103m\u00e2ni de pauz\u0103<\/p>\n<p>*Se sugereaz\u0103 alternarea cu alte produse Vetom din c\u00e2nd \u00een c\u00e2nd pentru a ob\u021bine un sprijin mai larg pentru organiza\u021bie<\/p>\n<p>&nbsp;<\/p>\n<h2><strong>C\u00e2nd este recomandat\u0103 utilizarea sa?<\/strong><\/h2>\n<p>* dup\u0103 tratamentul cu antibiotice, pentru regenerarea florei intestinale<\/p>\n<p>* Pentru a completa terapia \u00een caz de cancer<\/p>\n<p>* Tulbur\u0103ri digestive, diaree, constipa\u021bie, tulbur\u0103ri de stomac<\/p>\n<p>*\u00cen st\u0103rile de imunodeficien\u021b\u0103<\/p>\n<p>*\u00cen caz de miros sau respira\u021bie corporal\u0103 nepl\u0103cut\u0103<\/p>\n<p>*Tratament suplimentar pentru pietre la rinichi, boli hepatice, probleme gastrointestinale<\/p>\n<p>Aten\u021bie:<\/p>\n<p>Nu se utilizeaz\u0103 \u00eempreun\u0103 cu antibiotice orale sau alte probiotice. Poate fi combinat cu antibiotice topice.<\/p>\n<p>&nbsp;<\/p>\n<h2><strong>Important:<\/strong><\/h2>\n<p>Nu trebuie administrat \u00eempreun\u0103 cu alte probiotice orale sau antibiotice, \u00een special sulfanilamide, agen\u021bi anticancerigeni.<\/p>\n<p>&nbsp;<\/p>\n<h2><strong>Ingrediente:<\/strong><\/h2>\n<p>* Extract de porumb fermentat cu tulpina *Bacillus subtilis* (VKPM V 10641 \/ DSM 24613)<\/p>\n<p>* Clorur\u0103 de sodiu<\/p>\n<p>* Viveware<\/p>\n<p><strong>\u00a0<\/strong><\/p>\n<h2><strong>Dispensare:<\/strong><\/h2>\n<p>* Sticl\u0103 cu picur\u0103tor de 10 ml sau sticl\u0103 de plastic<\/p>\n<p>* Poate con\u021bine sedimente naturale, care nu reprezint\u0103 un defect de calitate<\/p>\n<p>&nbsp;<\/p>\n<h2><strong>K\u00fcllem:<\/strong><\/h2>\n<p>Lichid maro g\u0103lbui deschis cu miros caracteristic<\/p>\n<p>* Greutate: 0,02 kg<\/p>\n<p>*Dimensiuni: 3 \u00d7 3 \u00d7 7 cm<\/p>\n<p>*Furnizare: Rusia<\/p>\n<p>&nbsp;<\/p>\n<h2>Informa\u021bii de stocare:<\/h2>\n<p>*Stocare: 0-10 \u00b0C la o umiditate relativ\u0103 de p\u00e2n\u0103 la 75%<\/p>\n<p>*Transport \u0219i depozitare temporar\u0103: 10-30 \u00b0C timp de max. 18 zile<\/p>\n<p>*Dup\u0103 dezasamblare: p\u0103stra\u021bi la frigider (0-10 \u00b0C)<\/p>","protected":false},"excerpt":{"rendered":"<h5>Aplica\u021bi la<\/h5>\n<p>A <strong>Vetom 1.23<\/strong> utilizate ca surs\u0103 suplimentar\u0103 de microorganisme probiotice pentru \u00eembun\u0103t\u0103\u021birea s\u0103n\u0103t\u0103\u021bii organismului uman. Efectul robust al <strong>Bacillus subtilis<\/strong> care este produs\u0103 \u00een principal de intestinul gros:<\/p>\n<ul class=\"vetom-list\">\n<li>enzime proteolitice, amilolitice, celulolitice;<\/li>\n<li>interferon a-2 al celulelor albe din s\u00e2ngele uman;<\/li>\n<li>bacitracin\u0103 \u0219i alte substan\u021be biologic active pentru a preveni cre\u0219terea semnificativ\u0103 a microflorei patogene sau relativ patogene.<\/li>\n<\/ul>\n<p>Ca urmare a acestui proces, popula\u021bia bacterian\u0103 a tractului intestinal se transform\u0103 p\u00e2n\u0103 c\u00e2nd este identic\u0103 cu norma evolutiv\u0103, pere\u021bii intestinali sunt cur\u0103\u021ba\u021bi de reziduurile alimentare nedigerabile, ceea ce faciliteaz\u0103 eliminarea activ\u0103 a substan\u021belor toxice din organism \u0219i transportul ne\u00eengr\u0103dit al substan\u021belor biologic active \u0219i al nutrien\u021bilor.<\/p>\n<div class=\"plashka\">A <strong>Vetom 1.23<\/strong> normalizeaz\u0103 digestia, absorb\u021bia \u0219i metabolismul fierului, calciului, gr\u0103similor, proteinelor, carbohidra\u021bilor, trigliceridelor, aminoacizilor, dipeptidelor, s\u0103rurilor biliare, normalizeaz\u0103 mediul acid al tractului digestiv. Utilizarea Vetom 1.23 ajut\u0103 organismul s\u0103 se men\u021bin\u0103 s\u0103n\u0103tos.<\/div>\n<p>A <strong>Vetom 1.23<\/strong> cre\u0219te eficien\u021ba medicamentelor \u0219i reduce efectele secundare negative ale acestora asupra organismului uman.<\/p>\n<h6>Caracteristici:<\/h6>\n<ul class=\"vetom-list\">\n<li>Are activitate antagonist\u0103 ridicat\u0103 \u00eempotriva ciupercilor \u0219i bacteriilor patogene \u0219i condi\u021bionat patogene, propriet\u0103\u021bi antivirale, proteolitice, amilitice, celulolitice<\/li>\n<li>stimuleaz\u0103 factorii celulari \u0219i umorali ai imunit\u0103\u021bii<\/li>\n<li>cre\u0219te rezisten\u021ba nespecific\u0103 a organismului<\/li>\n<li>stabilizeaz\u0103 rezisten\u021ba alergic\u0103<\/li>\n<li>normalizeaz\u0103 metabolismul<\/li>\n<li>stimuleaz\u0103 procesele de regenerare, atac\u0103 \u0219i distruge celulele canceroase \u0219i bolnave<\/li>\n<\/ul>\n<div class=\"plashka\">Acesta modific\u0103 membrana \u0219i metabolismul scheletului celular, prevenind dezvoltarea celulelor canceroase.<\/div>","protected":false},"featured_media":6615,"comment_status":"open","ping_status":"closed","template":"","meta":[],"product_brand":[],"product_cat":[22],"product_tag":[],"class_list":{"0":"post-449","1":"product","2":"type-product","3":"status-publish","4":"has-post-thumbnail","6":"product_cat-vetom-probiotikumok","8":"first","9":"instock","10":"featured","11":"taxable","12":"shipping-taxable","13":"purchasable","14":"product-type-simple"},"_links":{"self":[{"href":"https:\/\/vetomshop.hu\/ro\/wp-json\/wp\/v2\/product\/449","targetHints":{"allow":["GET"]}}],"collection":[{"href":"https:\/\/vetomshop.hu\/ro\/wp-json\/wp\/v2\/product"}],"about":[{"href":"https:\/\/vetomshop.hu\/ro\/wp-json\/wp\/v2\/types\/product"}],"replies":[{"embeddable":true,"href":"https:\/\/vetomshop.hu\/ro\/wp-json\/wp\/v2\/comments?post=449"}],"wp:featuredmedia":[{"embeddable":true,"href":"https:\/\/vetomshop.hu\/ro\/wp-json\/wp\/v2\/media\/6615"}],"wp:attachment":[{"href":"https:\/\/vetomshop.hu\/ro\/wp-json\/wp\/v2\/media?parent=449"}],"wp:term":[{"taxonomy":"product_brand","embeddable":true,"href":"https:\/\/vetomshop.hu\/ro\/wp-json\/wp\/v2\/product_brand?post=449"},{"taxonomy":"product_cat","embeddable":true,"href":"https:\/\/vetomshop.hu\/ro\/wp-json\/wp\/v2\/product_cat?post=449"},{"taxonomy":"product_tag","embeddable":true,"href":"https:\/\/vetomshop.hu\/ro\/wp-json\/wp\/v2\/product_tag?post=449"}],"curies":[{"name":"wp","href":"https:\/\/api.w.org\/{rel}","templated":true}]}}