{"id":453,"date":"2019-11-12T15:33:21","date_gmt":"2019-11-12T14:33:21","guid":{"rendered":"https:\/\/vetomshop.hu\/?post_type=product&#038;p=453"},"modified":"2026-04-12T08:28:47","modified_gmt":"2026-04-12T06:28:47","slug":"vetom-3-22-probiotikum-csepp","status":"publish","type":"product","link":"https:\/\/vetomshop.hu\/ro\/produs\/vetom-3-22-probiotikum-csepp\/","title":{"rendered":"Probiotic Vetom <span style=\"color: red\">3.22<\/span><br>pic\u0103tur\u0103 <span style=\"color: red\">10 ml<\/span> (supliment alimentar)"},"content":{"rendered":"<h3>Vetom 3.22 pic\u0103turi probiotice (supliment alimentar)<\/h3>\n<p>Vetom 4 este un probiotic natural bazat pe efectele benefice ale *Bacillus amyloliquefaciens*, o bacterie care prolifereaz\u0103 \u00een principal \u00een *intestinul gros \u0219i sub\u021bire*, unde produce diverse enzime (proteice, de sf\u0103r\u00e2mare a amidonului \u0219i fibrelor) \u0219i substan\u021be biologic active.<\/p>\n<h2>Acestea sunt:<\/h2>\n<p>* inhib\u0103 dezvoltarea bacteriilor \u0219i a ciupercilor d\u0103un\u0103toare,<br \/>\n* ajut\u0103 la cur\u0103\u021barea peretelui intestinal de materii nedigerate,<br \/>\n* sprijin\u0103 absorb\u021bia nutrien\u021bilor,<br \/>\n* ajut\u0103 la detoxifierea organismului.<\/p>\n<p>Utilizarea regulat\u0103 a Vetom 4 contribuie la o flor\u0103 intestinal\u0103 s\u0103n\u0103toas\u0103, \u00eembun\u0103t\u0103\u021be\u0219te digestia \u0219i ajut\u0103 organismul s\u0103 utilizeze nutrien\u021bii \u0219i energia.<\/p>\n<h2>Vetom 4<\/h2>\n<p>* Sus\u021bine echilibrul natural al tractului intestinal<br \/>\n* Normalizeaz\u0103 digestia \u0219i metabolismul<br \/>\n* \u00cembun\u0103t\u0103\u021be\u0219te func\u021bia sistemului imunitar<br \/>\n* Reduce efectele secundare ale medicamentelor<br \/>\n* Protejeaz\u0103 organismul la nivel celular, ajut\u0103 la prevenirea dezvolt\u0103rii tumorilor<\/p>\n<h2>Caracteristici avantajoase:<\/h2>\n<p>* Ac\u021biune antibacterian\u0103 \u0219i antifungic\u0103<br \/>\n* Antiviral \u0219i de stimulare a imunit\u0103\u021bii<br \/>\n* Sus\u021bine digestia prin propriet\u0103\u021bile sale de producere a enzimelor<br \/>\n* Ajut\u0103 la regenerarea celular\u0103<br \/>\n* Inhib\u0103 formarea \u0219i proliferarea celulelor bolnave \u0219i canceroase<br \/>\n* F\u0103r\u0103 dependen\u021b\u0103, supradozaj sau efecte secundare<br \/>\n*Aplicabil tuturor adul\u021bilor (peste 14 ani)<\/p>\n<h2>Domeniu de aplicare:<\/h2>\n<p>Este recomandat ca supliment alimentar biologic activ pentru a sus\u021bine func\u021bionarea tractului gastrointestinal \u0219i pentru a restabili flora intestinal\u0103.<\/p>\n<h2>Dozaj:<\/h2>\n<p>* 1 capsul\u0103 de 2-3 ori pe zi este recomandat\u0103 timp de 10 zile, \u00eenainte, \u00een timpul sau dup\u0103 mese, cu o cantitate mic\u0103 de lichid (ap\u0103, ceai sau suc). Monitoriza\u021bi r\u0103spunsul organismului pe parcursul tratamentului \u0219i cre\u0219te\u021bi doza treptat dac\u0103 este necesar, p\u00e2n\u0103 la 5-10 capsule pe zi.<\/p>\n<p>* Tratamentul poate fi repetat oric\u00e2nd dup\u0103 o pauz\u0103 de 1-2 s\u0103pt\u0103m\u00e2ni. Ocazional se recomand\u0103 alternarea utiliz\u0103rii cu alte tipuri de produse Vetom pentru a sus\u021bine \u00eentregul organism.<\/p>\n<h2>Propunere:<\/h2>\n<p>Tratamentul trebuie repetat dup\u0103 o pauz\u0103 de 1-2 s\u0103pt\u0103m\u00e2ni. Ocazional, este recomandabil s\u0103 se treac\u0103 la un alt tip de produs Vetom pentru a oferi un sprijin larg organismului.<\/p>\n<h2>Informa\u021bii importante:<\/h2>\n<p>* Contraindica\u021bie: hipersensibilitate la anumite ingrediente<br \/>\n*Gesta\u021bie\/al\u0103ptare: numai cu consult medical<br \/>\n*Nu afecteaz\u0103 condusul sau utilizarea de utilaje periculoase<\/p>\n<h2>Alte informa\u021bii:<\/h2>\n<p>* Nu afecteaz\u0103 \u0219ofatul sau operarea utilajelor periculoase<br \/>\n* Depozitare: \u00eentr-un loc uscat, r\u0103coros (max. 30 \u00b0C), ferit de copii<br \/>\n* Garan\u021bie: 2 ani de la data fabrica\u021biei<br \/>\n* Ambalare: 10 capsule \u00een blister, 5 pachete \u00eentr-o cutie (50 de capsule \u00een total)<\/p>\n<h2>Condi\u021bii de depozitare:<\/h2>\n<p>* Loc r\u0103coros, uscat (max. 30 \u00b0C, umiditate max. 75%)<br \/>\n* A nu se l\u0103sa la \u00eendem\u00e2na copiilor<br \/>\n*Perioada de garan\u021bie:** 2 ani de la data fabrica\u021biei<br \/>\n\u021aara de origine: Rusia<\/p>\n<h2>Con\u021binutul unei capsule:<\/h2>\n<p>* extract de porumb - 133 mg<br \/>\n* Amidon de cartofi - 100 mg<br \/>\n* zaharoz\u0103 (zah\u0103r pudr\u0103) - 67 mg<br \/>\n* **Bacillus amyloliquefaciens VKPM B-10643** tulpin\u0103 bacterian\u0103 probiotic\u0103 (DSM 24615) - 30 mg (1\u00d710\u2079 CFU\/g)<\/p>\n<p>Echivalent alternativ sub form\u0103 de pic\u0103turi: Vetom 4.24 (10 ml)<\/p>\n<p>Locul de origine : <strong>Rusia<\/strong><\/p>","protected":false},"excerpt":{"rendered":"<h5>Aplica\u021bi la<\/h5>\n<p>De la <strong>Vetom<\/strong> <span style=\"color: red; font-weight: 800;\">3.22<\/span> utilizate ca surs\u0103 suplimentar\u0103 de microorganisme probiotice pentru \u00eembun\u0103t\u0103\u021birea s\u0103n\u0103t\u0103\u021bii organismului uman. Efectul robust al <strong>Bacillus myloliquefaciens<\/strong>, care se reproduce \u00een principal \u00een colon \u0219i produce enzime proteolitice, amilolitice, celulolitice \u0219i alte substan\u021be biologic active.<\/p>\n<div class=\"plashka\">Ca urmare a acestui proces, popula\u021bia bacterian\u0103 a tractului intestinal se transform\u0103 p\u00e2n\u0103 c\u00e2nd este identic\u0103 cu norma evolutiv\u0103, pere\u021bii intestinali sunt cur\u0103\u021ba\u021bi de reziduurile alimentare nedigerabile, ceea ce faciliteaz\u0103 eliminarea activ\u0103 a substan\u021belor toxice din organism \u0219i transportul ne\u00eengr\u0103dit al substan\u021belor biologic active \u0219i al nutrien\u021bilor.<\/div>\n<p>A <strong>Vetom<\/strong> <span style=\"color: red; font-weight: 800;\">3.22<\/span> cre\u0219te eficien\u021ba medicamentelor \u0219i reduce efectele secundare negative ale acestora asupra organismului uman.<\/p>\n<h6>Caracteristici:<\/h6>\n<ul class=\"vetom-list\">\n<li>Are activitate antagonist\u0103 ridicat\u0103 \u00eempotriva ciupercilor \u0219i bacteriilor patogene \u0219i condi\u021bionat patogene, propriet\u0103\u021bi antivirale, proteolitice, amilitice, celulolitice<\/li>\n<li>stimuleaz\u0103 factorii celulari \u0219i umorali ai imunit\u0103\u021bii<\/li>\n<li>cre\u0219te rezisten\u021ba nespecific\u0103 a organismului<\/li>\n<li>stabilizeaz\u0103 rezisten\u021ba alergic\u0103<\/li>\n<li>normalizeaz\u0103 metabolismul<\/li>\n<li>stimuleaz\u0103 procesele de regenerare, atac\u00e2nd \u0219i distrug\u00e2nd celulele canceroase \u0219i bolnave<\/li>\n<\/ul>\n<div class=\"plashka\">A <strong>Vetom<\/strong> <span style=\"color: red; font-weight: 800;\">3.22<\/span> normalizeaz\u0103 digestia, absorb\u021bia \u0219i metabolismul fierului, calciului, gr\u0103similor, proteinelor, carbohidra\u021bilor, trigliceridelor, aminoacizilor, dipeptidelor, s\u0103rurilor biliare \u0219i normalizeaz\u0103 mediul acid al tractului digestiv.<\/div>","protected":false},"featured_media":6613,"comment_status":"open","ping_status":"closed","template":"","meta":[],"product_brand":[],"product_cat":[22],"product_tag":[],"class_list":{"0":"post-453","1":"product","2":"type-product","3":"status-publish","4":"has-post-thumbnail","6":"product_cat-vetom-probiotikumok","8":"first","9":"instock","10":"featured","11":"taxable","12":"shipping-taxable","13":"purchasable","14":"product-type-simple"},"_links":{"self":[{"href":"https:\/\/vetomshop.hu\/ro\/wp-json\/wp\/v2\/product\/453","targetHints":{"allow":["GET"]}}],"collection":[{"href":"https:\/\/vetomshop.hu\/ro\/wp-json\/wp\/v2\/product"}],"about":[{"href":"https:\/\/vetomshop.hu\/ro\/wp-json\/wp\/v2\/types\/product"}],"replies":[{"embeddable":true,"href":"https:\/\/vetomshop.hu\/ro\/wp-json\/wp\/v2\/comments?post=453"}],"wp:featuredmedia":[{"embeddable":true,"href":"https:\/\/vetomshop.hu\/ro\/wp-json\/wp\/v2\/media\/6613"}],"wp:attachment":[{"href":"https:\/\/vetomshop.hu\/ro\/wp-json\/wp\/v2\/media?parent=453"}],"wp:term":[{"taxonomy":"product_brand","embeddable":true,"href":"https:\/\/vetomshop.hu\/ro\/wp-json\/wp\/v2\/product_brand?post=453"},{"taxonomy":"product_cat","embeddable":true,"href":"https:\/\/vetomshop.hu\/ro\/wp-json\/wp\/v2\/product_cat?post=453"},{"taxonomy":"product_tag","embeddable":true,"href":"https:\/\/vetomshop.hu\/ro\/wp-json\/wp\/v2\/product_tag?post=453"}],"curies":[{"name":"wp","href":"https:\/\/api.w.org\/{rel}","templated":true}]}}