{"id":455,"date":"2019-11-12T15:37:52","date_gmt":"2019-11-12T14:37:52","guid":{"rendered":"https:\/\/vetomshop.hu\/?post_type=product&#038;p=455"},"modified":"2026-04-12T08:28:38","modified_gmt":"2026-04-12T06:28:38","slug":"vetom-4-24-probiotikum-csepp","status":"publish","type":"product","link":"https:\/\/vetomshop.hu\/ro\/produs\/vetom-4-24-probiotikum-csepp\/","title":{"rendered":"Probiotic Vetom <span style=\"color: red\">4.24<\/span><br>pic\u0103tur\u0103 <span style=\"color: red\">10 ml<\/span> (supliment alimentar)"},"content":{"rendered":"<h3>Vetom 4.24 pic\u0103turi probiotice 10 ml (supliment alimentar)<\/h3>\n<p>Cu tulpina Bacillus amyloliquefaciens VKPM B-10643 (DSM 24615)<\/p>\n<p>Vetom 4.24 este un probiotic natural avansat, care sus\u021bine echilibrul florei intestinale, \u00eembun\u0103t\u0103\u021be\u0219te digestia \u0219i \u00eent\u0103re\u0219te sistemul imunitar. Principalul ingredient activ este bacteria *Bacillus amyloliquefaciens*, care este benefic\u0103 \u00een principal \u00een intestinul sub\u021bire.<\/p>\n<h2>Cum ajut\u0103?<\/h2>\n<p>* Sprijin\u0103 dezvoltarea unei flore intestinale s\u0103n\u0103toase<br \/>\n* Favorizeaz\u0103 absorb\u021bia nutrien\u021bilor (de exemplu, fier, calciu, proteine, gr\u0103simi, carbohidra\u021bi)<br \/>\n* Ajut\u0103 la **excrete toxinele din organism<br \/>\n* \u00cent\u0103re\u0219te sistemul imunitar, are efecte antivirale, antibacteriene \u0219i antifungice<br \/>\n* Promoveaz\u0103 regenerarea celular\u0103, poate reduce proliferarea celulelor d\u0103un\u0103toare<br \/>\n* Stabilizeaz\u0103 metabolismul \u0219i echilibrul acid al sistemului digestiv<br \/>\n* \u00cembun\u0103t\u0103\u021be\u0219te efectul altor medicamente, reduc\u00e2nd efectele secundare ale acestora<\/p>\n<h2>Beneficii:<\/h2>\n<p>\u2705 F\u0103r\u0103 efecte secundare<br \/>\n\u2705 Poate fi folosit la orice v\u00e2rst\u0103<br \/>\n\u2705 Nu provoac\u0103 obi\u0219nuin\u021b\u0103<br \/>\n\u2705 Supradozajul nu este posibil<\/p>\n<h2>Dozare recomandat\u0103:<\/h2>\n<p>*Suplimentare pentru adul\u021bi \u0219i copii: se recomand\u0103 2 pic\u0103turi pentru primele c\u00e2teva zile, apoi doza poate fi crescut\u0103 treptat la 4-6 pic\u0103turi. Observa\u021bi reac\u021biile organismului \u00een timpul administr\u0103rii.<br \/>\n*Pentru boli comune: 10 pic\u0103turi pe zi timp de 10 zile<br \/>\n* Tratamentul poate fi repetat dup\u0103 1-2 s\u0103pt\u0103m\u00e2ni<br \/>\n* Se recomand\u0103 alternarea cu alte tipuri de produse Vetom din c\u00e2nd \u00een c\u00e2nd (de exemplu, Vetom 1.23, 2.25, 3.22) pentru a asigura un suport intestinal complet<\/p>\n<h2>\nImportant:<\/h2>\n<p>Nu trebuie administrat \u00eempreun\u0103 cu alte probiotice orale sau antibiotice, \u00een special sulfanilamide, agen\u021bi anticancerigeni.<\/p>\n<h2>Ingrediente:<\/h2>\n<p>* Extract de porumb fermentat de Bacillus amyloliquefaciens (VKPM B-10643 \/ DSM 24615)<br \/>\n* Clorur\u0103 de sodiu<br \/>\n* Viveware<\/p>\n<h2>Dispensare:<\/h2>\n<p>* Sticl\u0103 cu picur\u0103tor de 10 ml sau sticl\u0103 de plastic<br \/>\n* Poate con\u021bine sedimente naturale, care nu reprezint\u0103 un defect de calitate<\/p>\n<h2>K\u00fcllem:<\/h2>\n<p>Lichid maro g\u0103lbui deschis cu miros caracteristic<\/p>\n<p>* Greutate: 0,02 kg<br \/>\n*Dimensiuni: 3 \u00d7 3 \u00d7 7 cm<br \/>\n*Furnizare: Rusia<\/p>\n<h2>Informa\u021bii de stocare:<\/h2>\n<p>*Stocare: 0-10 \u00b0C la o umiditate relativ\u0103 de p\u00e2n\u0103 la 75%<br \/>\n*Stocare \u0219i depozitare temporar\u0103: 10-30 \u00b0C<br \/>\n*Dup\u0103 dezasamblare: p\u0103stra\u021bi la frigider (0-10 \u00b0C)<\/p>","protected":false},"excerpt":{"rendered":"<h5>Aplica\u021bi la<\/h5>\n<p>A <strong>Vetom<\/strong> <span style=\"color: red; font-weight: 800;\">4.24<\/span> utilizate ca surs\u0103 suplimentar\u0103 de microorganisme probiotice pentru \u00eembun\u0103t\u0103\u021birea s\u0103n\u0103t\u0103\u021bii organismului uman. Efectul robust al <strong>Bacillus myloliquefaciens<\/strong>, care produce enzime proteolitice, amilolitice, celulolitice \u0219i alte substan\u021be biologic active, \u00een principal prin multiplicare \u00een intestinul sub\u021bire.<\/p>\n<div class=\"plashka\">Ca urmare a acestui proces, popula\u021bia bacterian\u0103 a tractului intestinal se transform\u0103 p\u00e2n\u0103 c\u00e2nd este identic\u0103 cu norma evolutiv\u0103, pere\u021bii intestinali sunt cur\u0103\u021ba\u021bi de reziduurile alimentare nedigerabile, ceea ce faciliteaz\u0103 eliminarea activ\u0103 a substan\u021belor toxice din organism \u0219i transportul ne\u00eengr\u0103dit al substan\u021belor biologic active \u0219i al nutrien\u021bilor.<\/div>\n<p>A <strong>Vetom<\/strong> <span style=\"color: red; font-weight: 800;\">4.24<\/span> normalizeaz\u0103 digestia, absorb\u021bia \u0219i metabolismul fierului, calciului, gr\u0103similor, proteinelor, carbohidra\u021bilor, trigliceridelor, aminoacizilor, dipeptidelor, s\u0103rurilor biliare \u0219i normalizeaz\u0103 mediul acid al tractului digestiv.<\/p>\n<div class=\"plashka\">A <strong>Vetom<\/strong> <span style=\"color: red; font-weight: 800;\">4.24<\/span> utilizarea ajut\u0103 organismul s\u0103 r\u0103m\u00e2n\u0103 s\u0103n\u0103tos.<\/div>\n<p>A <strong>Vetom<\/strong> <span style=\"color: red; font-weight: 800;\">4.24<\/span> cre\u0219te eficien\u021ba medicamentelor \u0219i reduce efectele secundare negative ale acestora asupra organismului uman.<\/p>\n<h6>Caracteristici:<\/h6>\n<ul class=\"vetom-list\">\n<li>Are activitate antagonist\u0103 ridicat\u0103 \u00eempotriva ciupercilor \u0219i bacteriilor patogene \u0219i condi\u021bionat patogene, propriet\u0103\u021bi antivirale, proteolitice, amilitice, celulolitice<\/li>\n<li>stimuleaz\u0103 factorii celulari \u0219i umorali ai imunit\u0103\u021bii<\/li>\n<li>cre\u0219te rezisten\u021ba nespecific\u0103 a organismului<\/li>\n<li>stabilizeaz\u0103 rezisten\u021ba alergic\u0103<\/li>\n<li>normalizeaz\u0103 metabolismul<\/li>\n<li>stimuleaz\u0103 procesele de regenerare, atac\u00e2nd \u0219i distrug\u00e2nd celulele canceroase \u0219i bolnave<\/li>\n<\/ul>","protected":false},"featured_media":6614,"comment_status":"open","ping_status":"closed","template":"","meta":[],"product_brand":[],"product_cat":[22],"product_tag":[],"class_list":{"0":"post-455","1":"product","2":"type-product","3":"status-publish","4":"has-post-thumbnail","6":"product_cat-vetom-probiotikumok","8":"first","9":"instock","10":"featured","11":"taxable","12":"shipping-taxable","13":"purchasable","14":"product-type-simple"},"_links":{"self":[{"href":"https:\/\/vetomshop.hu\/ro\/wp-json\/wp\/v2\/product\/455","targetHints":{"allow":["GET"]}}],"collection":[{"href":"https:\/\/vetomshop.hu\/ro\/wp-json\/wp\/v2\/product"}],"about":[{"href":"https:\/\/vetomshop.hu\/ro\/wp-json\/wp\/v2\/types\/product"}],"replies":[{"embeddable":true,"href":"https:\/\/vetomshop.hu\/ro\/wp-json\/wp\/v2\/comments?post=455"}],"wp:featuredmedia":[{"embeddable":true,"href":"https:\/\/vetomshop.hu\/ro\/wp-json\/wp\/v2\/media\/6614"}],"wp:attachment":[{"href":"https:\/\/vetomshop.hu\/ro\/wp-json\/wp\/v2\/media?parent=455"}],"wp:term":[{"taxonomy":"product_brand","embeddable":true,"href":"https:\/\/vetomshop.hu\/ro\/wp-json\/wp\/v2\/product_brand?post=455"},{"taxonomy":"product_cat","embeddable":true,"href":"https:\/\/vetomshop.hu\/ro\/wp-json\/wp\/v2\/product_cat?post=455"},{"taxonomy":"product_tag","embeddable":true,"href":"https:\/\/vetomshop.hu\/ro\/wp-json\/wp\/v2\/product_tag?post=455"}],"curies":[{"name":"wp","href":"https:\/\/api.w.org\/{rel}","templated":true}]}}