{"id":4664,"date":"2023-11-11T14:33:45","date_gmt":"2023-11-11T13:33:45","guid":{"rendered":"https:\/\/vetomshop.hu\/termek\/aphrodita-medal\/"},"modified":"2023-11-11T14:33:45","modified_gmt":"2023-11-11T13:33:45","slug":"aphrodita-medal","status":"publish","type":"product","link":"https:\/\/vetomshop.hu\/ro\/produs\/aphrodita-medal\/","title":{"rendered":"Pandantiv Afrodita"},"content":{"rendered":"<p><strong>Pandantiv Afrodita<\/strong><\/p>\n<p>Datorit\u0103 tehnologiei BioTrEM, este acum posibil s\u0103 se creeze un model spectral de o natur\u0103 specific\u0103 pe un cristal special. Atunci c\u00e2nd cuante de energie arbitrare - chiar \u0219i c\u0103ldur\u0103 - intr\u0103 \u00een contact cu suprafa\u021ba cristalului, generatorul emite semnale extrem de slabe ale modelului spectral \u00eenregistrat pe acesta.<br \/>\n\u00centre timp, radia\u021bia electromagnetic\u0103 de la pandantiv interac\u021bioneaz\u0103 cu organismul viu.<\/p>\n<div class=\"su-spoiler su-spoiler-style-defoult su-spoiler-icon-caret su-spoiler-closed\" data-scroll-offset=\"0\" data-anchor-in-url=\"no\"><div class=\"su-spoiler-title\" tabindex=\"0\" role=\"button\"><span class=\"su-spoiler-icon\"><\/span>Toate<\/div><div class=\"su-spoiler-content su-u-clearfix su-u-trim\">\n<p>Semnele extrem de slabe ale pandantivului APHRODITE stimuleaz\u0103 sinteza feromonilor feminini, glandele speciale ale corpului feminin produc mai intens feromoni, androstenol \u0219i copulin\u0103. Cu c\u00e2t o femeie produce mai mul\u021bi feromoni, cu at\u00e2t este mai atractiv\u0103 sexual pentru b\u0103rba\u021bi. Androstenolul \u00eei \u00eencurajeaz\u0103 pe ceilal\u021bi s\u0103 comunice \u0219i \u00eei face pe ceilal\u021bi s\u0103 v\u0103 vad\u0103 mai t\u00e2n\u0103r.<\/p>\n<p>Copulina este un hormon feminin responsabil pentru atractivitatea sexual\u0103.<\/p>\n<p>Atunci c\u00e2nd utiliza\u021bi pandantivul APHRODITE, produc\u021bia de feromoni feminini (androstenol \u0219i copulin\u0103) este crescut\u0103, ceea ce la r\u00e2ndul s\u0103u cre\u0219te produc\u021bia de feromoni:<\/p>\n<ul>\n<li>s\u0103 atrag\u0103 aten\u021bia b\u0103rba\u021bilor,<\/li>\n<li>s\u0103 st\u00e2rneasc\u0103 simpatie,<\/li>\n<li>mai u\u0219or de cunoscut,<\/li>\n<li>ob\u021bine\u021bi un succes mai mare \u00een afaceri, c\u00e2\u0219tiga\u021bi mai mult\u0103 \u00eencredere,<\/li>\n<li>creeaz\u0103 pentru partenerul lor \u201esingura \u0219i unica persoan\u0103 irezistibil\u0103\u201d.<\/li>\n<\/ul>\n<p>Androstenol accelereaz\u0103 dezvoltarea simpatiei, treze\u0219te un sentiment de prietenie \u00een interlocutor, creeaz\u0103 sentimente romantice, creeaz\u0103 o aur\u0103 de tinere\u021be \u0219i exaltare, indiferent de v\u00e2rsta pe care o ave\u021bi!<\/p>\n<\/div><\/div>","protected":false},"excerpt":{"rendered":"<p>Aphrodita med\u00e1l A BioTrEM-technol\u00f3gi\u00e1nak k\u00f6sz\u00f6nhet\u0151en lehets\u00e9gess\u00e9 v\u00e1lt l\u00e9trehozni a speci\u00e1lis krist\u00e1lyon egy adott term\u00e9szet\u0171 spektr\u00e1lis mint\u00e1t. Amikor tetsz\u0151leges energiakvantumok \u2013 ak\u00e1r h\u0151 &#8211; \u00e9rintkezik a krist\u00e1ly fel\u00fclet\u00e9vel, a gener\u00e1tor a rajta r\u00f6gz\u00edtett spektr\u00e1lis minta extr\u00e9m gyenge jeleit bocs\u00e1jtja ki. Ek\u00f6zben a med\u00e1l elektrom\u00e1gneses sug\u00e1rz\u00e1sa k\u00f6lcs\u00f6nhat\u00e1sba ker\u00fcl az \u00e9l\u0151 szervezettel.<\/p>","protected":false},"featured_media":4663,"comment_status":"open","ping_status":"closed","template":"","meta":[],"product_brand":[],"product_cat":[33,32],"product_tag":[],"class_list":{"0":"post-4664","1":"product","2":"type-product","3":"status-publish","4":"has-post-thumbnail","6":"product_cat-egeszseg-medalok","7":"product_cat-triomed","9":"first","10":"instock","11":"taxable","12":"shipping-taxable","13":"purchasable","14":"product-type-simple"},"_links":{"self":[{"href":"https:\/\/vetomshop.hu\/ro\/wp-json\/wp\/v2\/product\/4664","targetHints":{"allow":["GET"]}}],"collection":[{"href":"https:\/\/vetomshop.hu\/ro\/wp-json\/wp\/v2\/product"}],"about":[{"href":"https:\/\/vetomshop.hu\/ro\/wp-json\/wp\/v2\/types\/product"}],"replies":[{"embeddable":true,"href":"https:\/\/vetomshop.hu\/ro\/wp-json\/wp\/v2\/comments?post=4664"}],"wp:featuredmedia":[{"embeddable":true,"href":"https:\/\/vetomshop.hu\/ro\/wp-json\/wp\/v2\/media\/4663"}],"wp:attachment":[{"href":"https:\/\/vetomshop.hu\/ro\/wp-json\/wp\/v2\/media?parent=4664"}],"wp:term":[{"taxonomy":"product_brand","embeddable":true,"href":"https:\/\/vetomshop.hu\/ro\/wp-json\/wp\/v2\/product_brand?post=4664"},{"taxonomy":"product_cat","embeddable":true,"href":"https:\/\/vetomshop.hu\/ro\/wp-json\/wp\/v2\/product_cat?post=4664"},{"taxonomy":"product_tag","embeddable":true,"href":"https:\/\/vetomshop.hu\/ro\/wp-json\/wp\/v2\/product_tag?post=4664"}],"curies":[{"name":"wp","href":"https:\/\/api.w.org\/{rel}","templated":true}]}}