{"id":4666,"date":"2023-11-11T14:33:45","date_gmt":"2023-11-11T13:33:45","guid":{"rendered":"https:\/\/vetomshop.hu\/termek\/alfa-medal\/"},"modified":"2023-11-11T14:33:45","modified_gmt":"2023-11-11T13:33:45","slug":"alfa-medal","status":"publish","type":"product","link":"https:\/\/vetomshop.hu\/ro\/produs\/alfa-medal\/","title":{"rendered":"Medalia Alpha"},"content":{"rendered":"<h4>Medalia ALFA pentru s\u0103n\u0103tate<\/h4>\n<p><strong>Func\u021bii principale:<\/strong><\/p>\n<p>Este un instrument complementar pentru normalizarea func\u021bion\u0103rii sferei psihice \u0219i emo\u021bionale, \u00eembun\u0103t\u0103\u021be\u0219te starea de spirit, motiva\u021bia \u0219i capacitatea de ac\u021biune, reduce efectele adverse ale stresului psihic \u0219i emo\u021bional.<\/p>\n<p><strong>Scurt\u0103 descriere:<\/strong><\/p>\n<p>Semnalul informa\u021bional \u00eenregistrat pe medalionul de s\u0103n\u0103tate ALFA corespunde vibra\u021biei electromagnetice a centrului care regleaz\u0103 sferele psihic\u0103 \u0219i emo\u021bional\u0103.<br \/>\nEste bine cunoscut faptul c\u0103 starea emo\u021bional\u0103 a unei persoane, care depinde de o serie de factori externi \u0219i interni, este reglat\u0103 de sistemul nervos central.<\/p>\n<div class=\"su-spoiler su-spoiler-style-defoult su-spoiler-icon-caret su-spoiler-closed\" data-scroll-offset=\"0\" data-anchor-in-url=\"no\"><div class=\"su-spoiler-title\" tabindex=\"0\" role=\"button\"><span class=\"su-spoiler-icon\"><\/span>Toate<\/div><div class=\"su-spoiler-content su-u-clearfix su-u-trim\">\nPrimele semne ale stresului includ tensiunea emo\u021bional\u0103, temerile, anxietatea, agita\u021bia \u0219i iritabilitatea crescut\u0103. Acest lucru poate duce la tulbur\u0103ri de somn, rezult\u00e2nd oboseal\u0103, stare general\u0103 de spirit \u0219i afectarea func\u021biilor cognitive (memorie, aten\u021bie, g\u00e2ndire).<\/p>\n<p>Tulbur\u0103rile psihologice \u0219i emo\u021bionale prelungite au un impact negativ asupra st\u0103rii generale \u0219i reactivit\u0103\u021bii organismului. Persoanele care sufer\u0103 de stres psihologic \u0219i emo\u021bional cronic sunt mai predispuse la r\u0103celi, la recidive ale bolilor cronice preexistente (cardiopatie ischemic\u0103, boli pancreatice, cistit\u0103, pielonefrit\u0103, anexit\u0103, prostatit\u0103 etc.).<\/p>\n<p>Factorii de stres sunt cauza bolilor psihosomatice clasice, cum ar fi hipertensiunea arterial\u0103, astmul bron\u0219ic, ulcerele gastrice, ulcerele duodenale, bolile alergice ale pielii (eczeme, neurodermite) \u0219i altele, inclusiv deficien\u021bele de vedere \u0219i auz.<\/p>\n<p><strong>C\u00e2nd s\u0103 utiliza\u021bi Medalia ALFA pentru s\u0103n\u0103tate?<\/strong><\/p>\n<p>Dispozitivul are un efect pozitiv asupra func\u021bion\u0103rii func\u021bionale a organismului. Acesta poate fi utilizat ca dispozitiv de optimizare \u0219i corec\u021bie \u00een combina\u021bie cu alte metode de prevenire \u0219i tratare a bolilor:<\/p>\n<ul>\n<li>agita\u021bie, neurastenie, probleme de adaptare, \u00eenso\u021bite de o stare emo\u021bional\u0103 dizarmonic\u0103,<\/li>\n<li>o perturbare func\u021bional\u0103 a sistemului nervos, \u00eenso\u021bit\u0103 de oboseal\u0103 mental\u0103, iritabilitate, \u00eencetinire \u0219i pierderea calit\u0103\u021bii g\u00e2ndirii,<\/li>\n<li>insomnie cauzat\u0103 de atacurile de panic\u0103,<\/li>\n<li>\u00een fazele ini\u021biale \u0219i recidivante ale bolilor psihosomatice (astm bron\u0219ic, sindromul intestinului sensibil - IBS, cardiopatie ischemic\u0103, hipertensiune arterial\u0103, boli de piele \u0219i altele),<\/li>\n<li>simptome de stres psihologic \u0219i emo\u021bional cronic.<\/li>\n<\/ul>\n<p>Aten\u021bie, important!<\/p>\n<p>Consulta\u021bi un medic \u00een caz de pierdere accentuat\u0103 a dispozi\u021biei, instabilitate emo\u021bional\u0103 \u0219i iritabilitate, insomnie persistent\u0103 care nu dispare. \u00cen plus fa\u021b\u0103 de tratamentul prescris, utiliza\u021bi \u00een paralel pandantivul de s\u0103n\u0103tate ALFA pentru a consolida eficacitatea tratamentului \u0219i capacit\u0103\u021bile de reabilitare ale organismului.<br \/>\n<\/div><\/div>","protected":false},"excerpt":{"rendered":"<p>ALFA Eg\u00e9szs\u00e9g Med\u00e1l F\u0151 funkci\u00f3i: Kieg\u00e9sz\u00edt\u0151 eszk\u00f6z a pszich\u00e9s \u00e9s \u00e9rzelmi szf\u00e9ra m\u0171k\u00f6d\u00e9s\u00e9nek normaliz\u00e1l\u00e1s\u00e1ra, hangulatjav\u00edt\u00f3, motiv\u00e1ci\u00f3 \u00e9s cselekv\u0151k\u00e9pess\u00e9g n\u00f6vel\u0151, cs\u00f6kkenti a pszich\u00e9s \u00e9s \u00e9rzelmi stressz \u00e1ldatlan hat\u00e1sait. R\u00f6vid ismertet\u0151: Az inform\u00e1ci\u00f3s jel, mely az ALFA Eg\u00e9szs\u00e9g Med\u00e1lra r\u00f6gz\u00edt\u00e9sre ker\u00fclt, megfelel a pszich\u00e9s \u00e9s \u00e9rzelmi szf\u00e9r\u00e1kat szab\u00e1lyoz\u00f3 k\u00f6zpont elektrom\u00e1gneses rezg\u00e9s\u00e9nek. K\u00f6ztudott, hogy az ember \u00e9rzelmi \u00e1llapota, [&hellip;]<\/p>\n","protected":false},"featured_media":4665,"comment_status":"open","ping_status":"closed","template":"","meta":[],"product_brand":[],"product_cat":[33,32],"product_tag":[],"class_list":{"0":"post-4666","1":"product","2":"type-product","3":"status-publish","4":"has-post-thumbnail","6":"product_cat-egeszseg-medalok","7":"product_cat-triomed","9":"first","10":"instock","11":"taxable","12":"shipping-taxable","13":"purchasable","14":"product-type-simple"},"_links":{"self":[{"href":"https:\/\/vetomshop.hu\/ro\/wp-json\/wp\/v2\/product\/4666","targetHints":{"allow":["GET"]}}],"collection":[{"href":"https:\/\/vetomshop.hu\/ro\/wp-json\/wp\/v2\/product"}],"about":[{"href":"https:\/\/vetomshop.hu\/ro\/wp-json\/wp\/v2\/types\/product"}],"replies":[{"embeddable":true,"href":"https:\/\/vetomshop.hu\/ro\/wp-json\/wp\/v2\/comments?post=4666"}],"wp:featuredmedia":[{"embeddable":true,"href":"https:\/\/vetomshop.hu\/ro\/wp-json\/wp\/v2\/media\/4665"}],"wp:attachment":[{"href":"https:\/\/vetomshop.hu\/ro\/wp-json\/wp\/v2\/media?parent=4666"}],"wp:term":[{"taxonomy":"product_brand","embeddable":true,"href":"https:\/\/vetomshop.hu\/ro\/wp-json\/wp\/v2\/product_brand?post=4666"},{"taxonomy":"product_cat","embeddable":true,"href":"https:\/\/vetomshop.hu\/ro\/wp-json\/wp\/v2\/product_cat?post=4666"},{"taxonomy":"product_tag","embeddable":true,"href":"https:\/\/vetomshop.hu\/ro\/wp-json\/wp\/v2\/product_tag?post=4666"}],"curies":[{"name":"wp","href":"https:\/\/api.w.org\/{rel}","templated":true}]}}