{"id":4668,"date":"2023-11-11T14:33:46","date_gmt":"2023-11-11T13:33:46","guid":{"rendered":"https:\/\/vetomshop.hu\/termek\/ambrozia-medal\/"},"modified":"2023-11-11T14:33:46","modified_gmt":"2023-11-11T13:33:46","slug":"ambrozia-medal","status":"publish","type":"product","link":"https:\/\/vetomshop.hu\/ro\/produs\/ambrozia-medal\/","title":{"rendered":"Medalia Ambrosia"},"content":{"rendered":"<h4>Medalia Ambrosia<\/h4>\n<p>Ambrosia artemisiifolia (Ambrosia artemisiifolia), numit\u0103 \u00een mod eronat c\u00e2nep\u0103 s\u0103lbatic\u0103, este o specie de buruian\u0103 din familia Asteraceae, din tribul Helianthinae. \u00cen fiecare an, se g\u0103se\u0219te \u00een num\u0103r foarte mare pe terenurile arabile din Ungaria \u0219i \u00een alte zone perturbate.<\/p>\n<p>Este una dintre buruienile noastre cele mai cunoscute \u0219i controversate: unii oameni o recunosc doar pentru propriet\u0103\u021bile sale nocive \u0219i alergene, iar al\u021bii o venereaz\u0103 ca plant\u0103 medicinal\u0103, consum\u00e2nd-o \u00een mod regulat.<\/p>\n<div class=\"su-spoiler su-spoiler-style-defoult su-spoiler-icon-caret su-spoiler-closed\" data-scroll-offset=\"0\" data-anchor-in-url=\"no\"><div class=\"su-spoiler-title\" tabindex=\"0\" role=\"button\"><span class=\"su-spoiler-icon\"><\/span>Toate<\/div><div class=\"su-spoiler-content su-u-clearfix su-u-trim\">\nDe ce aceast\u0103 plant\u0103 provoac\u0103 simptome de alergie la unele persoane? Un lucru este sigur: fermierii nu au avut niciodat\u0103 alergii la polen sau alergii la ambrozie. S-ar putea s\u0103 trebuiasc\u0103 s\u0103 a\u0219tept\u0103m zeci de ani pentru un r\u0103spuns clar, dar simptomele nepl\u0103cute de alergie pot reveni an dup\u0103 an \u0219i ar fi bine s\u0103 g\u0103sim o solu\u021bie. P\u00e2n\u0103 vom afla r\u0103spunsurile la aceste \u00eentreb\u0103ri, s\u0103 ne amintim postulatul naturopatiei: vindeca\u021bi o mu\u0219c\u0103tur\u0103 de c\u00e2ine cu p\u0103rul c\u00e2inelui, adic\u0103 vindeca\u021bi-v\u0103 cu ceea ce v\u0103 doare. Medalionul Ambrosia are spectrul electromagnetic al ambroziei vii capturat cu ajutorul tehnologiei speciale BioTrEm.<br \/>\n<\/div><\/div>","protected":false},"excerpt":{"rendered":"<p>Ambr\u00f3zia Med\u00e1l Az \u00fcr\u00f6mlevel\u0171 parlagf\u0171, vagy egyszer\u0171en parlagf\u0171 (Ambrosia artemisiifolia), t\u00e9vesen vadkender a f\u00e9szkesek (Asteraceae) csal\u00e1dj\u00e1ba tartozik, annak Helianthinae tribusz\u00e1ba tartoz\u00f3 gyomn\u00f6v\u00e9nyfaj. A parlagf\u0171 Magyarorsz\u00e1g sz\u00e1nt\u00f3f\u00f6ldjein \u00e9s egy\u00e9b bolygatott ter\u00fcletein \u00e9vr\u0151l \u00e9vre \u00f3ri\u00e1si sz\u00e1mban jelenik meg. Egyik legismertebb \u00e9s legellentmond\u00e1sosabb meg\u00edt\u00e9l\u00e9s\u0171 gyomn\u00f6v\u00e9ny\u00fcnk: vannak, akik kiz\u00e1r\u00f3lag rossz, allergiz\u00e1l\u00f3 tulajdons\u00e1gait ismerik el, \u00e9s vannak, akik gy\u00f3gyn\u00f6v\u00e9nyk\u00e9nt tisztelik, [&hellip;]<\/p>\n","protected":false},"featured_media":4667,"comment_status":"open","ping_status":"closed","template":"","meta":[],"product_brand":[],"product_cat":[33,32],"product_tag":[],"class_list":{"0":"post-4668","1":"product","2":"type-product","3":"status-publish","4":"has-post-thumbnail","6":"product_cat-egeszseg-medalok","7":"product_cat-triomed","9":"first","10":"instock","11":"taxable","12":"shipping-taxable","13":"purchasable","14":"product-type-simple"},"_links":{"self":[{"href":"https:\/\/vetomshop.hu\/ro\/wp-json\/wp\/v2\/product\/4668","targetHints":{"allow":["GET"]}}],"collection":[{"href":"https:\/\/vetomshop.hu\/ro\/wp-json\/wp\/v2\/product"}],"about":[{"href":"https:\/\/vetomshop.hu\/ro\/wp-json\/wp\/v2\/types\/product"}],"replies":[{"embeddable":true,"href":"https:\/\/vetomshop.hu\/ro\/wp-json\/wp\/v2\/comments?post=4668"}],"wp:featuredmedia":[{"embeddable":true,"href":"https:\/\/vetomshop.hu\/ro\/wp-json\/wp\/v2\/media\/4667"}],"wp:attachment":[{"href":"https:\/\/vetomshop.hu\/ro\/wp-json\/wp\/v2\/media?parent=4668"}],"wp:term":[{"taxonomy":"product_brand","embeddable":true,"href":"https:\/\/vetomshop.hu\/ro\/wp-json\/wp\/v2\/product_brand?post=4668"},{"taxonomy":"product_cat","embeddable":true,"href":"https:\/\/vetomshop.hu\/ro\/wp-json\/wp\/v2\/product_cat?post=4668"},{"taxonomy":"product_tag","embeddable":true,"href":"https:\/\/vetomshop.hu\/ro\/wp-json\/wp\/v2\/product_tag?post=4668"}],"curies":[{"name":"wp","href":"https:\/\/api.w.org\/{rel}","templated":true}]}}