{"id":4670,"date":"2023-11-11T14:33:46","date_gmt":"2023-11-11T13:33:46","guid":{"rendered":"https:\/\/vetomshop.hu\/termek\/antivir-medal\/"},"modified":"2023-11-11T14:33:46","modified_gmt":"2023-11-11T13:33:46","slug":"antivir-medal","status":"publish","type":"product","link":"https:\/\/vetomshop.hu\/ro\/produs\/antivir-medal\/","title":{"rendered":"Medalia Antivir"},"content":{"rendered":"<h4>Medalia Antivir<\/h4>\n<p>Gripa este o boal\u0103 cauzat\u0103 de virusul gripal, care este \u00eentotdeauna cauzat de un tip de virus gripal. Gripa A \u0219i B sunt cele dou\u0103 tipuri de virusuri gripale care pot \u00eemboln\u0103vi oamenii \u00een num\u0103r mare. Virusurile A pot fi \u00eemp\u0103r\u021bite \u00een subtipuri pe baza proteinelor de pe suprafa\u021ba lor (hemaglutinin\u0103 - H \u0219i neuraminidaz\u0103 - N), dintre care H1N1 \u0219i H3N2, virusurile au fost cele mai frecvente \u00eencep\u00e2nd din 1977. Virusurile B sunt mai pu\u021bin susceptibile de a provoca boli grave. Virusurile gripale se schimb\u0103 \u0219i sufer\u0103 muta\u021bii rapide, d\u00e2nd na\u0219tere la noi subtipuri. Protec\u021bia \u00eempotriva unui subtip ofer\u0103 o protec\u021bie redus\u0103 sau inexistent\u0103 \u00eempotriva celuilalt, ceea ce explic\u0103 epidemiile sezoniere care apar \u00een fiecare an, de obicei iarna.<\/p>\n<div class=\"su-spoiler su-spoiler-style-defoult su-spoiler-icon-caret su-spoiler-closed\" data-scroll-offset=\"0\" data-anchor-in-url=\"no\"><div class=\"su-spoiler-title\" tabindex=\"0\" role=\"button\"><span class=\"su-spoiler-icon\"><\/span>Toate<\/div><div class=\"su-spoiler-content su-u-clearfix su-u-trim\">\n<p>Simptomele gripei sunt similare cu cele ale r\u0103celii comune, dar boala este mai grav\u0103. De obicei, este asociat\u0103 cu febr\u0103 ridicat\u0103, dureri de cap, dureri musculare, tuse uscat\u0103, letargie \u0219i sl\u0103biciune. Durerile \u00een g\u00e2t sunt rare \u0219i doar 30-50% cazurile prezint\u0103 secre\u021bii nazale, congestie nazal\u0103. Complica\u021biile sunt deosebit de periculoase \u00een cazul copiilor mici, al persoanelor \u00een v\u00e2rst\u0103 \u0219i al persoanelor cu boli cronice.<\/p>\n<p>Acesta este motivul pentru care este important s\u0103 se creasc\u0103 rezisten\u021ba organismului.<\/p>\n<p><strong>Pentru cine este recomandat?<\/strong><\/p>\n<ul>\n<li>Pentru to\u021bi cei care doresc s\u0103 \u00ee\u0219i \u00eembun\u0103t\u0103\u021beasc\u0103 rezisten\u021ba,<\/li>\n<li>care fac parte din grupul de risc al virusului gripal,<\/li>\n<li>care c\u0103l\u0103toresc mult prin lume sau folosesc transportul public,<\/li>\n<li>sunt \u00een permanen\u021b\u0103 \u00een comunitate, lucr\u00e2nd cu oamenii.<\/li>\n<\/ul>\n<p><strong>Aten\u021bie, important!<\/strong><\/p>\n<p>Dac\u0103 ave\u021bi o infec\u021bie cu virusul gripal, o boal\u0103, febr\u0103 sau dac\u0103 nu v\u0103 sim\u021bi\u021bi bine, solicita\u021bi sfatul medicului. Utiliza\u021bi Triomed Antiviral Medal \u00eempreun\u0103 cu tratamentul prescris.<br \/>\nCopiii cu v\u00e2rsta sub 6 ani trebuie folosi\u021bi numai sub supravegherea p\u0103rin\u021bilor!<\/p>\n<\/div><\/div>","protected":false},"excerpt":{"rendered":"<p>Antivir Med\u00e1l Az influenza v\u00edrus okozta betegs\u00e9g, k\u00f3rokoz\u00f3ja mindig az influenza v\u00edrus valamelyik fajt\u00e1ja. Az influenza A \u00e9s B az a k\u00e9t t\u00edpusa az influenza v\u00edrusoknak, amely nagysz\u00e1mbanbeteg\u00edthet meg embereket. Az A v\u00edrusokat a fel\u00fclet\u00fck\u00f6n elhelyezked\u0151 feh\u00e9rj\u00e9k (a haemaglutinin -H \u00e9s a neuraminidase \u2013 N) alapj\u00e1n alt\u00edpusokra lehet bontani, ezek k\u00f6z\u00fcl 1977 \u00f3ta t\u00f6bbnyire a [&hellip;]<\/p>\n","protected":false},"featured_media":4669,"comment_status":"open","ping_status":"closed","template":"","meta":[],"product_brand":[],"product_cat":[33,32],"product_tag":[],"class_list":{"0":"post-4670","1":"product","2":"type-product","3":"status-publish","4":"has-post-thumbnail","6":"product_cat-egeszseg-medalok","7":"product_cat-triomed","9":"first","10":"instock","11":"taxable","12":"shipping-taxable","13":"purchasable","14":"product-type-simple"},"_links":{"self":[{"href":"https:\/\/vetomshop.hu\/ro\/wp-json\/wp\/v2\/product\/4670","targetHints":{"allow":["GET"]}}],"collection":[{"href":"https:\/\/vetomshop.hu\/ro\/wp-json\/wp\/v2\/product"}],"about":[{"href":"https:\/\/vetomshop.hu\/ro\/wp-json\/wp\/v2\/types\/product"}],"replies":[{"embeddable":true,"href":"https:\/\/vetomshop.hu\/ro\/wp-json\/wp\/v2\/comments?post=4670"}],"wp:featuredmedia":[{"embeddable":true,"href":"https:\/\/vetomshop.hu\/ro\/wp-json\/wp\/v2\/media\/4669"}],"wp:attachment":[{"href":"https:\/\/vetomshop.hu\/ro\/wp-json\/wp\/v2\/media?parent=4670"}],"wp:term":[{"taxonomy":"product_brand","embeddable":true,"href":"https:\/\/vetomshop.hu\/ro\/wp-json\/wp\/v2\/product_brand?post=4670"},{"taxonomy":"product_cat","embeddable":true,"href":"https:\/\/vetomshop.hu\/ro\/wp-json\/wp\/v2\/product_cat?post=4670"},{"taxonomy":"product_tag","embeddable":true,"href":"https:\/\/vetomshop.hu\/ro\/wp-json\/wp\/v2\/product_tag?post=4670"}],"curies":[{"name":"wp","href":"https:\/\/api.w.org\/{rel}","templated":true}]}}