{"id":4672,"date":"2023-11-11T14:33:46","date_gmt":"2023-11-11T13:33:46","guid":{"rendered":"https:\/\/vetomshop.hu\/termek\/aqua-medal\/"},"modified":"2023-11-11T14:33:46","modified_gmt":"2023-11-11T13:33:46","slug":"aqua-medal","status":"publish","type":"product","link":"https:\/\/vetomshop.hu\/ro\/produs\/aqua-medal\/","title":{"rendered":"Medalia Aqua"},"content":{"rendered":"<p><strong>Medalia Aqua<\/strong> - apa d\u0103t\u0103toare de via\u021b\u0103 este d\u0103t\u0103toare de via\u021b\u0103, revigorant\u0103, \u00eentre\u021bine \u0219i activeaz\u0103 via\u021ba, restabilind energia vital\u0103.<\/p>\n<p>Acesta este exact scopul suportului de informa\u021bii autonom AQUA -BioTrEM. Datorit\u0103 tehnologiei exclusive BioTrEM, semiconductorul dispozitivului con\u021bine informa\u021bii codificate de natur\u0103 dinamic\u0103 care permit ob\u021binerea efectului enumerat. O proprietate similar\u0103 se reg\u0103se\u0219te \u00een resursele care, din p\u0103cate, devin din ce \u00een ce mai rare pe P\u0103m\u00e2nt \u0219i care \u00ee\u0219i p\u0103streaz\u0103 miraculos puritatea.<\/p>\n<div class=\"su-spoiler su-spoiler-style-defoult su-spoiler-icon-caret su-spoiler-closed\" data-scroll-offset=\"0\" data-anchor-in-url=\"no\"><div class=\"su-spoiler-title\" tabindex=\"0\" role=\"button\"><span class=\"su-spoiler-icon\"><\/span>Toate<\/div><div class=\"su-spoiler-content su-u-clearfix su-u-trim\">\n<p>Dezvoltarea dispozitivului a fost impus\u0103 de condi\u021biile schimb\u0103toare ale timpului nostru. \u00cen ultimii ani, sectorul s\u0103n\u0103t\u0103\u021bii a fost preocupat de cre\u0219terea morbidit\u0103\u021bii \u0219i mortalit\u0103\u021bii, nu numai \u00een r\u00e2ndul copiilor \u0219i persoanelor \u00een v\u00e2rst\u0103, ci \u0219i \u00een r\u00e2ndul popula\u021biei active. Din p\u0103cate, asist\u0103m la o sl\u0103bire a sistemului imunitar \u0219i la o pierdere a energiei vitale, care este esen\u021bial\u0103 pentru combaterea bolilor \u0219i pentru reabilitare. Cu alte cuvinte, programele necesare pentru adaptarea la un mediu schimbat \u0219i pentru autoregenerare au fost deteriorate sau reorganizate. Schimb\u0103rile cosmofizice din ce \u00een ce mai accentuate necesit\u0103 o regenerare rapid\u0103 \u0219i o capacitate de recuperare a programelor genetice de adaptare \u0219i autovindecare deteriorate. \u00cen caz contrar, supravie\u021buirea individului \u0219i chiar a \u00eentregii omeniri poate fi \u00een pericol.<\/p>\n<p>Apa - leag\u0103nul vie\u021bii, care a p\u0103strat mult timp matricea primar\u0103 a vie\u021bii \u0219i orientarea varia\u021biilor acesteia ca r\u0103spuns la influen\u021bele mediului. Apa se adapteaz\u0103 \u0219i se transform\u0103 mai rapid dec\u00e2t organismele biologice, mediul biologic, ca r\u0103spuns la impactul \u0219i cerin\u021bele mediului. \u00cenveli\u0219ul de ap\u0103 al P\u0103m\u00e2ntului a p\u0103strat \u00eentotdeauna programele originale de autoregenerare \u0219i poten\u021bialul lor de realizare, care au interac\u021bionat cu mediul apos al organismelor pentru a deveni opera\u021bionale. \u00cen acela\u0219i timp, ecologii au observat c\u0103 propriet\u0103\u021bile structural-informa\u021bionale ale apelor naturale care au alimentat \u00eenveli\u0219ul acvatic al P\u0103m\u00e2ntului au fost compromise. Aceast\u0103 deteriorare nu s-a datorat doar schimb\u0103rilor cosmo-fizice, ci \u0219i ac\u021biunilor distructive ale speciei umane. Aceasta este ceea ce \u00eempiedic\u0103 schimb\u0103rile evolutive vitale s\u0103 aib\u0103 loc, continuarea vie\u021bii pe P\u0103m\u00e2nt.<\/p>\n<p>C\u00e2mpul multiplan complex al purt\u0103torului de informa\u021bii AQUA este conceput ca o referin\u021b\u0103 pentru a se adapta la noile schimb\u0103ri de \u00eenalt\u0103 frecven\u021b\u0103 din mediu \u0219i pentru a declan\u0219a programele necesare pentru trecerea prin ap\u0103. Dispozitivul structureaz\u0103 c\u00e2mpul de ap\u0103, iar apa, rezon\u00e2nd cu mediul apos al organismului (s\u00e2nge, limf\u0103, limf\u0103, lichid intercelular, lichid din celule), \u00eel structureaz\u0103 \u201edup\u0103 chipul s\u0103u\u201d. De \u00eendat\u0103 ce regularitatea intern\u0103 a apei cre\u0219te peste 60%, se declan\u0219eaz\u0103 programul genetic de autoregenerare al organismului.<br \/>\n<\/div><\/div>","protected":false},"excerpt":{"rendered":"<p>Aqua Med\u00e1l \u2013 az \u00e9letalkot\u00f3 v\u00edz \u00e9letet ad, \u00e9l\u00e9nk\u00edt, \u00e9letmeg\u00f3v\u00f3, valamint aktiv\u00e1l\u00f3, \u00e9letenergi\u00e1t vissza\u00e1ll\u00edt\u00f3 hat\u00e1ssal b\u00edr. \u00c9ppen ezt a c\u00e9lt szolg\u00e1lja az AQUA \u2013BioTrEM \u00f6n\u00e1ll\u00f3 inform\u00e1ci\u00f3hordoz\u00f3 alkalmaz\u00e1sa. Az exkluz\u00edv BioTrEM-technol\u00f3gi\u00e1nak k\u00f6sz\u00f6nhet\u0151en a k\u00e9sz\u00fcl\u00e9k f\u00e9lvezet\u0151je olyan k\u00f3dolt inform\u00e1ci\u00f3t tartalmaz, mely dinamikus term\u00e9szettel b\u00edr \u00e9s seg\u00edts\u00e9g\u00e9vel a felsorolt hat\u00e1s el\u00e9rhet\u0151v\u00e9 v\u00e1lik. Hasonl\u00f3 tulajdons\u00e1ggal rendelkeznek a F\u00f6ld\u00f6n sajnos [&hellip;]<\/p>\n","protected":false},"featured_media":4671,"comment_status":"open","ping_status":"closed","template":"","meta":[],"product_brand":[],"product_cat":[33,32],"product_tag":[],"class_list":{"0":"post-4672","1":"product","2":"type-product","3":"status-publish","4":"has-post-thumbnail","6":"product_cat-egeszseg-medalok","7":"product_cat-triomed","9":"first","10":"instock","11":"taxable","12":"shipping-taxable","13":"purchasable","14":"product-type-simple"},"_links":{"self":[{"href":"https:\/\/vetomshop.hu\/ro\/wp-json\/wp\/v2\/product\/4672","targetHints":{"allow":["GET"]}}],"collection":[{"href":"https:\/\/vetomshop.hu\/ro\/wp-json\/wp\/v2\/product"}],"about":[{"href":"https:\/\/vetomshop.hu\/ro\/wp-json\/wp\/v2\/types\/product"}],"replies":[{"embeddable":true,"href":"https:\/\/vetomshop.hu\/ro\/wp-json\/wp\/v2\/comments?post=4672"}],"wp:featuredmedia":[{"embeddable":true,"href":"https:\/\/vetomshop.hu\/ro\/wp-json\/wp\/v2\/media\/4671"}],"wp:attachment":[{"href":"https:\/\/vetomshop.hu\/ro\/wp-json\/wp\/v2\/media?parent=4672"}],"wp:term":[{"taxonomy":"product_brand","embeddable":true,"href":"https:\/\/vetomshop.hu\/ro\/wp-json\/wp\/v2\/product_brand?post=4672"},{"taxonomy":"product_cat","embeddable":true,"href":"https:\/\/vetomshop.hu\/ro\/wp-json\/wp\/v2\/product_cat?post=4672"},{"taxonomy":"product_tag","embeddable":true,"href":"https:\/\/vetomshop.hu\/ro\/wp-json\/wp\/v2\/product_tag?post=4672"}],"curies":[{"name":"wp","href":"https:\/\/api.w.org\/{rel}","templated":true}]}}