{"id":4676,"date":"2023-11-11T14:33:47","date_gmt":"2023-11-11T13:33:47","guid":{"rendered":"https:\/\/vetomshop.hu\/termek\/beauty-medal\/"},"modified":"2023-11-11T14:33:47","modified_gmt":"2023-11-11T13:33:47","slug":"beauty-medal","status":"publish","type":"product","link":"https:\/\/vetomshop.hu\/ro\/produs\/beauty-medal\/","title":{"rendered":"Pandantiv de frumuse\u021be"},"content":{"rendered":"<h4>Pandantiv de frumuse\u021be<\/h4>\n<p>Datorit\u0103 tehnologiei BioTrEM, este acum posibil s\u0103 se creeze un model spectral de o natur\u0103 specific\u0103 pe un cristal special. Atunci c\u00e2nd cuante de energie arbitrare - chiar \u0219i c\u0103ldur\u0103 - intr\u0103 \u00een contact cu suprafa\u021ba cristalului, generatorul emite semnale extrem de slabe ale modelului spectral \u00eenregistrat pe acesta. \u00centre timp, radia\u021bia electromagnetic\u0103 din pandantiv interac\u021bioneaz\u0103 cu organismul viu.<\/p>\n<p>Scopul principal al Medal \u201eBEAUTY\u201d este de a restabili procesele fiziologice normale \u00een celulele \u0219i \u021besuturile pielii, sporind rezisten\u021ba la factorii de mediu adversi.<\/p>\n<p>Acest instrument are un efect pozitiv asupra pielii fe\u021bei \u0219i corpului, p\u0103rului \u0219i unghiilor.<\/p>\n<div class=\"su-spoiler su-spoiler-style-defoult su-spoiler-icon-caret su-spoiler-closed\" data-scroll-offset=\"0\" data-anchor-in-url=\"no\"><div class=\"su-spoiler-title\" tabindex=\"0\" role=\"button\"><span class=\"su-spoiler-icon\"><\/span>Toate<\/div><div class=\"su-spoiler-content su-u-clearfix su-u-trim\">\nEfecte:<\/p>\n<ul>\n<li>Aceasta ajut\u0103 la restabilirea metabolismului intracelular deteriorat al pielii.<\/li>\n<li>Stimuleaz\u0103 produc\u021bia natural\u0103 de colagen \u0219i elastin\u0103.<\/li>\n<li>Previne sl\u0103birea \u021besuturilor pielii.<\/li>\n<li>\u00cembun\u0103t\u0103\u021be\u0219te microcircula\u021bia \u0219i elasticitatea pielii.<\/li>\n<li>Rafineaz\u0103 \u0219i \u00eent\u0103re\u0219te \u021besutul pielii.<\/li>\n<li>\u00cencetine\u0219te \u00eemb\u0103tr\u00e2nirea, \u00eentinere\u0219te pielea.<\/li>\n<li>\u00cembun\u0103t\u0103\u021be\u0219te tenul, tonul pielii.<\/li>\n<li>Ajut\u0103 la \u00eent\u0103rirea p\u0103rului \u0219i a unghiilor.<\/li>\n<\/ul>\n<\/div><\/div>","protected":false},"excerpt":{"rendered":"<p>Beauty Med\u00e1l A BioTrEM-technol\u00f3gi\u00e1nak k\u00f6sz\u00f6nhet\u0151en lehets\u00e9gess\u00e9 v\u00e1lt l\u00e9trehozni a speci\u00e1lis krist\u00e1lyon egy adott term\u00e9szet\u0171 spektr\u00e1lis mint\u00e1t. Amikor tetsz\u0151leges energiakvantumok \u2013 ak\u00e1r h\u0151 &#8211; \u00e9rintkezik a krist\u00e1ly fel\u00fclet\u00e9vel, a gener\u00e1tor a rajta r\u00f6gz\u00edtett spektr\u00e1lis minta extr\u00e9m gyenge jeleit bocs\u00e1jtja ki. Ek\u00f6zben a med\u00e1l elektrom\u00e1gneses sug\u00e1rz\u00e1sa k\u00f6lcs\u00f6nhat\u00e1sba ker\u00fcl az \u00e9l\u0151 szervezettel. A &#8222;BEAUTY&#8221; Med\u00e1l f\u0151 c\u00e9lja a [&hellip;]<\/p>\n","protected":false},"featured_media":4675,"comment_status":"open","ping_status":"closed","template":"","meta":[],"product_brand":[],"product_cat":[33,32],"product_tag":[],"class_list":{"0":"post-4676","1":"product","2":"type-product","3":"status-publish","4":"has-post-thumbnail","6":"product_cat-egeszseg-medalok","7":"product_cat-triomed","9":"first","10":"instock","11":"taxable","12":"shipping-taxable","13":"purchasable","14":"product-type-simple"},"_links":{"self":[{"href":"https:\/\/vetomshop.hu\/ro\/wp-json\/wp\/v2\/product\/4676","targetHints":{"allow":["GET"]}}],"collection":[{"href":"https:\/\/vetomshop.hu\/ro\/wp-json\/wp\/v2\/product"}],"about":[{"href":"https:\/\/vetomshop.hu\/ro\/wp-json\/wp\/v2\/types\/product"}],"replies":[{"embeddable":true,"href":"https:\/\/vetomshop.hu\/ro\/wp-json\/wp\/v2\/comments?post=4676"}],"wp:featuredmedia":[{"embeddable":true,"href":"https:\/\/vetomshop.hu\/ro\/wp-json\/wp\/v2\/media\/4675"}],"wp:attachment":[{"href":"https:\/\/vetomshop.hu\/ro\/wp-json\/wp\/v2\/media?parent=4676"}],"wp:term":[{"taxonomy":"product_brand","embeddable":true,"href":"https:\/\/vetomshop.hu\/ro\/wp-json\/wp\/v2\/product_brand?post=4676"},{"taxonomy":"product_cat","embeddable":true,"href":"https:\/\/vetomshop.hu\/ro\/wp-json\/wp\/v2\/product_cat?post=4676"},{"taxonomy":"product_tag","embeddable":true,"href":"https:\/\/vetomshop.hu\/ro\/wp-json\/wp\/v2\/product_tag?post=4676"}],"curies":[{"name":"wp","href":"https:\/\/api.w.org\/{rel}","templated":true}]}}